{"id":3357,"date":"2018-04-17T13:36:00","date_gmt":"2018-04-17T11:36:00","guid":{"rendered":"http:\/\/univet.hu\/universitaet\/organisationseinheiten\/abteilung-fur-klinische-pathologie-und-onkologie\/"},"modified":"2026-02-10T03:47:23","modified_gmt":"2026-02-10T02:47:23","slug":"abteilung-fur-klinische-pathologie-und-onkologie","status":"publish","type":"page","link":"https:\/\/univet.hu\/de\/universitaet\/organisationseinheiten\/abteilung-fur-klinische-pathologie-und-onkologie\/","title":{"rendered":"Abteilung f\u00fcr Klinische Pathologie und Onkologie"},"content":{"rendered":"<h3>Geschichte der Einheit<\/h3> <p>Der Lehrstuhl f\u00fcr Pathophysiologie und Onkologie wurde am 2. Januar 2014 eingerichtet. Am Lehrstuhl findet der Unterricht f\u00fcr Graduierte- und Postgraduierte in den F\u00e4chern veterin\u00e4rmedizinische Pathophysiologie und Labordiagnostik statt, es wird auf den Gebieten veterin\u00e4rmedizinische Labordiagnostik bzw. Onkologie geforscht bzw. es werden klinisch-onkologische Aufgaben versehen. Das Laboratorium des Lehrstuhls steht auch den Kliniken der Fakult\u00e4t f\u00fcr Tests zur Verf\u00fcgung.<\/p>","protected":false},"excerpt":{"rendered":"<p>Geschichte der Einheit Der Lehrstuhl f\u00fcr Pathophysiologie und Onkologie wurde am 2. Januar 2014 eingerichtet. Am Lehrstuhl findet der Unterricht f\u00fcr Graduierte- und Postgraduierte in den F\u00e4chern veterin\u00e4rmedizinische Pathophysiologie und Labordiagnostik statt, es wird auf den Gebieten veterin\u00e4rmedizinische Labordiagnostik bzw. Onkologie geforscht bzw. es werden klinisch-onkologische Aufgaben versehen. Das Laboratorium des Lehrstuhls steht auch den<\/p>\n","protected":false},"author":3837,"featured_media":0,"parent":862,"menu_order":172,"comment_status":"closed","ping_status":"closed","template":"","meta":{"_acf_changed":false,"footnotes":""},"categories":[59],"tags":[],"class_list":["post-3357","page","type-page","status-publish","hentry","category-abteilungen"],"acf":[],"_links":{"self":[{"href":"https:\/\/univet.hu\/de\/wp-json\/wp\/v2\/pages\/3357","targetHints":{"allow":["GET"]}}],"collection":[{"href":"https:\/\/univet.hu\/de\/wp-json\/wp\/v2\/pages"}],"about":[{"href":"https:\/\/univet.hu\/de\/wp-json\/wp\/v2\/types\/page"}],"author":[{"embeddable":true,"href":"https:\/\/univet.hu\/de\/wp-json\/wp\/v2\/users\/3837"}],"replies":[{"embeddable":true,"href":"https:\/\/univet.hu\/de\/wp-json\/wp\/v2\/comments?post=3357"}],"version-history":[{"count":2,"href":"https:\/\/univet.hu\/de\/wp-json\/wp\/v2\/pages\/3357\/revisions"}],"predecessor-version":[{"id":199187,"href":"https:\/\/univet.hu\/de\/wp-json\/wp\/v2\/pages\/3357\/revisions\/199187"}],"up":[{"embeddable":true,"href":"https:\/\/univet.hu\/de\/wp-json\/wp\/v2\/pages\/862"}],"wp:attachment":[{"href":"https:\/\/univet.hu\/de\/wp-json\/wp\/v2\/media?parent=3357"}],"wp:term":[{"taxonomy":"category","embeddable":true,"href":"https:\/\/univet.hu\/de\/wp-json\/wp\/v2\/categories?post=3357"},{"taxonomy":"post_tag","embeddable":true,"href":"https:\/\/univet.hu\/de\/wp-json\/wp\/v2\/tags?post=3357"}],"curies":[{"name":"wp","href":"https:\/\/api.w.org\/{rel}","templated":true}]}}