{"id":3386,"date":"2017-09-22T14:29:00","date_gmt":"2017-09-22T12:29:00","guid":{"rendered":"http:\/\/univet.hu\/universitaet\/organisationseinheiten\/abteilung-fur-tierernahrung\/"},"modified":"2026-02-10T03:48:00","modified_gmt":"2026-02-10T02:48:00","slug":"lehrstuhl-fur-tierernahrung","status":"publish","type":"page","link":"https:\/\/univet.hu\/de\/universitaet\/organisationseinheiten\/institut-fur-tierzucht-tierernahrung-und-labortierkunde\/lehrstuhl-fur-tierernahrung\/","title":{"rendered":"Lehrstuhl f\u00fcr Tierern\u00e4hrung und Klinische Di\u00e4tetik"},"content":{"rendered":"<p>Der <span class=\"TextRun SCXW47052365 BCX8\" lang=\"HU-HU\" xml:lang=\"HU-HU\" data-contrast=\"none\"><span class=\"NormalTextRun SpellingErrorV2Themed SCXW47052365 BCX8\">Lehrstuhl<\/span><\/span> unterrichtet folgende F\u00e4cher:<\/p> <p>Pflichtf\u00e4cher:<\/p> <ul> <li><a href=\"https:\/\/univet.hu\/de\/studenten\/kurse\/futtermittelkunde\/\">Futtermittelkunde\u00a0<\/a><\/li> <\/ul> <p>Wahlfach:<\/p> <ul> <li><a href=\"https:\/\/univet.hu\/de\/studenten\/kurse\/ernaehrung-exotischer-reptilien-stubenvoegel-und-kleiner-mammalia-b\/\">Ern\u00e4hrung exotischer Reptilien, Stubenv\u00f6gel und kleiner Mammalia<\/a><\/li> <\/ul> <p>&nbsp;<\/p> <p>Die Vorlesungen werden im Moodle-System verf\u00fcgbar sein.<\/p>","protected":false},"excerpt":{"rendered":"<p>Der Lehrstuhl unterrichtet folgende F\u00e4cher: Pflichtf\u00e4cher: Futtermittelkunde\u00a0 Wahlfach: Ern\u00e4hrung exotischer Reptilien, Stubenv\u00f6gel und kleiner Mammalia &nbsp; Die Vorlesungen werden im Moodle-System verf\u00fcgbar sein.<\/p>\n","protected":false},"author":3837,"featured_media":0,"parent":3300,"menu_order":172,"comment_status":"closed","ping_status":"closed","template":"","meta":{"_acf_changed":false,"footnotes":""},"categories":[59],"tags":[],"class_list":["post-3386","page","type-page","status-publish","hentry","category-abteilungen"],"acf":[],"_links":{"self":[{"href":"https:\/\/univet.hu\/de\/wp-json\/wp\/v2\/pages\/3386","targetHints":{"allow":["GET"]}}],"collection":[{"href":"https:\/\/univet.hu\/de\/wp-json\/wp\/v2\/pages"}],"about":[{"href":"https:\/\/univet.hu\/de\/wp-json\/wp\/v2\/types\/page"}],"author":[{"embeddable":true,"href":"https:\/\/univet.hu\/de\/wp-json\/wp\/v2\/users\/3837"}],"replies":[{"embeddable":true,"href":"https:\/\/univet.hu\/de\/wp-json\/wp\/v2\/comments?post=3386"}],"version-history":[{"count":2,"href":"https:\/\/univet.hu\/de\/wp-json\/wp\/v2\/pages\/3386\/revisions"}],"predecessor-version":[{"id":199249,"href":"https:\/\/univet.hu\/de\/wp-json\/wp\/v2\/pages\/3386\/revisions\/199249"}],"up":[{"embeddable":true,"href":"https:\/\/univet.hu\/de\/wp-json\/wp\/v2\/pages\/3300"}],"wp:attachment":[{"href":"https:\/\/univet.hu\/de\/wp-json\/wp\/v2\/media?parent=3386"}],"wp:term":[{"taxonomy":"category","embeddable":true,"href":"https:\/\/univet.hu\/de\/wp-json\/wp\/v2\/categories?post=3386"},{"taxonomy":"post_tag","embeddable":true,"href":"https:\/\/univet.hu\/de\/wp-json\/wp\/v2\/tags?post=3386"}],"curies":[{"name":"wp","href":"https:\/\/api.w.org\/{rel}","templated":true}]}}