{"id":3392,"date":"2017-09-21T19:06:00","date_gmt":"2017-09-21T17:06:00","guid":{"rendered":"http:\/\/univet.hu\/universitaet\/organisationseinheiten\/zentrum-fur-fortbildung-und-forschungsorganisation\/"},"modified":"2026-02-10T03:48:02","modified_gmt":"2026-02-10T02:48:02","slug":"zentrum-fur-fortbildung-und-forschungsorganisation","status":"publish","type":"page","link":"https:\/\/univet.hu\/de\/universitaet\/organisationseinheiten\/abteilung-fuer-akademische-angelegenheiten\/zentrum-fur-fortbildung-und-forschungsorganisation\/","title":{"rendered":"Zentrum f\u00fcr Fortbildung und Forschungsorganisation"},"content":{"rendered":"<h2>Einleitung<\/h2> <div> <p><strong>Liebe Leserinnen und Leser!<\/strong><\/p> <p>Eine Voraussetzung f\u00fcr eine erfolgreiche berufliche Laufbahn ist die Erlangung eines Hochschulabschlusses. Jahre des Studiums sind notwendig, um ein Diplom zu erhalten, aber das ist nur ein erster, aber wichtiger Schritt. Tatsache ist, dass in dem heutigen sich schnell ver\u00e4ndernden Umfeld das Wissen regelm\u00e4\u00dfig aktualisiert, gewonnen, gepflegt und ausgebaut werden muss, damit man in seinem Beruf erfolgreich sein kann.<\/p> <p>F\u00fcr berufliche Bildung bieten unsere Dozenten eine breite Palette von Aus- und Fortbildungsm\u00f6glichkeiten an.<\/p> <p><a href=\"http:\/\/www.univet.hu\/hu\/hallgato\/tovabbkepzes\/kistanfolyamok-2016\" data-replaced=\"true\">Kurzfristig (in der Regel ein Tag) organisieren wir professionelle Schulungen<\/a>, die aktuell sind und oft auch die praktischen Aspekte des Fachwissens in einem bestimmten Gebiet behandeln.<\/p> <p>&nbsp;<\/p> <p><a href=\"https:\/\/univet.hu\/hu\/oktatas\/tovabbkepzes\/folyamatbanlevo-tervezett-szakiranyu-tovabbkepzeseink\/?DEBUG2&amp;sql=SELECT post_id FROM uv_postmeta WHERE meta_key = 'source_url' AND (meta_value LIKE 'http:\/\/www.univet.hu\/hu\/hallgato\/tovabbkepzes\/2016-2017-ben-tervezett-szakiranyu-tovabbkepzeseink%' OR meta_value LIKE '%\/hu%\/2016-2017-ben-tervezett-szakiranyu-tovabbkepzeseink%' OR meta_value LIKE '%\/http:\/\/www.univet.hu\/hu\/hallgato\/tovabbkepzes\/2016-2017-ben-tervezett-szakiranyu-tovabbkepzeseink' ) ORDER BY post_id LIMIT 1;\" data-replaced=\"true\">Wir bieten berufliche Weiterbildung in vier Semestern &#8211; je nach den Anforderungen bzw. der Spezialisierung, <\/a>und zwar st\u00e4ndig aktualisiert und angepasst an die Bed\u00fcrfnisse der t\u00e4glichen Praxis.<\/p> <p>Der Lehrgang ist in erster Linie f\u00fcr Tier\u00e4rzte gedacht, die meisten unserer Lerner, aber nat\u00fcrlich begr\u00fc\u00dfen wir auch alle anderen interessierten Menschen recht herzlich, die ihr vorhandenes Wissen erweitern wollen.<\/p> <p>Die Lehrkr\u00e4fte sind das R\u00fcckgrat unserer Fakult\u00e4t kombiniert mit Vortr\u00e4gen von anerkannten in-und ausl\u00e4ndischen Experten mit praktischer Erfahrung in dem betreffenden Bereich.<\/p> <p>&nbsp;<\/p> <p>Dr. \u00d3ZSV\u00c1RI L\u00e1szl\u00f3 \u00a0 \u00a0 \u00a0 \u00a0 \u00a0 \u00a0 \u00a0 \u00a0 \u00a0 \u00a0 \u00a0 \u00a0 \u00a0 \u00a0 \u00a0 \u00a0 \u00a0 \u00a0 \u00a0 \u00a0 \u00a0 \u00a0 \u00a0 \u00a0 \u00a0 \u00a0 \u00a0 \u00a0 \u00a0 \u00a0 \u00a0 \u00a0 \u00a0 \u00a0 \u00a0 \u00a0 \u00a0 \u00a0 \u00a0 \u00a0 \u00a0 \u00a0 \u00a0 \u00a0 \u00a0 \u00a0 Dr. GYURCS\u00d3 Adrienn<\/p> <p>Prorektor (Studium und Lehre),\u00a0Wissenschaftliche Mitarbeiterin \u00a0 \u00a0 \u00a0 \u00a0 \u00a0 \u00a0 \u00a0 \u00a0 \u00a0Direktor,\u00a0Wissenschaftliche Mitarbeiterin<\/p> <\/div>","protected":false},"excerpt":{"rendered":"<p>Einleitung Liebe Leserinnen und Leser! Eine Voraussetzung f\u00fcr eine erfolgreiche berufliche Laufbahn ist die Erlangung eines Hochschulabschlusses. Jahre des Studiums sind notwendig, um ein Diplom zu erhalten, aber das ist nur ein erster, aber wichtiger Schritt. Tatsache ist, dass in dem heutigen sich schnell ver\u00e4ndernden Umfeld das Wissen regelm\u00e4\u00dfig aktualisiert, gewonnen, gepflegt und ausgebaut werden<\/p>\n","protected":false},"author":3837,"featured_media":0,"parent":3471,"menu_order":172,"comment_status":"closed","ping_status":"closed","template":"","meta":{"_acf_changed":false,"footnotes":""},"categories":[59],"tags":[],"class_list":["post-3392","page","type-page","status-publish","hentry","category-abteilungen"],"acf":[],"_links":{"self":[{"href":"https:\/\/univet.hu\/de\/wp-json\/wp\/v2\/pages\/3392","targetHints":{"allow":["GET"]}}],"collection":[{"href":"https:\/\/univet.hu\/de\/wp-json\/wp\/v2\/pages"}],"about":[{"href":"https:\/\/univet.hu\/de\/wp-json\/wp\/v2\/types\/page"}],"author":[{"embeddable":true,"href":"https:\/\/univet.hu\/de\/wp-json\/wp\/v2\/users\/3837"}],"replies":[{"embeddable":true,"href":"https:\/\/univet.hu\/de\/wp-json\/wp\/v2\/comments?post=3392"}],"version-history":[{"count":2,"href":"https:\/\/univet.hu\/de\/wp-json\/wp\/v2\/pages\/3392\/revisions"}],"predecessor-version":[{"id":199253,"href":"https:\/\/univet.hu\/de\/wp-json\/wp\/v2\/pages\/3392\/revisions\/199253"}],"up":[{"embeddable":true,"href":"https:\/\/univet.hu\/de\/wp-json\/wp\/v2\/pages\/3471"}],"wp:attachment":[{"href":"https:\/\/univet.hu\/de\/wp-json\/wp\/v2\/media?parent=3392"}],"wp:term":[{"taxonomy":"category","embeddable":true,"href":"https:\/\/univet.hu\/de\/wp-json\/wp\/v2\/categories?post=3392"},{"taxonomy":"post_tag","embeddable":true,"href":"https:\/\/univet.hu\/de\/wp-json\/wp\/v2\/tags?post=3392"}],"curies":[{"name":"wp","href":"https:\/\/api.w.org\/{rel}","templated":true}]}}