{"id":3411,"date":"2017-08-09T13:19:00","date_gmt":"2017-08-09T11:19:00","guid":{"rendered":"http:\/\/univet.hu\/universitaet\/organisationseinheiten\/ate-marek-jozsef-bildungszentrum-und-studentenwohnheim\/"},"modified":"2026-02-10T03:47:24","modified_gmt":"2026-02-10T02:47:24","slug":"ate-marek-jozsef-bildungszentrum-und-studentenwohnheim","status":"publish","type":"page","link":"https:\/\/univet.hu\/de\/universitaet\/organisationseinheiten\/ate-marek-jozsef-bildungszentrum-und-studentenwohnheim\/","title":{"rendered":"ATE Marek Jozsef Bildungszentrum und Studentenwohnheim"},"content":{"rendered":"<p><span style=\"font-size: 18pt;\"><strong>Geschichte der Abteilung<\/strong><\/span><\/p> <p>Das Wohnheim liegt in einem Vorstadtviertel. Das viergeschossige Geb\u00e4ude verf\u00fcgt \u00fcber einen Innenhof mit einem Sportplatz, die restliche Fl\u00e4che fungiert als Park. Das heutige Geb\u00e4ude, das nach einem renommierten Tierarzt benannt ist, wurde 1972 mit Hilfe von Studenten der Universit\u00e4t errichtet. Die Verwaltung des Wohnheims erfolgt durch den Direktor und einen siebenk\u00f6pfigen Studierendenausschuss nach Ma\u00dfgabe der Hausordnung. Die sieben Studierenden werden von den Bewohnern des Wohnheims gew\u00e4hlt.<\/p> <p>Die Dreibettzimmer verf\u00fcgen \u00fcber ein eigenes Bad und einen Balkon und sind mit allem Komfort ausgestattet. In jedem Zimmer ist auch ein Internetanschluss verf\u00fcgbar (3 Leitungen). Au\u00dferdem gibt es auf jeder Etage einen Raum zum Kochen und einen weiteren zum Lernen. Zu den Einrichtungen geh\u00f6ren ein Computerraum, ein kleiner Fitnessraum, ein Buffet in der Haupthalle und ein Foyer mit einem Fu\u00dfball- und einem Billardtisch.<\/p> <p>Wir k\u00f6nnen insgesamt 348 Personen beherbergen. Das Wohnheim ist bequem mit \u00f6ffentlichen Verkehrsmitteln in ca. 30 Minuten zu erreichen (z. B. Stra\u00dfenbahn Nr. 80, Bus Nr. 32).<\/p> <p>Die Schlie\u00dfzeit des Haupteingangs ist 23.00 Uhr und die \u00d6ffnung erfolgt um 05.00 Uhr morgens. (Das Halten von Tieren ist nicht gestattet.)<\/p> <p>Budapest, 30. August 2012<\/p> <p>Direktor<\/p>","protected":false},"excerpt":{"rendered":"<p>Geschichte der Abteilung Das Wohnheim liegt in einem Vorstadtviertel. Das viergeschossige Geb\u00e4ude verf\u00fcgt \u00fcber einen Innenhof mit einem Sportplatz, die restliche Fl\u00e4che fungiert als Park. Das heutige Geb\u00e4ude, das nach einem renommierten Tierarzt benannt ist, wurde 1972 mit Hilfe von Studenten der Universit\u00e4t errichtet. Die Verwaltung des Wohnheims erfolgt durch den Direktor und einen siebenk\u00f6pfigen<\/p>\n","protected":false},"author":3837,"featured_media":0,"parent":862,"menu_order":172,"comment_status":"closed","ping_status":"closed","template":"","meta":{"_acf_changed":false,"footnotes":""},"categories":[59],"tags":[],"class_list":["post-3411","page","type-page","status-publish","hentry","category-abteilungen"],"acf":[],"_links":{"self":[{"href":"https:\/\/univet.hu\/de\/wp-json\/wp\/v2\/pages\/3411","targetHints":{"allow":["GET"]}}],"collection":[{"href":"https:\/\/univet.hu\/de\/wp-json\/wp\/v2\/pages"}],"about":[{"href":"https:\/\/univet.hu\/de\/wp-json\/wp\/v2\/types\/page"}],"author":[{"embeddable":true,"href":"https:\/\/univet.hu\/de\/wp-json\/wp\/v2\/users\/3837"}],"replies":[{"embeddable":true,"href":"https:\/\/univet.hu\/de\/wp-json\/wp\/v2\/comments?post=3411"}],"version-history":[{"count":2,"href":"https:\/\/univet.hu\/de\/wp-json\/wp\/v2\/pages\/3411\/revisions"}],"predecessor-version":[{"id":199189,"href":"https:\/\/univet.hu\/de\/wp-json\/wp\/v2\/pages\/3411\/revisions\/199189"}],"up":[{"embeddable":true,"href":"https:\/\/univet.hu\/de\/wp-json\/wp\/v2\/pages\/862"}],"wp:attachment":[{"href":"https:\/\/univet.hu\/de\/wp-json\/wp\/v2\/media?parent=3411"}],"wp:term":[{"taxonomy":"category","embeddable":true,"href":"https:\/\/univet.hu\/de\/wp-json\/wp\/v2\/categories?post=3411"},{"taxonomy":"post_tag","embeddable":true,"href":"https:\/\/univet.hu\/de\/wp-json\/wp\/v2\/tags?post=3411"}],"curies":[{"name":"wp","href":"https:\/\/api.w.org\/{rel}","templated":true}]}}