{"id":3480,"date":"2017-03-22T12:13:00","date_gmt":"2017-03-22T11:13:00","guid":{"rendered":"http:\/\/univet.hu\/universitaet\/mitarbeiter\/abauji-norbert\/"},"modified":"2026-02-10T04:44:18","modified_gmt":"2026-02-10T03:44:18","slug":"abauji-norbert","status":"publish","type":"page","link":"https:\/\/univet.hu\/de\/universitaet\/mitarbeiter\/abauji-norbert\/","title":{"rendered":"Aba\u00faji Norbert"},"content":{"rendered":"<p><span style=\"font-size: 18pt;\"><strong>Vorstellung<\/strong><\/span><\/p> <div> <p>Ich bin 1985 in S\u00e1toralja\u00fajhely geboren und ich bin in Holl\u00f3h\u00e1za erwachsen. Die nat\u00fcrliche Umgebung lag nicht weit von mir, so bildete es sich in mir schon in jungen Jahren eine Liebe zu Tieren und Pflanzen und ein Interesse an Naturwissenschaften.<\/p> <p>Ich habe 2003 mein High-School-Studium in Miskolc im Bereich Umweltschutz und Wassermanagement beendet. Ich nahm nach meinem Abschluss im Jahr 2004 an der Ausbildung zum Umweltschutz- und Energietechniker teil, bei der ich neben der Feldarbeit auch Laborpraxis erwarb. Danach schloss ich mein Studium als Geograph an der Fakult\u00e4t f\u00fcr Geowissenschaften der Universit\u00e4t Miskolc (2004-2009) ab. Ich habe w\u00e4hrend der Ausbildung neben dem Erlernen ingenieurwissenschaftlicher und geoinformatischer F\u00e4cher auch an zahlreichen Studienreisen und Feld\u00fcbungen im In- und Ausland teilgenommen und so meine naturwissenschaftlichen Kenntnisse weiter ausgebaut.<\/p> <p>Ich arbeite seit 2009 an der Veterin\u00e4rmedizinische Universit\u00e4t, Budapest. Ich arbeitete erstmals als Assistent in der Abteilung f\u00fcr Innere Medizin und Klinik, an der Intensivstation und der Abteilung f\u00fcr exotische Tiere. Ich bin seit 2014 Oberassistent in der Abteilung f\u00fcr Medizin Exotischer und Wildtiere. Ich arbeite hier ab 2022 als Abteilungsingenieur in der Klasse f\u00fcr Jagd, Wildtiermanagement und Naturschutz.<\/p> <p>Ich verbringe meine Freizeit mit Reisen und Fotografieren; Wenn ich exotische L\u00e4nder besuche, fotografiere ich die lokalen Naturwerte.<\/p> <\/div>","protected":false},"excerpt":{"rendered":"<p>Vorstellung Ich bin 1985 in S\u00e1toralja\u00fajhely geboren und ich bin in Holl\u00f3h\u00e1za erwachsen. Die nat\u00fcrliche Umgebung lag nicht weit von mir, so bildete es sich in mir schon in jungen Jahren eine Liebe zu Tieren und Pflanzen und ein Interesse an Naturwissenschaften. Ich habe 2003 mein High-School-Studium in Miskolc im Bereich Umweltschutz und Wassermanagement beendet.<\/p>\n","protected":false},"author":5824,"featured_media":0,"parent":859,"menu_order":211,"comment_status":"closed","ping_status":"closed","template":"","meta":{"_acf_changed":false,"footnotes":""},"categories":[55],"tags":[],"class_list":["post-3480","page","type-page","status-publish","hentry","category-mitarbeiter"],"acf":[],"_links":{"self":[{"href":"https:\/\/univet.hu\/de\/wp-json\/wp\/v2\/pages\/3480","targetHints":{"allow":["GET"]}}],"collection":[{"href":"https:\/\/univet.hu\/de\/wp-json\/wp\/v2\/pages"}],"about":[{"href":"https:\/\/univet.hu\/de\/wp-json\/wp\/v2\/types\/page"}],"author":[{"embeddable":true,"href":"https:\/\/univet.hu\/de\/wp-json\/wp\/v2\/users\/5824"}],"replies":[{"embeddable":true,"href":"https:\/\/univet.hu\/de\/wp-json\/wp\/v2\/comments?post=3480"}],"version-history":[{"count":1,"href":"https:\/\/univet.hu\/de\/wp-json\/wp\/v2\/pages\/3480\/revisions"}],"predecessor-version":[{"id":200751,"href":"https:\/\/univet.hu\/de\/wp-json\/wp\/v2\/pages\/3480\/revisions\/200751"}],"up":[{"embeddable":true,"href":"https:\/\/univet.hu\/de\/wp-json\/wp\/v2\/pages\/859"}],"wp:attachment":[{"href":"https:\/\/univet.hu\/de\/wp-json\/wp\/v2\/media?parent=3480"}],"wp:term":[{"taxonomy":"category","embeddable":true,"href":"https:\/\/univet.hu\/de\/wp-json\/wp\/v2\/categories?post=3480"},{"taxonomy":"post_tag","embeddable":true,"href":"https:\/\/univet.hu\/de\/wp-json\/wp\/v2\/tags?post=3480"}],"curies":[{"name":"wp","href":"https:\/\/api.w.org\/{rel}","templated":true}]}}