{"id":3510,"date":"2017-04-12T09:24:00","date_gmt":"2017-04-12T07:24:00","guid":{"rendered":"http:\/\/univet.hu\/universitaet\/mitarbeiter\/alekszi-kaszas-anna\/"},"modified":"2026-02-10T04:44:20","modified_gmt":"2026-02-10T03:44:20","slug":"alekszi-kaszas-anna","status":"publish","type":"page","link":"https:\/\/univet.hu\/de\/universitaet\/mitarbeiter\/alekszi-kaszas-anna\/","title":{"rendered":"Alekszi-Kasz\u00e1s Anna"},"content":{"rendered":"<p>&nbsp;<\/p> <h2>Vorstellung<\/h2> <div> <p>Ich habe an der Fakult\u00e4t f\u00fcr Chemie- und Bioingenieurwesen der Budapester Universit\u00e4t f\u00fcr Technologie und Wirtschaft studiert (BSc, MSc). MSc-Diplom in pharmazeutischer Chemie und Technik 2014.<\/p> <p>Titel meiner Diplomarbeit (MSc): Studie \u00fcber die Herstellung von \u03b1-Aminophosphonaten durch nukleophile Substitution<\/p> <p>Titel meiner Abschlussarbeit (BSc): Synthese von \u03b1-Aminophosphonaten durch eine unerwartet einfache Substitutionsreaktion<\/p> <p>Mein Studium absolvierte ich als staatlich gef\u00f6rderter Doktorand an der Doktorandenschule f\u00fcr Umweltwissenschaften der Ungarischen Universit\u00e4t f\u00fcr Agrar- und Biowissenschaften, und meine Doktorarbeit f\u00fchrte ich am Fachbereich Chemie der Universit\u00e4t f\u00fcr Veterin\u00e4rmedizin unter der Leitung von Dr. P\u00e9ter Nemes durch. Ich erhielt meinen Doktortitel summa cum laude im Jahr 2024.<\/p> <p>Der Titel meiner Dissertation lautete: Umweltfreundliche Synthese neuer N-haltiger heterocyclischer Ger\u00fcste und ihrer Derivate.<\/p> <p>Seit 2014 bin ich in meiner jetzigen Position an der Veterin\u00e4rmedizinischen Universit\u00e4t t\u00e4tig.<\/p> <p>Weitere Qualifikation: MSZ EN ISO 9001:2015 Interner Auditor<\/p> <p><strong>Publikationsliste:<\/strong><\/p> <p>1. Alekszi\u2010Kasz\u00e1s, Anna\u00a0;\u00a0K\u00e4fer\u2010Beke, Kl\u00e1ra\u00a0;\u00a0Varga, Tam\u00e1s R.\u00a0;\u00a0B\u00e9nyei, Attila\u00a0;\u00a0Kov\u00e1cs, Tibor\u00a0;\u00a0M\u00e1ndi, Attila\u00a0;Kurt\u00e1n, Tibor;\u00a0Simon, Andr\u00e1s\u00a0; Nemes, P\u00e9ter<\/p> <p>Regio\u2010 and Stereoselective Synthesis of Benzoquinolizidines CHEMISTRYSELECT\u00a07\u00a0:\u00a09\u00a0Paper: e20210428 , 6 p.\u00a0(2022),<\/p> <p>DOI: https:\/\/doi.org\/10.1002\/slct.202104286<\/p> <p>&nbsp;<\/p> <p>2. Nagy, Daniel\u00a0;\u00a0Pilipecz, Mihaly V.\u00a0;\u00a0Kiss, Laszlo A.\u00a0;\u00a0Alekszi-Kaszas, Anna\u00a0;\u00a0Simon, Andras\u00a0;\u00a0Schlosser, Gitta Z.\u00a0;\u00a0Nemes, Peter\u00a0; Varga, Tamas<\/p> <p>Synthesis of 2-aryl-1,2,4-triazol-3-one derivatives from beta-nitroenamines SYNTHETIC COMMUNICATIONS\u00a051\u00a0:\u00a013\u00a0pp. 1956-1962. , 7 p.\u00a0(2021)<\/p> <p>DOI: https:\/\/doi.org\/10.1080\/00397911.2021.1913504<\/p> <p>&nbsp;<\/p> <p>3. Alekszi-Kasz\u00e1s, Anna\u00a0; Nemes, P\u00e9ter\u00a0;\u00a0T\u00f3th, G\u00e1bor\u00a0;\u00a0Hal\u00e1sz, Judit\u00a0;\u00a0Scheiber, P\u00e1l<\/p> <p>Mannich condensations of activated cyclic enamines<\/p> <p>SYNTHETIC COMMUNICATIONS\u00a048\u00a0:\u00a016\u00a0pp. 2099-2111. , 13 p.\u00a0(2018)<\/p> <p>DOI: https:\/\/doi.org\/10.1080\/00397911.2018.1484488<\/p> <p>&nbsp;<\/p> <p>4. Nagy, D\u00e1niel\u00a0;\u00a0Alekszi-Kasz\u00e1s, Anna\u00a0;\u00a0Kiss, L\u00e1szl\u00f3\u00a0;\u00a0Pilipecz, Mih\u00e1ly\u00a0;\u00a0Varga, Tam\u00e1s<\/p> <p>1,2,4-triazol-3-onok szint\u00e9zise \u03b2-nitro-enaminb\u00f3l In: S\u00f3tonyi, P.; G\u00e1lfi, P.; V\u00f6r\u00f6s, K.; Magyar, T. (szerk.)<\/p> <p>Akad\u00e9miai besz\u00e1mol\u00f3k (2019)\u00a0Paper: &amp;Konferenciak\u00f6zlem\u00e9ny<\/p> <p>&nbsp;<\/p> <p>5. Alekszi-Kasz\u00e1s, Anna\u00a0;\u00a0Beke, Kl\u00e1ra\u00a0;\u00a0Nemes, P\u00e9ter<\/p> <p>Benzokinolizinek enantioszelekt\u00edv szint\u00e9zise In: S\u00f3tonyi, P.; G\u00e1lfi, P.; V\u00f6r\u00f6s, K.; Magyar, T. (szerk.)<\/p> <p>Akad\u00e9miai besz\u00e1mol\u00f3k Budapest, Magyarorsz\u00e1g:\u00a0\u00c1llatorvostudom\u00e1nyi Egyetem\u00a0(2019)\u00a0p. 10 , 1 p.<\/p> <p>ISBN: 978-963-7149-29-0<\/p> <p>&nbsp;<\/p> <p>6. Keglevich, G\u00a0;\u00a0Kiss, N Zs\u00a0;\u00a0B\u00e1lint, E\u00a0;\u00a0Kov\u00e1cs, R\u00a0;\u00a0Jablonkai, E\u00a0;\u00a0Fazekas, E\u00a0;\u00a0T\u00f3th, J\u00a0;\u00a0Kasz\u00e1s, A\u00a0;\u00a0Blastik, Z\u00a0;\u00a0Gr\u00fcn,<\/p> <p>A Synthesis of Organophosphorus Compounds under Microwave Conditions<\/p> <p>In:5th European Conference of the International Federation for Medical and Biological Engineering : PTS 1 AND 2 Berlin, N\u00e9metorsz\u00e1g,\u00a0Heidelber<\/p> <p>Springer Netherlands\u00a0(2012)\u00a01,446 p.\u00a0pp. 1350-1353. , 4 p.<\/p> <p>&nbsp;<\/p> <p>7. Kiss, NZ\u00a0;\u00a0Kaszas, A\u00a0;\u00a0Drahos, L\u00a0;\u00a0Mucsi, Z\u00a0;\u00a0Keglevich, Gy<\/p> <p>A neighbouring group effect leading to enhanced nucleophilic substitution of amines at the hindered \u03b1-carbon atom of an \u03b1-hydroxyphosphonate<\/p> <p>In: TETRAHEDRON LETTERS\u00a053\u00a0:\u00a02\u00a0pp. 207-209. , 3 p.\u00a0(2012)<\/p> <p>DOI: https:\/\/doi.org\/10.1016\/j.tetlet.2011.11.026<\/p> <\/div>","protected":false},"excerpt":{"rendered":"<p>&nbsp; Vorstellung Ich habe an der Fakult\u00e4t f\u00fcr Chemie- und Bioingenieurwesen der Budapester Universit\u00e4t f\u00fcr Technologie und Wirtschaft studiert (BSc, MSc). MSc-Diplom in pharmazeutischer Chemie und Technik 2014. Titel meiner Diplomarbeit (MSc): Studie \u00fcber die Herstellung von \u03b1-Aminophosphonaten durch nukleophile Substitution Titel meiner Abschlussarbeit (BSc): Synthese von \u03b1-Aminophosphonaten durch eine unerwartet einfache Substitutionsreaktion Mein Studium<\/p>\n","protected":false},"author":5824,"featured_media":0,"parent":859,"menu_order":211,"comment_status":"closed","ping_status":"closed","template":"","meta":{"_acf_changed":false,"footnotes":""},"categories":[55],"tags":[],"class_list":["post-3510","page","type-page","status-publish","hentry","category-mitarbeiter"],"acf":[],"_links":{"self":[{"href":"https:\/\/univet.hu\/de\/wp-json\/wp\/v2\/pages\/3510","targetHints":{"allow":["GET"]}}],"collection":[{"href":"https:\/\/univet.hu\/de\/wp-json\/wp\/v2\/pages"}],"about":[{"href":"https:\/\/univet.hu\/de\/wp-json\/wp\/v2\/types\/page"}],"author":[{"embeddable":true,"href":"https:\/\/univet.hu\/de\/wp-json\/wp\/v2\/users\/5824"}],"replies":[{"embeddable":true,"href":"https:\/\/univet.hu\/de\/wp-json\/wp\/v2\/comments?post=3510"}],"version-history":[{"count":4,"href":"https:\/\/univet.hu\/de\/wp-json\/wp\/v2\/pages\/3510\/revisions"}],"predecessor-version":[{"id":177368,"href":"https:\/\/univet.hu\/de\/wp-json\/wp\/v2\/pages\/3510\/revisions\/177368"}],"up":[{"embeddable":true,"href":"https:\/\/univet.hu\/de\/wp-json\/wp\/v2\/pages\/859"}],"wp:attachment":[{"href":"https:\/\/univet.hu\/de\/wp-json\/wp\/v2\/media?parent=3510"}],"wp:term":[{"taxonomy":"category","embeddable":true,"href":"https:\/\/univet.hu\/de\/wp-json\/wp\/v2\/categories?post=3510"},{"taxonomy":"post_tag","embeddable":true,"href":"https:\/\/univet.hu\/de\/wp-json\/wp\/v2\/tags?post=3510"}],"curies":[{"name":"wp","href":"https:\/\/api.w.org\/{rel}","templated":true}]}}