{"id":3564,"date":"2018-01-24T12:48:00","date_gmt":"2018-01-24T11:48:00","guid":{"rendered":"http:\/\/univet.hu\/universitaet\/mitarbeiter\/balka-gyula\/"},"modified":"2026-02-10T04:49:13","modified_gmt":"2026-02-10T03:49:13","slug":"balka-gyula","status":"publish","type":"page","link":"https:\/\/univet.hu\/de\/universitaet\/mitarbeiter\/balka-gyula\/","title":{"rendered":"Balka Gyula"},"content":{"rendered":"<p style=\"text-align: center;\"><strong>Einf\u00fchrung<\/strong><\/p> <p>Mein Veterin\u00e4rstudium habe ich 2003 an der Veterin\u00e4rmedizinischen Fakult\u00e4t der damaligen Szent-Istv\u00e1n-Universit\u00e4t abgeschlossen. Danach arbeitete ich unter der Leitung von Prof. Mikl\u00f3s Rusvai ab September 2004 als Doktorand, ab 2007 als klinischer Tierarzt, dann als Assistenzprofessor und derzeit als au\u00dferordentlicher Professor am Institut f\u00fcr Pathologie der Universit\u00e4t der Veterin\u00e4rmedizin, wo ich von Anfang an aktiv an der diagnostischen Arbeit, der Lehre und der Forschung beteiligt war. Derzeit halte ich Pathologie-, Plenar- und Histopathologie\u00fcbungen sowie Vorlesungen auf Ungarisch und Englisch f\u00fcr Studierende im dritten und vierten Studienjahr.<\/p> <p><strong>Forschungsschwerpunkte:<\/strong><\/p> <ul> <li>Diagnose von PRRS, Untersuchung und Modellierung von Lungenver\u00e4nderungen, die w\u00e4hrend einer Infektion entstehen, oder die Rolle der m\u00fctterlichen\/fetalen<\/li> <li>Plazenta bei der transplazentaren Ausbreitung des Virus und die Charakterisierung der dort auftretenden Ver\u00e4nderungen<\/li> <li>Untersuchung der Ausbreitung des atypischen Schweinepestvirus, des Schweineparainfluenzavirus 1, des Schweinezirkovirus Typ 3 und einzelner Parvoviren in Ungarn, der Infektionsdynamik innerhalb der Herde und der Charakterisierung der Ver\u00e4nderungen bei den betroffenen Tieren<\/li> <li>Sogenannt Anwendung von Sequenzierungsmethoden der dritten Generation (Nanopore) in der molekularen Diagnostik viraler Erkrankungen bei Schweinen<\/li> <li>Entwicklung eines Schnelldiagnosesystems basierend auf dem Prinzip der Oberfl\u00e4chenplasmonenresonanz zur Erkennung bestimmter Viruserkrankungen bei Schweinen<\/li> <li>Antituberkulose-Medikamente gezielt mit neuen Methoden, oder die Entwicklung von Impfstoffen, der histopathologische Hintergrund ihrer Erprobung in Tiermodellen<\/li> <li>Untersuchung der Ver\u00e4nderungen, die sich w\u00e4hrend COVID-19 entwickeln, im Hamstermodell, sowie Medikamentenentwicklung gegen COVID-19<\/li> <\/ul> <p><strong>Fortschritt:<\/strong><\/p> <p>Abschluss: Czuczor-Gergely-Benc\u00e9s-Gymnasium, Gy\u0151r, 1998<\/p> <p>H\u00f6here Bildung:<\/p> <p>SZIE \u00c1OTK \u2013 Doktor der Veterin\u00e4rmedizin, 2003, 30\/2003<\/p> <p>SZIE \u00c1OTK \u2013 Fortgeschrittenes Wildlife Management Training, 2003<\/p> <p>Wissenschaftlicher Fortschritt:<\/p> <p>SZIE \u00c1OTK \u2013 PhD, 2009, 5\/2009<\/p> <p>SZIE \u00c1OTK \u2013 Habilitation, 1\/2016<\/p> <p><strong>Weiterbildung:<\/strong><\/p> <p>\u00c1TE \u2013 Fachtierarzt f\u00fcr Schweinegesundheit (2017)<\/p> <p><strong>Mitgliedschaft in einer Berufsorganisation<\/strong><\/p> <table data-tablestyle=\"MsoTableGrid\" data-tablelook=\"1184\" aria-rowcount=\"4\"> <tbody> <tr aria-rowindex=\"1\"> <td style=\"text-align: center;\" data-celllook=\"0\"><strong>Name des Ausschusses<\/strong><\/td> <td style=\"text-align: center;\" data-celllook=\"0\"><b>Zeit<\/b><\/td> <td style=\"text-align: center;\" data-celllook=\"0\"><b>Rang<\/b><\/td> <\/tr> <tr aria-rowindex=\"2\"> <td style=\"text-align: center;\" data-celllook=\"0\">Ungarische Gesellschaft f\u00fcr Schweinegesundheit<\/td> <td style=\"text-align: center;\" data-celllook=\"0\"><span data-contrast=\"none\">2018\u2013<\/span><span data-ccp-props=\"{&quot;134233118&quot;:true,&quot;201341983&quot;:0,&quot;335559740&quot;:259}\">\u00a0<\/span><\/td> <td style=\"text-align: center;\" data-celllook=\"0\">Mitglied des Organisationskomitees der Konferenz<\/td> <\/tr> <tr aria-rowindex=\"3\"> <td style=\"text-align: center;\" data-celllook=\"0\">Europ\u00e4ische Gesellschaft f\u00fcr Schweinegesundheit (EAPHM)<\/td> <td style=\"text-align: center;\" data-celllook=\"0\"><span data-contrast=\"none\">2016\u2013<\/span><span data-ccp-props=\"{&quot;134233118&quot;:true,&quot;201341983&quot;:0,&quot;335559740&quot;:259}\">\u00a0<\/span><\/td> <td style=\"text-align: center;\" data-celllook=\"0\">Mitglied<\/td> <\/tr> <tr aria-rowindex=\"4\"> <td style=\"text-align: center;\" data-celllook=\"0\">American Association of Swine Health Veterinarians (AASV)<\/td> <td style=\"text-align: center;\" data-celllook=\"0\"><span data-contrast=\"none\">2016\u2013<\/span><span data-ccp-props=\"{&quot;134233118&quot;:true,&quot;201341983&quot;:0,&quot;335559740&quot;:259}\">\u00a0<\/span><\/td> <td style=\"text-align: center;\" data-celllook=\"0\">Mitglied<\/td> <\/tr> <\/tbody> <\/table> <p><span data-ccp-props=\"{&quot;134233118&quot;:true,&quot;201341983&quot;:0,&quot;335559739&quot;:160,&quot;335559740&quot;:240}\">\u00a0<\/span><\/p> <p><strong>Anzahl der bisherigen Abschlussarbeiten\/TDK-Studenten: 8<\/strong><\/p> <table data-tablestyle=\"MsoTableGrid\" data-tablelook=\"1184\" aria-rowcount=\"5\"> <tbody> <tr aria-rowindex=\"1\"> <td data-celllook=\"0\"><strong>Name des Doktoranden<\/strong><\/td> <td data-celllook=\"0\"><strong>Abschlussjahr<\/strong><\/td> <\/tr> <tr aria-rowindex=\"2\"> <td data-celllook=\"0\"><span data-contrast=\"none\">Szilasi Anna<\/span><span data-ccp-props=\"{&quot;134233118&quot;:true,&quot;201341983&quot;:0,&quot;335559740&quot;:259}\">\u00a0<\/span><\/td> <td data-celllook=\"0\">Jahr der erfolgreichen Verteidigung: 2021<\/td> <\/tr> <tr aria-rowindex=\"3\"> <td data-celllook=\"0\"><span data-contrast=\"none\">D\u00e9nes Lilla<\/span><span data-ccp-props=\"{&quot;134233118&quot;:true,&quot;201341983&quot;:0,&quot;335559740&quot;:259}\">\u00a0<\/span><\/td> <td data-celllook=\"0\">Schutz erwartet: 2022<\/td> <\/tr> <tr aria-rowindex=\"4\"> <td data-celllook=\"0\"><span data-contrast=\"none\">Igriczi Barbara<\/span><span data-ccp-props=\"{&quot;134233118&quot;:true,&quot;201341983&quot;:0,&quot;335559740&quot;:259}\">\u00a0<\/span><\/td> <td data-celllook=\"0\">Schutz erwartet: 2024<\/td> <\/tr> <tr aria-rowindex=\"5\"> <td data-celllook=\"0\"><span data-contrast=\"none\">Horv\u00e1th D\u00e1vid G\u00e9za<\/span><span data-ccp-props=\"{&quot;134233118&quot;:true,&quot;201341983&quot;:0,&quot;335559740&quot;:259}\">\u00a0<\/span><\/td> <td data-celllook=\"0\">Schutz erwartet: 2024<\/td> <\/tr> <\/tbody> <\/table> <p><span data-ccp-props=\"{&quot;134233118&quot;:true,&quot;201341983&quot;:0,&quot;335559739&quot;:160,&quot;335559740&quot;:240}\">\u00a0<\/span><\/p> <p><strong>Publikationsliste (Top10) in chronologischer Reihenfolge<\/strong><\/p> <p><span data-contrast=\"none\">MTMT:\u202f\u00a0<\/span><span data-ccp-props=\"{&quot;134233118&quot;:true,&quot;201341983&quot;:0,&quot;335551550&quot;:2,&quot;335551620&quot;:2,&quot;335559739&quot;:160,&quot;335559740&quot;:240}\">\u00a0<\/span><\/p> <table style=\"height: 511px;\" width=\"1312\"> <tbody> <tr style=\"height: 136px;\"> <td style=\"width: 31.0333px; height: 136px;\">1.<\/td> <td style=\"width: 1264.97px; height: 136px;\"> <p><span data-contrast=\"auto\">Denes, L ; Horvath, DG* ; Duran, O ; Ratkhjen, PH ; Kraft, C ; Acs, B ; Szasz, AM ; Rumenapf, T ; Papp, M ; Ladinig, A ; <\/span><b><span data-contrast=\"auto\">Balka, G<\/span><\/b><\/p> <p><span data-contrast=\"auto\">In Situ Hybridization of PRRSV-1 Combined with Digital Image Analysis in Lung Tissues of Pigs Challenged with PRRSV-1<\/span><span data-ccp-props=\"{&quot;201341983&quot;:0,&quot;335559739&quot;:160,&quot;335559740&quot;:259}\">\u00a0<\/span><\/p> <p><span data-contrast=\"auto\">VETERINARY SCIENCES 8 : 10 Paper: 235 , 11 p. (2021)<\/span><span data-ccp-props=\"{&quot;201341983&quot;:0,&quot;335559739&quot;:160,&quot;335559740&quot;:259}\">\u00a0<\/span><\/td> <\/tr> <tr style=\"height: 136px;\"> <td style=\"width: 31.0333px; height: 136px;\">2.<\/td> <td style=\"width: 1264.97px; height: 136px;\"> <p><span data-contrast=\"auto\">Denes, L ; Ruedas-Torres, I ; Szilasi, A ; <\/span><b><span data-contrast=\"auto\">Balka, G<\/span><\/b><\/p> <p><span data-contrast=\"auto\">Detection and localization of atypical porcine pestivirus in the testicles of naturally infected, congenital tremor affected piglets<\/span><span data-ccp-props=\"{&quot;201341983&quot;:0,&quot;335559739&quot;:160,&quot;335559740&quot;:259}\">\u00a0<\/span><\/p> <p><span data-contrast=\"auto\">TRANSBOUNDARY AND EMERGING DISEASES Paper: DOI10.1111\/tbed.14355 (2021)<\/span><span data-ccp-props=\"{&quot;201341983&quot;:0,&quot;335559739&quot;:160,&quot;335559740&quot;:259}\">\u00a0<\/span><\/td> <\/tr> <tr style=\"height: 99px;\"> <td style=\"width: 31.0333px; height: 99px;\">3.<\/td> <td style=\"width: 1264.97px; height: 99px;\"> <p><span data-contrast=\"auto\">Horv\u00e1ti, Kata ; Fodor, Kinga ; P\u00e1lyi, Bernadett ; Henczk\u00f3, Judit ; <\/span><b><span data-contrast=\"auto\">Balka, Gyula<\/span><\/b><span data-contrast=\"auto\"> ; Gyulai, Gerg\u0151 ; Kiss, \u00c9va ; Biri-Kov\u00e1cs, Be\u00e1ta ; Senoner, Zsuzsanna ; B\u0151sze, Szilvia<\/span><\/p> <p><span data-contrast=\"auto\">Novel Assay Platform to Evaluate Intracellular Killing of Mycobacterium tuberculosis: In Vitro and In Vivo Validation<\/span><span data-ccp-props=\"{&quot;201341983&quot;:0,&quot;335559739&quot;:160,&quot;335559740&quot;:259}\">\u00a0<\/span><\/p> <p><span data-contrast=\"auto\">FRONTIERS IN IMMUNOLOGY 12 (2021)<\/span><span data-ccp-props=\"{&quot;201341983&quot;:0,&quot;335559739&quot;:160,&quot;335559740&quot;:259}\">\u00a0<\/span><\/td> <\/tr> <tr style=\"height: 24px;\"> <td style=\"width: 31.0333px; height: 24px;\">4.<\/td> <td style=\"width: 1264.97px; height: 24px;\"> <p><span data-contrast=\"auto\">Kreutzmann, H ; Duerlinger, S ; Knecht, C ; Koch, M ; Cabana, M ; Torrent, G ; Balasch, M ; Taylor, LP ; <\/span><b><span data-contrast=\"auto\">Balka, G<\/span><\/b><span data-contrast=\"auto\"> ; Gerner, W et al.<\/span><\/p> <p><span data-contrast=\"auto\">Efficacy of a Modified Live Virus Vaccine against Porcine Reproductive and Respiratory Syndrome Virus 1 (PRRSV-1) Administered to 1-Day-Old Piglets in Front of Heterologous PRRSV-1 Challenge<\/span><span data-ccp-props=\"{&quot;201341983&quot;:0,&quot;335559739&quot;:160,&quot;335559740&quot;:259}\">\u00a0<\/span><\/p> <p><span data-contrast=\"auto\">PATHOGENS 10 : 10 p. 1342 (2021)<\/span><span data-ccp-props=\"{&quot;201341983&quot;:0,&quot;335559739&quot;:160,&quot;335559740&quot;:259}\">\u00a0<\/span><\/td> <\/tr> <tr style=\"height: 24px;\"> <td style=\"width: 31.0333px; height: 24px;\">5.<\/td> <td style=\"width: 1264.97px; height: 24px;\"> <p><span data-contrast=\"auto\">D\u00e9nes, Lilla ; Cs\u00e1gola, Attila ; Sch\u00f6nhardt, Kitti ; Halas, M\u00e1t\u00e9 ; Solymosi, Norbert ; <\/span><b><span data-contrast=\"auto\">Balka, Gyula<\/span><\/b><\/p> <p><span data-contrast=\"auto\">First report of porcine parainfluenza virus 1 (species Porcine respirovirus 1) in Europe<\/span><span data-ccp-props=\"{&quot;201341983&quot;:0,&quot;335559739&quot;:160,&quot;335559740&quot;:259}\">\u00a0<\/span><\/p> <p><span data-contrast=\"auto\">TRANSBOUNDARY AND EMERGING DISEASES 00 Paper: tbed.13869 (2020)<\/span><span data-ccp-props=\"{&quot;201341983&quot;:0,&quot;335559739&quot;:160,&quot;335559740&quot;:259}\">\u00a0<\/span><\/td> <\/tr> <tr style=\"height: 24px;\"> <td style=\"width: 31.0333px; height: 24px;\">6.<\/td> <td style=\"width: 1264.97px; height: 24px;\"> <p><span data-contrast=\"auto\">Szilasi, Anna ; Denes, Lilla ; Jakab, Csaba ; Erdelyi, Ildiko ; Resende, Talita ; Vannucci, Fabio ; Csomor, Judit ; Mandoki, Mira ; <\/span><b><span data-contrast=\"auto\">Balka, Gyula<\/span><\/b><\/p> <p><span data-contrast=\"auto\">In situ hybridization of feline leukemia virus in a primary neural B-cell lymphoma<\/span><span data-ccp-props=\"{&quot;201341983&quot;:0,&quot;335559739&quot;:160,&quot;335559740&quot;:259}\">\u00a0<\/span><\/p> <p><span data-contrast=\"auto\">JOURNAL OF VETERINARY DIAGNOSTIC INVESTIGATION 32 : 3 pp. 454-457. , 4 p. (2020)<\/span><span data-ccp-props=\"{&quot;201341983&quot;:0,&quot;335559739&quot;:160,&quot;335559740&quot;:259}\">\u00a0<\/span><\/td> <\/tr> <tr style=\"height: 24px;\"> <td style=\"width: 31.0333px; height: 24px;\">7.<\/td> <td style=\"width: 1264.97px; height: 24px;\"> <p><span data-contrast=\"auto\">Horv\u00e1ti, Kata ; P\u00e1lyi, Bernadett ; Henczk\u00f3, Judit ; <\/span><b><span data-contrast=\"auto\">Balka, Gyula<\/span><\/b><span data-contrast=\"auto\"> ; Szab\u00f3, Eleon\u00f3ra ; Farkas, Viktor ; Biri-Kov\u00e1cs, Be\u00e1ta ; Szeder, B\u00e1lint ; Fodor, Kinga<\/span><\/p> <p><span data-contrast=\"auto\">A Convenient Synthetic Method to Improve Immunogenicity of Mycobacterium tuberculosis Related T-Cell Epitope Peptides<\/span><span data-ccp-props=\"{&quot;201341983&quot;:0,&quot;335559739&quot;:160,&quot;335559740&quot;:259}\">\u00a0<\/span><\/p> <p><span data-contrast=\"auto\">VACCINES (BASEL) 7 : 3 p. 101 (2019)<\/span><span data-ccp-props=\"{&quot;201341983&quot;:0,&quot;335559739&quot;:160,&quot;335559740&quot;:259}\">\u00a0<\/span><\/td> <\/tr> <tr style=\"height: 24px;\"> <td style=\"width: 31.0333px; height: 24px;\">8.<\/td> <td style=\"width: 1264.97px; height: 24px;\"> <p><span data-contrast=\"auto\">Novosel, Dinko ; Tuboly, Tamas ; <\/span><b><span data-contrast=\"auto\">Balka, Gyula<\/span><\/b><span data-contrast=\"auto\"> ; Szeredi, Levente ; Lojkic, Ivana ; Jungic, Andreja ; Acinger-Rogic, Zaklin ; Ait-Ali, Tahar ; Csagola, Attila<\/span><\/p> <p><span data-contrast=\"auto\">Evidence of CPV2c introgression into Croatia and novel insights into phylogeny and cell tropism<\/span><span data-ccp-props=\"{&quot;201341983&quot;:0,&quot;335559739&quot;:160,&quot;335559740&quot;:259}\">\u00a0<\/span><\/p> <p><span data-contrast=\"auto\">SCIENTIFIC REPORTS 9 : 1 Paper: 16909 (2019)<\/span><span data-ccp-props=\"{&quot;201341983&quot;:0,&quot;335559739&quot;:160,&quot;335559740&quot;:259}\">\u00a0<\/span><\/td> <\/tr> <tr style=\"height: 10px;\"> <td style=\"width: 31.0333px; height: 10px;\">9.<\/td> <td style=\"width: 1264.97px; height: 10px;\"> <p><b><span data-contrast=\"auto\">Balka, G<\/span><\/b><span data-contrast=\"auto\"> ; Podgorska, K ; Brar, MS ; Balint, A ; Cadar, D ; Celer, V ; Denes, L ; Dirbakova, Z ; Jedryczko, A ; Marton, L et al.<\/span><\/p> <p><span data-contrast=\"auto\">Genetic diversity of PRRSV 1 in Central Eastern Europe in 1994-2014: origin and evolution of the virus in the region<\/span><span data-ccp-props=\"{&quot;201341983&quot;:0,&quot;335559739&quot;:160,&quot;335559740&quot;:259}\">\u00a0<\/span><\/p> <p><span data-contrast=\"auto\">SCIENTIFIC REPORTS 8 Paper: 7811 (2018)<\/span><span data-ccp-props=\"{&quot;201341983&quot;:0,&quot;335559739&quot;:160,&quot;335559740&quot;:259}\">\u00a0<\/span><\/td> <\/tr> <tr style=\"height: 10px;\"> <td style=\"width: 31.0333px; height: 10px;\">10.<\/td> <td style=\"width: 1264.97px; height: 10px;\"> <p><span data-contrast=\"auto\">D\u00e9nes, Lilla ; Biksi, Imre ; Albert, Mih\u00e1ly ; Szeredi, Levente ; G Knapp, D\u00e1niel ; Szilasi, Anna ; B\u00e1lint, \u00c1d\u00e1m ; <\/span><b><span data-contrast=\"auto\">Balka, Gyula<\/span><\/b><\/p> <p><span data-contrast=\"auto\">Detection and phylogenetic characterization of atypical porcine pestivirus strains in Hungary<\/span><span data-ccp-props=\"{&quot;201341983&quot;:0,&quot;335559739&quot;:160,&quot;335559740&quot;:259}\">\u00a0<\/span><\/p> <p><span data-contrast=\"auto\">TRANSBOUNDARY AND EMERGING DISEASES 65 : 6 pp. 2039-2042. , 4 p. (2018)<\/span><span data-ccp-props=\"{&quot;201341983&quot;:0,&quot;335559739&quot;:160,&quot;335559740&quot;:259}\">\u00a0<\/span><\/td> <\/tr> <\/tbody> <\/table> <p>&nbsp;<\/p>","protected":false},"excerpt":{"rendered":"<p>Einf\u00fchrung Mein Veterin\u00e4rstudium habe ich 2003 an der Veterin\u00e4rmedizinischen Fakult\u00e4t der damaligen Szent-Istv\u00e1n-Universit\u00e4t abgeschlossen. Danach arbeitete ich unter der Leitung von Prof. Mikl\u00f3s Rusvai ab September 2004 als Doktorand, ab 2007 als klinischer Tierarzt, dann als Assistenzprofessor und derzeit als au\u00dferordentlicher Professor am Institut f\u00fcr Pathologie der Universit\u00e4t der Veterin\u00e4rmedizin, wo ich von Anfang an<\/p>\n","protected":false},"author":5824,"featured_media":0,"parent":859,"menu_order":212,"comment_status":"closed","ping_status":"closed","template":"","meta":{"_acf_changed":false,"footnotes":""},"categories":[55],"tags":[],"class_list":["post-3564","page","type-page","status-publish","hentry","category-mitarbeiter"],"acf":[],"_links":{"self":[{"href":"https:\/\/univet.hu\/de\/wp-json\/wp\/v2\/pages\/3564","targetHints":{"allow":["GET"]}}],"collection":[{"href":"https:\/\/univet.hu\/de\/wp-json\/wp\/v2\/pages"}],"about":[{"href":"https:\/\/univet.hu\/de\/wp-json\/wp\/v2\/types\/page"}],"author":[{"embeddable":true,"href":"https:\/\/univet.hu\/de\/wp-json\/wp\/v2\/users\/5824"}],"replies":[{"embeddable":true,"href":"https:\/\/univet.hu\/de\/wp-json\/wp\/v2\/comments?post=3564"}],"version-history":[{"count":1,"href":"https:\/\/univet.hu\/de\/wp-json\/wp\/v2\/pages\/3564\/revisions"}],"predecessor-version":[{"id":200923,"href":"https:\/\/univet.hu\/de\/wp-json\/wp\/v2\/pages\/3564\/revisions\/200923"}],"up":[{"embeddable":true,"href":"https:\/\/univet.hu\/de\/wp-json\/wp\/v2\/pages\/859"}],"wp:attachment":[{"href":"https:\/\/univet.hu\/de\/wp-json\/wp\/v2\/media?parent=3564"}],"wp:term":[{"taxonomy":"category","embeddable":true,"href":"https:\/\/univet.hu\/de\/wp-json\/wp\/v2\/categories?post=3564"},{"taxonomy":"post_tag","embeddable":true,"href":"https:\/\/univet.hu\/de\/wp-json\/wp\/v2\/tags?post=3564"}],"curies":[{"name":"wp","href":"https:\/\/api.w.org\/{rel}","templated":true}]}}