{"id":36241,"date":"2019-03-09T14:28:01","date_gmt":"2019-03-09T13:28:01","guid":{"rendered":"https:\/\/univet.hu\/?page_id=36241"},"modified":"2026-02-10T00:05:49","modified_gmt":"2026-02-09T23:05:49","slug":"veterinaermedizinische-botanik","status":"publish","type":"page","link":"https:\/\/univet.hu\/de\/studenten\/kurse\/veterinaermedizinische-botanik\/","title":{"rendered":"Veterin\u00e4rmedizinische Botanik"},"content":{"rendered":"<p><span style=\"font-family: georgia, palatino, serif\"><strong>Verantwortlicher (e-mail):<\/strong> Dr. H\u00e1zi Judit (<a class=\"decrypt\" rel=\"Ib{j\/KvejuAvojwfu\/iv\" href=\"javascript:void(0);\">[Click to see email]<\/a>\u200b)<\/span><\/p> <p><span style=\"font-family: georgia, palatino, serif\"><strong>Teilnehmende Lehrer:<\/strong> Dr. Gerencs\u00e9r Ferencn\u00e9 (<a class=\"decrypt\" rel=\"Hfsfodtfsof\/Tfjem\/LbubmjoAvojwfu\/iv\" href=\"javascript:void(0);\">[Click to see email]<\/a>)<\/span><\/p> <p><span style=\"font-family: georgia, palatino, serif\">Das Ziel des Kurses ist die Charakterisierung der Pflanzenwelt mit besonderer Ber\u00fccksichtigung des Aspektes der Tier\u00e4rzte. In diesem Rahmen k\u00f6nnen die Studenten die wichtigsten N\u00e4hr-, Futter- und Giftpflanzen, deren Zellen und Gewebetypen erkennen. Sie k\u00f6nnen sich auch mit den prim\u00e4ren und sekund\u00e4ren Pflanzenstoffen und deren Biosynthesemechanismen in den Pflanzen, Wirkungsmechanismen in den tierischen Organismen kennenlernen.<\/span><\/p> <p><span style=\"font-family: georgia, palatino, serif\">Die Vorlesungen stellen die in der ganzen Biosph\u00e4re grunds\u00e4tzliche Rolle von prim\u00e4ren Stoffwechsel der Pflanzen in Gegen\u00fcberstellung die von Bakterien, Pilzen und tierischen Lebewesen dar.<\/span><\/p> <p><span style=\"font-family: georgia, palatino, serif\">Es handelt sich auch um die f\u00fcr die menschliche und tierische Gesundheit gef\u00e4hrlichen mikroskopischen und Grosspilze, beziehungsweise die Pflanzenschutzmittel und betrachtet holistisch die Wichtigkeit der ganzen Lebensmittelkette-Sicherheit.<\/span><\/p> <p><span style=\"font-family: georgia, palatino, serif\">Das Fach befasst sich die Gr\u00fcnland-Lebensr\u00e4ume als wichtige Futteranbaugebiete.<\/span><\/p> <p><span style=\"font-family: georgia, palatino, serif\"><strong>Fachliteratur<\/strong><\/span><\/p> <ul> <li><span style=\"font-family: georgia, palatino, serif\">Pflicht: Lehrstoff der Vorlesungen.<\/span><\/li> <\/ul> <p><span style=\"color: #0000ff\"><em><strong>Befreiung von dem Kurs: im Fall von mindestens 50% \u00dcbereinstimmung kann die Befreiung gegeben.<\/strong><\/em><\/span><\/p> <p>&nbsp;<\/p> <p><em><span style=\"color: #0000ff\"><strong>Update: 2026.01.30.<\/strong><\/span><\/em><\/p>","protected":false},"excerpt":{"rendered":"<p>Verantwortlicher (e-mail): Dr. H\u00e1zi Judit ([Click to see email]\u200b) Teilnehmende Lehrer: Dr. Gerencs\u00e9r Ferencn\u00e9 ([Click to see email]) Das Ziel des Kurses ist die Charakterisierung der Pflanzenwelt mit besonderer Ber\u00fccksichtigung des Aspektes der Tier\u00e4rzte. In diesem Rahmen k\u00f6nnen die Studenten die wichtigsten N\u00e4hr-, Futter- und Giftpflanzen, deren Zellen und Gewebetypen erkennen. Sie k\u00f6nnen sich auch<\/p>\n","protected":false},"author":3837,"featured_media":0,"parent":678,"menu_order":164,"comment_status":"closed","ping_status":"closed","template":"","meta":{"_acf_changed":false,"footnotes":""},"categories":[65],"tags":[],"class_list":["post-36241","page","type-page","status-publish","hentry","category-kurse"],"acf":[],"_links":{"self":[{"href":"https:\/\/univet.hu\/de\/wp-json\/wp\/v2\/pages\/36241","targetHints":{"allow":["GET"]}}],"collection":[{"href":"https:\/\/univet.hu\/de\/wp-json\/wp\/v2\/pages"}],"about":[{"href":"https:\/\/univet.hu\/de\/wp-json\/wp\/v2\/types\/page"}],"author":[{"embeddable":true,"href":"https:\/\/univet.hu\/de\/wp-json\/wp\/v2\/users\/3837"}],"replies":[{"embeddable":true,"href":"https:\/\/univet.hu\/de\/wp-json\/wp\/v2\/comments?post=36241"}],"version-history":[{"count":7,"href":"https:\/\/univet.hu\/de\/wp-json\/wp\/v2\/pages\/36241\/revisions"}],"predecessor-version":[{"id":198844,"href":"https:\/\/univet.hu\/de\/wp-json\/wp\/v2\/pages\/36241\/revisions\/198844"}],"up":[{"embeddable":true,"href":"https:\/\/univet.hu\/de\/wp-json\/wp\/v2\/pages\/678"}],"wp:attachment":[{"href":"https:\/\/univet.hu\/de\/wp-json\/wp\/v2\/media?parent=36241"}],"wp:term":[{"taxonomy":"category","embeddable":true,"href":"https:\/\/univet.hu\/de\/wp-json\/wp\/v2\/categories?post=36241"},{"taxonomy":"post_tag","embeddable":true,"href":"https:\/\/univet.hu\/de\/wp-json\/wp\/v2\/tags?post=36241"}],"curies":[{"name":"wp","href":"https:\/\/api.w.org\/{rel}","templated":true}]}}