{"id":3672,"date":"2018-02-09T09:51:00","date_gmt":"2018-02-09T08:51:00","guid":{"rendered":"http:\/\/univet.hu\/universitaet\/mitarbeiter\/buzasi-zoltan\/"},"modified":"2026-02-10T04:44:27","modified_gmt":"2026-02-10T03:44:27","slug":"buzasi-zoltan","status":"publish","type":"page","link":"https:\/\/univet.hu\/de\/universitaet\/mitarbeiter\/buzasi-zoltan\/","title":{"rendered":"Buz\u00e1si Zolt\u00e1n"},"content":{"rendered":"<p>Qualifikation:<\/p> <p>Universit\u00e4tsabschluss in Soziologie<br \/> Europ\u00e4isches Projektmanagement-Diplom<br \/> Diplom f\u00fcr Forschungs- und Innovationsmanager<\/p>","protected":false},"excerpt":{"rendered":"<p>Qualifikation: Universit\u00e4tsabschluss in Soziologie Europ\u00e4isches Projektmanagement-Diplom Diplom f\u00fcr Forschungs- und Innovationsmanager<\/p>\n","protected":false},"author":5824,"featured_media":0,"parent":859,"menu_order":211,"comment_status":"closed","ping_status":"closed","template":"","meta":{"_acf_changed":false,"footnotes":""},"categories":[55],"tags":[],"class_list":["post-3672","page","type-page","status-publish","hentry","category-mitarbeiter"],"acf":[],"_links":{"self":[{"href":"https:\/\/univet.hu\/de\/wp-json\/wp\/v2\/pages\/3672","targetHints":{"allow":["GET"]}}],"collection":[{"href":"https:\/\/univet.hu\/de\/wp-json\/wp\/v2\/pages"}],"about":[{"href":"https:\/\/univet.hu\/de\/wp-json\/wp\/v2\/types\/page"}],"author":[{"embeddable":true,"href":"https:\/\/univet.hu\/de\/wp-json\/wp\/v2\/users\/5824"}],"replies":[{"embeddable":true,"href":"https:\/\/univet.hu\/de\/wp-json\/wp\/v2\/comments?post=3672"}],"version-history":[{"count":1,"href":"https:\/\/univet.hu\/de\/wp-json\/wp\/v2\/pages\/3672\/revisions"}],"predecessor-version":[{"id":200765,"href":"https:\/\/univet.hu\/de\/wp-json\/wp\/v2\/pages\/3672\/revisions\/200765"}],"up":[{"embeddable":true,"href":"https:\/\/univet.hu\/de\/wp-json\/wp\/v2\/pages\/859"}],"wp:attachment":[{"href":"https:\/\/univet.hu\/de\/wp-json\/wp\/v2\/media?parent=3672"}],"wp:term":[{"taxonomy":"category","embeddable":true,"href":"https:\/\/univet.hu\/de\/wp-json\/wp\/v2\/categories?post=3672"},{"taxonomy":"post_tag","embeddable":true,"href":"https:\/\/univet.hu\/de\/wp-json\/wp\/v2\/tags?post=3672"}],"curies":[{"name":"wp","href":"https:\/\/api.w.org\/{rel}","templated":true}]}}