{"id":3699,"date":"2017-09-28T11:25:00","date_gmt":"2017-09-28T09:25:00","guid":{"rendered":"http:\/\/univet.hu\/universitaet\/mitarbeiter\/csipkesne-gyurcsik-krisztina\/"},"modified":"2026-02-10T04:44:30","modified_gmt":"2026-02-10T03:44:30","slug":"csipkesne-gyurcsik-krisztina","status":"publish","type":"page","link":"https:\/\/univet.hu\/de\/universitaet\/mitarbeiter\/csipkesne-gyurcsik-krisztina\/","title":{"rendered":"Csipk\u00e9sn\u00e9 Gyurcsik Krisztina"},"content":{"rendered":"<p><strong>Aktivit\u00e4t<\/strong><br \/> Registrierung von Ausgabenvertr\u00e4gen, Pr\u00fcfung und Archivierung von Lieferantenrechnungen, Pr\u00fcfung von Leistungsnachweisen<\/p>","protected":false},"excerpt":{"rendered":"<p>Aktivit\u00e4t Registrierung von Ausgabenvertr\u00e4gen, Pr\u00fcfung und Archivierung von Lieferantenrechnungen, Pr\u00fcfung von Leistungsnachweisen<\/p>\n","protected":false},"author":5824,"featured_media":0,"parent":859,"menu_order":211,"comment_status":"closed","ping_status":"closed","template":"","meta":{"_acf_changed":false,"footnotes":""},"categories":[55],"tags":[],"class_list":["post-3699","page","type-page","status-publish","hentry","category-mitarbeiter"],"acf":[],"_links":{"self":[{"href":"https:\/\/univet.hu\/de\/wp-json\/wp\/v2\/pages\/3699","targetHints":{"allow":["GET"]}}],"collection":[{"href":"https:\/\/univet.hu\/de\/wp-json\/wp\/v2\/pages"}],"about":[{"href":"https:\/\/univet.hu\/de\/wp-json\/wp\/v2\/types\/page"}],"author":[{"embeddable":true,"href":"https:\/\/univet.hu\/de\/wp-json\/wp\/v2\/users\/5824"}],"replies":[{"embeddable":true,"href":"https:\/\/univet.hu\/de\/wp-json\/wp\/v2\/comments?post=3699"}],"version-history":[{"count":1,"href":"https:\/\/univet.hu\/de\/wp-json\/wp\/v2\/pages\/3699\/revisions"}],"predecessor-version":[{"id":200770,"href":"https:\/\/univet.hu\/de\/wp-json\/wp\/v2\/pages\/3699\/revisions\/200770"}],"up":[{"embeddable":true,"href":"https:\/\/univet.hu\/de\/wp-json\/wp\/v2\/pages\/859"}],"wp:attachment":[{"href":"https:\/\/univet.hu\/de\/wp-json\/wp\/v2\/media?parent=3699"}],"wp:term":[{"taxonomy":"category","embeddable":true,"href":"https:\/\/univet.hu\/de\/wp-json\/wp\/v2\/categories?post=3699"},{"taxonomy":"post_tag","embeddable":true,"href":"https:\/\/univet.hu\/de\/wp-json\/wp\/v2\/tags?post=3699"}],"curies":[{"name":"wp","href":"https:\/\/api.w.org\/{rel}","templated":true}]}}