{"id":3732,"date":"2018-01-24T15:12:00","date_gmt":"2018-01-24T14:12:00","guid":{"rendered":"http:\/\/univet.hu\/universitaet\/mitarbeiter\/dobra-peter-ferenc\/"},"modified":"2026-02-10T04:43:39","modified_gmt":"2026-02-10T03:43:39","slug":"dobra-peter-ferenc","status":"publish","type":"page","link":"https:\/\/univet.hu\/de\/universitaet\/mitarbeiter\/dobra-peter-ferenc\/","title":{"rendered":"Dobra P\u00e9ter Ferenc"},"content":{"rendered":"<p><strong>Einf\u00fchrung<\/strong><\/p> <p><strong>Forschungsschwerpunkte:<\/strong><\/p> <p>Ich beteilige mich haupts\u00e4chlich an der Forschung im Zusammenhang mit Gefl\u00fcgelarten.<br \/> <strong>Fortschritt:<\/strong><\/p> <p>Ich habe im Herbst 2015 meine T\u00e4tigkeit in der Abteilung aufgenommen. Zu Beginn war ich in die diagnostische Arbeit eingebunden und nahm auch Aufgaben als Autopsiemeister wahr. Ab 2016 unterrichte ich allgemeine Pathologie-\u00dcbungen, Pathologie-\u00dcbungen 1-3 und Plenar\u00fcbungen und ab 2021 Pathologie-2-Vorlesungen auf Ungarisch und Englisch. Ab 2018 werde ich Labordiagnostik\u00fcbungen f\u00fcr Studierende des 11. Semesters auf Ungarisch und Englisch durchf\u00fchren. Im Jahr 2019 schloss ich mein Studium zur Fachkraft f\u00fcr Gefl\u00fcgelgesundheit ab und bin seitdem f\u00fcr die Gefl\u00fcgeldiagnostik und die Teilnahme an Experimenten verantwortlich. Seit 2017 nehme ich Abschlussarbeiten zur Begutachtung entgegen, ab 2020 werde ich mich zus\u00e4tzlich als Betreuer von Doktoranden mit Abschlussarbeiten an der Arbeit des Fachbereichs beteiligen.<\/p> <p><strong>Anzahl der bisherigen Abschlussarbeiten\/TDK-Studierenden:<\/strong><\/p> <p>Betreuung einer Doktorarbeit (2 weitere Arbeiten in Bearbeitung)<\/p> <p><strong>Publikationsliste<\/strong><\/p> <table style=\"height: 37px;\" width=\"1131\"> <tbody> <tr> <td style=\"width: 25.0156px;\">1.<\/td> <td style=\"width: 1089.98px;\"><span class=\"TextRun SCXW39954170 BCX8\" lang=\"HU-HU\" xml:lang=\"HU-HU\" data-contrast=\"auto\"><span class=\"NormalTextRun SCXW39954170 BCX8\">M\u00e1ndoki M, D\u00e9nes L, Dobra PF, G\u00e1l J (2019): <\/span><span class=\"NormalTextRun SCXW39954170 BCX8\">V\u00edrusos b\u00e9lgyullad\u00e1sok egyes ty\u00fakalak\u00fa mad\u00e1rfajokban<\/span><span class=\"NormalTextRun SCXW39954170 BCX8\">,<\/span> <span class=\"NormalTextRun SCXW39954170 BCX8\">Irodalmi \u00e1ttekint\u00e9s \u00e9s saj\u00e1t vizsg\u00e1latok f\u00e1c\u00e1nokban<\/span><span class=\"NormalTextRun SCXW39954170 BCX8\">.<\/span> <span class=\"NormalTextRun SCXW39954170 BCX8\">Magyar <\/span><span class=\"SpellingError SCXW39954170 BCX8\">Allatorvosok<\/span><span class=\"NormalTextRun SCXW39954170 BCX8\"> Lapja.<\/span><span class=\"NormalTextRun SCXW39954170 BCX8\"> 141:<\/span><span class=\"NormalTextRun SCXW39954170 BCX8\">523-531\u00a0<\/span><\/span><span class=\"EOP SCXW39954170 BCX8\" data-ccp-props=\"{&quot;201341983&quot;:0,&quot;335559739&quot;:160,&quot;335559740&quot;:259}\">\u00a0<\/span><\/td> <\/tr> <\/tbody> <\/table> <p>&nbsp;<\/p>","protected":false},"excerpt":{"rendered":"<p>Einf\u00fchrung Forschungsschwerpunkte: Ich beteilige mich haupts\u00e4chlich an der Forschung im Zusammenhang mit Gefl\u00fcgelarten. Fortschritt: Ich habe im Herbst 2015 meine T\u00e4tigkeit in der Abteilung aufgenommen. Zu Beginn war ich in die diagnostische Arbeit eingebunden und nahm auch Aufgaben als Autopsiemeister wahr. Ab 2016 unterrichte ich allgemeine Pathologie-\u00dcbungen, Pathologie-\u00dcbungen 1-3 und Plenar\u00fcbungen und ab 2021 Pathologie-2-Vorlesungen<\/p>\n","protected":false},"author":5824,"featured_media":0,"parent":859,"menu_order":210,"comment_status":"closed","ping_status":"closed","template":"","meta":{"_acf_changed":false,"footnotes":""},"categories":[55],"tags":[],"class_list":["post-3732","page","type-page","status-publish","hentry","category-mitarbeiter"],"acf":[],"_links":{"self":[{"href":"https:\/\/univet.hu\/de\/wp-json\/wp\/v2\/pages\/3732","targetHints":{"allow":["GET"]}}],"collection":[{"href":"https:\/\/univet.hu\/de\/wp-json\/wp\/v2\/pages"}],"about":[{"href":"https:\/\/univet.hu\/de\/wp-json\/wp\/v2\/types\/page"}],"author":[{"embeddable":true,"href":"https:\/\/univet.hu\/de\/wp-json\/wp\/v2\/users\/5824"}],"replies":[{"embeddable":true,"href":"https:\/\/univet.hu\/de\/wp-json\/wp\/v2\/comments?post=3732"}],"version-history":[{"count":1,"href":"https:\/\/univet.hu\/de\/wp-json\/wp\/v2\/pages\/3732\/revisions"}],"predecessor-version":[{"id":200683,"href":"https:\/\/univet.hu\/de\/wp-json\/wp\/v2\/pages\/3732\/revisions\/200683"}],"up":[{"embeddable":true,"href":"https:\/\/univet.hu\/de\/wp-json\/wp\/v2\/pages\/859"}],"wp:attachment":[{"href":"https:\/\/univet.hu\/de\/wp-json\/wp\/v2\/media?parent=3732"}],"wp:term":[{"taxonomy":"category","embeddable":true,"href":"https:\/\/univet.hu\/de\/wp-json\/wp\/v2\/categories?post=3732"},{"taxonomy":"post_tag","embeddable":true,"href":"https:\/\/univet.hu\/de\/wp-json\/wp\/v2\/tags?post=3732"}],"curies":[{"name":"wp","href":"https:\/\/api.w.org\/{rel}","templated":true}]}}