{"id":3744,"date":"2016-08-01T14:12:00","date_gmt":"2016-08-01T12:12:00","guid":{"rendered":"http:\/\/univet.hu\/universitaet\/mitarbeiter\/dunay-miklos-pal\/"},"modified":"2026-02-10T04:44:34","modified_gmt":"2026-02-10T03:44:34","slug":"dunay-miklos-pal","status":"publish","type":"page","link":"https:\/\/univet.hu\/de\/universitaet\/mitarbeiter\/dunay-miklos-pal\/","title":{"rendered":"Dunay Mikl\u00f3s P\u00e1l"},"content":{"rendered":"<p><span style=\"font-size: 14pt;\"><strong>Aktivit\u00e4t<\/strong><\/span><br \/> Diplom: 1995; Mitarbeiter der Abteilung: seit 1998; Fachgebiet: Kleintierzahnheilkunde, Kleintierchirurgie, An\u00e4sthesiologie. Ausbildung: An\u00e4sthesiologie, Kleintierzahnheilkunde und Kleintierchirurgie, Vorlesungen und praktische \u00dcbungen in ungarischer und englischer<br \/> Sprache; chirurgische Prop\u00e4deutik, praktische \u00dcbungen in deutscher Sprache; Wahlfach Kleintierzahnheilkunde und Oralchirurgie in ungarischer und englischer Sprache; postgraduale Vorlesungen und Weiterbildungskurse in An\u00e4sthesiologie und Kleintierzahnheilkunde.<br \/> Sprachkenntnisse: Deutsch, Englisch.<\/p> <p><a href=\"http:\/\/www.kisallatsebeszet.hu\" target=\"_blank\" rel=\"noopener\" data-replaced=\"true\">Eigene homepage<\/a><\/p>","protected":false},"excerpt":{"rendered":"<p>Aktivit\u00e4t Diplom: 1995; Mitarbeiter der Abteilung: seit 1998; Fachgebiet: Kleintierzahnheilkunde, Kleintierchirurgie, An\u00e4sthesiologie. Ausbildung: An\u00e4sthesiologie, Kleintierzahnheilkunde und Kleintierchirurgie, Vorlesungen und praktische \u00dcbungen in ungarischer und englischer Sprache; chirurgische Prop\u00e4deutik, praktische \u00dcbungen in deutscher Sprache; Wahlfach Kleintierzahnheilkunde und Oralchirurgie in ungarischer und englischer Sprache; postgraduale Vorlesungen und Weiterbildungskurse in An\u00e4sthesiologie und Kleintierzahnheilkunde. Sprachkenntnisse: Deutsch, Englisch. Eigene homepage<\/p>\n","protected":false},"author":5824,"featured_media":0,"parent":859,"menu_order":211,"comment_status":"closed","ping_status":"closed","template":"","meta":{"_acf_changed":false,"footnotes":""},"categories":[55],"tags":[],"class_list":["post-3744","page","type-page","status-publish","hentry","category-mitarbeiter"],"acf":[],"_links":{"self":[{"href":"https:\/\/univet.hu\/de\/wp-json\/wp\/v2\/pages\/3744","targetHints":{"allow":["GET"]}}],"collection":[{"href":"https:\/\/univet.hu\/de\/wp-json\/wp\/v2\/pages"}],"about":[{"href":"https:\/\/univet.hu\/de\/wp-json\/wp\/v2\/types\/page"}],"author":[{"embeddable":true,"href":"https:\/\/univet.hu\/de\/wp-json\/wp\/v2\/users\/5824"}],"replies":[{"embeddable":true,"href":"https:\/\/univet.hu\/de\/wp-json\/wp\/v2\/comments?post=3744"}],"version-history":[{"count":1,"href":"https:\/\/univet.hu\/de\/wp-json\/wp\/v2\/pages\/3744\/revisions"}],"predecessor-version":[{"id":200779,"href":"https:\/\/univet.hu\/de\/wp-json\/wp\/v2\/pages\/3744\/revisions\/200779"}],"up":[{"embeddable":true,"href":"https:\/\/univet.hu\/de\/wp-json\/wp\/v2\/pages\/859"}],"wp:attachment":[{"href":"https:\/\/univet.hu\/de\/wp-json\/wp\/v2\/media?parent=3744"}],"wp:term":[{"taxonomy":"category","embeddable":true,"href":"https:\/\/univet.hu\/de\/wp-json\/wp\/v2\/categories?post=3744"},{"taxonomy":"post_tag","embeddable":true,"href":"https:\/\/univet.hu\/de\/wp-json\/wp\/v2\/tags?post=3744"}],"curies":[{"name":"wp","href":"https:\/\/api.w.org\/{rel}","templated":true}]}}