{"id":3762,"date":"2017-09-27T13:34:00","date_gmt":"2017-09-27T11:34:00","guid":{"rendered":"http:\/\/univet.hu\/universitaet\/mitarbeiter\/eszesne-ilonka-rozalia\/"},"modified":"2026-02-10T04:44:37","modified_gmt":"2026-02-10T03:44:37","slug":"eszesne-ilonka-rozalia","status":"publish","type":"page","link":"https:\/\/univet.hu\/de\/universitaet\/mitarbeiter\/eszesne-ilonka-rozalia\/","title":{"rendered":"Eszesn\u00e9 Ilonka Roz\u00e1lia"},"content":{"rendered":"<p><strong>Einf\u00fchrung<\/strong><\/p> <ul> <li>Beschaffung von IT-Produkten<\/li> <li>Ankauf von B\u00fcropapieren, Schreibwaren, Schreibwaren und Schreibwaren<\/li> <\/ul>","protected":false},"excerpt":{"rendered":"<p>Einf\u00fchrung Beschaffung von IT-Produkten Ankauf von B\u00fcropapieren, Schreibwaren, Schreibwaren und Schreibwaren<\/p>\n","protected":false},"author":5824,"featured_media":0,"parent":859,"menu_order":211,"comment_status":"closed","ping_status":"closed","template":"","meta":{"_acf_changed":false,"footnotes":""},"categories":[55],"tags":[],"class_list":["post-3762","page","type-page","status-publish","hentry","category-mitarbeiter"],"acf":[],"_links":{"self":[{"href":"https:\/\/univet.hu\/de\/wp-json\/wp\/v2\/pages\/3762","targetHints":{"allow":["GET"]}}],"collection":[{"href":"https:\/\/univet.hu\/de\/wp-json\/wp\/v2\/pages"}],"about":[{"href":"https:\/\/univet.hu\/de\/wp-json\/wp\/v2\/types\/page"}],"author":[{"embeddable":true,"href":"https:\/\/univet.hu\/de\/wp-json\/wp\/v2\/users\/5824"}],"replies":[{"embeddable":true,"href":"https:\/\/univet.hu\/de\/wp-json\/wp\/v2\/comments?post=3762"}],"version-history":[{"count":1,"href":"https:\/\/univet.hu\/de\/wp-json\/wp\/v2\/pages\/3762\/revisions"}],"predecessor-version":[{"id":200783,"href":"https:\/\/univet.hu\/de\/wp-json\/wp\/v2\/pages\/3762\/revisions\/200783"}],"up":[{"embeddable":true,"href":"https:\/\/univet.hu\/de\/wp-json\/wp\/v2\/pages\/859"}],"wp:attachment":[{"href":"https:\/\/univet.hu\/de\/wp-json\/wp\/v2\/media?parent=3762"}],"wp:term":[{"taxonomy":"category","embeddable":true,"href":"https:\/\/univet.hu\/de\/wp-json\/wp\/v2\/categories?post=3762"},{"taxonomy":"post_tag","embeddable":true,"href":"https:\/\/univet.hu\/de\/wp-json\/wp\/v2\/tags?post=3762"}],"curies":[{"name":"wp","href":"https:\/\/api.w.org\/{rel}","templated":true}]}}