{"id":3786,"date":"2016-08-01T14:26:00","date_gmt":"2016-08-01T12:26:00","guid":{"rendered":"http:\/\/univet.hu\/universitaet\/mitarbeiter\/fekete-sandor-gyorgy\/"},"modified":"2026-02-10T04:44:41","modified_gmt":"2026-02-10T03:44:41","slug":"fekete-sandor-gyorgy","status":"publish","type":"page","link":"https:\/\/univet.hu\/de\/universitaet\/mitarbeiter\/fekete-sandor-gyorgy\/","title":{"rendered":"Fekete S\u00e1ndor Gy\u00f6rgy"},"content":{"rendered":"<p>&nbsp;<\/p> <h2>Einleitung<\/h2> <div> <p>Lebenslauf: S\u00e1ndor Gy\u00f6rgy Fekete Vorstand der Einheit f\u00fcr Labortierkunde und Bioethik der Veterin\u00e4rmedizinische Fakult\u00e4t Budapest Univ. Prof. Dr. S\u00e1ndor Gy\u00f6rgy Fekete geboren am 24. J\u00e4nner 1951 in Kiskunf\u00e9legyh\u00e1za\/Ungarn ungarischer Staatsb\u00fcrger Ausbildung 2004 Doktor der Ungarischen Akademie der Wissenschaften 1991 Univ. Prof. der Tierern\u00e4hrung 1987 PhD (CSc) an Tierern\u00e4hrung 1983 Fachtierazt in Tierhygiene 1975 Doktorat \u201eSub auspicis rei publici popularis\u201d 1969-1974 Diplomastudium Veterin\u00e4rmedizin Beruf seit 2004 Vorstand der Einheit Labortierkunde und Bioethik 1997-2004 Vorstand der Institut f\u00fcr Tierzucht, Tierern\u00e4hrung und Labortierkunde Dreimal ihre StudenTinen: Best of Class in Nutrition (Europa) 1990-1996 Vorstand des Lehrstuhl f\u00fcr Tierernahrung 1990-1991 Vizerektor f\u00fcr Fortbildund und Internationale Kontakten 1976-1990 Universit\u00e4tassisten, -dozent an der Lehrstuhl der Tierern\u00e4hrung der Veterin\u00e4rmezinischen Universit\u00e4t Budapest 1974-1976 Staatliche Tierarzt mit gemischte Privatpraxis Ungarn Mitgliedschaften und Funktionen seit 2009 Begr\u00fcnder und Koordinator von CEELA-Network (Central and Eastern European Laboratory Science Associations) seit 2008 National Representative von Ungarn bei ICLAS, FELASA und ESLAV seit 2008 Mitglied von MEGAT (Middle Europen Society for Alternative Methods to Animal Testing) seit 2006 Pr\u00e4sident der HLASA (Hungarian Laboratory Science Association) 1999-2003 Begr\u00fcnder und erster Pr\u00e4sident der HLASA (Hungarian Laboratory Science Association). Zwischen 2003-2006 Vize-Pr\u00e4sident 1998 Begr\u00fcnder Diplomate der European College of Veterinary and Comparative Nutrition (ESCVN) 1997-2001 Pr\u00e4sident von PhD und Habilitatkomission der Vetuni Budapest seit 1991 Research Contact of NRC (in \u201eMicrolivestock . Rabbit\u201d) 1987-1991 Redakteur der Monatschrift \u201eMagyar \u00c1llatorvosok Lapja\u201d 1989-1995 Vizepr\u00e4sident, und bis heute Mitglied der FAUNA Tierschutzorganisation<\/p> <\/div>","protected":false},"excerpt":{"rendered":"<p>&nbsp; Einleitung Lebenslauf: S\u00e1ndor Gy\u00f6rgy Fekete Vorstand der Einheit f\u00fcr Labortierkunde und Bioethik der Veterin\u00e4rmedizinische Fakult\u00e4t Budapest Univ. Prof. Dr. S\u00e1ndor Gy\u00f6rgy Fekete geboren am 24. J\u00e4nner 1951 in Kiskunf\u00e9legyh\u00e1za\/Ungarn ungarischer Staatsb\u00fcrger Ausbildung 2004 Doktor der Ungarischen Akademie der Wissenschaften 1991 Univ. Prof. der Tierern\u00e4hrung 1987 PhD (CSc) an Tierern\u00e4hrung 1983 Fachtierazt in Tierhygiene 1975<\/p>\n","protected":false},"author":5824,"featured_media":0,"parent":859,"menu_order":211,"comment_status":"closed","ping_status":"closed","template":"","meta":{"_acf_changed":false,"footnotes":""},"categories":[55],"tags":[],"class_list":["post-3786","page","type-page","status-publish","hentry","category-mitarbeiter"],"acf":[],"_links":{"self":[{"href":"https:\/\/univet.hu\/de\/wp-json\/wp\/v2\/pages\/3786","targetHints":{"allow":["GET"]}}],"collection":[{"href":"https:\/\/univet.hu\/de\/wp-json\/wp\/v2\/pages"}],"about":[{"href":"https:\/\/univet.hu\/de\/wp-json\/wp\/v2\/types\/page"}],"author":[{"embeddable":true,"href":"https:\/\/univet.hu\/de\/wp-json\/wp\/v2\/users\/5824"}],"replies":[{"embeddable":true,"href":"https:\/\/univet.hu\/de\/wp-json\/wp\/v2\/comments?post=3786"}],"version-history":[{"count":1,"href":"https:\/\/univet.hu\/de\/wp-json\/wp\/v2\/pages\/3786\/revisions"}],"predecessor-version":[{"id":200790,"href":"https:\/\/univet.hu\/de\/wp-json\/wp\/v2\/pages\/3786\/revisions\/200790"}],"up":[{"embeddable":true,"href":"https:\/\/univet.hu\/de\/wp-json\/wp\/v2\/pages\/859"}],"wp:attachment":[{"href":"https:\/\/univet.hu\/de\/wp-json\/wp\/v2\/media?parent=3786"}],"wp:term":[{"taxonomy":"category","embeddable":true,"href":"https:\/\/univet.hu\/de\/wp-json\/wp\/v2\/categories?post=3786"},{"taxonomy":"post_tag","embeddable":true,"href":"https:\/\/univet.hu\/de\/wp-json\/wp\/v2\/tags?post=3786"}],"curies":[{"name":"wp","href":"https:\/\/api.w.org\/{rel}","templated":true}]}}