{"id":3822,"date":"2018-05-22T14:02:00","date_gmt":"2016-07-07T12:33:00","guid":{"rendered":"http:\/\/univet.hu\/universitaet\/mitarbeiter\/gal-janos\/"},"modified":"2026-02-10T04:49:19","modified_gmt":"2026-02-10T03:49:19","slug":"gal-janos","status":"publish","type":"page","link":"https:\/\/univet.hu\/de\/universitaet\/mitarbeiter\/gal-janos\/","title":{"rendered":"G\u00e1l J\u00e1nos"},"content":{"rendered":"<p><span style=\"font-size: 14pt;\"><strong>Einf\u00fchrung<\/strong><\/span><\/p> <p>Ich wurde am 13. Juni 1972 in H\u00f3dmez\u0151v\u00e1s\u00e1rhely geboren. Ich begann mein Studium im Jahr 1990<\/p> <p>an der Veterin\u00e4rmedizinischen Universit\u00e4t, dann gleichzeitig an der Fakult\u00e4t f\u00fcr Forstingenieur der Universit\u00e4t Sopron.<\/p> <p>Nach meinem Doktortitel in Veterin\u00e4rmedizin habe ich meine Diplome als Fischereiingenieur und Ingenieur f\u00fcr Wildtiermanagement erhalten. Seit 1996 arbeite ich als Tierarzt an der Veterin\u00e4rmedizinischen Universit\u00e4t, am Beginn an der Abteilung f\u00fcr Veterin\u00e4rforensik und<\/p> <p>Pathologie, wo ich neben meiner patologisch-diagnostischen Arbeit erledigte die patologische Untersuchung verschiedener exotischen Tiere.<\/p> <p>Mit der Unterst\u00fctzung und erm\u00fctigung von Professor Kardev\u00e1n, ProfessorVet\u00e9si und Dr. Dobos-Kov\u00e1cs erreichte ich einen Doktortitel im Jahre 2006 und meine Habilitation im Jahre 2010.<\/p> <p>Im Jahr 2010 habe ich mich habilitiert und anschlie\u00dfend abgeschlossen.<\/p> <p>In meiner PhD-Arbeit habe ich erhebliche moralische und spirituelle Unterst\u00fctzung von der durch Prof. Dr. S\u00e1ndor Farag\u00f3 geleitete Universit\u00e4t for Wildtiermanagement, als von meiner zweiten Alma Mater, erhalten.<\/p> <p>F\u00fcr meine Arbeit auf dem Gebiet der Pathologie exotischer und wilder Tiere, durchgef\u00fchrt auf nationaler und internationaler Ebene wurde ich seit 2009 in Anerkennung meiner Arbeit als ordentliches Mitglied des European College of Zoological Medicine angenommen.<\/p> <p>Seit 1996 bis heute habe ich innerhalb der Mauern der Veterin\u00e4rmedizinischen Universit\u00e4t gearbeitet und gelehrt, mit Ausnahme von 2012-2013, wann ich in Marokko als Haupttierarzt der Tiergesundheitsgruppe des Wildreservats, sponsoriert von den L\u00e4ndern des Nahen Ostens, t\u00e4tig gewesen war.<\/p> <p>Nach meinem R\u00fcckkehr nach Ungarn leite und enwickle ich die von mir gegr\u00fcndete und ausgebildete Abteilung f\u00fcr Medizin Exotischer und Wildtiere. Binnen dieser Abteilung wurde zuerst eine kleinere Abteilung f\u00fcr f\u00fcr Jagd, Wildtiermanagement und Naturschutz gebildet, und dann zusammen mit dem Budapest Zoologischer und Botanischer Garten das ausgelagerte Abteilung f\u00fcr die Zootiermedizin. Sp\u00e4ter zwei neue Abteilungen, die Abteilung f\u00fcr Aquakultur und Fischhygiene und die Abteilung for Bienenzucht und Bienenheilkunde haben ihre Arbeit an meiner Abteilung begonnen, und in dieser Abteilungen k\u00f6nnten wir in Zusammenarbeit mit meiner, diese Abteilungen leitenden Kollegen f\u00fcr<\/p> <p>jedes Themengebiet einen intellektuellen Workshop schaffen. Mehrere von meiner Doktoranden setzten an dieser Abteilung ihre Karriere in Wissenschaft oder klinischer Patientenversorgung fort.<\/p> <p>Ich leite derzeit mehrere Fach-Tierarztkurse, und besch\u00e4ftige mich in der Graduiertenausbildung auch mit Organisierung von Themen f\u00fcr Gesundheitssczutz und Medizin von exotischer Tiere.<\/p> <p>Seit 2018 nehme ich an der Ausbildung von Studenten der Universit\u00e4t der Vereinigten Arabischen Emirate teil, in deren Rahmen unterrichte (f\u00fcr arabische Studenten) die Heilkunde exotischer Tiere und Falken. Im Jahre 2019 unterrichtete ich im Rahmen einer Einladung als Gastprofessor an der Universit\u00e1 di Padova in Italien.<\/p> <p>Zwischen 2000 und 2007 nahm ich an den Forschungs- und Lehrarbeiten in der Institut f\u00fcr Wildmanagement, an Fakult\u00e4t f\u00fcr Forsttechnik, Universit\u00e4t Westungarn, mein Soproner Alma Mater als Universit\u00e4tsassistentprofessor mit weiterem Rechtsverh\u00e4ltnis teil. Ich habe Vortr\u00e4ge und \u00dcbungen ,in den Themen Anatomie der Wildtierarten, Wildtiergesundheit, Fischerei und Fischmanagement gehalten.<\/p> <p>In meiner klinischen Arbeit arbeite ich haupts\u00e4chlich mit Wildh\u00fctern (haupts\u00e4chlich Fasan, Rebhuhn und Hase), Strau\u00df und mit der Diagnose von nichtinfekti\u00f6sen und infekti\u00f6sen Krankheiten, weiterhin besch\u00e4ftige mich mit der Beratung f\u00fcr Gefl\u00fcgelbestandsgesundheit.<\/p> <p>Desweiteren bin ich t\u00e4tig als forensischer Experte (in der Tiergesundheit und der Tierhaltung in Innenr\u00e4umen) grunds\u00e4tzlich bei patologischen und forensischen Untersuchungen in Kriminalf\u00e4llen.<\/p> <p>Ich bin Gr\u00fcndungsmitglied des Verbands der Ungarischen Wildtier- und Zootier\u00e4rzte, zwischen 2009 und 2011 nahm ich an der Arbeit der European Freshwater Turtle Breeder&#8217;s Association teil, und seit 2015 bin ich Mitglied der European Society of Arachnology(Europ\u00e4ischen Gesellschaft f\u00fcr<\/p> <p>Arachnologie). Seit 2008 war ich t\u00e4tig als Mitglied der \u00f6ffentlichen Einrichtung fur UAW(Ungarische Akademie f\u00fcr Wissednschaft, ungarisch MTA) seit 2010 bin ich au\u00dferdem als Mitglied des Forstausschusses, des Unterausschusses f\u00fcr Wildtiermanagement der Ungarischen Akademie der Wissenschaften aktiv. 2010-<\/p> <p>Zwischen 2011 und 2014-2017 war ich zweimal Mitglied der Jury von OTKA Agr\u00e1r-2. Seit dem Jahr 2016 nehme ich als Expertenmitglied an der Arbeitsgruppe zur Risikoanalyse der Afrikanischen Schweinepest teil.<\/p> <p>Im Laufe meiner bisherigen Arbeit habe ich mehr als 300 Fachpublikationen ve\u00f6ffentlicht, wieterhin mehrere Buch oder Buchkapitel auf mehreren nationalen und internationalen Ebenen. Meine Verlags- und Bildungsaktivit\u00e4ten wurden im Laufe der Jahre mit zahlreichen Preisen und Ehrungen ausgezeichnet. Eines meiner Hobbys ist die Erforschung der Spinnenfaunistik der Nordafrika und Nah-Osten Regionen, deren Ergebnis war die Beschreibung einer f\u00fcr die Wissenschaft neuen Spinnenart und zahlreiche wissenschaftliche Artikel.<\/p> <p>Am 1. April 2021 erhielt ich den Doktor-Titel der Ungarischen Akademie der Wissenschaften und<\/p> <p>ab 1. September desselben Jahres als ernannte Universit\u00e4tsprofessor setzte ich die Organisierung der Abteilung, die Verwaltung und Organisation der LehrAtbeiten, Forschung und Patientenversorgung.<\/p> <p><strong>Forschungsschwerpunkte:<\/strong><\/p> <p>\u2022 Veterin\u00e4rforensische und diagnostische Pathologie (Reptilien, Wildtiere, Nutztiere).<\/p> <p>Wildarten, Zootiere, V\u00f6gel)<\/p> <p>\u2022 Infektionskrankheiten der Bienen<\/p> <p>\u2022 Arachnofaunistik Nordafrikas und des Nahen Ostens<\/p> <p><strong>Fortschritt:<\/strong><\/p> <p>1996 Doktor der Veterin\u00e4rmedizin<\/p> <p>1999 Forstingenieur<\/p> <p>2000 Fischereiingenieur<\/p> <p>2006 Doktortitel \u2013 Wildtiermanagementwissenschaften<\/p> <p>2009 Factierarzt f\u00fcr Exotentiermedizin<\/p> <p>2009 Fachtierarzt f\u00fcr Gefl\u00fcgelgesundheit<\/p> <p>2009 European College of Zoological Medicine \u2013 Diplom zur Bescheinigung der Vollmitgliedschaft<\/p> <p>2010 Habilitation<\/p> <p>2021 Doktor der Ungarischen Akademie der Wissenschaften<\/p> <p>&nbsp;<\/p> <p><strong>Mitgliedschaft in Fachorganisationen<\/strong><\/p> <p>Name des Ausschusses, Zeit, Position<\/p> <p>Mitglied der European Association of Zoo and Wildlife Veterinarians seit 1997<\/p> <p>Mitglied des Ungarischen Verbands der Wildtier- und Zootier\u00e4rzte seit 2004<\/p> <p>Mitglied der Ungarischen Veterin\u00e4rkammer seit 2008<\/p> <p>Mitglied der European Freshwater Turtle Breeder&#8217;s Association 2009-2011<\/p> <p>Mitglied des European College of Zoological Medicine seit 2009<\/p> <p>Mitglied der Europ\u00e4ischen Gesellschaft f\u00fcr Arachnologie seit 2015<\/p> <p>&nbsp;<\/p> <p>Anzahl der bisherigen Abschlussarbeiten\/TDK-Studenten (TDK \u2013 Wissenschaftlicher Studentenkreis)<\/p> <p>Betreuer von Abschlussarbeiten<\/p> <p>Aktivit\u00e4t<\/p> <p>Westungarische Universit\u00e4t,<\/p> <p>Fakult\u00e4t f\u00fcr Forstwirtschaft (auf Ungarisch)<\/p> <p>SzIE-Fakult\u00e4t f\u00fcr Veterin\u00e4rmedizin<\/p> <p>(auf Ungarisch)<\/p> <p>SzIE-Fakult\u00e4t f\u00fcr Veterin\u00e4rmedizin<\/p> <p>(auf Englisch)<\/p> <p>Anzahl der Abschlussarbeiten 9 21 14<\/p> <p>TDK-Supervisor-T\u00e4tigkeiten auf Ungarisch und Englisch<\/p> <p>TDK-Betreuer 5 1<\/p> <p>Doktoranden<\/p> <p>T\u00e4tigkeit als Doktor-Betreuer f\u00fcr den PhD-Abschluss<\/p> <p>verdient<\/p> <p>Laufendes Verfahren Begonnen und dann \u00fcbergeben<\/p> <p>Themenmanagement<\/p> <p>50 % Betreuen 100 % Betreuen 50 % Betreuen 100 % Betreuen 50 % Betreuen<\/p> <p>Doktorvater 3 0 1 1 1<\/p> <p><strong>Publikationsliste (Top10)<\/strong><\/p>","protected":false},"excerpt":{"rendered":"<p>Einf\u00fchrung Ich wurde am 13. Juni 1972 in H\u00f3dmez\u0151v\u00e1s\u00e1rhely geboren. Ich begann mein Studium im Jahr 1990 an der Veterin\u00e4rmedizinischen Universit\u00e4t, dann gleichzeitig an der Fakult\u00e4t f\u00fcr Forstingenieur der Universit\u00e4t Sopron. Nach meinem Doktortitel in Veterin\u00e4rmedizin habe ich meine Diplome als Fischereiingenieur und Ingenieur f\u00fcr Wildtiermanagement erhalten. Seit 1996 arbeite ich als Tierarzt an der<\/p>\n","protected":false},"author":5824,"featured_media":0,"parent":859,"menu_order":212,"comment_status":"closed","ping_status":"closed","template":"","meta":{"_acf_changed":false,"footnotes":""},"categories":[55],"tags":[],"class_list":["post-3822","page","type-page","status-publish","hentry","category-mitarbeiter"],"acf":[],"_links":{"self":[{"href":"https:\/\/univet.hu\/de\/wp-json\/wp\/v2\/pages\/3822","targetHints":{"allow":["GET"]}}],"collection":[{"href":"https:\/\/univet.hu\/de\/wp-json\/wp\/v2\/pages"}],"about":[{"href":"https:\/\/univet.hu\/de\/wp-json\/wp\/v2\/types\/page"}],"author":[{"embeddable":true,"href":"https:\/\/univet.hu\/de\/wp-json\/wp\/v2\/users\/5824"}],"replies":[{"embeddable":true,"href":"https:\/\/univet.hu\/de\/wp-json\/wp\/v2\/comments?post=3822"}],"version-history":[{"count":1,"href":"https:\/\/univet.hu\/de\/wp-json\/wp\/v2\/pages\/3822\/revisions"}],"predecessor-version":[{"id":200932,"href":"https:\/\/univet.hu\/de\/wp-json\/wp\/v2\/pages\/3822\/revisions\/200932"}],"up":[{"embeddable":true,"href":"https:\/\/univet.hu\/de\/wp-json\/wp\/v2\/pages\/859"}],"wp:attachment":[{"href":"https:\/\/univet.hu\/de\/wp-json\/wp\/v2\/media?parent=3822"}],"wp:term":[{"taxonomy":"category","embeddable":true,"href":"https:\/\/univet.hu\/de\/wp-json\/wp\/v2\/categories?post=3822"},{"taxonomy":"post_tag","embeddable":true,"href":"https:\/\/univet.hu\/de\/wp-json\/wp\/v2\/tags?post=3822"}],"curies":[{"name":"wp","href":"https:\/\/api.w.org\/{rel}","templated":true}]}}