{"id":3837,"date":"2016-08-01T14:44:00","date_gmt":"2016-08-01T12:44:00","guid":{"rendered":"http:\/\/univet.hu\/universitaet\/mitarbeiter\/gaspardy-andras\/"},"modified":"2026-02-10T04:44:44","modified_gmt":"2026-02-10T03:44:44","slug":"gaspardy-andras","status":"publish","type":"page","link":"https:\/\/univet.hu\/de\/universitaet\/mitarbeiter\/gaspardy-andras\/","title":{"rendered":"G\u00e1sp\u00e1rdy Andr\u00e1s"},"content":{"rendered":"<p><strong>Vorstellung<\/strong><\/p> <p>Im Jahr 1994 trat ich in den Lehrstuhl f\u00fcr Tierzucht unter der Leitung von Professor Imre Bod\u00f3 ein. Hier wurde ich schrittweise in die Lehre einbezogen, w\u00e4hrend ich gleichzeitig in meiner Forschung mit in- und ausl\u00e4ndischen Experten zusammenarbeitete.<\/p> <p>Derzeit leite ich als Univ.-Doz. den Lehrstuhl f\u00fcr Tierzucht und Genetik und bin an der h\u00f6heren Bildung und dem postgradualen Studium der n\u00e4chsten Generation von Fachleuten beteiligt.<\/p> <p><strong>Qualifizierung:<\/strong><\/p> <p>Universit\u00e4tsdiplom, Universit\u00e4t f\u00fcr Agrarwissenschaften, G\u00f6d\u00f6ll\u0151, 1988<\/p> <p>Promovierung (Dr. agr. univ.), Universit\u00e4t f\u00fcr Agrarwissenschaften, G\u00f6d\u00f6ll\u0151, 1992 (1991)<\/p> <p>\u201eLinear models in animal breeding\u201d Referent: L.R. Schaeffer, University of Guelph, Prag, August (1995).<\/p> <p>\u201eThe design and economics of animal breeding strategies\u201d Referent: J.P. Gibson, University of Guelph, Prag, September (1995).<\/p> <p>\u00d6sterreich (1994): \u201ePr\u00fcfungen der Lebensleistung und Nutzungsdauer beim Rind\u201d, Universit\u00e4t f\u00fcr Bodenkultur, Wien, az \u00d6AD (ein dreimonatiges Stipendium). Der gr\u00f6\u00dfte Nutzen der Studienreise war die hohe Qualit\u00e4t meiner Ph.D. Arbeit. Der hier behandelte Forschungsbereich der Biowissenschaften unterh\u00e4lt weiterhin eine gemeinsame Zusammenarbeit mit mehreren gemeinsamen internationalen Auftritten.<\/p> <p>Izrael (1997): \u201eIntensive Dairy Cattle and Sheep Production\u201d, Shefayim, a CINADCO (ein f\u00fcnfw\u00f6chiges Stipendium). Die Studienreise gab einen Einblick in die israelische Rinder- und Schafzucht, die in vielerlei Hinsicht weltweit f\u00fchrend in der Milchproduktion ist. Die beeindruckenden Ergebnisse waren f\u00fcr mich beruflich sehr n\u00fctzlich, und ich werde die hier gewonnenen Erfahrungen in meiner t\u00e4glichen Lehrt\u00e4tigkeit und bei der Durchf\u00fchrung meiner Forschung nutzen. Seitdem habe ich mit mehreren israelischen Diplomanden auf diesem Gebiet zusammengearbeitet.<\/p> <p><strong>Akademischer Grad:<\/strong><\/p> <p>Doktor der Philosophie (Ph.D.), Universit\u00e4t f\u00fcr Agrarwissenschaften, G\u00f6d\u00f6ll\u0151, 1997 (1995)<\/p> <p><strong>Forschungsschwerpunkte:<\/strong><\/p> <p>Ich bewertete vor allem die Leistung (Lebensleistung) von Milch- und Fleischrindern, erg\u00e4nzt durch die Online-Aufzeichnung von Indikatoren und die k\u00fcnstliche Ver\u00e4nderung der Umwelt, und dann die genetische Vielfalt von kleinen Herden in besonderen Situationen.<\/p> <p>In Zusammenarbeit mit anderen Abteilungen der Universit\u00e4t habe ich mich auch mit der Untersuchung der reproduktionsbiologischen Indikatoren von Nutztieren, ihrer biometrischen Verarbeitung und der Sch\u00e4tzung ihrer genetischen Parameter befasst.<\/p> <p>Dar\u00fcber hinaus untersuche ich mit meinen Doktoranden viele besondere Bereiche der Tierprodution.<\/p> <p>Fortschritt:<\/p> <p>Habilitation (Dr. habil.), Szent Istv\u00e1n Universit\u00e4t, 2004<\/p> <p>Korrekturlesen von Manuskripten f\u00fcr Fachzeitschriften: Acta Agronomica \u00d3v\u00e1riansis, \u00c1llatteny\u00e9szt\u00e9s \u00e9s Takarm\u00e1nyoz\u00e1s, Magyar \u00c1llatorvosok Lapja, Animal Welfare, Etol\u00f3gia \u00e9s Tart\u00e1stechnol\u00f3gia, Animal Science and Biotechnologies, Small Ruminant Research, Pakistan Journal of Zoology, Acta Agraria Debreceniensis, Acta Veterinaria Hungarica, Animals, Antioxidants, Archives of Animal Breeding, Biology, Veterinary Sciences, BMC Genomics, Eurasian Journal of Veterinary Science, Frontiers in Genetics, Genes<\/p> <p><strong>Mitgliedschaft in einer Berufsorganisation:<\/strong><\/p> <table> <tbody> <tr> <td width=\"240\">Name der Organisation<\/td> <td width=\"148\">Zeitintervall<\/td> <td width=\"216\">Stellnug<\/td> <\/tr> <tr> <td width=\"240\">Ungarische Akademie der Wissenschaften (MTA)<\/td> <td width=\"148\">1997-t\u0151l<\/td> <td width=\"216\">Mitglied der \u00f6ffentlichen Gesellschaft der Akademie<\/td> <\/tr> <tr> <td width=\"240\">MTA Komitee f\u00fcr Tierwissenschaften<\/td> <td width=\"148\">2014-2017, 2020-<\/td> <td width=\"216\">Kommissionsmitglied<\/td> <\/tr> <tr> <td width=\"240\">Verband Ungarischer Schaf- und Ziegenz\u00fcchter (M\u00c1SZ)<\/td> <td width=\"148\"> <p>1995-,<\/p> <p>2004-2008,<\/p> <p>2007-,<\/p> <p>2013-<\/td> <td width=\"216\"> <p>Z\u00fcchtermitglied, Delegierter,<\/p> <p>Mitglied des Ausschusses f\u00fcr einheimische Rassen,<\/p> <p>Leiter der Tsigai-Rassengruppe<\/td> <\/tr> <tr> <td width=\"240\">Ausschuss f\u00fcr Geschichte der Tierzucht (M\u00c1SZ)<\/td> <td width=\"148\"> <p>2004-,<\/p> <p>2017-<\/td> <td width=\"216\"> <p>Mitglied,<\/p> <p>Pr\u00e4sident<\/td> <\/tr> <tr> <td width=\"240\">Ungarische Vereinigung f\u00fcr Labortierkunde<\/td> <td width=\"148\">2003-<\/td> <td width=\"216\">Mitglied<\/td> <\/tr> <tr> <td width=\"240\">Doktoratschule f\u00fcr Veterin\u00e4rmedizin \u2013 Veterin\u00e4rmedizinische Universit\u00e4t Budapest<\/td> <td width=\"148\">2006-<\/td> <td width=\"216\">internes Mitglied<\/td> <\/tr> <tr> <td width=\"240\">Wittman Antal Multidisziplin\u00e4re Doktoratschule f\u00fcr Pflanzen-, Tier- und Lebensmittelwissenschaften, Sz\u00e9chenyi Universit\u00e4t<\/td> <td width=\"148\">2012-<\/td> <td width=\"216\">Betreuer<\/td> <\/tr> <tr> <td width=\"240\">Doktoratschule f\u00fcr Tierproduktionswissenschaften, Universit\u00e4t Debrecen<\/td> <td width=\"148\">2012-<\/td> <td width=\"216\">Betreuer<\/td> <\/tr> <tr> <td width=\"240\">DAGENE &#8211; Internationaler Verband f\u00fcr die Erhaltung der Tierrassen in der Donauregion<\/td> <td width=\"148\"> <p>1998-,<\/p> <p>2010-2018,<\/p> <p>2018-<\/td> <td width=\"216\"> <p>ordentliches Mitglied,<\/p> <p>Sekret\u00e4r,<\/p> <p>Pr\u00e4sident<\/td> <\/tr> <tr> <td width=\"240\">SAVE \u2013 Sicherung der landwirtschaftlichen Artenvielfalt in Europa<\/td> <td width=\"148\">2009-<\/td> <td width=\"216\">Mitglied des Verwaltungsrats<\/td> <\/tr> <tr> <td width=\"240\">Danubian Animal Genetic Resources<\/td> <td width=\"148\">2016-<\/td> <td width=\"216\">Chefredakteur<\/td> <\/tr> <tr> <td width=\"240\">Journal of Veterinarski Glasnik<\/td> <td width=\"148\">2017-<\/td> <td width=\"216\">Mitglied des wissenschaftlichen Redaktionsausschusses<\/td> <\/tr> <tr> <td width=\"240\">Slovak Journal of Animal Science<\/td> <td width=\"148\">2021-<\/td> <td width=\"216\">Mitglied des Redaktionskomitees<\/td> <\/tr> <\/tbody> <\/table> <p><strong>Anzahl der Studenten (Diplomarbeit und TDK):<\/strong><\/p> <ul> <li><strong>Diplomarbeit: 100<\/strong><\/li> <li><strong>TDK: 20<\/strong><\/li> <\/ul> <p><strong>Anzahl der Doktoranden:<\/strong><\/p> <p>Student mit Abschluss: 4 (Zsolt Nemes 0,5; Melinda Ari 0,5; Endre Kov\u00e1cs 0,5; Gabriella Kors\u00f3s 0,5)<\/p> <p>Derzeitige Doktoranden: 3 (Janka B\u00e9kefi 0,5; Edina K\u00e1rp\u00e1ti 0,5; Levente Harmat 1)<\/p> <p><strong>\u00a0<\/strong><\/p> <p><strong>Liste der Publikationen (TOP10) und <a href=\"https:\/\/m2.mtmt.hu\/gui2\/?type=authors&amp;mode=browse&amp;sel=authors10000613\">MTMT<\/a><\/strong><\/p> <table style=\"height: 454px;\" width=\"1003\"> <tbody> <tr> <td style=\"width: 40.0625px;\">1.<\/td> <td style=\"width: 949.338px;\">Harmat L, Nagy J, Alp\u00e1r A, Somosk\u0151i B, Fekete S Gy, G\u00e1sp\u00e1rdy A (2024): Determination of Rhythmicity and Gestational Stage-Related Distribution of Blood Plasma Melatonin Concentrations in Donkey Mares. Veterinary Sciences. 11 (7):310. https:\/\/doi.org\/10.3390\/vetsci11070310 IF=2,4\u00a0\u00a0 [Q1]<\/td> <\/tr> <tr> <td style=\"width: 40.0625px;\">2.<\/td> <td style=\"width: 949.338px;\">G\u00e1sp\u00e1rdy A, Gallagher G, Bartha B, Haaland H, Fekete SGy (2024): The effect of supplemental lighting during the late gestation period on post-partum mechanical properties of mare and foal guard hair. Veterinary Sciences. 11(1), 49; https:\/\/doi.org\/10.3390\/vetsci11010049 IF=2,4 [Q1]<\/td> <\/tr> <tr> <td style=\"width: 40.0625px;\">3.<\/td> <td style=\"width: 949.338px;\">G\u00e1sp\u00e1rdy A, Wagenhoffer Zs, F\u00fcrlinger D, Halm\u00e1gyi M, Bod\u00f3 I, Mar\u00f3ti-Ag\u00f3ts \u00c1 (2023): Matrilineal Composition of the Reconstructed Stock of the Szekler Horse Breed. Agriculture 13(2), 456 https:\/\/doi.org\/10.3390\/agriculture13020456 IF=3,408 [Q2]<\/td> <\/tr> <tr> <td style=\"width: 40.0625px;\">4.<\/td> <td style=\"width: 949.338px;\">G\u00e1sp\u00e1rdy A, Zenke P, Kov\u00e1cs E, Annus K, Posta J, S\u00e1f\u00e1r L, Mar\u00f3ti-Ag\u00f3ts \u00c1 (2022): Evaluation of maternal genetic background of two Hungarian autochthonous sheep breeds came from different geographical directions. Animals, 12(3), 218; DOI: 10.3390\/ani12030218 IF=2,752 [Q1]<\/td> <\/tr> <tr> <td style=\"width: 40.0625px;\">5.<\/td> <td style=\"width: 949.338px;\">G\u00e1sp\u00e1rdy A, Berger B, Zabavnik-Piano Jelka, Kov\u00e1cs E, Annus K, Zenke P, S\u00e1f\u00e1r L, Mar\u00f3ti-Ag\u00f3ts \u00c1kos (2021): Comparison of mtDNA control region among descendant breeds of the extinct Zaupel sheep revealed haplogroup C and D in Central Europe. Veterinary Medicine and Science, 7, 2330-2338. DOI: 10.1002\/vms3.585 IF=1,95 [Q2]<\/td> <\/tr> <tr> <td style=\"width: 40.0625px;\">6.<\/td> <td style=\"width: 949.338px;\">G\u00e1sp\u00e1rdy A, Renk\u00f3 E, Somosk\u0151i B, B\u00e1ba A, Cseh S (2020): Practical experience with artificial insemination (AI) using fresh chilled and frozen semen in mares. Acta Veterinaria Hungarica, 68:1, 85-90 IF=0.991[Q2]<\/td> <\/tr> <tr> <td style=\"width: 40.0625px;\">7.<\/td> <td style=\"width: 949.338px;\">G\u00e1sp\u00e1rdy A, Holly V, Zenke P, Mar\u00f3ti-Ag\u00f3ts \u00c1, S\u00e1f\u00e1r L, Bali Papp \u00c1, Kov\u00e1cs E (2018): The response of prion genic variation to selection for scrapie resistance in Hungarian indigenous sheep breeds. Acta Veterinaria Hungarica, 66:4, 562-572. IF=0,814 [Q2]<\/td> <\/tr> <tr> <td style=\"width: 40.0625px;\">8.<\/td> <td style=\"width: 949.338px;\">G\u00e1sp\u00e1rdy A, Efrat G, Bajcsy \u00c1 Cs, Fekete S Gy (2014): Electronic monitoring of rumination activity as an indicator of health status and production traits in high-yielding dairy cows. Acta Veterinaria Hungarica, 62:4, 452-462. IF=0,814 [Q2]<\/td> <\/tr> <tr> <td style=\"width: 40.0625px;\">9.<\/td> <td style=\"width: 949.338px;\">G\u00e1sp\u00e1rdy A, Ismach G, Bajcsy \u00c1Cs, Veress Gy, M\u00e1rkus Sz, Koml\u00f3si I (2012): Evaluation of the on-line electrical conductivity of milk in mastitic dairy cows. Acta Veterinaria Hungarica, 60:1, 145-155. IF=0,814 [Q2]<\/td> <\/tr> <tr> <td style=\"width: 40.0625px;\">10.<\/td> <td style=\"width: 949.338px;\">G\u00e1sp\u00e1rdy A, Schwartz Z, Z\u00f6ld\u00e1g L, Veresegyh\u00e1zy T, Fekete S (2004):Changes in daily energy amounts of main milk components (lactose, protein and fat) during the lactation of high yielding dairy cows. Acta Veterinaria Hungarica, 52:4, 457-467. IF=0.152 [Q3]<\/td> <\/tr> <\/tbody> <\/table> <p>&nbsp;<\/p>","protected":false},"excerpt":{"rendered":"<p>Vorstellung Im Jahr 1994 trat ich in den Lehrstuhl f\u00fcr Tierzucht unter der Leitung von Professor Imre Bod\u00f3 ein. Hier wurde ich schrittweise in die Lehre einbezogen, w\u00e4hrend ich gleichzeitig in meiner Forschung mit in- und ausl\u00e4ndischen Experten zusammenarbeitete. Derzeit leite ich als Univ.-Doz. den Lehrstuhl f\u00fcr Tierzucht und Genetik und bin an der h\u00f6heren<\/p>\n","protected":false},"author":5824,"featured_media":0,"parent":859,"menu_order":211,"comment_status":"closed","ping_status":"closed","template":"","meta":{"_acf_changed":false,"footnotes":""},"categories":[55],"tags":[],"class_list":["post-3837","page","type-page","status-publish","hentry","category-mitarbeiter"],"acf":[],"_links":{"self":[{"href":"https:\/\/univet.hu\/de\/wp-json\/wp\/v2\/pages\/3837","targetHints":{"allow":["GET"]}}],"collection":[{"href":"https:\/\/univet.hu\/de\/wp-json\/wp\/v2\/pages"}],"about":[{"href":"https:\/\/univet.hu\/de\/wp-json\/wp\/v2\/types\/page"}],"author":[{"embeddable":true,"href":"https:\/\/univet.hu\/de\/wp-json\/wp\/v2\/users\/5824"}],"replies":[{"embeddable":true,"href":"https:\/\/univet.hu\/de\/wp-json\/wp\/v2\/comments?post=3837"}],"version-history":[{"count":1,"href":"https:\/\/univet.hu\/de\/wp-json\/wp\/v2\/pages\/3837\/revisions"}],"predecessor-version":[{"id":200793,"href":"https:\/\/univet.hu\/de\/wp-json\/wp\/v2\/pages\/3837\/revisions\/200793"}],"up":[{"embeddable":true,"href":"https:\/\/univet.hu\/de\/wp-json\/wp\/v2\/pages\/859"}],"wp:attachment":[{"href":"https:\/\/univet.hu\/de\/wp-json\/wp\/v2\/media?parent=3837"}],"wp:term":[{"taxonomy":"category","embeddable":true,"href":"https:\/\/univet.hu\/de\/wp-json\/wp\/v2\/categories?post=3837"},{"taxonomy":"post_tag","embeddable":true,"href":"https:\/\/univet.hu\/de\/wp-json\/wp\/v2\/tags?post=3837"}],"curies":[{"name":"wp","href":"https:\/\/api.w.org\/{rel}","templated":true}]}}