{"id":3858,"date":"2015-12-19T19:29:00","date_gmt":"2015-12-19T18:29:00","guid":{"rendered":"http:\/\/univet.hu\/universitaet\/mitarbeiter\/goszleth-greta\/"},"modified":"2026-02-10T04:43:45","modified_gmt":"2026-02-10T03:43:45","slug":"hizsnyai-julianna","status":"publish","type":"page","link":"https:\/\/univet.hu\/de\/universitaet\/mitarbeiter\/hizsnyai-julianna\/","title":{"rendered":"Hizsnyai Julianna"},"content":{"rendered":"<h5><span class=\"HwtZe\" lang=\"de\"><span class=\"jCAhz ChMk0b\"><span class=\"ryNqvb\">Einf\u00fchrung<\/span><\/span><\/span><\/h5> <div class=\"x_elementToProof\" style=\"text-align: justify\" data-olk-copy-source=\"MessageBody\">Ich hei\u00dfe Julianna Hizsnyai und wurde im Jahr 2000 in Budapest geboren. Meine Schulausbildung habe ich am Kempelen Farkas Gymnasium abgeschlossen. Ich habe meinen Bachelorabschluss in Bioingenieurwesen mit Spezialisierung auf Biotechnologie an der Ungarischen Universit\u00e4t f\u00fcr Agrar- und Lebenswissenschaften erworben.<\/div> <p style=\"text-align: justify\">In meiner Facharbeit untersuche ich die Cutinase-Enzymaktivit\u00e4t von Thermobifida-St\u00e4mmen, insbesondere im Hinblick auf den biologischen Abbau von PLA-Folien und die Optimierung durch die Entwicklung einer effektiven Starterkultur. Mein Fachpraktikum absolvierte ich in der Abteilung f\u00fcr Strahlenbiologie und Strahlengesundheit des Nationalen Zentrums f\u00fcr \u00d6ffentliche Gesundheit und Pharmazeutische Angelegenheiten, wo ich an der radiologischen Umweltbewertung des Standorts Anna-Stra\u00dfe mitwirkte.<\/p>","protected":false},"excerpt":{"rendered":"<p>Einf\u00fchrung Ich hei\u00dfe Julianna Hizsnyai und wurde im Jahr 2000 in Budapest geboren. Meine Schulausbildung habe ich am Kempelen Farkas Gymnasium abgeschlossen. Ich habe meinen Bachelorabschluss in Bioingenieurwesen mit Spezialisierung auf Biotechnologie an der Ungarischen Universit\u00e4t f\u00fcr Agrar- und Lebenswissenschaften erworben. In meiner Facharbeit untersuche ich die Cutinase-Enzymaktivit\u00e4t von Thermobifida-St\u00e4mmen, insbesondere im Hinblick auf den<\/p>\n","protected":false},"author":5824,"featured_media":0,"parent":859,"menu_order":210,"comment_status":"closed","ping_status":"closed","template":"","meta":{"_acf_changed":false,"footnotes":""},"categories":[55],"tags":[],"class_list":["post-3858","page","type-page","status-publish","hentry","category-mitarbeiter"],"acf":[],"_links":{"self":[{"href":"https:\/\/univet.hu\/de\/wp-json\/wp\/v2\/pages\/3858","targetHints":{"allow":["GET"]}}],"collection":[{"href":"https:\/\/univet.hu\/de\/wp-json\/wp\/v2\/pages"}],"about":[{"href":"https:\/\/univet.hu\/de\/wp-json\/wp\/v2\/types\/page"}],"author":[{"embeddable":true,"href":"https:\/\/univet.hu\/de\/wp-json\/wp\/v2\/users\/5824"}],"replies":[{"embeddable":true,"href":"https:\/\/univet.hu\/de\/wp-json\/wp\/v2\/comments?post=3858"}],"version-history":[{"count":5,"href":"https:\/\/univet.hu\/de\/wp-json\/wp\/v2\/pages\/3858\/revisions"}],"predecessor-version":[{"id":190717,"href":"https:\/\/univet.hu\/de\/wp-json\/wp\/v2\/pages\/3858\/revisions\/190717"}],"up":[{"embeddable":true,"href":"https:\/\/univet.hu\/de\/wp-json\/wp\/v2\/pages\/859"}],"wp:attachment":[{"href":"https:\/\/univet.hu\/de\/wp-json\/wp\/v2\/media?parent=3858"}],"wp:term":[{"taxonomy":"category","embeddable":true,"href":"https:\/\/univet.hu\/de\/wp-json\/wp\/v2\/categories?post=3858"},{"taxonomy":"post_tag","embeddable":true,"href":"https:\/\/univet.hu\/de\/wp-json\/wp\/v2\/tags?post=3858"}],"curies":[{"name":"wp","href":"https:\/\/api.w.org\/{rel}","templated":true}]}}