{"id":3900,"date":"2017-10-24T15:43:00","date_gmt":"2017-10-24T13:43:00","guid":{"rendered":"http:\/\/univet.hu\/universitaet\/mitarbeiter\/hazi-judit\/"},"modified":"2026-02-10T04:44:46","modified_gmt":"2026-02-10T03:44:46","slug":"hazi-judit","status":"publish","type":"page","link":"https:\/\/univet.hu\/de\/universitaet\/mitarbeiter\/hazi-judit\/","title":{"rendered":"H\u00e1zi Judit"},"content":{"rendered":"<p style=\"text-align: center\"><strong>Einf\u00fchrung<\/strong><\/p> <div> <p>Seit 2017 arbeite ich am Institut f\u00fcr Botanik der Veterin\u00e4rmedizinischen Universit\u00e4t als Forscher, Dozent und Assistenzprofessor. Im Rahmen der Veterin\u00e4rausbildung unterrichte ich Veterin\u00e4rbotanik auf Ungarisch und Deutsch. F\u00fcr Studierende der Biologie (Zoologie) unterrichte ich Pflanzentaxonomie, das dazugeh\u00f6rige Sommerfeldtraining, Pflanzengeographie und Assoziationswissenschaften sowie Natur- und Umweltschutz. Seit 2018 unterrichte ich die Fakult\u00e4t \u201eWissen \u00fcber gesch\u00fctzte Pflanzen\u201c und seit 2021 die Fakult\u00e4t \u201eWissen \u00fcber essbare Wildpflanzen\u201c auf Ungarisch und Deutsch f\u00fcr Tier\u00e4rzte und Biologiestudenten. In meiner Freizeit arbeite ich im Garten, lese und mache Keramik.<\/p> <p><strong>Forschungsschwerpunkte:<\/strong><\/p> <ul> <li>Sekund\u00e4re Sukzession von Trockenrasen, das Verhalten interner invasiver Grasarten, mit besonderem Augenmerk auf die Rolle von Siskanaden (Calamagrostis epigeios) in der Sukzession.<\/li> <\/ul> <p><strong>Fortschritt<\/strong><\/p> <table style=\"height: 314px\" width=\"925\"> <tbody> <tr style=\"height: 25px\"> <td style=\"width: 159.406px;height: 25px;text-align: center\"><strong>Arbeitspl\u00e4tze<\/strong><\/td> <td style=\"width: 480.016px;height: 25px;text-align: center\"><strong>Institutionen<\/strong><\/td> <td style=\"width: 263.578px;height: 25px;text-align: center\"><strong>Post<\/strong><\/td> <\/tr> <tr style=\"height: 25px\"> <td style=\"width: 159.406px;height: 25px;text-align: center\">2017 &#8211;<\/td> <td style=\"width: 480.016px;height: 25px;text-align: center\"> <p>\u00c1llatorvostudom\u00e1nyi Egyetem, N\u00f6v\u00e9nytani Tansz\u00e9k<\/p> <p>(Veterin\u00e4rmedizinische Universit\u00e4t, Abteilung f\u00fcr Botanik)<\/td> <td style=\"width: 263.578px;height: 25px;text-align: center\">Assistenzprofessor an der Universit\u00e4t<\/td> <\/tr> <tr style=\"height: 25px\"> <td style=\"width: 159.406px;height: 25px;text-align: center\">2013\u20132016<\/td> <td style=\"width: 480.016px;height: 25px;text-align: center\"> <p>Szent Istv\u00e1n Egyetem, MKK N\u00f6v\u00e9ny\u00f6kofiziol\u00f3giai Int\u00e9zet, N\u00f6v\u00e9nytani Tansz\u00e9k, G\u00f6d\u00f6ll\u0151<\/p> <p>(Szent-Istv\u00e1n-Universit\u00e4t, MKK-Institut f\u00fcr Pflanzen\u00f6kophysiologie, Abteilung f\u00fcr Botanik, G\u00f6d\u00f6ll\u0151)<\/td> <td style=\"width: 263.578px;height: 25px;text-align: center\">Wissenschaftliche Mitarbeiterin<\/td> <\/tr> <tr style=\"height: 10px\"> <td style=\"width: 159.406px;height: 10px;text-align: center\">2012\u20132015<\/td> <td style=\"width: 480.016px;height: 10px;text-align: center\"> <p>Magyar Tudom\u00e1nyos Akad\u00e9mia \u00d6kol\u00f3giai Kutat\u00f3k\u00f6zpont \u00d6kol\u00f3giai \u00e9s Botanikai Int\u00e9zet, V\u00e1cr\u00e1t\u00f3t<\/p> <p>(\u00d6kologisches Forschungszentrum der Ungarischen Akademie der Wissenschaften, Institut f\u00fcr \u00d6kologie und Botanik, V\u00e1cr\u00e1t\u00f3t)<\/td> <td style=\"width: 263.578px;height: 10px;text-align: center\">Wissenschaftlicher Mitarbeiter, funktionelle \u00f6kologische Forschung<\/td> <\/tr> <tr style=\"height: 25px\"> <td style=\"width: 159.406px;height: 25px;text-align: center\">2008 -2012<\/td> <td style=\"width: 480.016px;height: 25px;text-align: center\"> <p>K\u00f6rnyezettudom\u00e1nyi Doktori Iskola, G\u00f6d\u00f6ll\u0151<\/p> <p>(Doktoratsschule f\u00fcr Umweltwissenschaften, G\u00f6d\u00f6ll\u0151)<\/td> <td style=\"width: 263.578px;height: 25px;text-align: center\">Doktorand<\/td> <\/tr> <tr style=\"height: 25px\"> <td style=\"width: 159.406px;height: 25px;text-align: center\">2003\u20132008<\/td> <td style=\"width: 480.016px;height: 25px;text-align: center\"> <p>K\u00f6rnyezetv\u00e9delmi \u00e9s V\u00edz\u00fcgyi Miniszt\u00e9rium, Term\u00e9szet- \u00e9s K\u00f6rnyezetmeg\u0151rz\u00e9si Szak\u00e1llamtitk\u00e1rs\u00e1g<\/p> <p>(Ministerium f\u00fcr Umwelt und Wasserangelegenheiten, Staatssekretariat f\u00fcr Natur- und Umweltschutz)<\/td> <td style=\"width: 263.578px;height: 25px;text-align: center\">Leitender Berater<\/td> <\/tr> <tr style=\"height: 25px\"> <td style=\"width: 159.406px;height: 25px;text-align: center\">1992-1998<\/td> <td style=\"width: 480.016px;height: 25px;text-align: center\"> <p>ELTE TTK biol\u00f3gus szak<\/p> <p>(ELTE-Fakult\u00e4t f\u00fcr Naturwissenschaften, Hauptfach Biologie)<\/td> <td style=\"width: 263.578px;height: 25px;text-align: center\">Student<\/td> <\/tr> <tr style=\"height: 25px\"> <td style=\"width: 159.406px;height: 25px;text-align: center\">1989\u20131992<\/td> <td style=\"width: 480.016px;height: 25px;text-align: center\"> <p>Radn\u00f3ti Mikl\u00f3s Gimn\u00e1zium, Dunakeszi<\/p> <p>(Mikl\u00f3s-Radn\u00f3t-Gymnasium, Dunakeszi)<\/td> <td style=\"width: 263.578px;height: 25px;text-align: center\">Gymnasiast<\/td> <\/tr> <\/tbody> <\/table> <\/div> <p><strong>Mitgliedschaft in einer Berufsorganisation<br \/> <\/strong><\/p> <table style=\"height: 96px\" width=\"1008\"> <tbody> <tr style=\"height: 24px\"> <td style=\"height: 24px;width: 655.668px;text-align: center\"><strong>Name des Ausschusses<\/strong><\/td> <td style=\"height: 24px;width: 121.577px;text-align: center\"><b>Zeit<\/b><\/td> <td style=\"height: 24px;width: 210.241px;text-align: center\"><b>Rang<\/b><\/td> <\/tr> <tr style=\"height: 24px\"> <td style=\"height: 24px;width: 655.668px;text-align: center\"> <p>F\u00fcv\u00e9szkert\u00e9rt Alap\u00edtv\u00e1ny<\/p> <p>(Kr\u00e4utergarten-Stiftung)<\/td> <td style=\"height: 24px;width: 121.577px;text-align: center\">seit 2006<\/td> <td style=\"height: 24px;width: 210.241px;text-align: center\">Mitglied des Kuratoriums<\/td> <\/tr> <tr style=\"height: 24px\"> <td style=\"height: 24px;width: 655.668px;text-align: center\">Eastern Alpine and Dinaric Society for Vegetation<\/td> <td style=\"height: 24px;width: 121.577px;text-align: center\">seit 2011<\/td> <td style=\"height: 24px;width: 210.241px;text-align: center\">Mitglied<\/td> <\/tr> <tr style=\"height: 24px\"> <td style=\"height: 24px;width: 655.668px;text-align: center\">European Dry Grassland Group<\/td> <td style=\"height: 24px;width: 121.577px;text-align: center\">seit 2009<\/td> <td style=\"height: 24px;width: 210.241px;text-align: center\">Mitglied<\/td> <\/tr> <\/tbody> <\/table> <div> <p><strong>\u00a0<\/strong><\/p> <p><strong>Anzahl der bisherigen Abschlussarbeiten\/TDK-Studenten<\/strong><\/p> <p>1\/1<\/p> <table width=\"569\"> <tbody> <tr> <td colspan=\"2\" width=\"569\"><strong>Doktoranden<\/strong><\/td> <\/tr> <\/tbody> <\/table> <p><strong>Publikationsliste (Top10)<\/strong><br \/> MTMT:<\/p> <table style=\"height: 2007px\" width=\"1242\"> <tbody> <tr style=\"height: 46px\"> <td style=\"width: 68.7344px;height: 46px\"><em>\u00a0<\/em><\/td> <td style=\"width: 491.797px;height: 46px\">Autor(en), Titel, Erscheinungsort<\/td> <td style=\"width: 209.375px;height: 46px\">Art des Dokuments:<\/td> <td style=\"width: 160.016px;height: 46px\">Ver\u00f6ffentlichungsjahr<\/td> <td style=\"width: 78.625px;height: 46px\"><em>IF:<\/em><\/td> <td style=\"width: 193.453px;height: 46px\">Anzahl unabh\u00e4ngiger Zitierer:<\/td> <\/tr> <tr style=\"height: 202px\"> <td style=\"width: 68.7344px;height: 202px\">1.<\/td> <td style=\"width: 491.797px;height: 202px\"> <p>Andrea Catorci , Karina Piermarteri ; K\u00e1roly Penksza , Judit H\u00e1zi) ; Federico Maria Tardella<\/p> <p>Filtering effect of temporal niche fluctuation and amplitude of environmental variations on the trait-related flowering patterns: lesson from sub-Mediterranean grasslands<\/p> <p>SCIENTIFIC REPORTS ( 2045-2322): 7 Paper 12034. 14 p. (2017)<\/td> <td style=\"width: 209.375px;height: 202px\">Zeitschriftenartikel<\/td> <td style=\"width: 160.016px;height: 202px\">2017<\/td> <td style=\"width: 78.625px;height: 202px\">4.379<\/td> <td style=\"width: 193.453px;height: 202px\">5<\/td> <\/tr> <tr style=\"height: 193px\"> <td style=\"width: 68.7344px;height: 193px\">2.<\/td> <td style=\"width: 491.797px;height: 193px\"> <p>G\u00fcler B , Jentsch A , Apostolova I , Bartha S , Bloor JMG , Campetella G , Canullo R , H\u00e1zi J , Kreyling J , Pottier J , Szab\u00f3 G , Terziyska T , U\u011furlu E , Wellstein C , Zimmermann Z , Dengler J<\/p> <p>How plot shape and spatial arrangement affect plant species richness counts: implications for sampling design and rarefaction analyses<\/p> <p>JOURNAL OF VEGETATION SCIENCE\u00a027:(4)\u00a0pp. 692-703.\u00a0(2016)<\/td> <td style=\"width: 209.375px;height: 193px\">Zeitschriftenartikel<\/td> <td style=\"width: 160.016px;height: 193px\">2016<\/td> <td style=\"width: 78.625px;height: 193px\"> <p>2.924<\/p> <p>&nbsp;<\/td> <td style=\"width: 193.453px;height: 193px\">26<\/td> <\/tr> <tr style=\"height: 195px\"> <td style=\"width: 68.7344px;height: 195px\">3.<\/td> <td style=\"width: 491.797px;height: 195px\"> <p>Bartha S , Szentes Sz , Horv\u00e1th A , H\u00e1zi J , Zimmermann Z , Moln\u00e1r Cs , Dancza I , Marg\u00f3czi K , P\u00e1l R , Purger D , Schmidt D , \u00d3v\u00e1ri M , Komoly C , Sutyinszki Zs , Szab\u00f3 G , Csath\u00f3 AI , Juh\u00e1sz M , Penksza K , Moln\u00e1r Zs<\/p> <p>Impact of mid-successional dominant species on the diversity and progress of succession in regenerating temperate grasslands<\/p> <p>APPLIED VEGETATION SCIENCE\u00a017:(2)\u00a0pp. 201-213.\u00a0(2014)<\/td> <td style=\"width: 209.375px;height: 195px\">Zeitschriftenartikel<\/td> <td style=\"width: 160.016px;height: 195px\">2014<\/td> <td style=\"width: 78.625px;height: 195px\"> <p>2.548<\/p> <p>&nbsp;<\/td> <td style=\"width: 193.453px;height: 195px\">51<\/td> <\/tr> <tr style=\"height: 242px\"> <td style=\"width: 68.7344px;height: 242px\">4.<\/td> <td style=\"width: 491.797px;height: 242px\"> <p>Sz\u00e9pligeti M\u00e1ty\u00e1s, K\u0151r\u00f6si \u00c1d\u00e1m, Szentirmai Istv\u00e1n; H\u00e1zi Judit, Bartha D\u00e9nes, Bartha S\u00e1ndor<\/p> <p>Evaluating alternative mowing regimes for conservation management of Central European mesic hay meadows: A field experiment<\/p> <p>PLANT BIOSYSTEMS: AN INTERNATIONAL JOURNAL DEALING WITH ALL ASPECTS OF PLANT BIOLOGY: OFFICIAL JOURNAL OF THE SOCIETA BOTANICA ITALIANA (1126-3504 1724-5575): 152 1 pp 90-97 (2018)<\/td> <td style=\"width: 209.375px;height: 242px\">Zeitschriftenartikel<\/td> <td style=\"width: 160.016px;height: 242px\">2018.<\/td> <td style=\"width: 78.625px;height: 242px\">1.685<\/td> <td style=\"width: 193.453px;height: 242px\">14<\/td> <\/tr> <tr style=\"height: 128px\"> <td style=\"width: 68.7344px;height: 128px\">5.<\/td> <td style=\"width: 491.797px;height: 128px\"> <p>H\u00e1zi J, Bartha S, Szentes S, Wichmann B, Penksza K<\/p> <p>Seminatural grassland management by mowing of Calamagrostis epigejos in Hungary<\/p> <p>PLANT BIOSYSTEMS\u00a0145:(3)\u00a0pp. 699-707.\u00a0(2011)<\/td> <td style=\"width: 209.375px;height: 128px\">Zeitschriftenartikel<\/td> <td style=\"width: 160.016px;height: 128px\">2011<\/td> <td style=\"width: 78.625px;height: 128px\">1.661<\/td> <td style=\"width: 193.453px;height: 128px\">88<\/td> <\/tr> <tr style=\"height: 190px\"> <td style=\"width: 68.7344px;height: 190px\">6.<\/td> <td style=\"width: 491.797px;height: 190px\"> <p>Cz\u00f3bel Sz , N\u00e9meth Z , Szirmai O , Gyuricza Cs , T\u00f3th A , H\u00e1zi J , Vik\u00e1r D , Penksza K<\/p> <p>Short-term effects of extensive fertilization on community composition and carbon uptake in a Pannonian loess grassland.<\/p> <p>PHOTOSYNTHETICA\u00a051:(4)\u00a0pp. 490-496.\u00a0(2013)<\/td> <td style=\"width: 209.375px;height: 190px\">Zeitschriftenartikel<\/td> <td style=\"width: 160.016px;height: 190px\">2013<\/td> <td style=\"width: 78.625px;height: 190px\">1,007<\/td> <td style=\"width: 193.453px;height: 190px\">6<\/td> <\/tr> <tr style=\"height: 192px\"> <td style=\"width: 68.7344px;height: 192px\">7.<\/td> <td style=\"width: 491.797px;height: 192px\"> <p>Bartha S, Campetella G, Ruprecht E, Kun A,\u00a0H\u00e1zi J, Horv\u00e1th A, Vir\u00e1gh K, Moln\u00e1r ZS<\/p> <p>Will inter-annual variability in sand grassland communities increase with climate change?<\/p> <p>COMMUNITY ECOLOGY\u00a09:\u00a0pp. 13-21.\u00a0(2008)<\/td> <td style=\"width: 209.375px;height: 192px\">Zeitschriftenartikel<\/td> <td style=\"width: 160.016px;height: 192px\">2008<\/td> <td style=\"width: 78.625px;height: 192px\">0.898<\/td> <td style=\"width: 193.453px;height: 192px\">19<\/td> <\/tr> <tr style=\"height: 235px\"> <td style=\"width: 68.7344px;height: 235px\">8.<\/td> <td style=\"width: 491.797px;height: 235px\"> <p>Szentes Sz, Sutyinszki Zs, Szab\u00f3 G, Zimmermann Z, H\u00e1zi J, Wichmann B, Hufn\u00e1gel L, Penksza K, Bartha S<\/p> <p>Grazed Pannonian grassland beta-diversity changes due to C4 yellow bluestem<\/p> <p>CENTRAL EUROPEAN JOURNAL OF BIOLOGY\u00a07:(6)\u00a0pp. 1055-1065.\u00a0(2012)<\/td> <td style=\"width: 209.375px;height: 235px\">Zeitschriftenartikel<\/td> <td style=\"width: 160.016px;height: 235px\">2012<\/td> <td style=\"width: 78.625px;height: 235px\">1.000<\/td> <td style=\"width: 193.453px;height: 235px\">27<\/td> <\/tr> <tr style=\"height: 174px\"> <td style=\"width: 68.7344px;height: 174px\">9.<\/td> <td style=\"width: 491.797px;height: 174px\"> <p>Penksza K, Nagy A, Laborczi A, Pint\u00e9r B, H\u00e1zi J<\/p> <p>Wet habitats along River Ipoly (Hungary) in 2000 (extremely dry) and 2010 (extremely wet)<\/p> <p>JOURNAL OF MAPS\u00a08:(2)\u00a0pp. 157-164.\u00a0(2012)<\/td> <td style=\"width: 209.375px;height: 174px\">Zeitschriftenartikel<\/td> <td style=\"width: 160.016px;height: 174px\">2012<\/td> <td style=\"width: 78.625px;height: 174px\">0.296<\/td> <td style=\"width: 193.453px;height: 174px\">4<\/td> <\/tr> <tr style=\"height: 210px\"> <td style=\"width: 68.7344px;height: 210px\">10.<\/td> <td style=\"width: 491.797px;height: 210px\"> <p>H\u00e1zi J, Penksza K, Bartha S, Hufnagel L, T\u00f3th A, Gyuricza Cs, Szentes Sz<\/p> <p>Cut mowing and grazing effects with grey cattle on plant species composition in case of Pannon wet grasslands<\/p> <p>APPLIED ECOLOGY AND ENVIRONMENTAL RESEARCH\u00a010:(3)\u00a0pp. 223-231.\u00a0(2012)<\/td> <td style=\"width: 209.375px;height: 210px\">Zeitschriftenartikel<\/td> <td style=\"width: 160.016px;height: 210px\">2012<\/td> <td style=\"width: 78.625px;height: 210px\">0.379<\/td> <td style=\"width: 193.453px;height: 210px\">43<\/td> <\/tr> <\/tbody> <\/table> <p>&nbsp;<\/p> <h3>\u00d6ffnungszeiten der Rezeption:<\/h3> <p>Donnerstags 12-14 Uhr. zwischen.<\/p> <p>Vorl\u00e4ufige Beratung per E-Mail: <a class=\"decrypt\" rel=\"ib{j\/kvejuAvojwfu\/iv\" href=\"javascript:void(0);\">[Click to see email]<\/a><\/p> <\/div> <h2><\/h2>","protected":false},"excerpt":{"rendered":"<p>Einf\u00fchrung Seit 2017 arbeite ich am Institut f\u00fcr Botanik der Veterin\u00e4rmedizinischen Universit\u00e4t als Forscher, Dozent und Assistenzprofessor. Im Rahmen der Veterin\u00e4rausbildung unterrichte ich Veterin\u00e4rbotanik auf Ungarisch und Deutsch. F\u00fcr Studierende der Biologie (Zoologie) unterrichte ich Pflanzentaxonomie, das dazugeh\u00f6rige Sommerfeldtraining, Pflanzengeographie und Assoziationswissenschaften sowie Natur- und Umweltschutz. Seit 2018 unterrichte ich die Fakult\u00e4t \u201eWissen \u00fcber gesch\u00fctzte<\/p>\n","protected":false},"author":5824,"featured_media":0,"parent":859,"menu_order":211,"comment_status":"closed","ping_status":"closed","template":"","meta":{"_acf_changed":false,"footnotes":""},"categories":[55],"tags":[],"class_list":["post-3900","page","type-page","status-publish","hentry","category-mitarbeiter"],"acf":[],"_links":{"self":[{"href":"https:\/\/univet.hu\/de\/wp-json\/wp\/v2\/pages\/3900","targetHints":{"allow":["GET"]}}],"collection":[{"href":"https:\/\/univet.hu\/de\/wp-json\/wp\/v2\/pages"}],"about":[{"href":"https:\/\/univet.hu\/de\/wp-json\/wp\/v2\/types\/page"}],"author":[{"embeddable":true,"href":"https:\/\/univet.hu\/de\/wp-json\/wp\/v2\/users\/5824"}],"replies":[{"embeddable":true,"href":"https:\/\/univet.hu\/de\/wp-json\/wp\/v2\/comments?post=3900"}],"version-history":[{"count":3,"href":"https:\/\/univet.hu\/de\/wp-json\/wp\/v2\/pages\/3900\/revisions"}],"predecessor-version":[{"id":190463,"href":"https:\/\/univet.hu\/de\/wp-json\/wp\/v2\/pages\/3900\/revisions\/190463"}],"up":[{"embeddable":true,"href":"https:\/\/univet.hu\/de\/wp-json\/wp\/v2\/pages\/859"}],"wp:attachment":[{"href":"https:\/\/univet.hu\/de\/wp-json\/wp\/v2\/media?parent=3900"}],"wp:term":[{"taxonomy":"category","embeddable":true,"href":"https:\/\/univet.hu\/de\/wp-json\/wp\/v2\/categories?post=3900"},{"taxonomy":"post_tag","embeddable":true,"href":"https:\/\/univet.hu\/de\/wp-json\/wp\/v2\/tags?post=3900"}],"curies":[{"name":"wp","href":"https:\/\/api.w.org\/{rel}","templated":true}]}}