{"id":3903,"date":"2015-12-19T19:29:00","date_gmt":"2015-12-19T18:29:00","guid":{"rendered":"http:\/\/univet.hu\/universitaet\/mitarbeiter\/hegedusne-balogh-kata\/"},"modified":"2026-02-10T04:44:22","modified_gmt":"2026-02-10T03:44:22","slug":"hegedusne-balogh-kata","status":"publish","type":"page","link":"https:\/\/univet.hu\/de\/universitaet\/mitarbeiter\/hegedusne-balogh-kata\/","title":{"rendered":"Balogh Katalin"},"content":{"rendered":"<p>Katalin Balogh ist seit mehr als zehn Jahren Labortechnikerin in unserer Abteilung. Mit seiner Arbeit tr\u00e4gt er zur Ausbildung im Fachbereich und zur Umsetzung von Forschungsprojekten bei.<\/p> <p>Hauptaufgaben:<\/p> <p>Unterst\u00fctzung im Mikrobiologielabor<br \/> Eingie\u00dfen von N\u00e4hrmedien<br \/> Vorbereitung von Laborarbeiten<br \/> Vorbereitung praktischer Lehrmaterialien<br \/> (Aktualisiert: August 2021)<\/p>","protected":false},"excerpt":{"rendered":"<p>Katalin Balogh ist seit mehr als zehn Jahren Labortechnikerin in unserer Abteilung. Mit seiner Arbeit tr\u00e4gt er zur Ausbildung im Fachbereich und zur Umsetzung von Forschungsprojekten bei. Hauptaufgaben: Unterst\u00fctzung im Mikrobiologielabor Eingie\u00dfen von N\u00e4hrmedien Vorbereitung von Laborarbeiten Vorbereitung praktischer Lehrmaterialien (Aktualisiert: August 2021)<\/p>\n","protected":false},"author":5824,"featured_media":0,"parent":859,"menu_order":211,"comment_status":"closed","ping_status":"closed","template":"","meta":{"_acf_changed":false,"footnotes":""},"categories":[55],"tags":[],"class_list":["post-3903","page","type-page","status-publish","hentry","category-mitarbeiter"],"acf":[],"_links":{"self":[{"href":"https:\/\/univet.hu\/de\/wp-json\/wp\/v2\/pages\/3903","targetHints":{"allow":["GET"]}}],"collection":[{"href":"https:\/\/univet.hu\/de\/wp-json\/wp\/v2\/pages"}],"about":[{"href":"https:\/\/univet.hu\/de\/wp-json\/wp\/v2\/types\/page"}],"author":[{"embeddable":true,"href":"https:\/\/univet.hu\/de\/wp-json\/wp\/v2\/users\/5824"}],"replies":[{"embeddable":true,"href":"https:\/\/univet.hu\/de\/wp-json\/wp\/v2\/comments?post=3903"}],"version-history":[{"count":1,"href":"https:\/\/univet.hu\/de\/wp-json\/wp\/v2\/pages\/3903\/revisions"}],"predecessor-version":[{"id":200757,"href":"https:\/\/univet.hu\/de\/wp-json\/wp\/v2\/pages\/3903\/revisions\/200757"}],"up":[{"embeddable":true,"href":"https:\/\/univet.hu\/de\/wp-json\/wp\/v2\/pages\/859"}],"wp:attachment":[{"href":"https:\/\/univet.hu\/de\/wp-json\/wp\/v2\/media?parent=3903"}],"wp:term":[{"taxonomy":"category","embeddable":true,"href":"https:\/\/univet.hu\/de\/wp-json\/wp\/v2\/categories?post=3903"},{"taxonomy":"post_tag","embeddable":true,"href":"https:\/\/univet.hu\/de\/wp-json\/wp\/v2\/tags?post=3903"}],"curies":[{"name":"wp","href":"https:\/\/api.w.org\/{rel}","templated":true}]}}