{"id":3921,"date":"2016-08-01T15:30:00","date_gmt":"2016-08-01T13:30:00","guid":{"rendered":"http:\/\/univet.hu\/universitaet\/mitarbeiter\/hetenyi-nikoletta\/"},"modified":"2026-02-10T04:44:48","modified_gmt":"2026-02-10T03:44:48","slug":"hetenyi-nikoletta","status":"publish","type":"page","link":"https:\/\/univet.hu\/de\/universitaet\/mitarbeiter\/hetenyi-nikoletta\/","title":{"rendered":"Het\u00e9nyi Nikoletta"},"content":{"rendered":"<p style=\"text-align: center;\"><strong><span style=\"font-size: 14pt;\">Vorstellung<\/span><\/strong><\/p> <p><strong>Unterricht<\/strong>:<\/p> <p>Pflichtfach:<\/p> <ul> <li>Futtermittelkunde.<\/li> <li>Tierern\u00e4hrung I. und II.<\/li> <\/ul> <p>Wahlfach:<\/p> <ul> <li>Ern\u00e4hrung exotischer Reptilien, Stubenv\u00f6gel und kleines Mammalia<\/li> <li>Insekten als Lebensmittel und Futtermittel<\/li> <\/ul> <p><strong>Sprachsachkenntnisse<\/strong>: English, Deutsch<\/p> <p><strong>Studienreise:<\/strong><\/p> <ul> <li>2011: Aktion \u00d6sterreich-Ungarn, Innsbruck, \u00d6sterreich<\/li> <li>2012., 2017, 2018: Bilaterales Abkommen, Veterin\u00e4rmedizinische Universit\u00e4t Wien, Institut f\u00fcr Tierern\u00e4hrung und funktionelle Pflanzenstoffe<\/li> <li>2016: Bilaterales Abkommen, Tier\u00e4rztliche Hochschule Hannover, Institut f\u00fcr Tierern\u00e4hrung<\/li> <\/ul> <p>Bildung: Tier\u00e4rztin, Wildtiermedizin Fach\u00e4rztin, PhD<\/p> <p>Akademische Grad: PhD<\/p> <p><strong>Forschung<\/strong><\/p> <p>Ern\u00e4hrungsbedingte Erkrankungen von Reptilien. Haltung und F\u00fctterung von exotischen Haustieren. Insekten als Futtermittel. Insektenzucht und Ern\u00e4hrung der Insekten.<\/p> <p><strong>Fortgang<\/strong><\/p> <ul> <li>2007: Diplom-Veterin\u00e4rmediziner<\/li> <li>2008: Tier\u00e4rztin am Lehrstuhl f\u00fcr Tierzucht, Tierern\u00e4hrung und Labortierkunde<\/li> <li>2018: PhD<\/li> <li>2019: wissenschaftliche Mitarbeiterin<\/li> <li>2019: Diplom-Wildtiermedizin<\/li> <\/ul> <p><strong>Berufsorganisation<\/strong><\/p> <table style=\"height: 92px;\" width=\"652\"> <tbody> <tr style=\"height: 10px;\"> <td style=\"width: 393.85px; height: 10px; text-align: center;\">Name<\/td> <td style=\"width: 154.233px; height: 10px; text-align: center;\">Seit wann<\/td> <td style=\"width: 81.9167px; height: 10px; text-align: center;\">Funktion<\/td> <\/tr> <tr style=\"height: 10px;\"> <td style=\"width: 393.85px; height: 21px; text-align: center;\">European Society of Veterinary and Comparative Nutrition<\/td> <td style=\"width: 154.233px; height: 21px; text-align: center;\">2017<\/td> <td style=\"width: 81.9167px; height: 21px; text-align: center;\"><\/td> <\/tr> <tr style=\"height: 10px;\"> <td style=\"width: 393.85px; height: 19px; text-align: center;\">Hungarian Society of Laboratory Animal<\/td> <td style=\"width: 154.233px; height: 19px; text-align: center;\">2016<\/td> <td style=\"width: 81.9167px; height: 19px; text-align: center;\"><\/td> <\/tr> <\/tbody> <\/table> <p><strong>Die Nummer von Diplomarbeit<\/strong>: 12<\/p> <p>Die Nummer von PhD Studenten\/inen: &#8211;<\/p> <p><strong>Publikationen<\/strong> (TOP10)<\/p> <p>MTMT link: <a href=\"https:\/\/m2.mtmt.hu\/gui2\/?type=authors&amp;mode=browse&amp;sel=authors10023169\">https:\/\/m2.mtmt.hu\/gui2\/?type=authors&amp;mode=browse&amp;sel=authors10023169<\/a><\/p> <p>1. Szab\u00f3. J, Andr\u00e1sofszky E, Tuboly T, Bers\u00e9nyi A, Weisz A, Het\u00e9nyi N, Hull\u00e1r I.: Effects of arginine or glutamine supplementation on production, organ weights, interferon gamma, interleukin 6 and antibody titre of broilers. Acta Veterinaria Hungarica. 62:(3)., pp. 348-361. 2014.<\/p> <p>2. Het\u00e9nyi N, S\u00e1torhelyi T, Kov\u00e1cs Sz, Hull\u00e1r I.: Effects of two dietary vitamin and mineral supplements on the growth and health of Hermann&#8217;s tortoise (Testudo hermanni). Berliner und M\u00fcnchener Tier\u00e4rztliche Wochenschrift. 127:(5\/6) pp. 251-256. 2014.<\/p> <p>3. Het\u00e9nyi N., Lang Zs., S\u00e1torhelyi T., Hull\u00e1r I.: Effects of different vitamin D sources on blood biochemistry of bearded dragons (Pogona spp) and Hermann\u2019s tortoises (Testudo hermanni). Berliner und M\u00fcnchener Tier\u00e4rtzliche<\/p> <p>Wochenschrift, 2020, 133. 149-158 doi: 10.2376\/0005-9366-19024. online first: 31.03.2020.<\/p> <p>4. Het\u00e9nyi N, Andr\u00e1sofszky E: Evaluation of commercial tortoise and turtle feeds. Slovenian Veterinary Research. 2022. 59 (3). https:\/\/doi.org\/10.26873\/SVR-1216-2022<\/p> <p>5. Het\u00e9nyi N, S\u00e1torhelyi T, Kov\u00e1cs Sz, Hull\u00e1r I.: Variations in blood biochemical values of male Hermann\u2019s tortoises (Testudo hermanni). Veterinaria. 65:(1) pp. 15-21. 2016.<\/p> <p>6. Kristensen, A. U., Zsinka, B., Lang, Z., Het\u00e9nyi, N. (2023). Survey of the Husbandry, Health, and Welfare of Norwegian Pet Rabbits. Journal of Advanced Veterinary Research, 13(5), 767-775. Retrieved from https:\/\/advetresearch.com\/index.php\/AVR\/article\/view\/1244<\/p> <p>7. Het\u00e9nyi N., Lang Zs., Andr\u00e1sofszky E., Hull\u00e1r I.: Fibrosus Diets for Herbivore Tortoise. J. Anim. Vet. Adv., 18. 139-142, 2019.<\/p> <p>8. Het\u00e9nyi N., S\u00e1torhelyi T.: Survey of pet rabbit husbandry and nutrition. Magyar \u00c1llatorvosok Lapja, 143 (7) pp. 409-417. 2021.<\/p> <p>9. Het\u00e9nyi N, Andr\u00e1sofszky E, Hull\u00e1r I: Investigations concerning the voluntary dry matter intake, passage time, and the nutrients\u2019 digestibility in Hermann\u2019s tortoises (Testudo hermanni). Magyar \u00c1llatorvosok Lapja. 138:(5) pp. 307-312. 2016.<\/p> <p>10.Het\u00e9nyi N, Hull\u00e1r I.: Life-span of compact UVB-bulbs dedicated to tropical and desert reptiles and their role in the prevention of metabolic bone disease. Magyar \u00c1llatorvosok Lapja. 140:(8) pp. 501-505. 2018.<\/p> <p>&nbsp;<\/p> <p><strong>Sprechstunde: Montag 9-10<\/strong><\/p>","protected":false},"excerpt":{"rendered":"<p>Vorstellung Unterricht: Pflichtfach: Futtermittelkunde. Tierern\u00e4hrung I. und II. Wahlfach: Ern\u00e4hrung exotischer Reptilien, Stubenv\u00f6gel und kleines Mammalia Insekten als Lebensmittel und Futtermittel Sprachsachkenntnisse: English, Deutsch Studienreise: 2011: Aktion \u00d6sterreich-Ungarn, Innsbruck, \u00d6sterreich 2012., 2017, 2018: Bilaterales Abkommen, Veterin\u00e4rmedizinische Universit\u00e4t Wien, Institut f\u00fcr Tierern\u00e4hrung und funktionelle Pflanzenstoffe 2016: Bilaterales Abkommen, Tier\u00e4rztliche Hochschule Hannover, Institut f\u00fcr Tierern\u00e4hrung Bildung: Tier\u00e4rztin,<\/p>\n","protected":false},"author":5824,"featured_media":0,"parent":859,"menu_order":211,"comment_status":"closed","ping_status":"closed","template":"","meta":{"_acf_changed":false,"footnotes":""},"categories":[55],"tags":[],"class_list":["post-3921","page","type-page","status-publish","hentry","category-mitarbeiter"],"acf":[],"_links":{"self":[{"href":"https:\/\/univet.hu\/de\/wp-json\/wp\/v2\/pages\/3921","targetHints":{"allow":["GET"]}}],"collection":[{"href":"https:\/\/univet.hu\/de\/wp-json\/wp\/v2\/pages"}],"about":[{"href":"https:\/\/univet.hu\/de\/wp-json\/wp\/v2\/types\/page"}],"author":[{"embeddable":true,"href":"https:\/\/univet.hu\/de\/wp-json\/wp\/v2\/users\/5824"}],"replies":[{"embeddable":true,"href":"https:\/\/univet.hu\/de\/wp-json\/wp\/v2\/comments?post=3921"}],"version-history":[{"count":1,"href":"https:\/\/univet.hu\/de\/wp-json\/wp\/v2\/pages\/3921\/revisions"}],"predecessor-version":[{"id":200798,"href":"https:\/\/univet.hu\/de\/wp-json\/wp\/v2\/pages\/3921\/revisions\/200798"}],"up":[{"embeddable":true,"href":"https:\/\/univet.hu\/de\/wp-json\/wp\/v2\/pages\/859"}],"wp:attachment":[{"href":"https:\/\/univet.hu\/de\/wp-json\/wp\/v2\/media?parent=3921"}],"wp:term":[{"taxonomy":"category","embeddable":true,"href":"https:\/\/univet.hu\/de\/wp-json\/wp\/v2\/categories?post=3921"},{"taxonomy":"post_tag","embeddable":true,"href":"https:\/\/univet.hu\/de\/wp-json\/wp\/v2\/tags?post=3921"}],"curies":[{"name":"wp","href":"https:\/\/api.w.org\/{rel}","templated":true}]}}