{"id":3939,"date":"2016-08-01T15:40:00","date_gmt":"2016-08-01T13:40:00","guid":{"rendered":"http:\/\/univet.hu\/universitaet\/mitarbeiter\/hornok-sandor\/"},"modified":"2026-02-10T04:44:50","modified_gmt":"2026-02-10T03:44:50","slug":"hornok-sandor","status":"publish","type":"page","link":"https:\/\/univet.hu\/de\/universitaet\/mitarbeiter\/hornok-sandor\/","title":{"rendered":"Hornok S\u00e1ndor"},"content":{"rendered":"<p style=\"text-align: center;\"><strong>Einf\u00fchrung<\/strong><\/p> <p>Dr. S\u00e1ndor Hornok arbeitet seit 1994 in der Abteilung f\u00fcr Parasitologie und Zoologie der \u00c1TE, wo er Parasitologie und Zoologie auf Ungarisch und Englisch unterrichtet. Er verfasste eine eigenst\u00e4ndige Notiz (2014: Protozoologie) und ist Erstautor einer weiteren Notiz (2004: Zoologie). Seine Forschungsergebnisse hat er in mehr als 140 Fachartikeln ver\u00f6ffentlicht, von denen er gr\u00f6\u00dftenteils Erst- oder Letztautor ist. Der kombinierte Impact Factor liegt bei \u00fcber 330 und es gab 300 Co-Autoren aus rund 30 L\u00e4ndern. Als Anerkennung f\u00fcr seine Doktorarbeit erhielt er 1999 den Szent-Iv\u00e1ny-Jugendpreis. 2014 verlieh ihm die Ungarische Akademie der Wissenschaften die Bolyai-Plakette f\u00fcr die herausragende Qualit\u00e4t seiner Postdoktorandenforschung. In dem 2017 bei Springer erschienenen Buch \u201eTicks of Europe and North Africa\u201c verfasste er f\u00fcnf Kapitel (Zeckencharakterisierung), darunter das \u00fcber die von ihm entdeckte und beschriebene Zeckenart Ixodes ariadnae.<\/p> <p><strong>Forschungsschwerpunkte:<\/strong><\/p> <ul> <li>Parasit\u00e4re Erkrankungen von Haus- und Wildtieren (haupts\u00e4chlich Wiederk\u00e4uer, Raubtiere, V\u00f6gel, Flederm\u00e4use), deren traditionelle, molekularbiologische und serologische Diagnostik.<\/li> <li>\u00d6kologische Untersuchung von Arthropoden-\u00dcbertr\u00e4gern (z. B. Zecken, Zecken, Fl\u00f6he, L\u00e4use) und der Epidemiologie der von ihnen verbreiteten Krankheitserreger.<\/li> <\/ul> <p><strong>Fortschritt<\/strong><\/p> <p>1994 &#8211; Tierarzt<\/p> <p>1998 &#8211; Doktortitel<\/p> <p>2008 &#8211; Habilitation<\/p> <p>2020 &#8211; MTA PhD<\/p> <p><strong>Mitgliedschaft in einer Berufsorganisation<\/strong><\/p> <table style=\"height: 193px;\" width=\"966\"> <tbody> <tr style=\"height: 27px;\"> <td style=\"width: 504.667px; height: 27px; text-align: center;\">Rat der Doktoratsschule<\/td> <td style=\"width: 100.683px; height: 27px; text-align: center;\"><\/td> <td style=\"width: 340.25px; height: 27px; text-align: center;\">Mitglied<\/td> <\/tr> <tr style=\"height: 27px;\"> <td style=\"width: 504.667px; height: 27px; text-align: center;\">Das Veterin\u00e4rwissenschaftliche Komitee der Ungarischen Akademie der Wissenschaften<\/td> <td style=\"width: 100.683px; height: 27px; text-align: center;\"><\/td> <td style=\"width: 340.25px; height: 27px; text-align: center;\">Mitglied<\/td> <\/tr> <tr style=\"height: 22px;\"> <td style=\"width: 504.667px; height: 22px; text-align: center;\">Ungarische Gesellschaft der Parasitologen<\/td> <td style=\"width: 100.683px; height: 22px; text-align: center;\"><\/td> <td style=\"width: 340.25px; height: 22px; text-align: center;\">Vorstandsmitglied<\/td> <\/tr> <\/tbody> <\/table> <p><strong>Anzahl der bisherigen Abschlussarbeiten\/TDK-Studenten: 18<\/strong><\/p> <table width=\"569\"> <tbody> <tr> <td colspan=\"2\" width=\"569\"> <p><strong>Doktoranden:<\/strong><\/p> <p>Dr. Flaisz Barbara<\/p> <p>Dr. Sz\u0151ke Krisztina<\/p> <p>Dr. Tuska-Szalay Barbara<\/p> <p>Dr. Keve Gerg\u0151<\/td> <\/tr> <\/tbody> <\/table> <p><strong>Publikationsliste (Top10)<\/strong><\/p> <p>MTMT:\u00a0 https:\/\/m2.mtmt.hu\/gui2\/?type=authors&amp;mode=browse&amp;sel=10003063<\/p> <table style=\"height: 297px;\" width=\"949\"> <tbody> <tr> <td style=\"width: 40.0167px; text-align: center;\">1.<\/td> <td style=\"width: 894.183px; text-align: center;\">Hornok S, Berkecz R, S\u00f3s E, S\u00e1ndor AD, K\u00f6rm\u00f6czi T, Solymosi N, Kontsch\u00e1n J, Hunyadi A. Arthropod molting hormones (ecdysteroids) are present in the blood of insectivorous bats. Mammal Review 2022, in press.<\/td> <\/tr> <tr> <td style=\"width: 40.0167px; text-align: center;\">2.<\/td> <td style=\"width: 894.183px; text-align: center;\">Hornok S, Szentiv\u00e1nyi T, Tak\u00e1cs N, Kov\u00e1cs \u00c1B, Glaizot O, Christe P, Fasel N, Gyuranecz M, Kontsch\u00e1n J. Latrocimicinae completes the phylogeny of Cimicidae: meeting old morphologic data rather than modern host phylogeny. Parasit Vectors. 2021 Sep 3;14(1):441. doi: 10.1186\/s13071-021-04932-x.<\/td> <\/tr> <tr> <td style=\"width: 40.0167px; text-align: center;\">3.<\/td> <td style=\"width: 894.183px; text-align: center;\">S\u00e1ndor AD, Mihalca AD, Dom\u015fa C, P\u00e9ter \u00c1, Hornok S. Argasid Ticks of Palearctic Bats: Distribution, Host Selection, and Zoonotic Importance. Front Vet Sci. 2021 Jun 22;8:684737. doi: 10.3389\/fvets.2021.684737.<\/td> <\/tr> <tr> <td style=\"width: 40.0167px; text-align: center;\">4.<\/td> <td style=\"width: 894.183px; text-align: center;\">Hornok S, Meyer-Kayser E, Kontsch\u00e1n J, Tak\u00e1cs N, Plantard O, Cullen S, Gaughran A, Szekeres S, Majoros G, Beck R, Boldogh SA, Horv\u00e1th G, Kutasi C, S\u00e1ndor AD. Morphology of <em>Pholeoixodes<\/em> species associated with carnivores in the western Palearctic: Pictorial key based on molecularly identified <em>Ixodes (Ph.) canisuga<\/em>,<em> I. (Ph.) hexagonus <\/em>and<em> I. (Ph.) kaiseri<\/em> males, nymphs and larvae. Ticks Tick Borne Dis. 2021 Jul;12(4):101715. doi: 10.1016\/j.ttbdis.2021.101715.<\/td> <\/tr> <tr> <td style=\"width: 40.0167px; text-align: center;\">5.<\/td> <td style=\"width: 894.183px; text-align: center;\">Hornok S, Tak\u00e1cs N, Sipos G, Morandini P, S\u00e1ndor AD, Szekeres S, Grima A, Kontsch\u00e1n J. Urban emergence of <em>Dermanyssus gallinae<\/em> lineage L1 and <em>Ornithonyssus sylviarum<\/em> in Hungary: phylogenetic differentiation between the roles of migrating vs transported synanthropic birds. Parasit Vectors. 2021 Mar 8;14(1):147. doi: 10.1186\/s13071-021-04643-3.<\/td> <\/tr> <tr> <td style=\"width: 40.0167px; text-align: center;\">6.<\/td> <td style=\"width: 894.183px; text-align: center;\">Hornok S, Kontsch\u00e1n J, Tak\u00e1cs N, Chaber AL, Halajian A, Abichu G, Kamani J, Szekeres S, Plantard O. Molecular phylogeny of <em>Amblyomma exornatum<\/em> and <em>Amblyomma transversale<\/em>, with reinstatement of the genus <em>Africaniella<\/em> (Acari: Ixodidae) for the latter. Ticks Tick Borne Dis. 2020 Nov;11(6):101494. doi: 10.1016\/j.ttbdis.2020.101494.<\/td> <\/tr> <tr> <td style=\"width: 40.0167px; text-align: center;\">7.<\/td> <td style=\"width: 894.183px; text-align: center;\">Hornok S, Boldogh SA, Tak\u00e1cs N, Juh\u00e1sz A, Kontsch\u00e1n J, F\u00f6ldi D, Kolesz\u00e1r B, Morandini P, Gyuranecz M, Szekeres S. Anaplasmataceae closely related to <em>Ehrlichia chaffeensis<\/em> and <em>Neorickettsia helminthoeca <\/em>from birds in Central Europe, Hungary. Antonie Van Leeuwenhoek. 2020 Jul;113(7):1067-1073. doi: 10.1007\/s10482-020-01415-4.<\/td> <\/tr> <tr> <td style=\"width: 40.0167px; text-align: center;\">8.<\/td> <td style=\"width: 894.183px; text-align: center;\">Hornok S, Tak\u00e1cs N, Szekeres S, Sz\u0151ke K, Kontsch\u00e1n J, Horv\u00e1th G, Sug\u00e1r L. DNA of <em>Theileria orientalis<\/em>, <em>T. equi<\/em> and <em>T. capreoli<\/em> in stable flies (<em>Stomoxys calcitrans<\/em>). Parasit Vectors. 2020 Apr 9;13(1):186. doi: 10.1186\/s13071-020-04041-1.<\/td> <\/tr> <tr> <td style=\"width: 40.0167px; text-align: center;\">9.<\/td> <td style=\"width: 894.183px; text-align: center;\">Hornok S, Kov\u00e1ts D, Horv\u00e1th G, Kontsch\u00e1n J, Farkas R. Checklist of the hard tick (Acari: Ixodidae) fauna of Hungary with emphasis on host-associations and the emergence of <em>Rhipicephalus sanguineus<\/em>. Exp Appl Acarol. 2020 Mar;80(3):311-328. doi: 10.1007\/s10493-019-00461-6.<\/td> <\/tr> <tr> <td style=\"width: 40.0167px; text-align: center;\">10.<\/td> <td style=\"width: 894.183px; text-align: center;\">Hornok S, Csorba A, Kov\u00e1ts D, Cs\u00f6rg\u0151 T, Hunyadi A. Ecdysteroids are present in the blood of wild passerine birds. Sci Rep. 2019 Nov 18;9(1):17002. doi: 10.1038\/s41598-019-53090-9.<\/td> <\/tr> <\/tbody> <\/table> <p>&nbsp;<\/p> <p>&nbsp;<\/p>","protected":false},"excerpt":{"rendered":"<p>Einf\u00fchrung Dr. S\u00e1ndor Hornok arbeitet seit 1994 in der Abteilung f\u00fcr Parasitologie und Zoologie der \u00c1TE, wo er Parasitologie und Zoologie auf Ungarisch und Englisch unterrichtet. Er verfasste eine eigenst\u00e4ndige Notiz (2014: Protozoologie) und ist Erstautor einer weiteren Notiz (2004: Zoologie). Seine Forschungsergebnisse hat er in mehr als 140 Fachartikeln ver\u00f6ffentlicht, von denen er gr\u00f6\u00dftenteils<\/p>\n","protected":false},"author":5824,"featured_media":0,"parent":859,"menu_order":211,"comment_status":"closed","ping_status":"closed","template":"","meta":{"_acf_changed":false,"footnotes":""},"categories":[55],"tags":[],"class_list":["post-3939","page","type-page","status-publish","hentry","category-mitarbeiter"],"acf":[],"_links":{"self":[{"href":"https:\/\/univet.hu\/de\/wp-json\/wp\/v2\/pages\/3939","targetHints":{"allow":["GET"]}}],"collection":[{"href":"https:\/\/univet.hu\/de\/wp-json\/wp\/v2\/pages"}],"about":[{"href":"https:\/\/univet.hu\/de\/wp-json\/wp\/v2\/types\/page"}],"author":[{"embeddable":true,"href":"https:\/\/univet.hu\/de\/wp-json\/wp\/v2\/users\/5824"}],"replies":[{"embeddable":true,"href":"https:\/\/univet.hu\/de\/wp-json\/wp\/v2\/comments?post=3939"}],"version-history":[{"count":1,"href":"https:\/\/univet.hu\/de\/wp-json\/wp\/v2\/pages\/3939\/revisions"}],"predecessor-version":[{"id":200801,"href":"https:\/\/univet.hu\/de\/wp-json\/wp\/v2\/pages\/3939\/revisions\/200801"}],"up":[{"embeddable":true,"href":"https:\/\/univet.hu\/de\/wp-json\/wp\/v2\/pages\/859"}],"wp:attachment":[{"href":"https:\/\/univet.hu\/de\/wp-json\/wp\/v2\/media?parent=3939"}],"wp:term":[{"taxonomy":"category","embeddable":true,"href":"https:\/\/univet.hu\/de\/wp-json\/wp\/v2\/categories?post=3939"},{"taxonomy":"post_tag","embeddable":true,"href":"https:\/\/univet.hu\/de\/wp-json\/wp\/v2\/tags?post=3939"}],"curies":[{"name":"wp","href":"https:\/\/api.w.org\/{rel}","templated":true}]}}