{"id":3972,"date":"2016-08-01T15:51:00","date_gmt":"2016-08-01T13:51:00","guid":{"rendered":"http:\/\/univet.hu\/universitaet\/mitarbeiter\/hullar-istvan\/"},"modified":"2026-02-10T04:43:46","modified_gmt":"2026-02-10T03:43:46","slug":"hullar-istvan","status":"publish","type":"page","link":"https:\/\/univet.hu\/de\/universitaet\/mitarbeiter\/hullar-istvan\/","title":{"rendered":"Hull\u00e1r Istv\u00e1n"},"content":{"rendered":"<p style=\"text-align: center;\"><span style=\"font-size: 14pt;\">Vorstellung<\/span><\/p> <p>Anstellung: seit 1990. Fachgebiet: Ern\u00e4hrung der Nutztiere und Heimtiere. Unterricht: Futtermittelkunde, Tierern\u00e4hrung I., II.<\/p> <p>Examinator: Futtermittelkunde, Tierern\u00e4hrung I., II.<\/p> <p><strong>Wahlfache:<\/strong><\/p> <ol> <li>Zucht und F\u00fctterung der Pelztiere;<\/li> <li>Ern\u00e4hrung exotischer Reptilien, Stubenv\u00f6gel und kleiner Mammalia.<\/li> <\/ol> <p>Stipendium wurde nach Unterrichtst\u00e4tigkeit erhalten: Istv\u00e1n Sz\u00e9chenyi Stipendium, Ministerium f\u00fcr Unterrichtswesen (Ungarn), 2001-2004.<\/p> <p><strong>Auszeichnungen<\/strong>:<\/p> <ul> <li>Szent Istv\u00e1n Universit\u00e4t, Silber Medaille, 2005,<\/li> <li>J\u00e1nos Nagyv\u00e1thy Preis (Ministerium f\u00fcr Landwirtschaft), 2019.<\/li> <\/ul> <p><strong>Forschungsgebiete<\/strong>:<\/p> <p>Verdaulichkeit der N\u00e4hrstoffe, Futterpr\u00e4ferenz, Ern\u00e4hrung der Kleintiere.<\/p> <p><strong>Mitgliederschaft<\/strong><\/p> <table style=\"height: 246px;\" width=\"791\"> <tbody> <tr style=\"height: 25px;\"> <td style=\"width: 256.333px; height: 25px; text-align: center;\"><strong>Komitees<\/strong><\/td> <td style=\"width: 256.333px; height: 25px; text-align: center;\"><strong>Period<\/strong><\/td> <td style=\"width: 256.333px; height: 25px; text-align: center;\"><strong>Position<\/strong><\/td> <\/tr> <tr style=\"height: 21px;\"> <td style=\"width: 256.333px; height: 21px; text-align: center;\">Public Body of Hungarian Academy of Science<\/td> <td style=\"width: 256.333px; height: 21px; text-align: center;\">1992<\/td> <td style=\"width: 256.333px; height: 21px; text-align: center;\">member<\/td> <\/tr> <tr style=\"height: 25px;\"> <td style=\"width: 256.333px; height: 25px; text-align: center;\">Committee of Anim. Sci., of Hungarian Academy of Science<\/td> <td style=\"width: 256.333px; height: 25px; text-align: center;\">2017<\/td> <td style=\"width: 256.333px; height: 25px; text-align: center;\">member<\/td> <\/tr> <tr style=\"height: 25px;\"> <td style=\"width: 256.333px; height: 25px; text-align: center;\">Hungarian Accreditation Committee<\/td> <td style=\"width: 256.333px; height: 25px; text-align: center;\">2018<\/td> <td style=\"width: 256.333px; height: 25px; text-align: center;\">secretary<\/td> <\/tr> <tr style=\"height: 25px;\"> <td style=\"width: 256.333px; height: 25px; text-align: center;\">Society of Nutrition Physiology (Germany)<\/td> <td style=\"width: 256.333px; height: 25px; text-align: center;\">1993<\/td> <td style=\"width: 256.333px; height: 25px; text-align: center;\">member<\/td> <\/tr> <tr style=\"height: 25px;\"> <td style=\"width: 256.333px; height: 25px; text-align: center;\">World Rabbit Science Association<\/td> <td style=\"width: 256.333px; height: 25px; text-align: center;\">1992<\/td> <td style=\"width: 256.333px; height: 25px; text-align: center;\">member<\/td> <\/tr> <tr style=\"height: 25px;\"> <td style=\"width: 256.333px; height: 25px; text-align: center;\"> <p>Hungarian University of Agriculture and Life Sciences,<\/p> <p>Committee of Doctoral School (Hungary)<\/td> <td style=\"width: 256.333px; height: 25px; text-align: center;\">2014<\/td> <td style=\"width: 256.333px; height: 25px; text-align: center;\">member<\/td> <\/tr> <tr style=\"height: 25px;\"> <td style=\"width: 256.333px; height: 25px; text-align: center;\">Univ. Vet. Med., Justice on Animal Health<\/td> <td style=\"width: 256.333px; height: 25px; text-align: center;\">2017<\/td> <td style=\"width: 256.333px; height: 25px; text-align: center;\">member<\/td> <\/tr> <tr style=\"height: 25px;\"> <td style=\"width: 256.333px; height: 25px; text-align: center;\">Univ. Vet. Med., Students\u2019 Disciplinary Committee<\/td> <td style=\"width: 256.333px; height: 25px; text-align: center;\">2019<\/td> <td style=\"width: 256.333px; height: 25px; text-align: center;\">member<\/td> <\/tr> <tr style=\"height: 25px;\"> <td style=\"width: 256.333px; height: 25px; text-align: center;\">Univ. Vet. Med., Students\u2019 Reconsidering Committee<\/td> <td style=\"width: 256.333px; height: 25px; text-align: center;\">2016<\/td> <td style=\"width: 256.333px; height: 25px; text-align: center;\">member<\/td> <\/tr> <\/tbody> <\/table> <p>&nbsp;<\/p> <p>&nbsp;<\/p> <p><strong>Dissertationsbetreuer<\/strong>: 51 Diplomarbeiten.<\/p> <p><strong>PhD Dissertationsbetreuer:<\/strong><\/p> <p>Abschluss erworbene PhD Studenten:<\/p> <ul> <li>Dr. A. Vucskits: Co-F\u00fchrung (0.5),<\/li> <li>Dr. N. Het\u00e9nyi: eigenst\u00e4ndige F\u00fchrung (1).<\/li> <\/ul> <p><strong>Liste der Ver\u00f6ffentlichungen<\/strong>: <a href=\"http:\/\/www.mtmt.hu\">www.mtmt.hu<\/a><\/p> <p>Top 10:<\/p> <p>1. Hull\u00e1r, I., Meleg, I., Fekete, S., Romv\u00e1ri, R.: Studies on the energy content of pigeon feeds. I. Determination of the digestibility and metabolizable energy content. Poultry Sci., 1999. 78 (12):1757-1762.<\/p> <p>2. Fekete, S., Meleg, I., Hull\u00e1r, I., Z\u00f6ld\u00e1g, L.: Studies on the energy content of pigeon feeds. II. Determination of the incorporated energy. Poultry Sci., 1999. 78 (12):1763-1767.<\/p> <p>3. Huszenicza, G., Fekete, S., Szigeti, G., Kulcs\u00e1r, M., F\u00e9bel, H., Kellems, R. O., Nagy, P., Cseh, S., Veresegyh\u00e1zy, T., Hull\u00e1r, I.: Ovarian consequences of low dose peroral fusarium (T-2) toxin in a ewe and heifer model. Theriogenology, 2000. 53. 8. 1631-1639.<\/p> <p>4. Szalay, F., Zsarnovszky, A., Fekete, S., Hull\u00e1r, I., Jancsik, V., Haj\u00f3s, F.: Retarded myelination in the lumbar spinal cord of piglets born with spread-leg syndrome. Anatomy and Embryology, 2001. 203:53-59.<\/p> <p>5. Fekete, S., Hull\u00e1r, I., Andr\u00e1sofszky, E., Rig\u00f3, Zs., Berk\u00e9nyi, T.: Reduction of the energy density of cat foods by increasing their fibre content with a view to nutrients&#8216; digestibility. J. Anim. Physiol. a. Anim. Nutr. 85 (2001), 200-204.<\/p> <p>6. Hull\u00e1r, I., Fekete, S., Andr\u00e1sofszky, E., Sz\u0151cs, Z., Berk\u00e9nyi, T.: Factors influencing the food preference of cats. J. Anim. Physiol. a. Anim. Nutr., 85 (2001), 205-211.<\/p> <p>7. Fekete, S., Hull\u00e1r, I., Andr\u00e1sofszky, E., Kelemen, F.: Effect of different fibre types on the digestibility of nutrients in cats. J. Anim. Physiol. a. Anim. Nutr. 88 (2004), 138-142.<\/p> <p>8. Hull\u00e1r, I., Fekete, S. Gy., M\u00e9zes, M., Gl\u00e1vits, R., G\u00e1sp\u00e1rdy, A., F\u00e9bel, H.: Effects of oral L-carnitine, L-lysine administration, and exercise on body composition and histological and biochemical parameters in pigeons. J. Anim. Physiol. a. Anim. Nutr., 92 (2008), 411-418.<\/p> <p>9. Vucskits, A.V., Hull\u00e1r, I., Bers\u00e9nyi, A., Andr\u00e1sofszky, E., Kulcs\u00e1r, M., Szab\u00f3, J.: Effect of fulvic and humic acids on performance, immune response and thyroid function in rats. J. Anim. Physiol. a. Anim. Nutr., 94 (2010), 6. 721-728.<\/p> <p>10. Szab\u00f3, J., Mar\u00f3ti, G., Solymosi, N., Andr\u00e1sofszky, E., Tuboly, T., Bers\u00e9nyi, A., Bruckner, G., Hull\u00e1r, I.: Fructose, glucose and fat interrelationships with metabolic pathway regulation and effects on the gut microbiota. Acta. Vet. Hung., 69 (2), 134-156 (2021)<\/p>","protected":false},"excerpt":{"rendered":"<p>Vorstellung Anstellung: seit 1990. Fachgebiet: Ern\u00e4hrung der Nutztiere und Heimtiere. Unterricht: Futtermittelkunde, Tierern\u00e4hrung I., II. Examinator: Futtermittelkunde, Tierern\u00e4hrung I., II. Wahlfache: Zucht und F\u00fctterung der Pelztiere; Ern\u00e4hrung exotischer Reptilien, Stubenv\u00f6gel und kleiner Mammalia. Stipendium wurde nach Unterrichtst\u00e4tigkeit erhalten: Istv\u00e1n Sz\u00e9chenyi Stipendium, Ministerium f\u00fcr Unterrichtswesen (Ungarn), 2001-2004. Auszeichnungen: Szent Istv\u00e1n Universit\u00e4t, Silber Medaille, 2005, J\u00e1nos Nagyv\u00e1thy<\/p>\n","protected":false},"author":5824,"featured_media":0,"parent":859,"menu_order":210,"comment_status":"closed","ping_status":"closed","template":"","meta":{"_acf_changed":false,"footnotes":""},"categories":[55],"tags":[],"class_list":["post-3972","page","type-page","status-publish","hentry","category-mitarbeiter"],"acf":[],"_links":{"self":[{"href":"https:\/\/univet.hu\/de\/wp-json\/wp\/v2\/pages\/3972","targetHints":{"allow":["GET"]}}],"collection":[{"href":"https:\/\/univet.hu\/de\/wp-json\/wp\/v2\/pages"}],"about":[{"href":"https:\/\/univet.hu\/de\/wp-json\/wp\/v2\/types\/page"}],"author":[{"embeddable":true,"href":"https:\/\/univet.hu\/de\/wp-json\/wp\/v2\/users\/5824"}],"replies":[{"embeddable":true,"href":"https:\/\/univet.hu\/de\/wp-json\/wp\/v2\/comments?post=3972"}],"version-history":[{"count":1,"href":"https:\/\/univet.hu\/de\/wp-json\/wp\/v2\/pages\/3972\/revisions"}],"predecessor-version":[{"id":200696,"href":"https:\/\/univet.hu\/de\/wp-json\/wp\/v2\/pages\/3972\/revisions\/200696"}],"up":[{"embeddable":true,"href":"https:\/\/univet.hu\/de\/wp-json\/wp\/v2\/pages\/859"}],"wp:attachment":[{"href":"https:\/\/univet.hu\/de\/wp-json\/wp\/v2\/media?parent=3972"}],"wp:term":[{"taxonomy":"category","embeddable":true,"href":"https:\/\/univet.hu\/de\/wp-json\/wp\/v2\/categories?post=3972"},{"taxonomy":"post_tag","embeddable":true,"href":"https:\/\/univet.hu\/de\/wp-json\/wp\/v2\/tags?post=3972"}],"curies":[{"name":"wp","href":"https:\/\/api.w.org\/{rel}","templated":true}]}}