{"id":4020,"date":"2016-08-02T12:38:00","date_gmt":"2016-08-02T10:38:00","guid":{"rendered":"http:\/\/univet.hu\/universitaet\/mitarbeiter\/jurkovich-viktor\/"},"modified":"2026-02-10T04:44:58","modified_gmt":"2026-02-10T03:44:58","slug":"jurkovich-viktor","status":"publish","type":"page","link":"https:\/\/univet.hu\/de\/universitaet\/mitarbeiter\/jurkovich-viktor\/","title":{"rendered":"Jurkovich Viktor"},"content":{"rendered":"<p>&nbsp;<\/p> <p><a href=\"http:\/\/www.univet.hu\/units\/Allathig\/JV.htm\" target=\"_blank\" rel=\"noopener\" data-replaced=\"true\">Eigene homepage<\/a><\/p> <p style=\"text-align: center;\"><strong>Einf\u00fchrung<\/strong><\/p> <p>Dr. Jurkovich Viktor wurde in Orosh\u00e1za geboren. Nach seinem Abitur wurde er 1993 an der Veterin\u00e4rmedizinischen Universit\u00e4t in Budapest aufgenommen. Er schloss sein Studium 1998 ab und wurde unmittelbar nach Erhalt seines Diploms ab dem 1. Januar 1999 Mitarbeiter Mitglied der Abteilung f\u00fcr Tierhygiene, Bestandsgesundheit und Veterin\u00e4rethologie der Universit\u00e4t, zun\u00e4chst als Doktorand und sp\u00e4ter als Mitarbeiter der Abteilung. Er erhielt seinen Doktortitel im Jahr 2007, seine Habilitation im Jahr 2014 und sein Master of Ruminal Health-Diplom im Jahr 2015. Er ist Mitglied des Workplace Animal Welfare Committee der Universit\u00e4t, des European Animal Welfare College und mehrerer Berufsverb\u00e4nde.<\/p> <p><strong>Forschungsschwerpunkte:<\/strong><\/p> <ul> <li>Untersuchung von Einflussfaktoren auf die Tierwohlsituation von Rinderbest\u00e4nden (Klauenkrankheiten, F\u00fctterungs- und Haltungsfehler, Hitzestress etc.)<\/li> <li>Untersuchung der Oktanzahl, Entstehung und Vorbeugung von Beinerkrankungen bei Milchk\u00fchen<\/li> <li>Methoden zur Bewertung des Tierwohls in Nutztierbest\u00e4nden<\/li> <li>Das Auftreten von Paratuberkulose und die M\u00f6glichkeit des Schutzes davor in Milchviehbetrieben<\/li> <\/ul> <p><strong>Fortschritt<\/strong><\/p> <table style=\"height: 246px;\" width=\"1091\"> <tbody> <tr style=\"height: 10px;\"> <td style=\"width: 557.5px; height: 10px; text-align: center;\"><strong>Arbeitsplatz<\/strong><\/td> <td style=\"width: 135.4px; height: 10px; text-align: center;\"><b>Zeit<\/b><\/td> <td style=\"width: 376.1px; height: 10px; text-align: center;\"><b>Post<\/b><\/td> <\/tr> <tr style=\"height: 44px;\"> <td style=\"width: 557.5px; height: 44px;\">\u00c1llatorvostudom\u00e1nyi Egyetem, \u00c1llatv\u00e9delmi Jogi, Elemz\u0151 \u00e9s M\u00f3dszertani K\u00f6zpont<\/td> <td style=\"width: 135.4px; height: 44px;\">2023-<\/td> <td style=\"width: 376.1px; height: 44px;\">Leitender wissenschaftlicher Mitarbeiter<\/td> <\/tr> <tr style=\"height: 57px;\"> <td style=\"width: 557.5px; height: 57px;\">\u00c1TE (2016 el\u0151tt SZIE \u00c1OTK), \u00c1llathigi\u00e9niai, \u00c1llom\u00e1ny-eg\u00e9szs\u00e9gtani tansz\u00e9k \u00e9s Mobilklinika<\/td> <td style=\"width: 135.4px; height: 57px;\">2015-2022<\/td> <td style=\"width: 376.1px; height: 57px;\">Leitender wissenschaftlicher Mitarbeiter<\/td> <\/tr> <tr style=\"height: 38px;\"> <td style=\"width: 557.5px; height: 38px;\">SZIE \u00c1OTK, \u00c1llathigi\u00e9niai, \u00c1llom\u00e1ny-eg\u00e9szs\u00e9gtani \u00e9s \u00c1llatorvosi Etol\u00f3giai Tansz\u00e9k<\/td> <td style=\"width: 135.4px; height: 38px;\">2011-2015<\/td> <td style=\"width: 376.1px; height: 38px;\">Leitender wissenschaftlicher Mitarbeiter<\/td> <\/tr> <tr style=\"height: 30px;\"> <td style=\"width: 557.5px; height: 30px;\">SZIE \u00c1OTK, \u00c1llathigi\u00e9niai, \u00c1llom\u00e1ny-eg\u00e9szs\u00e9gtani \u00e9s \u00c1llatorvosi Etol\u00f3giai Tansz\u00e9k<\/td> <td style=\"width: 135.4px; height: 30px;\">2002-2011<\/td> <td style=\"width: 376.1px; height: 30px;\">Abteilungstierarzt<\/td> <\/tr> <tr style=\"height: 67px;\"> <td style=\"width: 557.5px; height: 67px;\">\u00c1TE, \u00c1llathigi\u00e9niai, \u00c1llom\u00e1ny-eg\u00e9szs\u00e9gtani \u00e9s \u00c1llatorvosi Etol\u00f3giai Tansz\u00e9k<\/td> <td style=\"width: 135.4px; height: 67px;\">1999-2001<\/td> <td style=\"width: 376.1px; height: 67px;\">Doktorand<\/td> <\/tr> <\/tbody> <\/table> <p><strong>Mitgliedschaft in einer Berufsorganisation<\/strong><\/p> <table style=\"height: 220px;\" width=\"1094\"> <tbody> <tr style=\"height: 66px;\"> <td style=\"width: 572.429px; text-align: center; height: 66px;\"><strong>Name des Ausschusses<\/strong><\/td> <td style=\"width: 114.815px; text-align: center; height: 66px;\"><b>Zeit<\/b><\/td> <td style=\"width: 386.236px; text-align: center; height: 66px;\"><b>Rang<\/b><\/td> <\/tr> <tr style=\"height: 45px;\"> <td style=\"width: 572.429px; height: 45px;\">COST Action CA21124 &#8211; LIFT: Lifting farm animal lives \u2013 laying the foundations for positive animal welfare; Management Committee<\/td> <td style=\"width: 114.815px; height: 45px;\">2023<\/td> <td style=\"width: 386.236px; height: 45px;\">mitglied<\/td> <\/tr> <tr style=\"height: 52px;\"> <td style=\"width: 572.429px; height: 52px;\">European College of Animal Welfare and Behavioural Medicine, Examination sub-Committee<\/td> <td style=\"width: 114.815px; height: 52px;\">2022<\/td> <td style=\"width: 386.236px; height: 52px;\">mitglied<\/td> <\/tr> <tr style=\"height: 16px;\"> <td style=\"width: 572.429px; height: 16px;\">Magyar \u00c1llatorvosi Kamara<\/td> <td style=\"width: 114.815px; height: 16px;\">2021<\/td> <td style=\"width: 386.236px; height: 16px;\">mitglied<\/td> <\/tr> <tr style=\"height: 11px;\"> <td style=\"width: 572.429px; height: 11px;\">European College of Animal Welfare and Behavioural Medicine<\/td> <td style=\"width: 114.815px; height: 11px;\">2016<\/td> <td style=\"width: 386.236px; height: 11px;\">mitglied<\/td> <\/tr> <tr style=\"height: 10px;\"> <td style=\"width: 572.429px; height: 10px;\">Magyar \u00c1llatv\u00e9delmi \u00e9s \u00c1llatj\u00f3ll\u00e9ti T\u00e1rsas\u00e1g<\/td> <td style=\"width: 114.815px; height: 10px;\">2011<\/td> <td style=\"width: 386.236px; height: 10px;\">mitglied<\/td> <\/tr> <tr style=\"height: 10px;\"> <td style=\"width: 572.429px; height: 10px;\">\u00c1TE Munkahelyi \u00c1llatj\u00f3l\u00e9ti Bizotts\u00e1g<\/td> <td style=\"width: 114.815px; height: 10px;\">2009<\/td> <td style=\"width: 386.236px; height: 10px;\">mitglied<\/td> <\/tr> <tr style=\"height: 10px;\"> <td style=\"width: 572.429px; height: 10px;\">Magyar Buiatrikusok T\u00e1rsas\u00e1ga<\/td> <td style=\"width: 114.815px; height: 10px;\">1999<\/td> <td style=\"width: 386.236px; height: 10px;\">mitglied<\/td> <\/tr> <\/tbody> <\/table> <p><strong>Anzahl der bisherigen Abschlussarbeiten\/TDK-Studenten<\/strong><\/p> <p>Mehr als 100<\/p> <table style=\"height: 188px;\" width=\"569\"> <tbody> <tr style=\"height: 10px;\"> <td style=\"height: 10px; width: 559px;\" colspan=\"2\"><strong>Doktoranden<\/strong><\/td> <\/tr> <tr style=\"height: 10px;\"> <td style=\"height: 10px; width: 273.05px;\">Kov\u00e1cs Levente<\/td> <td style=\"height: 10px; width: 279.95px;\">2014<\/td> <\/tr> <tr style=\"height: 56px;\"> <td style=\"height: 56px; width: 273.05px;\">Vass-Bogn\u00e1r Barbara<\/td> <td style=\"height: 56px; width: 279.95px;\">im Gange<\/td> <\/tr> <tr style=\"height: 56px;\"> <td style=\"height: 56px; width: 273.05px;\">V\u00e1rhidi Zs\u00f3ka<\/td> <td style=\"height: 56px; width: 279.95px;\">im Gange<\/td> <\/tr> <tr style=\"height: 56px;\"> <td style=\"height: 56px; width: 273.05px;\">Cszirok Martin<\/td> <td style=\"height: 56px; width: 279.95px;\">im Gange<\/td> <\/tr> <\/tbody> <\/table> <p>&nbsp;<\/p> <p><strong>Publikationsliste (Top10)<\/strong><\/p> <p>MTMT:\u00a0\u00a0 https:\/\/m2.mtmt.hu\/gui2\/?type=authors&amp;mode=browse&amp;sel=authors10023158<\/p> <ol> <li>Vass-Bogn\u00e1r, Barbara ; Bakony, Mikolt ; Baumgartner, Walter ; Khol, Johannes Lorenz ; Jurkovich, Viktor: Association between calf rearing technology and farm-level paratuberculosis infection in Hungarian dairy farms. PREVENTIVE VETERINARY MEDICINE 207 Paper: 105719 (2022)<\/li> <li>Bakony, M; Kiss, G ; Kov\u00e1cs, L ; Jurkovich, V.: The effect of hutch compass direction on primary heat stress responses in dairy calves in a continental region. ANIMAL WELFARE 30 : 3 pp. 315-324. , 10 p. (2021)<\/li> <li>Bakony, Mikolt ; Jurkovich, Viktor: Heat stress in dairy calves from birth to weaning. JOURNAL OF DAIRY RESEARCH 87 : S1 pp. 53-59. , 7 p. (2020)<\/li> <li>Jurkovich, V. ; Bakony, M. ; Laky, E. ; Ruff, F. ; K\u00e9z\u00e9r, F.L. ; Bende, A. ; Kov\u00e1cs, L.: Cardiac vagal tone, plasma cortisol, and dehydroepiandrosterone response to an ACTH challenge in lame and nonlame dairy cows. DOMESTIC ANIMAL ENDOCRINOLOGY 71 Paper: 106388 , 12 p. (2020)<\/li> <li>Jurkovich, Viktor ; K\u00f6nyves, L\u00e1szl\u00f3 ; Bakony, Mikolt: Association between feed sorting and the prevalence of metabolic disorders in Hungarian large-scale dairy herds. JOURNAL OF DAIRY RESEARCH 86 : 2 pp. 162-164. , 3 p. (2019)<\/li> <li>Kov\u00e1cs, Levente ; K\u00e9z\u00e9r, Luca Fruzsina ; Ruff, Ferenc ; Szenci, Ott\u00f3 ; Jurkovich, Viktor: Association between human and animal thermal comfort indices and physiological heat stress indicators in dairy calves. ENVIRONMENTAL RESEARCH 166 pp. 108-111. , 4 p. (2018)<\/li> <li>Kov\u00e1cs, L ; K\u00e9z\u00e9r, F L ; Kulcs\u00e1r-Huszenicza, M ; Ruff, F ; Szenci, O ; Jurkovich, V.: Hypothalamic\u2013pituitary\u2013adrenal and cardiac autonomic responses to transrectal examination differ with behavioral reactivity in dairy cows. JOURNAL OF DAIRY SCIENCE 99 : 9 pp. 7444-7457. , 14 p. (2016)<\/li> <li>Kov\u00e1cs, Levente ; K\u00e9z\u00e9r, Luca Fruzsina ; Jurkovich, Viktor ; Kulcs\u00e1r-Huszenicza, Margit ; T\u0151zs\u00e9r, J\u00e1nos: Heart Rate Variability as an Indicator of Chronic Stress Caused by Lameness in Dairy Cows. PLOS ONE 10 : 8 Paper: e0134792 , 13 p. (2015)<\/li> <li>Kov\u00e1cs, L ; Jurkovich, V ; Bakony, M ; Szenci, O ; P\u00f3ti, P ; T\u0151zs\u00e9r, J.: Welfare implication of measuring heart rate and heart rate variability in dairy cattle &#8211; Literature review and conclusions for future research. ANIMAL: THE INTERNATIONAL JOURNAL OF ANIMAL BIOSCIENCES 8 : 2 pp. 316-330. , 15 p. (2014)<\/li> <li>Kov\u00e1cs, L. ; T\u0151zs\u00e9r, J. ; Szenci, O. ; P\u00f3ti, P. ; K\u00e9z\u00e9r, L. F. ; Ruff, F. ; G\u00e1brieln\u00e9-T\u0151zs\u00e9r, Gy. ; Hoffmann, D. ; Bakony, M. ; Jurkovich, V.: Cardiac responses to palpation per rectum in lactating and non-lactating dairy cows JOURNAL OF DAIRY SCIENCE 97 : 11 pp. 6955-6963. , 9 p. (2014)<\/li> <\/ol> <p>&nbsp;<\/p>","protected":false},"excerpt":{"rendered":"<p>&nbsp; Eigene homepage Einf\u00fchrung Dr. Jurkovich Viktor wurde in Orosh\u00e1za geboren. Nach seinem Abitur wurde er 1993 an der Veterin\u00e4rmedizinischen Universit\u00e4t in Budapest aufgenommen. Er schloss sein Studium 1998 ab und wurde unmittelbar nach Erhalt seines Diploms ab dem 1. Januar 1999 Mitarbeiter Mitglied der Abteilung f\u00fcr Tierhygiene, Bestandsgesundheit und Veterin\u00e4rethologie der Universit\u00e4t, zun\u00e4chst als<\/p>\n","protected":false},"author":5824,"featured_media":0,"parent":859,"menu_order":211,"comment_status":"closed","ping_status":"closed","template":"","meta":{"_acf_changed":false,"footnotes":""},"categories":[55],"tags":[],"class_list":["post-4020","page","type-page","status-publish","hentry","category-mitarbeiter"],"acf":[],"_links":{"self":[{"href":"https:\/\/univet.hu\/de\/wp-json\/wp\/v2\/pages\/4020","targetHints":{"allow":["GET"]}}],"collection":[{"href":"https:\/\/univet.hu\/de\/wp-json\/wp\/v2\/pages"}],"about":[{"href":"https:\/\/univet.hu\/de\/wp-json\/wp\/v2\/types\/page"}],"author":[{"embeddable":true,"href":"https:\/\/univet.hu\/de\/wp-json\/wp\/v2\/users\/5824"}],"replies":[{"embeddable":true,"href":"https:\/\/univet.hu\/de\/wp-json\/wp\/v2\/comments?post=4020"}],"version-history":[{"count":1,"href":"https:\/\/univet.hu\/de\/wp-json\/wp\/v2\/pages\/4020\/revisions"}],"predecessor-version":[{"id":200813,"href":"https:\/\/univet.hu\/de\/wp-json\/wp\/v2\/pages\/4020\/revisions\/200813"}],"up":[{"embeddable":true,"href":"https:\/\/univet.hu\/de\/wp-json\/wp\/v2\/pages\/859"}],"wp:attachment":[{"href":"https:\/\/univet.hu\/de\/wp-json\/wp\/v2\/media?parent=4020"}],"wp:term":[{"taxonomy":"category","embeddable":true,"href":"https:\/\/univet.hu\/de\/wp-json\/wp\/v2\/categories?post=4020"},{"taxonomy":"post_tag","embeddable":true,"href":"https:\/\/univet.hu\/de\/wp-json\/wp\/v2\/tags?post=4020"}],"curies":[{"name":"wp","href":"https:\/\/api.w.org\/{rel}","templated":true}]}}