{"id":4056,"date":"2018-03-12T16:03:00","date_gmt":"2018-03-12T15:03:00","guid":{"rendered":"http:\/\/univet.hu\/universitaet\/mitarbeiter\/kapiller-matyas\/"},"modified":"2026-02-10T04:49:20","modified_gmt":"2026-02-10T03:49:20","slug":"kapiller-matyas","status":"publish","type":"page","link":"https:\/\/univet.hu\/de\/universitaet\/mitarbeiter\/kapiller-matyas\/","title":{"rendered":"Kapiller M\u00e1ty\u00e1s"},"content":{"rendered":"<p>Sprechstunde: w\u00e4hrend des Semesters, jeden Dienstag 12:00-13:00<\/p>","protected":false},"excerpt":{"rendered":"<p>Sprechstunde: w\u00e4hrend des Semesters, jeden Dienstag 12:00-13:00<\/p>\n","protected":false},"author":5824,"featured_media":0,"parent":859,"menu_order":212,"comment_status":"closed","ping_status":"closed","template":"","meta":{"_acf_changed":false,"footnotes":""},"categories":[55],"tags":[],"class_list":["post-4056","page","type-page","status-publish","hentry","category-mitarbeiter"],"acf":[],"_links":{"self":[{"href":"https:\/\/univet.hu\/de\/wp-json\/wp\/v2\/pages\/4056","targetHints":{"allow":["GET"]}}],"collection":[{"href":"https:\/\/univet.hu\/de\/wp-json\/wp\/v2\/pages"}],"about":[{"href":"https:\/\/univet.hu\/de\/wp-json\/wp\/v2\/types\/page"}],"author":[{"embeddable":true,"href":"https:\/\/univet.hu\/de\/wp-json\/wp\/v2\/users\/5824"}],"replies":[{"embeddable":true,"href":"https:\/\/univet.hu\/de\/wp-json\/wp\/v2\/comments?post=4056"}],"version-history":[{"count":1,"href":"https:\/\/univet.hu\/de\/wp-json\/wp\/v2\/pages\/4056\/revisions"}],"predecessor-version":[{"id":200935,"href":"https:\/\/univet.hu\/de\/wp-json\/wp\/v2\/pages\/4056\/revisions\/200935"}],"up":[{"embeddable":true,"href":"https:\/\/univet.hu\/de\/wp-json\/wp\/v2\/pages\/859"}],"wp:attachment":[{"href":"https:\/\/univet.hu\/de\/wp-json\/wp\/v2\/media?parent=4056"}],"wp:term":[{"taxonomy":"category","embeddable":true,"href":"https:\/\/univet.hu\/de\/wp-json\/wp\/v2\/categories?post=4056"},{"taxonomy":"post_tag","embeddable":true,"href":"https:\/\/univet.hu\/de\/wp-json\/wp\/v2\/tags?post=4056"}],"curies":[{"name":"wp","href":"https:\/\/api.w.org\/{rel}","templated":true}]}}