{"id":4101,"date":"2016-08-02T13:19:00","date_gmt":"2016-08-02T11:19:00","guid":{"rendered":"http:\/\/univet.hu\/universitaet\/mitarbeiter\/kis-janos\/"},"modified":"2026-02-10T04:43:48","modified_gmt":"2026-02-10T03:43:48","slug":"kis-janos","status":"publish","type":"page","link":"https:\/\/univet.hu\/de\/universitaet\/mitarbeiter\/kis-janos\/","title":{"rendered":"Kis J\u00e1nos"},"content":{"rendered":"<p><strong>Einf\u00fchrung<\/strong><\/p> <p>Ich bin Dr. J\u00e1nos Kis, leitender wissenschaftlicher Mitarbeiter der Lehrstuhl f\u00fcr Zoologie. An der Lehrstuhl unterrichte ich im Grundstudium die F\u00e4cher Verhaltensbiologie und Feldpraxis I. Im Masterstudiengang unterrichte ich die F\u00e4cher Wissenschaftliche Kommunikation und Bewerbungsschreiben, Verhaltensbiologische Methoden und Journal Club 1. Ich unterrichte naturwissenschaftliche Forschungsplanung an der \u00c1TE Doctoral School und Forschungsplanung im Aufbaustudiengang Angewandte Biostatistik. Mein Forschungsgebiet ist die \u00d6kologie und Verhaltensbiologie von Schmetterlingen.<\/p> <p>&nbsp;<\/p> <p><strong>Forschungsschwerpunkte:<\/strong><\/p> <ul> <li>Ern\u00e4hrungs\u00f6kologie<\/li> <li>Fortpflanzungsapparat<\/li> <li>Demographie bei kleinen Apollofaltern<\/li> <\/ul> <p><strong>Themenmanagement<\/strong><\/p> <p>Doktoranden: 4<\/p> <p>MSc-Studenten: 9<\/p> <p>BSc-Studierende: 6<\/p> <p>TDK-Thesen: 9<\/p> <p>&nbsp;<\/p> <p><strong>Optionale Themen f\u00fcr Abschlussarbeiten<\/strong><\/p> <p>Ein neues Thema wird voraussichtlich ab Herbst 2023 erscheinen<\/p> <p>&nbsp;<\/p> <p><strong>Fortschritt<\/strong><\/p> <p>Seit 2020 Veterin\u00e4rmedizinische Universit\u00e4t, Lehrstuhl Zoologie, leitender wissenschaftlicher Mitarbeiter<\/p> <p>2018 Habilitation, Veterin\u00e4rmedizinische Universit\u00e4t<\/p> <p>2005-2019 Veterin\u00e4rmedizinische Universit\u00e4t, Lehrstuhl \u00d6kologie, wissenschaftlicher Mitarbeiter<\/p> <p>2001-2005 Szent-Istv\u00e1n-Universit\u00e4t, Fakult\u00e4t f\u00fcr Veterin\u00e4rmedizin, Institut f\u00fcr Zoologie, wissenschaftlicher Assistent<\/p> <p>1998-2001 Universit\u00e4t f\u00fcr Veterin\u00e4rwissenschaften, Institut f\u00fcr Zoologie, wissenschaftlicher und technischer Administrator<\/p> <p>1995-1998 E\u00f6tv\u00f6s-Lor\u00e1nd-Universit\u00e4t, Doktorandenschule f\u00fcr Biologie<\/p> <p>1995 Diplom-Biologe an der E\u00f6tv\u00f6s-Lor\u00e1nd-Universit\u00e4t \u2013 Englisch-\u00dcbersetzer<\/p> <p>&nbsp;<\/p> <p><strong>Publikationsliste (Top10) <\/strong><a href=\"https:\/\/m2.mtmt.hu\/gui2\/?type=authors&amp;mode=browse&amp;sel=10002125&amp;view=simpleList\"><strong>MTMT<\/strong><\/a>\u00a0|\u00a0<a href=\"https:\/\/scholar.google.com\/citations?user=bMXZlvQAAAAJ&amp;hl=en\"><strong>Google Scholar<\/strong><\/a>\u00a0|\u00a0<a href=\"https:\/\/orcid.org\/0000-0001-9354-1292\"><strong>ORCID<\/strong><\/a><\/p> <p>Vajna, F., Szigeti, V., Harnos, A. &amp;\u00a0<strong>Kis, J.<\/strong>\u00a0(2021) A kis apoll\u00f3lepke (Parnassius mnemosyne (LINNAEUS, 1758 )) nekt\u00e1rn\u00f6v\u00e9nyfajok k\u00f6zti v\u00e1laszt\u00e1sa.\u00a0<em>\u00c1llattani K\u00f6zlem\u00e9nyek<\/em>, 106.\u00a0DOI: 10.20331\/AllKoz.2021.106.1-2.1<\/p> <p>Vajna, F.,\u00a0<strong>Kis, J.<\/strong>\u00a0&amp; Szigeti, V. (2021) Measuring proboscis length in Lepidoptera: a review.\u00a0<em>Zoomorphology<\/em>, 140, 1\u201315.\u00a0DOI: 10.1007\/s00435-020-00507-z<\/p> <p>Szigeti, V., Vajna, F., K\u0151r\u00f6si, \u00c1. &amp;\u00a0<strong>Kis, J.<\/strong>\u00a0(2020) Are all butterflies equal? Population-wise proboscis length variation predicts flower choice in a butterfly.\u00a0<em>Animal Behaviour<\/em>, 163, 135\u2013143.\u00a0DOI: 10.1016\/j.anbehav.2020.03.008<\/p> <p>Szigeti, V., K\u0151r\u00f6si, \u00c1., Harnos, A. &amp;\u00a0<strong>Kis, J.<\/strong>\u00a0(2019) Lifelong foraging and individual specialisation are influenced by temporal changes of resource availability.\u00a0<em>Oikos<\/em>, 128, 649\u2013658.\u00a0DOI: 10.1111\/oik.05400<\/p> <p>Szigeti, V., K\u0151r\u00f6si, \u00c1., Harnos, A. &amp;\u00a0<strong>Kis, J.<\/strong>\u00a0(2018) Temporal changes in floral resource availability and flower visitation in a butterfly.\u00a0<em>Arthropod-Plant Interactions<\/em>, 12, 177\u2013189.\u00a0DOI: 10.1007\/s11829-017-9585-6<\/p> <p>Szigeti, V., K\u0151r\u00f6si, \u00c1., Harnos, A., Nagy, J. &amp;\u00a0<strong>Kis, J.<\/strong>\u00a0(2016) Measuring floral resource availability for insect pollinators in temperate grasslands \u2013 a review.\u00a0<em>Ecological Entomology<\/em>, 41, 231\u2013240.\u00a0 DOI: 10.1111\/een.12298<\/p> <p>B\u00f3kony, V., Liker, A., Sz\u00e9kely, T. &amp;\u00a0<strong>Kis, J.<\/strong>\u00a0(2003) Melanin-based plumage coloration and flight displays in plovers and allies.\u00a0<em>Proceedings. Biological sciences \/ The Royal Society<\/em>, 270, 2491\u20137.\u00a0DOI: 10.1098\/rspb.2003.2506<\/p> <p>Blomqvist, D., Andersson, M., K\u00fcpper, C., Cuthill, I.C.,\u00a0<strong>Kis, J.<\/strong>, Lanctot, R.B., Sandercock, B.K., Sz\u00e9kely, T., Wallander, J. &amp; Kempenaers, B. (2002) Genetic similarity between mates and extra-pair parentage in three species of shorebirds.\u00a0<em>Nature<\/em>, 419, 613\u2013615.\u00a0DOI: 10.1038\/nature01104<\/p> <p><strong>Kis, J.<\/strong>, Liker, A. &amp; Sz\u00e9kely, T. (2000) Nest defence by Lapwings: observations on natural behaviour and an experiment.\u00a0<em>Ardea<\/em>, 88, 155\u2013163.\u00a0WoS: 000165527100004<\/p> <p>Sz\u00e9kely, T., Cuthill, I.C. &amp;\u00a0<strong>Kis, J.<\/strong>\u00a0(1999) Brood desertion in Kentish polver: sex differences in remating opportunities.\u00a0<em>Behavioral Ecology<\/em>, 10, 185\u2013190.\u00a0DOI: 10.1093\/beheco\/10.2.185<\/p> <p><a href=\"http:\/\/www.univet.hu\/users\/jkis\/index_hu.html\" target=\"_blank\" rel=\"noopener\" data-replaced=\"true\">Eigene homepage<\/a><\/p>","protected":false},"excerpt":{"rendered":"<p>Einf\u00fchrung Ich bin Dr. J\u00e1nos Kis, leitender wissenschaftlicher Mitarbeiter der Lehrstuhl f\u00fcr Zoologie. An der Lehrstuhl unterrichte ich im Grundstudium die F\u00e4cher Verhaltensbiologie und Feldpraxis I. Im Masterstudiengang unterrichte ich die F\u00e4cher Wissenschaftliche Kommunikation und Bewerbungsschreiben, Verhaltensbiologische Methoden und Journal Club 1. Ich unterrichte naturwissenschaftliche Forschungsplanung an der \u00c1TE Doctoral School und Forschungsplanung im Aufbaustudiengang<\/p>\n","protected":false},"author":5824,"featured_media":0,"parent":859,"menu_order":210,"comment_status":"closed","ping_status":"closed","template":"","meta":{"_acf_changed":false,"footnotes":""},"categories":[55],"tags":[],"class_list":["post-4101","page","type-page","status-publish","hentry","category-mitarbeiter"],"acf":[],"_links":{"self":[{"href":"https:\/\/univet.hu\/de\/wp-json\/wp\/v2\/pages\/4101","targetHints":{"allow":["GET"]}}],"collection":[{"href":"https:\/\/univet.hu\/de\/wp-json\/wp\/v2\/pages"}],"about":[{"href":"https:\/\/univet.hu\/de\/wp-json\/wp\/v2\/types\/page"}],"author":[{"embeddable":true,"href":"https:\/\/univet.hu\/de\/wp-json\/wp\/v2\/users\/5824"}],"replies":[{"embeddable":true,"href":"https:\/\/univet.hu\/de\/wp-json\/wp\/v2\/comments?post=4101"}],"version-history":[{"count":1,"href":"https:\/\/univet.hu\/de\/wp-json\/wp\/v2\/pages\/4101\/revisions"}],"predecessor-version":[{"id":200699,"href":"https:\/\/univet.hu\/de\/wp-json\/wp\/v2\/pages\/4101\/revisions\/200699"}],"up":[{"embeddable":true,"href":"https:\/\/univet.hu\/de\/wp-json\/wp\/v2\/pages\/859"}],"wp:attachment":[{"href":"https:\/\/univet.hu\/de\/wp-json\/wp\/v2\/media?parent=4101"}],"wp:term":[{"taxonomy":"category","embeddable":true,"href":"https:\/\/univet.hu\/de\/wp-json\/wp\/v2\/categories?post=4101"},{"taxonomy":"post_tag","embeddable":true,"href":"https:\/\/univet.hu\/de\/wp-json\/wp\/v2\/tags?post=4101"}],"curies":[{"name":"wp","href":"https:\/\/api.w.org\/{rel}","templated":true}]}}