{"id":4110,"date":"2016-09-26T15:18:00","date_gmt":"2016-09-26T13:18:00","guid":{"rendered":"http:\/\/univet.hu\/universitaet\/mitarbeiter\/kiss-david-sandor\/"},"modified":"2026-02-10T04:43:49","modified_gmt":"2026-02-10T03:43:49","slug":"kiss-david-sandor","status":"publish","type":"page","link":"https:\/\/univet.hu\/de\/universitaet\/mitarbeiter\/kiss-david-sandor\/","title":{"rendered":"Kiss D\u00e1vid S\u00e1ndor"},"content":{"rendered":"<h4>Einf\u00fchrung<\/h4> <p><strong><span class=\"VIiyi\" lang=\"de\"><span class=\"JLqJ4b ChMk0b\" data-language-for-alternatives=\"de\" data-language-to-translate-into=\"hu\" data-phrase-index=\"0\" data-number-of-phrases=\"1\"><span class=\"Q4iAWc\">Forschungst\u00e4tigkeit<\/span><\/span><\/span><\/strong><\/p> <table> <tbody> <tr> <td>2004-2007<\/td> <td>Investigation of the mechanism of action of the calpain family of proteins in the hippocampus by electrophysiological and electron microscopic methods.<\/td> <\/tr> <tr> <td>2007-<\/td> <td>Cellular mechanisms of hypothalamic controlling of food intake and reproductive processes. Investigation of the distribution of mGluR1\u03b1 receptors expressed in parvalbumin cells of hippocampal CA1 \/ 2\/3.<\/td> <\/tr> <tr> <td>2009-<\/td> <td>Regulation of hypothalamic neuronal energy levels: The role of NTPDases as potential energy regulator in positive gonadotropin feedback.<\/td> <\/tr> <tr> <td>2011<\/td> <td>Serotonergic neural pathways in the central nervous system of rodents.<\/td> <\/tr> <tr> <td>2011<\/td> <td>Development of novel methods for the analyzing mitochondrial metabolism of small brain samples.<\/td> <\/tr> <tr> <td>2012-<\/td> <td>Investigation of metabolic asymmetry of the hypothalamus.<\/td> <\/tr> <tr> <td>2012-<\/td> <td>Investigation of the effects of endocrine disruptors on the expression of estrogen and thyroid hormone receptors in cerebral and hypothalamic areas in developing rodents.<\/td> <\/tr> <tr> <td>2014-<\/td> <td>Changes in the hormone-receptor relationship during hepatic encephalopathy in the developing nervous system.<\/td> <\/tr> <tr> <td>2014-<\/td> <td>Head of Neurophysiology, Neuromorphology Research Group (Dept. of Physiology and Biochemistry, University of Veterinary Medicine Budapest)<\/td> <\/tr> <tr> <td>2015-<\/td> <td>Investigation of the role of hypothalamic asymmetry in the regulation of GnRH.<\/td> <\/tr> <tr> <td>2016-<\/td> <td>Role of astrocytes in the development of hepatic encephalopathy<\/td> <\/tr> <\/tbody> <\/table> <p><strong>\u00a0<\/strong><\/p> <p><strong><span class=\"VIiyi\" lang=\"de\"><span class=\"JLqJ4b ChMk0b\" data-language-for-alternatives=\"de\" data-language-to-translate-into=\"hu\" data-phrase-index=\"0\" data-number-of-phrases=\"1\"><span class=\"Q4iAWc\">Ausbildung<\/span><\/span><\/span><\/strong><\/p> <table width=\"602\"> <tbody> <tr> <td style=\"width: 39.8667px\">2007<\/td> <td style=\"width: 239.8px\"><span class=\"VIiyi\" lang=\"de\"><span class=\"JLqJ4b ChMk0b\" data-language-for-alternatives=\"de\" data-language-to-translate-into=\"en\" data-phrase-index=\"0\" data-number-of-phrases=\"1\"><span class=\"Q4iAWc\">E\u00f6tv\u00f6s Lor\u00e1nd Universit\u00e4t (Budapest), Naturwissenschaftliche Fakult\u00e4t<\/span><\/span><\/span><\/td> <td style=\"width: 301px\">Diplomarbeit, <span class=\"VIiyi\" lang=\"de\"><span class=\"JLqJ4b ChMk0b\" data-language-for-alternatives=\"de\" data-language-to-translate-into=\"en\" data-phrase-index=\"1\" data-number-of-phrases=\"2\"><span class=\"Q4iAWc\">MSc in Biologie (Spezialisierung in Neurowissenschaften und Humanbiologie)<\/span><\/span><\/span><\/td> <\/tr> <tr> <td style=\"width: 39.8667px\">2012<\/td> <td style=\"width: 239.8px\"><span class=\"VIiyi\" lang=\"de\"><span class=\"JLqJ4b ChMk0b\" data-language-for-alternatives=\"de\" data-language-to-translate-into=\"en\" data-phrase-index=\"0\" data-number-of-phrases=\"1\"><span class=\"Q4iAWc\">Szent Istv\u00e1n Universit\u00e4t (Budapest), Veterin\u00e4rmedizinische <\/span><\/span><\/span><span class=\"VIiyi\" lang=\"de\"><span class=\"JLqJ4b ChMk0b\" data-language-for-alternatives=\"de\" data-language-to-translate-into=\"en\" data-phrase-index=\"0\" data-number-of-phrases=\"1\"><span class=\"Q4iAWc\">Fakult\u00e4t <\/span><\/span><\/span><\/td> <td style=\"width: 301px\"><span class=\"VIiyi\" lang=\"de\"><span class=\"JLqJ4b ChMk0b\" data-language-for-alternatives=\"de\" data-language-to-translate-into=\"en\" data-phrase-index=\"0\" data-number-of-phrases=\"2\"><span class=\"Q4iAWc\">Postgradualer Abschluss;<\/span><\/span> <span class=\"JLqJ4b ChMk0b\" data-language-for-alternatives=\"de\" data-language-to-translate-into=\"en\" data-phrase-index=\"1\" data-number-of-phrases=\"2\"><span class=\"Q4iAWc\">Experimenteller Toxikologe<\/span><\/span><\/span><\/td> <\/tr> <tr> <td style=\"width: 39.8667px\">2013<\/td> <td style=\"width: 239.8px\">Szent Istv\u00e1n <span class=\"VIiyi\" lang=\"de\"><span class=\"JLqJ4b ChMk0b\" data-language-for-alternatives=\"de\" data-language-to-translate-into=\"en\" data-phrase-index=\"0\" data-number-of-phrases=\"1\"><span class=\"Q4iAWc\">Universit\u00e4t<\/span><\/span><\/span> (Budapest), <span class=\"VIiyi\" lang=\"de\"><span class=\"JLqJ4b ChMk0b\" data-language-for-alternatives=\"de\" data-language-to-translate-into=\"en\" data-phrase-index=\"0\" data-number-of-phrases=\"1\"><span class=\"Q4iAWc\">Veterin\u00e4rmedizinische <\/span><\/span><\/span><span class=\"VIiyi\" lang=\"de\"><span class=\"JLqJ4b ChMk0b\" data-language-for-alternatives=\"de\" data-language-to-translate-into=\"en\" data-phrase-index=\"0\" data-number-of-phrases=\"1\"><span class=\"Q4iAWc\">Fakult\u00e4t<\/span><\/span><\/span>, <span class=\"VIiyi\" lang=\"de\"><span class=\"JLqJ4b ChMk0b\" data-language-for-alternatives=\"de\" data-language-to-translate-into=\"en\" data-phrase-index=\"0\" data-number-of-phrases=\"1\"><span class=\"Q4iAWc\">Veterin\u00e4rmedizinische Doktoratsschule<\/span><\/span><\/span><\/td> <td style=\"width: 301px\"><span class=\"VIiyi\" lang=\"de\"><span class=\"JLqJ4b ChMk0b\" data-language-for-alternatives=\"de\" data-language-to-translate-into=\"hu\" data-phrase-index=\"0\" data-number-of-phrases=\"2\"><span class=\"Q4iAWc\">Doktorgrad;<\/span><\/span> <span class=\"JLqJ4b ChMk0b\" data-language-for-alternatives=\"de\" data-language-to-translate-into=\"hu\" data-phrase-index=\"1\" data-number-of-phrases=\"2\"><span class=\"Q4iAWc\">PhD in Veterin\u00e4rwissenschaften<\/span><\/span><\/span><\/td> <\/tr> <\/tbody> <\/table> <p><strong>\u00a0<\/strong><\/p> <p><strong><span class=\"VIiyi\" lang=\"de\"><span class=\"JLqJ4b ChMk0b\" data-language-for-alternatives=\"de\" data-language-to-translate-into=\"hu\" data-phrase-index=\"0\" data-number-of-phrases=\"1\"><span class=\"Q4iAWc\">Positionen<\/span><\/span><\/span><\/strong><\/p> <table width=\"602\"> <tbody> <tr> <td>2007-2015-<\/td> <td>Szent Istv\u00e1n University, Faculty of Veterinary Science, Department of Physiology and Biochemistry<\/td> <td>Research fellow<\/td> <\/tr> <tr> <td>2015-2016<\/td> <td>Szent Istv\u00e1n University, Faculty of Veterinary Science, Department of Physiology and Biochemistry<\/td> <td>Senior lecturer<\/td> <\/tr> <tr> <td>2016-2019<\/td> <td>University of Veterinary Medicine Budapest, Department of Physiology and Biochemistry<\/td> <td>Senior lecturer<\/td> <\/tr> <tr> <td>2019-<\/td> <td>University of Veterinary Medicine Budapest, Department of Physiology and Biochemistry<\/td> <td>Associate professor<\/td> <\/tr> <\/tbody> <\/table> <p><strong>\u00a0<\/strong><\/p> <p><strong><span class=\"VIiyi\" lang=\"de\"><span class=\"JLqJ4b ChMk0b\" data-language-for-alternatives=\"de\" data-language-to-translate-into=\"hu\" data-phrase-index=\"0\" data-number-of-phrases=\"1\"><span class=\"Q4iAWc\">Lehrt\u00e4tigkeiten<\/span><\/span><\/span><\/strong><\/p> <table> <tbody> <tr> <td>2007-<\/td> <td><span class=\"VIiyi\" lang=\"de\"><span class=\"JLqJ4b ChMk0b\" data-language-for-alternatives=\"de\" data-language-to-translate-into=\"hu\" data-phrase-index=\"0\" data-number-of-phrases=\"1\"><span class=\"Q4iAWc\">Veterin\u00e4rphysiologische Praktika und Vorlesungen (Ungarisch, Deutsch, Englisch)<br \/> <\/span><\/span><\/span><\/td> <\/tr> <tr> <td>2008-<\/td> <td><span class=\"VIiyi\" lang=\"de\"><span class=\"JLqJ4b ChMk0b\" data-language-for-alternatives=\"de\" data-language-to-translate-into=\"hu\" data-phrase-index=\"0\" data-number-of-phrases=\"1\"><span class=\"Q4iAWc\">Vergleichende Physiologie f\u00fcr BSc-Biologiestudenten<\/span><\/span><\/span><\/td> <\/tr> <tr> <td>2010-<\/td> <td><span class=\"VIiyi\" lang=\"de\"><span class=\"JLqJ4b ChMk0b\" data-language-for-alternatives=\"de\" data-language-to-translate-into=\"hu\" data-phrase-index=\"0\" data-number-of-phrases=\"1\"><span class=\"Q4iAWc\">Physiologie- und Biochemie-Vorlesungen im Postgraduiertenprogramm f\u00fcr experimentelle Toxikologen<\/span><\/span><\/span><\/td> <\/tr> <tr> <td>2013-<\/td> <td><span class=\"VIiyi\" lang=\"de\"><span class=\"JLqJ4b ChMk0b\" data-language-for-alternatives=\"de\" data-language-to-translate-into=\"hu\" data-phrase-index=\"0\" data-number-of-phrases=\"1\"><span class=\"Q4iAWc\">Mitglied der Doktoratsschule f\u00fcr Veterin\u00e4rmedizin, Veterin\u00e4rmedizinische Universit\u00e4t Budapest<\/span><\/span><\/span><\/td> <\/tr> <tr> <td>2016-<\/td> <td><span class=\"VIiyi\" lang=\"de\"><span class=\"JLqJ4b ChMk0b\" data-language-for-alternatives=\"de\" data-language-to-translate-into=\"hu\" data-phrase-index=\"0\" data-number-of-phrases=\"1\"><span class=\"Q4iAWc\">Wahlfach Paleotierphysiologie (Englisch)<\/span><\/span><\/span><\/td> <\/tr> <tr> <td>2017-<\/td> <td><span class=\"VIiyi\" lang=\"de\"><span class=\"JLqJ4b ChMk0b\" data-language-for-alternatives=\"de\" data-language-to-translate-into=\"hu\" data-phrase-index=\"0\" data-number-of-phrases=\"1\"><span class=\"Q4iAWc\">Postgradualer Gefl\u00fcgeltierarzt-Ausbildungskurs (Ungarisch)<br \/> <\/span><\/span><\/span><\/td> <\/tr> <tr> <td>2018-<\/td> <td><span class=\"VIiyi\" lang=\"de\"><span class=\"JLqJ4b ChMk0b\" data-language-for-alternatives=\"de\" data-language-to-translate-into=\"hu\" data-phrase-index=\"0\" data-number-of-phrases=\"1\"><span class=\"Q4iAWc\">Radiologie f\u00fcr Tier\u00e4rzte (Ungarisch, Englisch)<br \/> <\/span><\/span><\/span><\/td> <\/tr> <tr> <td>2020-<\/td> <td><span class=\"VIiyi\" lang=\"de\"><span class=\"JLqJ4b ChMk0b\" data-language-for-alternatives=\"de\" data-language-to-translate-into=\"hu\" data-phrase-index=\"0\" data-number-of-phrases=\"1\"><span class=\"Q4iAWc\">Wahlfach Umweltphysiologie (Englisch)<br \/> <\/span><\/span><\/span><\/td> <\/tr> <\/tbody> <\/table> <p><strong>\u00a0<\/strong><\/p> <p><strong><span class=\"VIiyi\" lang=\"de\"><span class=\"JLqJ4b ChMk0b\" data-language-for-alternatives=\"de\" data-language-to-translate-into=\"hu\" data-phrase-index=\"0\" data-number-of-phrases=\"1\"><span class=\"Q4iAWc\">Mitgliedschaften<\/span><\/span><\/span><\/strong><\/p> <table width=\"403\"> <tbody> <tr> <td>2002-2008<\/td> <td>Hungarian Biological Societ Society<\/td> <\/tr> <tr> <td>2007-<\/td> <td>Hungarian Neuroscience Societ Society<\/td> <\/tr> <tr> <td>2007-<\/td> <td>Hungarian Physiological Societ Society<\/td> <\/tr> <tr> <td>2016-<\/td> <td>Friendly Association of Descendants from J\u00e1szf\u00e9nyszaru (2021 &#8211; vice president)<\/td> <\/tr> <\/tbody> <\/table> <p><strong>\u00a0<\/strong><\/p> <p><strong><span class=\"VIiyi\" lang=\"en\"><span class=\"JLqJ4b ChMk0b\" data-language-for-alternatives=\"en\" data-language-to-translate-into=\"hu\" data-phrase-index=\"0\" data-number-of-phrases=\"1\"><span class=\"VIiyi\" lang=\"de\"><span class=\"Q4iAWc\">Anzahl der bisherigen Abschlussarbeiten \/ TDK-Studenten<\/span><\/span><\/span><\/span><\/strong><\/p> <p>29<\/p> <table width=\"569\"> <tbody> <tr> <td colspan=\"2\" width=\"569\"><strong>PhD-Studenten<\/strong><\/td> <\/tr> <tr> <td width=\"281\">2<\/td> <td width=\"288\"><\/td> <\/tr> <\/tbody> <\/table> <p><strong><span class=\"VIiyi\" lang=\"en\"><span class=\"JLqJ4b ChMk0b\" data-language-for-alternatives=\"en\" data-language-to-translate-into=\"hu\" data-phrase-index=\"0\" data-number-of-phrases=\"1\">Publikationsliste <\/span><\/span>(Top10)<\/strong><\/p> <p>MTMT: 10023247 (<a href=\"https:\/\/m2.mtmt.hu\/gui2\/?type=authors&amp;mode=browse&amp;sel=10023247\">https:\/\/m2.mtmt.hu\/gui2\/?type=authors&amp;mode=browse&amp;sel=10023247<\/a>)<\/p> <ol> <li>Vilagi I., Kiss DS., Farkas A., Borbely S., Halasy K., Banoczi Z., Hudecz F., Friedrich P.: <strong>Synthetic calpain activator boosts neuronal excitability without extra Ca2+<\/strong>, Molecular and Cellular Neurosci., 38(4):629-36, 2008. (IF: 3,840)<\/li> <li>Toth I., Kiss DS., Goszleth G., Bartha T., Frenyo VL., Naftolin F., Horvath TL., Zsarnovszky A.: <strong>Hypothalamic Sidedness in Mitochondrial Metabolism: New Perspectives<\/strong>, <em>Reprod Sci.<\/em> 21(12):1492-8, 2014. (IF: 2.230)<\/li> <li>Toth I., Kiss DS., Jocsak G., Somogyi V., Toronyi E., Bartha T., Frenyo VL., Horvath TL., Zsarnovszky A.: <strong>Estrogen- and Satiety State-Dependent Metabolic Lateralization in the Hypothalamus of Female Rats<\/strong>, <em>PLoSONE<\/em>, 10(9):e0137462, 2015. (IF: 3.234)<\/li> <li>Kiss DS., Toth I., Jocsak G., Sterczer A., Bartha T., Frenyo VL., Zsarnovszky A.: <strong>Preparation of purified perikaryal and synaptosomal mitochondrial fractions from relatively small hypothalamic brain samples<\/strong>, <em>MethodsX, <\/em>3:417\u2013429, 2016. (IF: 1.34)<\/li> <li>Jocsak G., Kiss DS., Toth I., Goszleth G., Bartha T., Frenyo LV., Horvath TL., Zsarnovszky A.: <strong>Comparison of Individual and Combined Effects of Four Endocrine Disruptors on Estrogen Receptor Beta Transcription in Cerebellar Cell Culture: The Modulatory Role of Estradiol and Triiodo-Thyronine<\/strong>, <em>Int J Environ Res Public Health<\/em>, 13(6). pii: E619. doi: 10.3390\/ijerph13060619., 2016. (IF: 2.035)<\/li> <li>Zsarnovszky A., Kiss DS., Jocsak G., Nemeth G.; Toth I., Horvath TL.: <strong>Thyroid hormone- and estrogen receptor interactions with natural ligands and endocrine disruptors in the cerebellum<\/strong>, <em>Frontiers in Neuroendocrinology,<\/em> 48:23-36, 2018. (IF: 9.425)<\/li> <li>Kiss DS., Ioja E., Toth I., Barany Z., Jocsak G., Bartha T., Horvath TL., Zsarnovszky A.: <strong>Comparative analysis of zearalenone effects on thyroid receptor alpha (TR\u03b1) and beta (TR\u03b2) expression in rat primary cerebellar cell cultures<\/strong>, <em>International Journal of Molecular Sciences, <\/em>19(5). pii: E1440. doi: 10.3390\/ijms19051440, 2018. (IF: 3.226)<\/li> <li>Jocsak G., Ioja E, Kiss DS., Toth I., Barany Z., Bartha T., Frenyo VL., Zsarnovszky A.: <strong>Endocrine Disruptors Induced Distinct Expression of Thyroid and Estrogen Receptors in Rat versus Mouse Primary Cerebellar Cell Cultures<\/strong>, Brain Sci., 9(12), 359, 2019. (IF: 2.786)<\/li> <li>Kiss DS., Toth I., Jocsak G., Barha T., Frenyo VL., Barany Z., Horvath TL., Zsarnovszky A.: <strong>Metabolic lateralization in the hypothalamus of male rats related to reproductive and satiety states<\/strong>. Reprod Sci., DOI: 10.1007\/s43032-019-00131-3, 2020. (IF: 2.559)<\/li> <li>Kiss DS., Toth I., Jocsak G., Barany Z., Barha T., Frenyo VL., Horvath TL., Zsarnovszky A..: <strong>Functional aspects of hypothalamic asymmetry<\/strong>. Brain Sci., 10(6),389, DOI: 10.3390\/brainsci10060389, 2020. (IF: 3.332)<\/li> <\/ol> <p>&nbsp;<\/p>","protected":false},"excerpt":{"rendered":"<p>Einf\u00fchrung Forschungst\u00e4tigkeit 2004-2007 Investigation of the mechanism of action of the calpain family of proteins in the hippocampus by electrophysiological and electron microscopic methods. 2007- Cellular mechanisms of hypothalamic controlling of food intake and reproductive processes. Investigation of the distribution of mGluR1\u03b1 receptors expressed in parvalbumin cells of hippocampal CA1 \/ 2\/3. 2009- Regulation of<\/p>\n","protected":false},"author":5824,"featured_media":0,"parent":859,"menu_order":210,"comment_status":"closed","ping_status":"closed","template":"","meta":{"_acf_changed":false,"footnotes":""},"categories":[55],"tags":[],"class_list":["post-4110","page","type-page","status-publish","hentry","category-mitarbeiter"],"acf":[],"_links":{"self":[{"href":"https:\/\/univet.hu\/de\/wp-json\/wp\/v2\/pages\/4110","targetHints":{"allow":["GET"]}}],"collection":[{"href":"https:\/\/univet.hu\/de\/wp-json\/wp\/v2\/pages"}],"about":[{"href":"https:\/\/univet.hu\/de\/wp-json\/wp\/v2\/types\/page"}],"author":[{"embeddable":true,"href":"https:\/\/univet.hu\/de\/wp-json\/wp\/v2\/users\/5824"}],"replies":[{"embeddable":true,"href":"https:\/\/univet.hu\/de\/wp-json\/wp\/v2\/comments?post=4110"}],"version-history":[{"count":3,"href":"https:\/\/univet.hu\/de\/wp-json\/wp\/v2\/pages\/4110\/revisions"}],"predecessor-version":[{"id":186903,"href":"https:\/\/univet.hu\/de\/wp-json\/wp\/v2\/pages\/4110\/revisions\/186903"}],"up":[{"embeddable":true,"href":"https:\/\/univet.hu\/de\/wp-json\/wp\/v2\/pages\/859"}],"wp:attachment":[{"href":"https:\/\/univet.hu\/de\/wp-json\/wp\/v2\/media?parent=4110"}],"wp:term":[{"taxonomy":"category","embeddable":true,"href":"https:\/\/univet.hu\/de\/wp-json\/wp\/v2\/categories?post=4110"},{"taxonomy":"post_tag","embeddable":true,"href":"https:\/\/univet.hu\/de\/wp-json\/wp\/v2\/tags?post=4110"}],"curies":[{"name":"wp","href":"https:\/\/api.w.org\/{rel}","templated":true}]}}