{"id":41367,"date":"2019-07-26T11:31:38","date_gmt":"2019-07-26T09:31:38","guid":{"rendered":"https:\/\/univet.hu\/?page_id=41367"},"modified":"2019-07-26T11:31:38","modified_gmt":"2019-07-26T09:31:38","slug":"patientenaufnahme","status":"publish","type":"page","link":"https:\/\/univet.hu\/de\/kliniken\/kleintierklinik\/chirurgie\/patientenaufnahme\/","title":{"rendered":"Patientenaufnahme"},"content":{"rendered":"<h3>Patientenaufnahme<\/h3> <p>Ein Teil unserer Patienten kommt ohne \u00dcberweisung. Sie werden von der chirurgischen Ambulanz empfangen, wo die Tiere untersucht bzw. Behandlungen oder weitere Untersuchungen vorgeschlagen werden. Andere Tiere wurden von externen Tier\u00e4rzten f\u00fcr spezielle Untersuchungen oder Behandlungen zu uns \u00fcberwiesen.<\/p> <p>Beim Eintreffen muss man sich mit dem Tier an der Rezeption der Klinik anmelden. Bei neuen Patienten werden zur Registrierung die Angaben \u00fcber das Tier (<strong>Impfpass!)<\/strong> und der <strong>Personalausweis<\/strong> des Tierhalters ben\u00f6tigt. Falls das Tier schon fr\u00fcher einmal bei uns in Behandlung war, reicht es, die Registrationsnummer der Universit\u00e4t (den sogenannte Tiercode) anzugeben. Wenn das Tier von einem Tierarzt \u00fcberwiesen wurde, wird <strong>der Name und die Telefonnummer des \u00fcberweisenden Kollegen<\/strong> notiert, f\u00fcr eventuelle Konsultationen. Auch fr\u00fchere Befunde (Laborwerte, R\u00f6ntgen, Ultraschall usw.) k\u00f6nnen von Bedeutung sein, es lohnt sich, sie mitzubringen. Falls bei der Aufnahme das <strong>Gewicht des Tieres<\/strong> nicht bekannt ist, wird es von uns gewogen. Eine telefonische Terminabsprache ist unter der Nummer 06-1-478-4197 m\u00f6glich. Patienten, die einen Termin vereinbart haben, werden in der Regel fr\u00fcher aufgerufen.<\/p> <h3><strong>Tagesablauf<\/strong><\/h3> <p>Die t\u00e4gliche Arbeit in der Klinik beginnt mit der <strong>Morgenvisite. <\/strong>Die Veterin\u00e4rmediziner der Klinik besprechen die F\u00e4lle des vorigen Tages, beurteilen die angefertigten R\u00f6ntgenaufnahmen und vereinbaren die Behandlung der station\u00e4ren Patienten f\u00fcr den jeweiligen Tag. Bei der Visite werden auch die an diesem Tag anstehenden diagnostischen Verfahren und Operationen festgelegt. In der Fachpraxis f\u00fcr Chirurgie beginnt die Sprechstunde um 9 Uhr. Die Untersuchungen und die Aufnahme der Tiere, die einen Eingriff ben\u00f6tigen, wird kontinuierlich in drei R\u00e4umen durchgef\u00fchrt. Mit den geplanten Operationen wird in der Regel um 10 Uhr begonnen. Tiere, die keine station\u00e4re Behandlung ben\u00f6tigen, werden nach der Operation gegen 15-16 Uhr entlassen und dem Tierhalter zur\u00fcckgegeben. Patienten, die keinen Termin vorher abgesprochen haben, werden vom diensthabenden Chirurg versorgt. Weitere Informationen \u00fcber die Fachpraxen finden Sie unten.<\/p> <p>An Wochentagen steht ein chirurgischer Bereitschaftsdienst von 16-20 Uhr, am Wochenende und an Feiertagen von morgens um 9 Uhr bis 20 Uhr f\u00fcr angemeldete Patienten oder Notf\u00e4lle zur Verf\u00fcgung. Jeden Abend wird von 20 Uhr abends bis 8 Uhr morgens ein <strong>Nachtdienst<\/strong> ausschlie\u00dflich f\u00fcr Hunde und Katzen, bei denen eine notfallmedizinische Behandlung notwendig ist, gegen einen Aufschlag angeboten, dieser wird um den Bereitschaftsdienst (bei Bedarf werde die Tier\u00e4rzte in die Klinik gerufen) erg\u00e4nzt.<\/p> <h3><strong>Beschwerden und Anmerkungen<\/strong><\/h3> <p>Der f\u00fcr die Beschwerden der Tierbesitzer zust\u00e4ndige Leiter ist Prof. Dr. Tibor N\u00e9meth, Universit\u00e4tsprofessor, Lehrstuhlleiter. E-Mail: <a class=\"decrypt\" rel=\"ofnfui\/ujcpsAvojwfu\/iv\" href=\"javascript:void(0);\">[Click to see email]<\/a><\/p>","protected":false},"excerpt":{"rendered":"<p>Patientenaufnahme Ein Teil unserer Patienten kommt ohne \u00dcberweisung. Sie werden von der chirurgischen Ambulanz empfangen, wo die Tiere untersucht bzw. Behandlungen oder weitere Untersuchungen vorgeschlagen werden. Andere Tiere wurden von externen Tier\u00e4rzten f\u00fcr spezielle Untersuchungen oder Behandlungen zu uns \u00fcberwiesen. Beim Eintreffen muss man sich mit dem Tier an der Rezeption der Klinik anmelden. Bei<\/p>\n","protected":false},"author":7,"featured_media":0,"parent":18642,"menu_order":137,"comment_status":"closed","ping_status":"closed","template":"","meta":{"_acf_changed":false,"footnotes":""},"categories":[],"tags":[],"class_list":["post-41367","page","type-page","status-publish","hentry"],"acf":[],"_links":{"self":[{"href":"https:\/\/univet.hu\/de\/wp-json\/wp\/v2\/pages\/41367","targetHints":{"allow":["GET"]}}],"collection":[{"href":"https:\/\/univet.hu\/de\/wp-json\/wp\/v2\/pages"}],"about":[{"href":"https:\/\/univet.hu\/de\/wp-json\/wp\/v2\/types\/page"}],"author":[{"embeddable":true,"href":"https:\/\/univet.hu\/de\/wp-json\/wp\/v2\/users\/7"}],"replies":[{"embeddable":true,"href":"https:\/\/univet.hu\/de\/wp-json\/wp\/v2\/comments?post=41367"}],"version-history":[{"count":0,"href":"https:\/\/univet.hu\/de\/wp-json\/wp\/v2\/pages\/41367\/revisions"}],"up":[{"embeddable":true,"href":"https:\/\/univet.hu\/de\/wp-json\/wp\/v2\/pages\/18642"}],"wp:attachment":[{"href":"https:\/\/univet.hu\/de\/wp-json\/wp\/v2\/media?parent=41367"}],"wp:term":[{"taxonomy":"category","embeddable":true,"href":"https:\/\/univet.hu\/de\/wp-json\/wp\/v2\/categories?post=41367"},{"taxonomy":"post_tag","embeddable":true,"href":"https:\/\/univet.hu\/de\/wp-json\/wp\/v2\/tags?post=41367"}],"curies":[{"name":"wp","href":"https:\/\/api.w.org\/{rel}","templated":true}]}}