{"id":41380,"date":"2019-07-26T11:45:10","date_gmt":"2019-07-26T09:45:10","guid":{"rendered":"https:\/\/univet.hu\/?page_id=41380"},"modified":"2019-07-26T11:45:48","modified_gmt":"2019-07-26T09:45:48","slug":"fachpraxen","status":"publish","type":"page","link":"https:\/\/univet.hu\/de\/kliniken\/kleintierklinik\/chirurgie\/fachpraxen\/","title":{"rendered":"Fachpraxen"},"content":{"rendered":"<h3><strong>R\u00f6ntgendiagnostik<\/strong><\/h3> <p>Die Abteilung f\u00fcr Radiologie ist an Werktagen von 9-15 Uhr ge\u00f6ffnet. Eine R\u00f6ntgenuntersuchung ist in den folgenden F\u00e4llen m\u00f6glich:<\/p> <ul> <li>ein Tierarzt unserer Klinik fordert die Untersuchung an<\/li> <li>ein externer Tierarzt fordert die Untersuchung an:<br \/> In der Regel werden die \u00fcberweisenden Kollegen gebeten, in ihrer \u00dcberweisung eindeutig anzugeben, ob eine weitere umfassende Untersuchung (und Behandlung) des Tieres erbeten wird oder nur eine R\u00f6ntgenaufnahme. Falls die Behandlung von uns \u00fcbernommen werden soll, muss das Tier vom diensthabenden Tierarzt unserer Klinik vor dem R\u00f6ntgen klinisch untersucht werden, im weiteren Verlauf wird das Tier dann von ihm versorgt. Wenn der Kollege, der das Tier \u00fcberwiesen hat, nur eine R\u00f6ntgenaufnahme m\u00f6chte, muss im Begleitformular genau angegeben werden, welche Art von Aufnahme ben\u00f6tigt wird. In diesem Fall \u00fcberbringt der Tierbesitzer den schriftlichen Befund. (Bei Bedarf k\u00f6nnen wir die R\u00f6ntgenaufnahme auch per E-Mail verschicken, und wir stehen auch f\u00fcr weitere Konsultationen zur Verf\u00fcgung.)<\/li> <li>der Tierbesitzer fordert die Untersuchung an:<\/li> <\/ul> <p>Wir bitten die Tierhalter, die Radiologie nur mit einer \u00dcberweisung eines Tierarztes der Universit\u00e4tsklinik oder eines externen Kollegen aufzusuchen, eine Ausnahme bilden Vorsorgeuntersuchungen f\u00fcr H\u00fcft- und Ellenbogendysplasie.<\/p> <p>Oft haben die Tierbesitzer ihre eigenen Vorstellungen \u00fcber die erforderliche R\u00f6ntgenaufnahme (\u201eIch h\u00e4tte gern eine Aufnahme vom Bein.\u201c), das ist aber oft nicht fachlich fundiert oder das Tier braucht weitere Untersuchungen. Ein Tierarzt sollte in jedem Fall den \u00dcberblick haben, die Untersuchungsergebnisse zusammenfassen und eine Entscheidung \u00fcber die weitere Behandlung treffen. In der Abteilung f\u00fcr Radiologie werden die R\u00f6ntgenaufnahmen angefertigt und bewertet. Wir sind leider nicht befugt, Fragen wie \u201eWas hat er denn jetzt?\u201d, oder \u201eWas sollen wir jetzt mit ihm machen?\u201d fachlich fundiert zu beantworten.<\/p> <p>Die R\u00f6ntgen- und CT-Aufnahmen werden digital erstellt, bei Bedarf k\u00f6nnen wir per E-Mail eine Kopie zuschicken. Bitte schicken Sie daf\u00fcr den Code des Tieres und das Datum der Aufnahme an\u00a0<a class=\"decrypt\" rel=\"buf\/sbejpmphjbAhnbjm\/dpn\" href=\"javascript:void(0);\">[Click to see email]<\/a>\u00a0. Die Aufnahmen werden dem Absender der Anfrage zugeschickt.<\/p> <h3><strong>Computertomographie (CT)<\/strong><\/h3> <p>An der Veterin\u00e4rmedizinischen Universit\u00e4t werden seit den 1990er Jahren Computertomographien durchgef\u00fchrt. Der Einsatz des CTs in der chirurgischen Diagnostik geh\u00f6rt mittlerweile zur Routine. Die urspr\u00fcnglich f\u00fcr die Humanmedizin hergestellten Ger\u00e4te eignen sich auch f\u00fcr die Untersuchung von Tieren, mit dem Unterschied, dass die Tiere immer unter Vollnarkose gesetzt werden m\u00fcssen, damit sie sich bei der Untersuchung nicht bewegen. Moderne CT-Ger\u00e4te bieten in der veterin\u00e4rmedizinischen Diagnostik ein weites Feld an neuen M\u00f6glichkeiten. Der Einsatz des CTs zur Untersuchung des zentralen Nervensystems oder bei Ganzk\u00f6rperuntersuchungen geh\u00f6rt zu den grundlegenden diagnostischen Verfahren. Computertomographie ist eigentlich eine Art von R\u00f6ntgen, damit k\u00f6nnen aber viel detailliertere Aufnahmen angefertigt werden. Der untersuchte K\u00f6rperteil wird in zahlreichen aufeinanderfolgenden Bildern von Schnitten aus unterschiedlichen Richtungen dargestellt, so sind detaillierte Aufnahmen m\u00f6glich. Dieses spezielle bildgebende Verfahren basiert auf der modernen Computertechnik.<\/p> <p>Vor der CT-Untersuchung erfolgt in unserer Klinik in jedem Fall eine Allgemeinuntersuchung, um zu entscheiden, ob die Erkrankung oder der Allgemeinzustand des jeweiligen Tieres die erforderliche Vollnarkose erlaubt. Das Tier wird unter strenger, durchgehender Beobachtung von einem Narkoseger\u00e4t in Vollnarkose versetzt. Die vorangehende Untersuchung entscheidet auch, ob in dem Fall ein CT \u00fcberhaupt sinnvoll ist und ob ein f\u00fcr die Diagnose und f\u00fcr die weitere Behandlung relevantes Ergebnis zu erwarten ist. Das Ziel ist nicht die Anfertigung von CT-Aufnahmen, sondern die Erstellung einer korrekten Diagnose und eines Therapieplans.<\/p> <p>CT-Untersuchungen werden an Werktagen von 9-15 Uhr durchgef\u00fchrt. Bitte vereinbaren Sie in jedem Fall vorher einen Termin unter der Nummer 06 1 478 41 97!<\/p> <p><strong>Bei welchen F\u00e4llen wird eine CT-Untersuchung empfohlen?<\/strong><\/p> <p><em>Erkrankungen des zentralen Nervensystems<\/em><\/p> <ul> <li>Sch\u00e4del-Hirntrauma, Verletzungen der Wirbels\u00e4ule<\/li> <li>Tumore<\/li> <li>Angeborene Defekte<\/li> <li>Degenerative Erkrankungen der Wirbels\u00e4ule<\/li> <\/ul> <p><em>Ohrenkrankheiten<\/em><\/p> <ul> <li>Chronische Entz\u00fcndung des \u00e4u\u00dferen Geh\u00f6rgangs und konsekutive Mittelohrentz\u00fcndung<\/li> <li>Gleichgewichtsst\u00f6rungen<\/li> <\/ul> <p><em>Erkrankungen des Kiefergelenkes<\/em><\/p> <ul> <li>Kiefertrauma<\/li> <li>Chronische Kiefergelenkarthrose<\/li> <\/ul> <p><em>Untersuchung der Augenh\u00f6hle<\/em><\/p> <ul> <li>Tumore, Abszesse der Augenh\u00f6hle<\/li> <\/ul> <p><em>Defekte der Nasenh\u00f6hle<\/em><\/p> <ul> <li>Chronische Rhinosinusitis<\/li> <li>Tumor der Nasenh\u00f6hle<\/li> <\/ul> <p><em>Thorax<\/em><\/p> <ul> <li>Entz\u00fcndungen und Tumore der Lunge, der Thoraxwand und des Mediastinums<\/li> <\/ul> <p><em>Becken<\/em><\/p> <ul> <li>Traumata<\/li> <li>Tumore<\/li> <\/ul> <p>In einigen F\u00e4llen sind Untersuchungen des Bauchraumes und der Gliedma\u00dfen m\u00f6glich.<\/p> <h3><strong>Ophthalmologie<\/strong><\/h3> <p>Die Behandlung von Tieren mit Augenerkrankungen an der Klinik f\u00fcr Chirurgie und Ophthalmologie der Veterin\u00e4rmedizinischen Universit\u00e4t kann auf eine jahrzehntelange Tradition zur\u00fcckblicken. Unsere Vorg\u00e4nger ma\u00dfen der Diagnostik und Behandlung von Augenkrankheiten eine derart gro\u00dfe Bedeutung zu, dass die Klinik das Wort Augenheilkunde sogar im Namen f\u00fchrte; \u00e4hnliches ist nur von Wien bekannt. Diese bedeutende Rolle ergab sich daraus, dass im Laufe der 200-j\u00e4hrigen Geschichte der Veterin\u00e4rmedizinischen Universit\u00e4t in Budapest mehrere weltbekannte veterin\u00e4rmedizinische Ophthalmologen hier t\u00e4tig waren.<\/p> <p>Wir engagieren uns, um auch heute bei der ophthalmologischen Versorgung diese Tradition fortzusetzen, indem wir gute Facharbeit auf Universit\u00e4tsniveau leisten. Unsere Arbeit wird durch moderne und hochwertige Ger\u00e4te unterst\u00fctzt, dadurch k\u00f6nnen wir schon die kleinsten Abweichungen an den Augen der Tiere erkennen, was eine rechtzeitige Diagnose und effektive Therapie erm\u00f6glicht. Uns steht ein breites Spektrum an ophthalmologischen Diagnoseverfahren zur Verf\u00fcgung, nicht nur zur Erkennung von Krankheiten, sondern auch zur Durchf\u00fchrung von Vorsorgeuntersuchungen f\u00fcr Tierzuchtzwecke. Hier einige unserer diagnostischen Methoden, ohne Anspruch auf Vollst\u00e4ndigkeit:<\/p> <ul> <li>Spaltlampenuntersuchung &#8211; Biomikroskopie<\/li> <li>Funduskamera zur Untersuchung des Augenhintergrunds<\/li> <li>Gonioskopie (Untersuchung des Kammerwinkels)<\/li> <li>Messung des Augeninnendrucks mit digitalem Messger\u00e4t (Tonopen)<\/li> <li>Ophthalmologische Sonographie<\/li> <li>Ermittlung der Tr\u00e4nenbildung<\/li> <li>Computertomographie (CT)<\/li> <li>Spezielle Laboruntersuchungen<\/li> <\/ul> <p>Die Aufstellung einer richtigen Diagnose und die rechtzeitig begonnene Therapie erm\u00f6glichen meistens den Erhalt der Sehkraft und die Heilung des Auges. Wir tragen zum Erhalt der Sehkraft der Tiere mit medikament\u00f6sen Therapien oder mit der Durchf\u00fchrung von komplizierten ophthalmologischen Eingriffen in unserem Operationssaal bei. Im ausgezeichnet ausgestatteten ophthalmologischen OP-Saal der Klinik f\u00fcr Chirurgie und Ophthalmologie stehen dem Chirurgen mehrere moderne Ger\u00e4te f\u00fcr die Arbeit eines Augenarztes zur Verf\u00fcgung. Hier befinden sich zum Beispiel Narkose- und Beatmungsger\u00e4te, ein Operationsmikroskop oder der bei Operationen des Grauen Stars eingesetzte Phakoemulsiphikator. Mit Hilfe dieses Ger\u00e4tes und durch Verwendung der aus der Humanmedizin bekannten Methode kann der h\u00e4ufig zu Erblindung der Tiere f\u00fchrende Graue Star erfolgreich operiert werden. Die Effizienz des Eingriffs wird durch Einsetzen einer speziell f\u00fcr Tiere (Hunde und Katzen) angefertigten k\u00fcnstlichen Linse noch erh\u00f6ht.<\/p> <p>Sprechstunden der Fachpraxis f\u00fcr Ophthalmologie finden jeden Tag nach vorheriger Terminabsprache statt. Kontakt: Anmeldung bei der ophthalmologischen Zentrale: 06\/20 276 8989; Rezeption an der Universit\u00e4t: 06\/1 4784197.<\/p> <p><strong>\u00a0<\/strong><\/p> <h3><strong>Zahnheilkunde<\/strong><\/h3> <p>In der Fachpraxis f\u00fcr Zahnheilkunde werden allgemeine Verfahren zur Mundhygiene (Zahnsteinentfernung, Polieren), R\u00f6ntgenuntersuchungen der Mundh\u00f6hle, Wurzelbehandlungen, Plombierung, Korrektur von Fehlstellungen der Z\u00e4hne, die Behandlung verschiedener Mundh\u00f6hlenerkrankungen, die Entfernung von Tumoren sowie fachliche Beratung durchgef\u00fchrt. Auch Eingriffe, bei denen Bet\u00e4ubung- oder Vollnarkose n\u00f6tig ist, k\u00f6nnen dank des professionellen Hintergrunds und der Ausstattung der Klinik \u00e4u\u00dferst sicher durchgef\u00fchrt werden. Wir stehen den Patienten nach Terminabsprache zur Verf\u00fcgung (Tel: 06 1\/478 4197, 06 1\/478 4100), in Notf\u00e4llen auch ohne Anmeldung.<\/p> <h3><strong>Orthop\u00e4die<\/strong><\/h3> <p>Die Kleintier-Orthop\u00e4die befasst sich mit der Erkennung und Behandlung der Erkrankungen des Bewegungsapparates bei Kleintieren. In der Klinik des Lehrstuhls f\u00fcr Chirurgie und Ophthalmologie an der Veterin\u00e4rmedizinischen Universit\u00e4t Budapest waren von Anfang an Fachleute t\u00e4tig, die es als ihre Lebensaufgabe betrachteten, dieses aufregende, sich dynamisch entwickelnde wissenschaftliche Fachgebiet in Ungarn einzuf\u00fchren, auf hohem Niveau auszu\u00fcben und ihr Wissen an folgende Generationen weiterzugeben. Die Professoren Ferenc Fellner und Iv\u00e1n Szokol\u00f3czy schufen solide Grundlagen, darauf basierte die rasante Entwicklung der orthop\u00e4dischen Versorgung von Heimtieren ab den neunziger Jahren. Die Er\u00f6ffnung von Privatkliniken brachte einen fachlichen Wettbewerb im positiven Sinne mit sich, so sehen sich auch die Mitarbeiter unserer Klinik st\u00e4ndig vor neue und weitere Herausforderungen gestellt. Die umfassende Spezialisierung bedeutet f\u00fcr sie einen gro\u00dfen Vorsprung gegen\u00fcber den Kollegen in den Privatkliniken, orthop\u00e4dische Chirurgen befassen sich ausschlie\u00dflich mit diesem Bereich, sie praktizieren und unterrichten ihn tagt\u00e4glich. Dem und der von der Universit\u00e4t bereitgestellten besseren Ausr\u00fcstung ist zu verdanken, dass neue Operationsverfahren und Therapiemethoden zuerst an unserer Klinik eingesetzt werden.<\/p> <p>Der Operationsblock f\u00fcr Knochenchirurgie dient auch zur Durchf\u00fchrung von Operationen an der Wirbels\u00e4ule. Bewegungsst\u00f6rungen oder in ernsteren F\u00e4llen L\u00e4hmungen, die auf Erkrankungen der Wirbels\u00e4ule zur\u00fcckzuf\u00fchren sind, k\u00f6nnen gr\u00f6\u00dftenteils operativ behandelt werden. Dazu bedarf es der engen Zusammenarbeit von nahezu allen Abteilungen der Klinik: eine genaue neurologische Untersuchung, eine pr\u00e4zise durchgef\u00fchrte An\u00e4sthesie, R\u00f6ntgen- oder CT-Untersuchung mit Kontrastmittel, anschlie\u00dfend folgt die operative Untersuchung des Knochenmarks. Diese Teamarbeit erm\u00f6glichte eine erhebliche Verbesserung der Heilungsergebnisse, nat\u00fcrlich haben dazu auch die externen Tierarztkollegen beigetragen, indem sie gef\u00e4hrliche Erkrankungen rechtzeitig erkannt und das Tier zu uns \u00fcberwiesen haben.<\/p> <h3><strong>An\u00e4sthesiologie und Analgesie-Management<\/strong><\/h3> <p>In unserer Ambulanz f\u00fcr An\u00e4sthesiologie erwarten wir Hunde und Katzen vor einer Operation mit ihren Besitzern zur Untersuchung und Konsultation. In der Sprechstunde erkl\u00e4ren wir die M\u00f6glichkeiten zur An\u00e4sthesie ausf\u00fchrlich, und kl\u00e4ren \u00fcber die Risiken und Aspekte der Nachsorge auf. Wir leiten auch bei Bedarf weitere pr\u00e4operative Untersuchungen in die Wege, wie z. B. Ermittlung des Blutzuckerwertes oder eine kardiologische Untersuchung. Es ist nicht obligatorisch, zur Sprechstunde zu erscheinen oder die Untersuchungen durchf\u00fchren zu lassen, aber bei \u00e4lteren Tieren mit chronischen Erkrankungen oder vor einer gr\u00f6\u00dferen Operation lohnt es sich, dieses Angebot wahrzunehmen, da es zu einer sicheren An\u00e4sthesie beitr\u00e4gt.<\/p> <p>Neben tierischen Patienten, denen eine OP bevorsteht, erwarten wir in unserer Fachpraxis auch Hunde und Katzen, die unter <strong>chronischen Schmerzen<\/strong> leiden. In erster Linie behandeln wir Schmerzen des Bewegungsapparates (z. B. Gelenkverschlei\u00df), onkologisch bedingte oder wegen Erkrankungen des zentralen Nervensystems auftretende Schmerzen mit Hilfe von Medikamenten und anderen Methoden. Es ist wichtig zu wissen, dass chronische Schmerzen die Lebensqualit\u00e4t der Tiere beeintr\u00e4chtigen, und dass die meisten Schmerzen erfolgreich behandelt bzw. gelindert werden k\u00f6nnen. Das Ergebnis ist oft beeindruckend, wie z. B. wenn ein Lahmen, das seit Monaten besteht, pl\u00f6tzlich verschwindet. Die Fachpraxis arbeitet mit der Praxis f\u00fcr Physiotherapie zusammen.<\/p> <p>In der Fachpraxis erwarten wir Sie nach einer Terminabsprache. Bitte melden Sie sich in der Chirurgischen Klinik unter der Nummer 06-1-478 41 97.<\/p> <p>&nbsp;<\/p> <h3><strong>Fachpraxis f\u00fcr Physiotherapie<\/strong><\/h3> <p>Physiotherapie heilt durch die Kraft der Natur, ist aber nicht mit Naturheilkunde gleichzustellen. In der Veterin\u00e4rmedizin werden im Grunde Erfahrungen und Kenntnisse aus der Humanmedizin angewandt, diese Verfahren basieren auf wissenschaftlichen Erkenntnissen. An unserer Universit\u00e4t werden seit 2006 physiotherapeutische Behandlungen angeboten.<\/p> <p>In welchen F\u00e4llen k\u00f6nnen sie helfen?<\/p> <ul> <li>Lahmheit<\/li> <li>Muskelerkrankungen (Muskelschwund, Dystrophie, Muskelverk\u00fcrzung usw.)<\/li> <li>Rehabilitation von neurologischen Erkrankungen (Bandscheibenvorfall, Verletzungen der peripheren Nerven)<\/li> <li>L\u00e4hmung<\/li> <li>Koordinationsprobleme und andere Bewegungsst\u00f6rungen<\/li> <\/ul> <p>Bestandteile der Behandlung:<\/p> <ul> <li>Physiotherapie<\/li> <li>erg\u00e4nzende Therapiemethoden<\/li> <\/ul> <p>Allein schon daraus l\u00e4sst sich entnehmen, dass die Physiotherapie an sich bei der Behandlung die wichtigste Rolle spielt. Dabei werden mechanische Kr\u00e4fte verwendet (Mechanotherapie). Physiotherapie ist besonders wichtig, weil dadurch das Tier wieder dazu bef\u00e4higt wird, sich aktiv und schmerzfrei zu bewegen. Parallel dazu gibt es eine gro\u00dfe Auswahl an erg\u00e4nzenden Therapiemethoden, bei Tieren werden aber fast ausschlie\u00dflich mechanische Kr\u00e4fte eingesetzt (so m\u00fcssen wir z. B. auf Heilb\u00e4der verzichten).<\/p> <h4><strong>Physiotherapie<\/strong><\/h4> <p>Physiotherapeutische Behandlung sollte auch bei Patienten eingesetzt werden, die sich nicht bewegen k\u00f6nnen, besser gesagt, die Anwendung ist unerl\u00e4sslich. In diesen F\u00e4llen wird eine passive Physiotherapie praktiziert, also das Tier bleibt passiv, und der Therapeut arbeitet. Diese Therapie ist sehr wichtig, da Bewegungsmangel den Bewegungsapparat (Gelenke, Knochen, Muskeln) erheblich beeintr\u00e4chtigt. Ohne entsprechende Belastung ver\u00e4ndert sich die Knochenstruktur, die N\u00e4hrstoffversorgung der Gelenke und die Muskelkraft zum Negativen, die Muskelmasse nimmt ab.<\/p> <p>Bei Patienten, die sich nur mit Hilfe bewegen k\u00f6nnen, wird ebenfalls Physiotherapie angewendet, sie werden bei den \u00dcbungen unterst\u00fctzt. In diesem Fall arbeiten der Patient und der Therapeut. Patienten, die bewegungsf\u00e4hig sind, f\u00fchren die \u00dcbungen aktiv durch. Dabei arbeitet haupts\u00e4chlich der Patient nach Anweisungen des Therapeuten.<\/p> <h4><strong>Erg\u00e4nzende Therapien<\/strong><\/h4> <p><em>Elektrotherapie<\/em><\/p> <p>Dabei wird elektrischer Strom therapeutisch eingesetzt. Wenn der Strom direkt angewendet wird, bezeichnet man es als direkte Elektrotherapie, wird er umgewandelt, nennt es sich Ultraschalltherapie oder Magnetfeldtherapie.<\/p> <p><em>Hydrotherapie<\/em><\/p> <p>Im Grunde geht es dabei um zwei Arten von Bewegungen im Wasser: schwimmen und unter Wasser laufen. Da diese zwei Bewegungsformen sehr unterschiedlich sind, sollte immer ein Fachmann die Entscheidung treffen, welche Therapie sich zur Heilung des jeweiligen Patienten am besten eignet. An unserer Universit\u00e4t gibt es zurzeit noch keine M\u00f6glichkeit zur Hydrotherapie.<\/p> <h4><strong>Kurze Beschreibung der Therapie<\/strong><\/h4> <p>Beim ersten Treffen untersucht der Therapeut den Allgemeinzustand des Patienten. Das ist eine wichtige Grundlage zur Planung der Behandlung, dadurch erh\u00e4lt man Informationen \u00fcber pathologische Abweichungen und St\u00f6rungen, die anschlie\u00dfend behandelt werden. Danach bespricht der Therapeut mit dem Tierhalter, welche Ergebnisse zu erwarten sind, und was daf\u00fcr notwendig ist. Auch der Tierhalter muss zu Hause mit dem Tier arbeiten, das macht einen bedeutenden Teil der Therapie aus. Der Therapeut kontrolliert die Fortschritte bei sp\u00e4teren Untersuchungen, und passt bei Bedarf die \u00dcbungen an. Au\u00dferdem gibt es einige Therapieverfahren, die nur vom Therapeuten ausge\u00fcbt werden k\u00f6nnen (Manualtherapie, Elektrotherapie). Bei orthop\u00e4dischen Problemen wird das Tier ein- bis zweimal pro Woche behandelt, bei neurologischen Beschwerden k\u00f6nnen 3 oder mehr Behandlungen pro Woche erforderlich sein (das h\u00e4ngt auch davon ab, inwieweit sich der Tierhalter die Therapieverfahren aneignen kann). Ein Behandlungszyklus dauert in der Regel zwei Monate. F\u00fcr das bestm\u00f6gliche Ergebnis sind jedoch mehrere Zyklen n\u00f6tig.<\/p> <h3><strong>Neurologie <\/strong><\/h3> <p>In der Fachpraxis f\u00fcr Neurologie werden die Erkrankungen des Nervensystems untersucht. Der erste und wichtigste Schritt zur Versorgung der Patienten ist eine fachgem\u00e4\u00dfe neurologische Untersuchung, die die Erhebung der Anamnese und eine k\u00f6rperliche neurologische Untersuchung umfasst. Auf dieser Basis kann ermittelt werden, welcher Teil des Nervensystems betroffen ist, wie schwer die Krankheit ist bzw. welche weiterf\u00fchrenden Untersuchungen f\u00fcr die genaue Diagnose und zur Planung der Behandlung noch ben\u00f6tigt werden. Bei Kleintieren kommen h\u00e4ufig Erkrankungen der Wirbels\u00e4ule vor, die Behandlung ist in der Regel eine ernste Aufgabe f\u00fcr den Chirurgen. Erkrankungen des Gehirns oder des peripheren Nervensystems bed\u00fcrfen meistens einer internistischen Versorgung. Typischerweise werden in beiden F\u00e4llen zur Erstellung einer genauen Diagnose meistens moderne diagnostische Ger\u00e4te (z. B. CT \/ MR \/ Myelographie \/ Sonographie) und Laboruntersuchungen ben\u00f6tigt. Deshalb erfordert die neurologische Versorgung von Kleintieren die Zusammenarbeit eines eingespielten Teams. Dabei spielen die Fachpraxis f\u00fcr Neurologie und der orthop\u00e4dische Operationsblock zur Durchf\u00fchrung von neurochirurgischen Eingriffen, die zur Diagnose unentbehrlichen Verfahren der bildgebenden Diagnostik sowie in manchen F\u00e4llen die enge Zusammenarbeit mit den Kollegen vom Lehrstuhl und von der Klinik f\u00fcr Innere Medizin eine wichtige Rolle.<\/p> <p>Das Hauptprofil der chirurgischen Klinik stellt die bildgebende Diagnostik und operative Behandlung von Kompressionserkrankungen der Wirbels\u00e4ule dar. Wir besch\u00e4ftigen uns mit pl\u00f6tzlich auftretenden L\u00e4hmungen und Notf\u00e4llen, bei anderen neurologischen Beschwerden (z. B. Epilepsie, Gleichgewichtsst\u00f6rungen, Erkrankungen des peripheren Nervensystems) sollte ein Termin vereinbart werden. F\u00fcr Terminabsprachen rufen Sie bitte die Chirurgische Klinik unter der Nummer 06-1-478 41 97 an. Bei Notf\u00e4llen leisten wir Erste Hilfe im Rahmen unseres 0-24-Not- und Bereitschaftsdienstes ein.<\/p> <p>&nbsp;<\/p> <h3><strong>Weichteilchirurgie<\/strong><\/h3> <p><strong>\u00a0<\/strong><strong>Station\u00e4re Abteilung<\/strong><\/p> <p>Patienten, die eine langwierige Behandlung ben\u00f6tigen, werden in unserer Klinik in der station\u00e4ren Abteilung untergebracht. Die Tiere bekommen einen Einzelk\u00e4fig und werden w\u00e4hrend des Aufenthaltes umfassend versorgt. F\u00fcr Hunde und Katzen steht ein gesondertes Krankenzimmer zur Verf\u00fcgung. In der Abteilung f\u00fcr Intensivmedizin der Klinik werden diejenigen Tiere, die eine Intensivversorgung ben\u00f6tigen, rund um die Uhr beaufsichtigt und versorgt. Sie k\u00f6nnen w\u00e4hrend des station\u00e4ren Aufenthaltes von 9-19 Uhr Ihre Tiere f\u00fcr 10 Minuten pro Tag besuchen.<\/p> <p>&nbsp;<\/p> <p>&nbsp;<\/p>","protected":false},"excerpt":{"rendered":"<p>R\u00f6ntgendiagnostik Die Abteilung f\u00fcr Radiologie ist an Werktagen von 9-15 Uhr ge\u00f6ffnet. Eine R\u00f6ntgenuntersuchung ist in den folgenden F\u00e4llen m\u00f6glich: ein Tierarzt unserer Klinik fordert die Untersuchung an ein externer Tierarzt fordert die Untersuchung an: In der Regel werden die \u00fcberweisenden Kollegen gebeten, in ihrer \u00dcberweisung eindeutig anzugeben, ob eine weitere umfassende Untersuchung (und Behandlung)<\/p>\n","protected":false},"author":7,"featured_media":0,"parent":18642,"menu_order":0,"comment_status":"closed","ping_status":"closed","template":"","meta":{"_acf_changed":false,"footnotes":""},"categories":[],"tags":[],"class_list":["post-41380","page","type-page","status-publish","hentry"],"acf":[],"_links":{"self":[{"href":"https:\/\/univet.hu\/de\/wp-json\/wp\/v2\/pages\/41380","targetHints":{"allow":["GET"]}}],"collection":[{"href":"https:\/\/univet.hu\/de\/wp-json\/wp\/v2\/pages"}],"about":[{"href":"https:\/\/univet.hu\/de\/wp-json\/wp\/v2\/types\/page"}],"author":[{"embeddable":true,"href":"https:\/\/univet.hu\/de\/wp-json\/wp\/v2\/users\/7"}],"replies":[{"embeddable":true,"href":"https:\/\/univet.hu\/de\/wp-json\/wp\/v2\/comments?post=41380"}],"version-history":[{"count":0,"href":"https:\/\/univet.hu\/de\/wp-json\/wp\/v2\/pages\/41380\/revisions"}],"up":[{"embeddable":true,"href":"https:\/\/univet.hu\/de\/wp-json\/wp\/v2\/pages\/18642"}],"wp:attachment":[{"href":"https:\/\/univet.hu\/de\/wp-json\/wp\/v2\/media?parent=41380"}],"wp:term":[{"taxonomy":"category","embeddable":true,"href":"https:\/\/univet.hu\/de\/wp-json\/wp\/v2\/categories?post=41380"},{"taxonomy":"post_tag","embeddable":true,"href":"https:\/\/univet.hu\/de\/wp-json\/wp\/v2\/tags?post=41380"}],"curies":[{"name":"wp","href":"https:\/\/api.w.org\/{rel}","templated":true}]}}