{"id":41384,"date":"2019-07-26T11:54:55","date_gmt":"2019-07-26T09:54:55","guid":{"rendered":"https:\/\/univet.hu\/?page_id=41384"},"modified":"2019-07-26T11:54:55","modified_gmt":"2019-07-26T09:54:55","slug":"kontakt","status":"publish","type":"page","link":"https:\/\/univet.hu\/de\/kliniken\/kleintierklinik\/chirurgie\/kontakt\/","title":{"rendered":"Kontakt"},"content":{"rendered":"<h2>Veterin\u00e4rmedizinische Universit\u00e4t, Lehrstuhl und Klinik f\u00fcr Chirurgie und Ophthalmologie<\/h2> <p><strong>Adresse:<\/strong>\u00a01078 Budapest, Istv\u00e1n u. 2.<br \/> <strong>Telefon:<\/strong>\u00a006-1-478-4197 (von 08.00 \u2013 20.00 Uhr erreichbar)<br \/> <strong>Fax:<\/strong>\u00a006-1-478-4196<br \/> <strong>E-Mail:<\/strong>\u00a0<a class=\"decrypt\" rel=\"jogpAljtbmmbutfcft{fu\/iv\" href=\"javascript:void(0);\">[Click to see email]<\/a><\/p>","protected":false},"excerpt":{"rendered":"<p>Veterin\u00e4rmedizinische Universit\u00e4t, Lehrstuhl und Klinik f\u00fcr Chirurgie und Ophthalmologie Adresse:\u00a01078 Budapest, Istv\u00e1n u. 2. Telefon:\u00a006-1-478-4197 (von 08.00 \u2013 20.00 Uhr erreichbar) Fax:\u00a006-1-478-4196 E-Mail:\u00a0[Click to see email]<\/p>\n","protected":false},"author":7,"featured_media":0,"parent":18642,"menu_order":133,"comment_status":"closed","ping_status":"closed","template":"","meta":{"_acf_changed":false,"footnotes":""},"categories":[],"tags":[],"class_list":["post-41384","page","type-page","status-publish","hentry"],"acf":[],"_links":{"self":[{"href":"https:\/\/univet.hu\/de\/wp-json\/wp\/v2\/pages\/41384","targetHints":{"allow":["GET"]}}],"collection":[{"href":"https:\/\/univet.hu\/de\/wp-json\/wp\/v2\/pages"}],"about":[{"href":"https:\/\/univet.hu\/de\/wp-json\/wp\/v2\/types\/page"}],"author":[{"embeddable":true,"href":"https:\/\/univet.hu\/de\/wp-json\/wp\/v2\/users\/7"}],"replies":[{"embeddable":true,"href":"https:\/\/univet.hu\/de\/wp-json\/wp\/v2\/comments?post=41384"}],"version-history":[{"count":0,"href":"https:\/\/univet.hu\/de\/wp-json\/wp\/v2\/pages\/41384\/revisions"}],"up":[{"embeddable":true,"href":"https:\/\/univet.hu\/de\/wp-json\/wp\/v2\/pages\/18642"}],"wp:attachment":[{"href":"https:\/\/univet.hu\/de\/wp-json\/wp\/v2\/media?parent=41384"}],"wp:term":[{"taxonomy":"category","embeddable":true,"href":"https:\/\/univet.hu\/de\/wp-json\/wp\/v2\/categories?post=41384"},{"taxonomy":"post_tag","embeddable":true,"href":"https:\/\/univet.hu\/de\/wp-json\/wp\/v2\/tags?post=41384"}],"curies":[{"name":"wp","href":"https:\/\/api.w.org\/{rel}","templated":true}]}}