{"id":41395,"date":"2019-07-28T16:21:02","date_gmt":"2019-07-28T14:21:02","guid":{"rendered":"https:\/\/univet.hu\/?page_id=41395"},"modified":"2019-07-28T16:21:02","modified_gmt":"2019-07-28T14:21:02","slug":"ambulant-patientenversorgung","status":"publish","type":"page","link":"https:\/\/univet.hu\/de\/kliniken\/kleintierklinik\/innere-medizin\/ambulant-patientenversorgung\/","title":{"rendered":"Ambulant Patientenversorgung"},"content":{"rendered":"<p>Wir bitten Sie, bei Ankunft in der Klinik jedes Mal bei der Patientenaufnahme anzumelden!<\/p> <p>Wir bieten <strong>tags\u00fcber (9:00-16:00) <\/strong>im Rahmen der ambulanten Patientenversorgung eine umfassende medizinische Versorgung im Bereich innere Medizin an.<\/p> <p>Patienten werden nur nach vorheriger Terminabsprache behandelt. Die Terminabsprache ist unter den Telefonnummern (1)478-4147 und (1)478-4290 m\u00f6glich.<\/p> <p>Im Rahmen einer gr\u00fcndlichen k\u00f6rperlichen Untersuchung werden die mit den Sinnesorganen wahrnehmbaren Ver\u00e4nderungen untersucht: die Farbe der Schleimh\u00e4ute, die Gr\u00f6\u00dfe der Lymphdr\u00fcsen, Lungen- und Herzt\u00f6ne, die Empfindlichkeit des Bauchs, die eventuell ertastbaren Ver\u00e4nderungen in der Bauchh\u00f6hle (z. B. vergr\u00f6\u00dfertes Organ), die Substanz des Kots, die eventuellen neurologischen Symptome usw.<\/p> <p>Je nach Bedarf und Anspr\u00fcchen k\u00f6nnen wir zahlreiche erg\u00e4nzende Untersuchungen vorschlagen, zu denen die Proben schon bei der ersten Visite genommen werden k\u00f6nnen:<a href=\"https:\/\/univet.hu\/wp-content\/uploads\/2018\/09\/ambulans-betegellatas-2.jpg\" data-replaced=\"true\"><img loading=\"lazy\" decoding=\"async\" class=\"alignright wp-image-18586\" src=\"https:\/\/univet.hu\/wp-content\/uploads\/2018\/09\/ambulans-betegellatas-2.jpg\" alt=\"\" width=\"300\" height=\"200\" data-replaced=\"true\" srcset=\"https:\/\/univet.hu\/wp-content\/uploads\/2018\/09\/ambulans-betegellatas-2.jpg 800w, https:\/\/univet.hu\/wp-content\/uploads\/2018\/09\/ambulans-betegellatas-2-320x213.jpg 320w, https:\/\/univet.hu\/wp-content\/uploads\/2018\/09\/ambulans-betegellatas-2-768x512.jpg 768w\" sizes=\"auto, (max-width: 300px) 100vw, 300px\" \/><\/a><\/p> <ul> <li>Blutuntersuchungen (Blutbild, Untersuchungen der Funktionen der einzelnen Organe, S\u00e4ure-Basen-Gleichgewicht, Virentests)<\/li> <li>Urinuntersuchung<\/li> <li>Zytologische Untersuchungen, Vorsorgeuntersuchungen (z. B. portosystemischer Shunt (PSS), Dirofilariosis)<\/li> <li>Vermittelte Laboruntersuchungen (IDEXX-VetMedLab, Praxislab): Allergietests, Hormontests usw.<\/li> <li>Kotuntersuchung (Parasitologie, Bakteriologie)<\/li> <li>Hautgeschabsel-Untersuchung (Parasitologie, Bakteriologie und Pilzzucht)<\/li> <\/ul> <p>Die Ergebnisse vieler Untersuchungen (Blut, Urin) sind schon am gleichen Tag oder sp\u00e4testens am Nachmittag des darauffolgenden Tages fertig, aber auf die Ergebnisse von Untersuchungen, wo Bakterien- und Pilze gez\u00fcchtet werden (Kot, Hautgeschabsel), des Weiteren von welchen, die in externen Labors durchgef\u00fchrt werden, muss man im Allgemeinen 5-7 Tage warten.<\/p> <p>Die Ergebnisse der Untersuchungen teilen wir &#8211; je nach Wunsch &#8211; pers\u00f6nlich, telefonisch, per E-Mail oder per Post mit.<\/p> <ul> <li>Bauch- und Herzultraschall, EKG und endoskopische Untersuchungen k\u00f6nnen (da sie Fachwissen auf hohem Niveau erforderlich machen) nur aufgrund einer vorherigen Terminabsprache durchgef\u00fchrt werden.<\/li> <li>Wir behandeln den Patienten aufgrund seines Zustandes, ggf. empfehlen wir weiterf\u00fchrende Therapien.<\/li> <li>Ambulante Infusionsbehandlung: wenn Sie Ihren Liebling nicht im Krankenhaus lassen m\u00f6chten bzw. der Zustand des Tiers nicht unbedingt eine intensive Behandlung notwendig macht, k\u00f6nnen wir die Fl\u00fcssigkeitszufuhr auch ambulant gew\u00e4hrleisten. Dies dauert pro Angelegenheit 1-2 Stunden.<\/li> <li>\u00dcber die Behandlung des Patienten wird in jedem Fall ein ambulantes Patientenblatt erstellt und dem Besitzer ausgeh\u00e4ndigt.<\/li> <\/ul> <p><a href=\"https:\/\/univet.hu\/wp-content\/uploads\/2018\/09\/ambulans-betegellatas-4.jpg\" data-replaced=\"true\"><img loading=\"lazy\" decoding=\"async\" class=\"alignnone wp-image-18595 size-full\" src=\"https:\/\/univet.hu\/wp-content\/uploads\/2018\/09\/ambulans-betegellatas-4.jpg\" alt=\"\" width=\"920\" height=\"303\" data-replaced=\"true\" srcset=\"https:\/\/univet.hu\/wp-content\/uploads\/2018\/09\/ambulans-betegellatas-4.jpg 920w, https:\/\/univet.hu\/wp-content\/uploads\/2018\/09\/ambulans-betegellatas-4-320x105.jpg 320w, https:\/\/univet.hu\/wp-content\/uploads\/2018\/09\/ambulans-betegellatas-4-768x253.jpg 768w\" sizes=\"auto, (max-width: 920px) 100vw, 920px\" \/><\/a><\/p>","protected":false},"excerpt":{"rendered":"<p>Wir bitten Sie, bei Ankunft in der Klinik jedes Mal bei der Patientenaufnahme anzumelden! Wir bieten tags\u00fcber (9:00-16:00) im Rahmen der ambulanten Patientenversorgung eine umfassende medizinische Versorgung im Bereich innere Medizin an. Patienten werden nur nach vorheriger Terminabsprache behandelt. Die Terminabsprache ist unter den Telefonnummern (1)478-4147 und (1)478-4290 m\u00f6glich. Im Rahmen einer gr\u00fcndlichen k\u00f6rperlichen Untersuchung<\/p>\n","protected":false},"author":7,"featured_media":0,"parent":41397,"menu_order":0,"comment_status":"closed","ping_status":"closed","template":"","meta":{"_acf_changed":false,"footnotes":""},"categories":[],"tags":[],"class_list":["post-41395","page","type-page","status-publish","hentry"],"acf":[],"_links":{"self":[{"href":"https:\/\/univet.hu\/de\/wp-json\/wp\/v2\/pages\/41395","targetHints":{"allow":["GET"]}}],"collection":[{"href":"https:\/\/univet.hu\/de\/wp-json\/wp\/v2\/pages"}],"about":[{"href":"https:\/\/univet.hu\/de\/wp-json\/wp\/v2\/types\/page"}],"author":[{"embeddable":true,"href":"https:\/\/univet.hu\/de\/wp-json\/wp\/v2\/users\/7"}],"replies":[{"embeddable":true,"href":"https:\/\/univet.hu\/de\/wp-json\/wp\/v2\/comments?post=41395"}],"version-history":[{"count":0,"href":"https:\/\/univet.hu\/de\/wp-json\/wp\/v2\/pages\/41395\/revisions"}],"up":[{"embeddable":true,"href":"https:\/\/univet.hu\/de\/wp-json\/wp\/v2\/pages\/41397"}],"wp:attachment":[{"href":"https:\/\/univet.hu\/de\/wp-json\/wp\/v2\/media?parent=41395"}],"wp:term":[{"taxonomy":"category","embeddable":true,"href":"https:\/\/univet.hu\/de\/wp-json\/wp\/v2\/categories?post=41395"},{"taxonomy":"post_tag","embeddable":true,"href":"https:\/\/univet.hu\/de\/wp-json\/wp\/v2\/tags?post=41395"}],"curies":[{"name":"wp","href":"https:\/\/api.w.org\/{rel}","templated":true}]}}