{"id":41404,"date":"2019-07-28T16:55:54","date_gmt":"2019-07-28T14:55:54","guid":{"rendered":"https:\/\/univet.hu\/?page_id=41404"},"modified":"2019-07-28T16:55:54","modified_gmt":"2019-07-28T14:55:54","slug":"impfungen","status":"publish","type":"page","link":"https:\/\/univet.hu\/de\/kliniken\/kleintierklinik\/innere-medizin\/ambulant-patientenversorgung\/impfungen\/","title":{"rendered":"Impfungen"},"content":{"rendered":"<h3><strong>Tollwutimpfung<\/strong><\/h3> <ul> <li>F\u00fcr Hunde einmal j\u00e4hrlich obligatorisch (im ersten Lebensjahr zweimal obligatorisch, wobei zwischen beiden Impfungen 6 Monate vergehen sollten).<\/li> <li>Bei freilaufenden Katzen j\u00e4hrlich empfohlen.<\/li> <\/ul> <h3>Kombiimpfungen<\/h3> <p>\u00dcber die vorgeschriebenen Tollwutimpfung hinaus ist es empfehlenswert, Ihren Liebling j\u00e4hrlich auch gegen die sonstigen Infektionskrankheiten impfen zu lassen.<\/p> <p><a href=\"https:\/\/univet.hu\/wp-content\/uploads\/2018\/09\/oltasok-1.jpg\" data-replaced=\"true\"><img loading=\"lazy\" decoding=\"async\" class=\"alignnone size-full wp-image-18601\" src=\"https:\/\/univet.hu\/wp-content\/uploads\/2018\/09\/oltasok-1.jpg\" alt=\"\" width=\"920\" height=\"303\" data-replaced=\"true\" srcset=\"https:\/\/univet.hu\/wp-content\/uploads\/2018\/09\/oltasok-1.jpg 920w, https:\/\/univet.hu\/wp-content\/uploads\/2018\/09\/oltasok-1-320x105.jpg 320w, https:\/\/univet.hu\/wp-content\/uploads\/2018\/09\/oltasok-1-768x253.jpg 768w\" sizes=\"auto, (max-width: 920px) 100vw, 920px\" \/><\/a><\/p> <h3>Bei Hunden sch\u00fctzt die Kombiimpfung gegen<\/h3> <ul> <li>durch den Parvovirus ausgel\u00f6ste Darmentz\u00fcndung,<\/li> <li>Staupe,<\/li> <li>infekti\u00f6se Leberentz\u00fcndung,<\/li> <li>Paragrippe und<\/li> <li>Leptospirose.<\/li> <\/ul> <h3>Bei Katzen sch\u00fctzt die Kombiimpfung gegen<\/h3> <ul> <li>Panleukopenie,<\/li> <li>Herpes und<\/li> <li>Katzenschnupfen mit Caliciviren.<\/li> <\/ul> <p>Bei freilaufenden Katzen ist \u00fcber die Kombiimpfung hinaus auch eine Impfung gegen Katzenleukose zu empfehlen.<\/p>","protected":false},"excerpt":{"rendered":"<p>Tollwutimpfung F\u00fcr Hunde einmal j\u00e4hrlich obligatorisch (im ersten Lebensjahr zweimal obligatorisch, wobei zwischen beiden Impfungen 6 Monate vergehen sollten). Bei freilaufenden Katzen j\u00e4hrlich empfohlen. Kombiimpfungen \u00dcber die vorgeschriebenen Tollwutimpfung hinaus ist es empfehlenswert, Ihren Liebling j\u00e4hrlich auch gegen die sonstigen Infektionskrankheiten impfen zu lassen. Bei Hunden sch\u00fctzt die Kombiimpfung gegen durch den Parvovirus ausgel\u00f6ste Darmentz\u00fcndung,<\/p>\n","protected":false},"author":7,"featured_media":0,"parent":41395,"menu_order":112,"comment_status":"closed","ping_status":"closed","template":"","meta":{"_acf_changed":false,"footnotes":""},"categories":[],"tags":[],"class_list":["post-41404","page","type-page","status-publish","hentry"],"acf":[],"_links":{"self":[{"href":"https:\/\/univet.hu\/de\/wp-json\/wp\/v2\/pages\/41404","targetHints":{"allow":["GET"]}}],"collection":[{"href":"https:\/\/univet.hu\/de\/wp-json\/wp\/v2\/pages"}],"about":[{"href":"https:\/\/univet.hu\/de\/wp-json\/wp\/v2\/types\/page"}],"author":[{"embeddable":true,"href":"https:\/\/univet.hu\/de\/wp-json\/wp\/v2\/users\/7"}],"replies":[{"embeddable":true,"href":"https:\/\/univet.hu\/de\/wp-json\/wp\/v2\/comments?post=41404"}],"version-history":[{"count":0,"href":"https:\/\/univet.hu\/de\/wp-json\/wp\/v2\/pages\/41404\/revisions"}],"up":[{"embeddable":true,"href":"https:\/\/univet.hu\/de\/wp-json\/wp\/v2\/pages\/41395"}],"wp:attachment":[{"href":"https:\/\/univet.hu\/de\/wp-json\/wp\/v2\/media?parent=41404"}],"wp:term":[{"taxonomy":"category","embeddable":true,"href":"https:\/\/univet.hu\/de\/wp-json\/wp\/v2\/categories?post=41404"},{"taxonomy":"post_tag","embeddable":true,"href":"https:\/\/univet.hu\/de\/wp-json\/wp\/v2\/tags?post=41404"}],"curies":[{"name":"wp","href":"https:\/\/api.w.org\/{rel}","templated":true}]}}