{"id":41409,"date":"2019-07-28T17:03:38","date_gmt":"2019-07-28T15:03:38","guid":{"rendered":"https:\/\/univet.hu\/?page_id=41409"},"modified":"2019-07-28T17:03:38","modified_gmt":"2019-07-28T15:03:38","slug":"verfuegbarkeit","status":"publish","type":"page","link":"https:\/\/univet.hu\/de\/kliniken\/kleintierklinik\/innere-medizin\/verfuegbarkeit\/","title":{"rendered":"Verf\u00fcgbarkeit"},"content":{"rendered":"<p><strong>Adresse:\u00a0<\/strong>1078 Budapest, Istv\u00e1n u. 2. Geb\u00e4ude \u201cA\u201d<\/p> <p><strong>Anreise:<\/strong><\/p> <ul> <li><strong>Mit Auto:<\/strong> In die Istv\u00e1n utca k\u00f6nnen Sie von der Rottenbiller utca aus einbiegen, der Haupteingang befindet sich in Fahrtrichtung auf der linken Seite ca. 100-150 m von der Stra\u00dfenecke entfernt. Die Tierbesitzer k\u00f6nnen ihr Auto auf dem Unigel\u00e4nde auf dem Parkplatz f\u00fcr Patienten parken (Parkgeb\u00fchr: HUF 125,-\/Stunde). Wenn Sie auf der Stra\u00dfe parken, beachten Sie bitte, dass das Parken in der Umgebung geb\u00fchrenpflichtig ist.<\/li> <li><strong>Mit \u00f6ffentlichen Verkehrsmitteln:<\/strong>\u00a0Obuslinien 73, 74, 76 (Haltestelle Rottenbiller utca \/ Istv\u00e1n utca). U-Bahn-Linie M2 \u2013 Ostbahnhof \u2013 gehen Sie vom Baross t\u00e9r auf der Bethlen G\u00e1bor utca bis zur Istv\u00e1n utca an der dritten Stra\u00dfenecke, biegen Sie dort links ab und nach ca. 100 m kommen Sie zum Haupteingang. Buslinie 7 \u2013 Ostbahnhof \u2013 gehen Sie vom Baross t\u00e9r auf der Bethlen G\u00e1bor utca bis zur Istv\u00e1n utca (dritte Stra\u00dfenecke), biegen Sie dort links ab, und nach ca. 100 m kommen Sie zum Haupteingang.<\/li> <\/ul> <p><strong>Postadresse:<\/strong>\u00a01400 Budapest, Pf. 2.<\/p> <p><strong>E-Mail:<\/strong>\u00a0<a class=\"decrypt\" rel=\"cfmhzphzbt{buAvojwfu\/iv\" href=\"javascript:void(0);\">[Click to see email]<\/a><\/p> <p>Die Kontaktdaten der einzelnen Tier\u00e4rzte finden Sie unter dem Link <a href=\"https:\/\/univet.hu\/hu\/klinikak\/kisallatklinika\/belgyogyaszat\/munkatarsaink\/\"><strong>Unsere Mitarbeiter<\/strong><\/a>.<\/p> <p><strong>Telefon:<\/strong>\u00a0(1)478-4100<\/p> <p><strong>Fax:<\/strong>\u00a0(1)478-4137<\/p> <p><strong>Stiftung f\u00fcr die Veterin\u00e4rmedizin f\u00fcr die Entwicklung der inneren Medizin \u2013 Kontonummer: 18002289-1-42<\/strong><\/p> <p>&nbsp;<\/p>","protected":false},"excerpt":{"rendered":"<p>Adresse:\u00a01078 Budapest, Istv\u00e1n u. 2. Geb\u00e4ude \u201cA\u201d Anreise: Mit Auto: In die Istv\u00e1n utca k\u00f6nnen Sie von der Rottenbiller utca aus einbiegen, der Haupteingang befindet sich in Fahrtrichtung auf der linken Seite ca. 100-150 m von der Stra\u00dfenecke entfernt. Die Tierbesitzer k\u00f6nnen ihr Auto auf dem Unigel\u00e4nde auf dem Parkplatz f\u00fcr Patienten parken (Parkgeb\u00fchr: HUF<\/p>\n","protected":false},"author":7,"featured_media":0,"parent":41397,"menu_order":0,"comment_status":"closed","ping_status":"closed","template":"","meta":{"_acf_changed":false,"footnotes":""},"categories":[],"tags":[],"class_list":["post-41409","page","type-page","status-publish","hentry"],"acf":[],"_links":{"self":[{"href":"https:\/\/univet.hu\/de\/wp-json\/wp\/v2\/pages\/41409","targetHints":{"allow":["GET"]}}],"collection":[{"href":"https:\/\/univet.hu\/de\/wp-json\/wp\/v2\/pages"}],"about":[{"href":"https:\/\/univet.hu\/de\/wp-json\/wp\/v2\/types\/page"}],"author":[{"embeddable":true,"href":"https:\/\/univet.hu\/de\/wp-json\/wp\/v2\/users\/7"}],"replies":[{"embeddable":true,"href":"https:\/\/univet.hu\/de\/wp-json\/wp\/v2\/comments?post=41409"}],"version-history":[{"count":0,"href":"https:\/\/univet.hu\/de\/wp-json\/wp\/v2\/pages\/41409\/revisions"}],"up":[{"embeddable":true,"href":"https:\/\/univet.hu\/de\/wp-json\/wp\/v2\/pages\/41397"}],"wp:attachment":[{"href":"https:\/\/univet.hu\/de\/wp-json\/wp\/v2\/media?parent=41409"}],"wp:term":[{"taxonomy":"category","embeddable":true,"href":"https:\/\/univet.hu\/de\/wp-json\/wp\/v2\/categories?post=41409"},{"taxonomy":"post_tag","embeddable":true,"href":"https:\/\/univet.hu\/de\/wp-json\/wp\/v2\/tags?post=41409"}],"curies":[{"name":"wp","href":"https:\/\/api.w.org\/{rel}","templated":true}]}}