{"id":41414,"date":"2019-07-28T17:11:32","date_gmt":"2019-07-28T15:11:32","guid":{"rendered":"https:\/\/univet.hu\/?page_id=41414"},"modified":"2019-07-28T17:11:32","modified_gmt":"2019-07-28T15:11:32","slug":"geschichte-einer-klinik-fuer-nutztiermedizin","status":"publish","type":"page","link":"https:\/\/univet.hu\/de\/kliniken\/nutztiermedizin\/geschichte-einer-klinik-fuer-nutztiermedizin\/","title":{"rendered":"Geschichte einer Klinik f\u00fcr Nutztiermedizin"},"content":{"rendered":"<p>Die Veterin\u00e4rmedizin ist grunds\u00e4tzlich ein manueller Beruf, dessen Aneignung viel Praxis erfordert, deswegen spielt die praktische Ausbildung eine besondere Rolle. Anfang der 90er Jahre gelangten die Leiter der Veterin\u00e4rmedizinischen Universit\u00e4t (Rechtsvorg\u00e4nger der Fakult\u00e4t f\u00fcr Veterin\u00e4rmedizin an der Sankt-Stephans-Universit\u00e4t) angesichts des obigen Gedankens zu dem Entschluss, die ungarische Tierarztausbildung, die auf 215 Jahre zur\u00fcckblicken kann, an die Anspr\u00fcche des 21. Jahrhunderts anzupassen.<\/p> <p><a href=\"https:\/\/univet.hu\/wp-content\/uploads\/2018\/09\/nagyallatklinika-tortenete-1.jpg\" data-replaced=\"true\"><img loading=\"lazy\" decoding=\"async\" class=\"alignleft wp-image-18150\" src=\"https:\/\/univet.hu\/wp-content\/uploads\/2018\/09\/nagyallatklinika-tortenete-1.jpg\" alt=\"\" width=\"166\" height=\"111\" data-replaced=\"true\" srcset=\"https:\/\/univet.hu\/wp-content\/uploads\/2018\/09\/nagyallatklinika-tortenete-1.jpg 900w, https:\/\/univet.hu\/wp-content\/uploads\/2018\/09\/nagyallatklinika-tortenete-1-320x213.jpg 320w, https:\/\/univet.hu\/wp-content\/uploads\/2018\/09\/nagyallatklinika-tortenete-1-768x512.jpg 768w\" sizes=\"auto, (max-width: 166px) 100vw, 166px\" \/><\/a>Ein besonders wichtiges Ziel bestand neben der Bewahrung der theoretischen Ausbildung auf einem traditionell hohen Niveau darin, die praktische Ausbildung und die Dienstleistungen in der Veterin\u00e4rmedizin zu verbessern, wof\u00fcr der Campus der Alma Mater wegen seiner Lage in der Innenstadt heutzutage nicht mehr geeignet war. Um den zuk\u00fcnftigen Anforderungen an die Pferde- und Nutztiermedizin gerecht zu werden, entschloss sich die Leitung der Veterin\u00e4rmedizinischen Universit\u00e4t nach zahlreichen Abstimmungen dazu, eine neue Klinik am Standort Geh\u00f6ft \u00dcll\u0151-D\u00f3ra, das von der Universit\u00e4t verwaltet wird, zu bauen.<\/p> <p>Wegen der N\u00e4he zur Hauptstadt (ca. 35 km) und der einfachen Anreise stellte die ca. 4 Hektar gro\u00dfe Fl\u00e4che in unmittelbarer Nachbarschaft des Versuchsinstituts im Geh\u00f6ft D\u00f3ra (Rechtsvorg\u00e4nger des Musterbetriebs) einen idealen Ort hierf\u00fcr dar. Die neue Einrichtung wurde nach der Grundsteinlegung am 25. November 1994 im Rahmen der Einweihungsfeier am 7. September 2001 er\u00f6ffnet. An der Gro\u00dftierklinik in \u00dcll\u0151 finden die theoretischen und praktischen Lehrveranstaltungen auf dem Gebiet Pferde- und Nutztiermedizin statt, und zwar in englischer und ungarischer Sprache als Teil der Grund- und Postgraduierten-Ausbildung. In deren Rahmen werden die Ausbildungen auf der Grundlage von Therapie und Vorbeugung aufeinander abgestimmt, Tierhaltern und Landwirten werden klinische Dienstleistungen und Fachberatung auf hohem Niveau auf den Gebieten klinische und Tierbestands-Medizin angeboten, wobei wir uns auch immer die Unterrichtspflichten und die Einf\u00fchrung angewandter klinischer Forschungsergebnisse bei der Behandlung von Nutztieren vor Augen halten. Dar\u00fcber hinaus bieten die Tierarztkollegen den Tierhaltern in den Bereichen innere Medizin, Chirurgie, Augenheilkunde, Geburtshilfe und Reproduktionsbiologie eine umfassende ambulante und Notversorgung an. Die therapeutische Arbeit wird durch moderne Labordienstleistungen (Blutbild, biochemische Parameter, parasitologische und zytologische Untersuchungen, Blutgasanalyse, Blutgerinnung, Spermauntersuchung) und einen modernen Instrumentenpark (digitales R\u00f6ntgen, Computertomographie, Narkosemaschinen, Arthroskopie, \u201eTA\u201c-Ausr\u00fcstung f\u00fcr Knochenbr\u00fcche, EKG, Ultraschall, Video-Endoskop, Treadmill) unterst\u00fctzt.<\/p> <p><a href=\"https:\/\/univet.hu\/wp-content\/uploads\/2018\/09\/nagyallatklinika-tortenete-2.jpg\" data-replaced=\"true\"><img loading=\"lazy\" decoding=\"async\" class=\"alignright wp-image-18151\" src=\"https:\/\/univet.hu\/wp-content\/uploads\/2018\/09\/nagyallatklinika-tortenete-2.jpg\" alt=\"\" width=\"166\" height=\"111\" data-replaced=\"true\" srcset=\"https:\/\/univet.hu\/wp-content\/uploads\/2018\/09\/nagyallatklinika-tortenete-2.jpg 900w, https:\/\/univet.hu\/wp-content\/uploads\/2018\/09\/nagyallatklinika-tortenete-2-320x213.jpg 320w, https:\/\/univet.hu\/wp-content\/uploads\/2018\/09\/nagyallatklinika-tortenete-2-768x512.jpg 768w\" sizes=\"auto, (max-width: 166px) 100vw, 166px\" \/><\/a>Im fast 1500 m2 gro\u00dfen Krankenhausteil befinden sich zwei OP-S\u00e4le f\u00fcr chirurgische Eingriffe (Fu\u00df-, Kopf-, Hals- und Kolikoperationen), ein Untersuchungssaal f\u00fcr innere Medizin (Atemwegsendoskopie, EKG) und einer f\u00fcr Geburtshilfe (Kaiserschnitt, Fetotomie, Ultraschall-Untersuchung, k\u00fcnstliche Befruchtung), ein Labor und ein Raum f\u00fcr bildgebende Systeme. Die Tiere k\u00f6nnen in vier St\u00e4llen mit Einzelboxen untergebracht werden. Damit ist die Klinik eine der bestausgestatteten Institutionen in Mittelosteuropa. Von den Mitarbeitern der Gro\u00dftierklinik verf\u00fcgen bereits vier \u00fcber ein europ\u00e4isches Spezialisten-Diplom, der f\u00fcnfte Kollege muss auch nur noch die letzte Pr\u00fcfung ablegen, was eindeutig das hohe Niveau der hiesigen klinischen Arbeit zeigt.<\/p>","protected":false},"excerpt":{"rendered":"<p>Die Veterin\u00e4rmedizin ist grunds\u00e4tzlich ein manueller Beruf, dessen Aneignung viel Praxis erfordert, deswegen spielt die praktische Ausbildung eine besondere Rolle. Anfang der 90er Jahre gelangten die Leiter der Veterin\u00e4rmedizinischen Universit\u00e4t (Rechtsvorg\u00e4nger der Fakult\u00e4t f\u00fcr Veterin\u00e4rmedizin an der Sankt-Stephans-Universit\u00e4t) angesichts des obigen Gedankens zu dem Entschluss, die ungarische Tierarztausbildung, die auf 215 Jahre zur\u00fcckblicken kann, an<\/p>\n","protected":false},"author":7,"featured_media":0,"parent":2239,"menu_order":156,"comment_status":"closed","ping_status":"closed","template":"","meta":{"_acf_changed":false,"footnotes":""},"categories":[],"tags":[],"class_list":["post-41414","page","type-page","status-publish","hentry"],"acf":[],"_links":{"self":[{"href":"https:\/\/univet.hu\/de\/wp-json\/wp\/v2\/pages\/41414","targetHints":{"allow":["GET"]}}],"collection":[{"href":"https:\/\/univet.hu\/de\/wp-json\/wp\/v2\/pages"}],"about":[{"href":"https:\/\/univet.hu\/de\/wp-json\/wp\/v2\/types\/page"}],"author":[{"embeddable":true,"href":"https:\/\/univet.hu\/de\/wp-json\/wp\/v2\/users\/7"}],"replies":[{"embeddable":true,"href":"https:\/\/univet.hu\/de\/wp-json\/wp\/v2\/comments?post=41414"}],"version-history":[{"count":0,"href":"https:\/\/univet.hu\/de\/wp-json\/wp\/v2\/pages\/41414\/revisions"}],"up":[{"embeddable":true,"href":"https:\/\/univet.hu\/de\/wp-json\/wp\/v2\/pages\/2239"}],"wp:attachment":[{"href":"https:\/\/univet.hu\/de\/wp-json\/wp\/v2\/media?parent=41414"}],"wp:term":[{"taxonomy":"category","embeddable":true,"href":"https:\/\/univet.hu\/de\/wp-json\/wp\/v2\/categories?post=41414"},{"taxonomy":"post_tag","embeddable":true,"href":"https:\/\/univet.hu\/de\/wp-json\/wp\/v2\/tags?post=41414"}],"curies":[{"name":"wp","href":"https:\/\/api.w.org\/{rel}","templated":true}]}}