{"id":41416,"date":"2019-07-28T17:14:55","date_gmt":"2019-07-28T15:14:55","guid":{"rendered":"https:\/\/univet.hu\/?page_id=41416"},"modified":"2019-07-28T17:14:55","modified_gmt":"2019-07-28T15:14:55","slug":"dienstleistungen","status":"publish","type":"page","link":"https:\/\/univet.hu\/de\/kliniken\/nutztiermedizin\/dienstleistungen\/","title":{"rendered":"Dienstleistungen"},"content":{"rendered":"<h3><strong>Grundlegende Dienstleistungen bei Geburtshilfe<\/strong><\/h3> <ul> <li>Hilfe bei der Geburt: Kaiserschnitt und Fetotomie<\/li> <li>Notdienst sowie Routine-Diagnostik und -Versorgung bei Geburten (Geb\u00e4rmutterdrehung, Scheidenvorfall usw.)<\/li> <li>Intensivversorgung von Neugeborenen (Neonatologie), Zustandsdiagnostik, Regelung des S\u00e4ure-Base-Haushalts<\/li> <\/ul> <p>Die grundlegenden Dienstleistungen im Bereich Geburtshilfe stehen jeden Tag von 0 bis 24 Uhr zur Verf\u00fcgung, nachts und an den Wochenenden in Form eines Bereitschaftsdiensts. Bitte melden Sie den beabsichtigten Besuch <a href=\"https:\/\/univet.hu\/hu\/klinikak\/haszonallat\/elerhetoseg\/\"><strong>unter der zentralen Nummer der Klinik<\/strong><\/a> oder unter den untenstehenden Erreichbarkeiten der Tier\u00e4rzte an, damit wir so schnell wie m\u00f6glich helfen k\u00f6nnen!<\/p> <h3>Andrologisches Laboratorium<\/h3> <ul> <li>Untersuchung der Zeugungsf\u00e4higkeit von m\u00e4nnlichen Tieren (Ultraschall, Endoskopie, Biopsie, Hormonuntersuchungen)<\/li> <li>Qualitative und quantitative Untersuchung von Samen von Vatertieren (Eber, Widder, Bulle) <ul> <li>Untersuchungen im Bereich Bewegungslehre (Motilit\u00e4t) anhand von Bewegungsanalyse (CASA \u2013 computer assisted sperm analiser)<\/li> <li>Morphologische Untersuchungen<\/li> <li>Zus\u00e4tzliche Untersuchungen: Konzentration, pH, Bakteriologie, Zytologie usw.<\/li> <\/ul> <\/li> <li>Tiefgefrieren von Samen (m\u00e4nnliches Tier)<\/li> <\/ul> <h3>Endoskopische Operation bei Labmagenverlagerung bei Rindern<\/h3> <p>Wir versorgen die Tiere bei linksseitiger Labmagenverlagerung durch Anwendung einer neuen Technik, des vor Ort ausgef\u00fchrten laparoskopischen Eingriffs. Im Unterschied zu den traditionellen OP-Methoden k\u00f6nnen die auf diese Weise versorgten Tiere schneller wieder in der Produktion eingesetzt werden.<\/p> <p>&nbsp;<\/p> <h3>Reproduktionsbiologische Betreuung von Rinderbest\u00e4nden<\/h3> <ul> <li>Regelm\u00e4\u00dfige und fallweise reproduktionsbiologische Untersuchungen. Ausf\u00fchrliche Erschlie\u00dfung von reproduktionsbiologischen Problemen, Empfehlung f\u00fcr deren L\u00f6sung. Umfassende reproduktionsbiologische Betreuung der Best\u00e4nde im Rahmen der regelm\u00e4\u00dfigen Untersuchungen, die aus dem Management nach der Geburt, der \u00dcberpr\u00fcfung der Wiedereinstellung der Zyklen, den Untersuchungen w\u00e4hrend der fr\u00fchen Tr\u00e4chtigkeit (Ultraschall) und der Untersuchung und Behandlung von unfruchtbaren Tieren besteht.<\/li> <li>Profiluntersuchungen des Stoffwechsels (metabolische Untersuchungen). F\u00fcr die gezielte Ursachenanalyse bei Problemen im Zusammenhang mit Reproduktionsst\u00f6rungen und Produktionsr\u00fcckgang k\u00f6nnen umfassende Labordienstleistungen in Anspruch genommen werden.<\/li> <li>Bei Infektionskrankheiten und bei pl\u00f6tzlich aufgetretenen Massenerkrankungen stehen bei Bedarf Untersuchungen vor Ort und in der Abteilung pathologische Anatomie umfassende diagnostische Untersuchungsm\u00f6glichkeiten zur Verf\u00fcgung.<\/li> <\/ul> <h3>Reproduktionsbiologische Betreuung von Schweinebest\u00e4nden<\/h3> <ul> <li>Durchsicht des Arbeitsprozesses bei k\u00fcnstlicher Befruchtung, Bestimmung der kritischen Punkte von der Entnahme von Samen bis zur Befruchtung<\/li> <li>Qualitative und quantitative Untersuchung von Samen (s. andrologisches Laboratorium)<\/li> <li>Untersuchung von Problemen in den Bereichen Befruchtung und Unfruchtbarkeit<\/li> <li>Induktion und Synchronisierung des Erreichens der Geschlechtsreife<\/li> <li>Befruchtung mit tiefgefrorenen Samen<\/li> <li>Ultraschall-Untersuchungen w\u00e4hrend der fr\u00fchen Tr\u00e4chtigkeit<\/li> <\/ul> <h3>Medizinische Versorgung von kleinen Wiederk\u00e4uern<\/h3> <p>Um den steigenden Anspr\u00fcchen auf dem Gebiet der kleinen Wiederk\u00e4uer (Schaf, Ziege) gerecht zu werden, bieten wir f\u00fcr diese Arten eine komplexe Versorgung an, wobei die volle Kapazit\u00e4t des Laboratoriums und der Diagnostik eingesetzt wird.<\/p>","protected":false},"excerpt":{"rendered":"<p>Grundlegende Dienstleistungen bei Geburtshilfe Hilfe bei der Geburt: Kaiserschnitt und Fetotomie Notdienst sowie Routine-Diagnostik und -Versorgung bei Geburten (Geb\u00e4rmutterdrehung, Scheidenvorfall usw.) Intensivversorgung von Neugeborenen (Neonatologie), Zustandsdiagnostik, Regelung des S\u00e4ure-Base-Haushalts Die grundlegenden Dienstleistungen im Bereich Geburtshilfe stehen jeden Tag von 0 bis 24 Uhr zur Verf\u00fcgung, nachts und an den Wochenenden in Form eines Bereitschaftsdiensts. Bitte<\/p>\n","protected":false},"author":7,"featured_media":0,"parent":2239,"menu_order":215,"comment_status":"closed","ping_status":"closed","template":"","meta":{"_acf_changed":false,"footnotes":""},"categories":[],"tags":[],"class_list":["post-41416","page","type-page","status-publish","hentry"],"acf":[],"_links":{"self":[{"href":"https:\/\/univet.hu\/de\/wp-json\/wp\/v2\/pages\/41416","targetHints":{"allow":["GET"]}}],"collection":[{"href":"https:\/\/univet.hu\/de\/wp-json\/wp\/v2\/pages"}],"about":[{"href":"https:\/\/univet.hu\/de\/wp-json\/wp\/v2\/types\/page"}],"author":[{"embeddable":true,"href":"https:\/\/univet.hu\/de\/wp-json\/wp\/v2\/users\/7"}],"replies":[{"embeddable":true,"href":"https:\/\/univet.hu\/de\/wp-json\/wp\/v2\/comments?post=41416"}],"version-history":[{"count":0,"href":"https:\/\/univet.hu\/de\/wp-json\/wp\/v2\/pages\/41416\/revisions"}],"up":[{"embeddable":true,"href":"https:\/\/univet.hu\/de\/wp-json\/wp\/v2\/pages\/2239"}],"wp:attachment":[{"href":"https:\/\/univet.hu\/de\/wp-json\/wp\/v2\/media?parent=41416"}],"wp:term":[{"taxonomy":"category","embeddable":true,"href":"https:\/\/univet.hu\/de\/wp-json\/wp\/v2\/categories?post=41416"},{"taxonomy":"post_tag","embeddable":true,"href":"https:\/\/univet.hu\/de\/wp-json\/wp\/v2\/tags?post=41416"}],"curies":[{"name":"wp","href":"https:\/\/api.w.org\/{rel}","templated":true}]}}