{"id":41418,"date":"2019-07-28T17:17:38","date_gmt":"2019-07-28T15:17:38","guid":{"rendered":"https:\/\/univet.hu\/?page_id=41418"},"modified":"2019-07-28T17:17:38","modified_gmt":"2019-07-28T15:17:38","slug":"verfuegbarkeit","status":"publish","type":"page","link":"https:\/\/univet.hu\/de\/kliniken\/nutztiermedizin\/verfuegbarkeit\/","title":{"rendered":"Verf\u00fcgbarkeit"},"content":{"rendered":"<h3>Notfalldienst Krankenversorgung (0-24 Uhr)<\/h3> <ul> <li>+36\/30\/692-12-90<\/li> <li>+36\/29\/521-300<\/li> <\/ul> <h3>Veterin\u00e4rmedizinische Universit\u00e4t<br \/> Lehrstuhl und Klinik f\u00fcr Nutztiermedizin<\/h3> <p><strong>Adresse:<\/strong>\u00a02225 \u00dcll\u0151, D\u00f3ra Major<br \/> <strong>Sekretariat:<\/strong>\u00a0+36\/29\/521-306 oder +36\/29\/521-383 (07-15 Uhr)<br \/> <strong>Fax:<\/strong>\u00a0+36\/29\/521-306<\/p> <p><iframe loading=\"lazy\" src=\"https:\/\/maps.google.com\/maps?q=47.345831,19.317605&amp;num=1&amp;hl=hu&amp;ie=UTF8&amp;t=h&amp;z=14&amp;ll=47.344203,19.327226&amp;output=embed\" width=\"450\" height=\"300\" data-replaced=\"true\"><\/iframe><\/p>","protected":false},"excerpt":{"rendered":"<p>Notfalldienst Krankenversorgung (0-24 Uhr) +36\/30\/692-12-90 +36\/29\/521-300 Veterin\u00e4rmedizinische Universit\u00e4t Lehrstuhl und Klinik f\u00fcr Nutztiermedizin Adresse:\u00a02225 \u00dcll\u0151, D\u00f3ra Major Sekretariat:\u00a0+36\/29\/521-306 oder +36\/29\/521-383 (07-15 Uhr) Fax:\u00a0+36\/29\/521-306<\/p>\n","protected":false},"author":7,"featured_media":0,"parent":2239,"menu_order":285,"comment_status":"closed","ping_status":"closed","template":"","meta":{"_acf_changed":false,"footnotes":""},"categories":[],"tags":[],"class_list":["post-41418","page","type-page","status-publish","hentry"],"acf":[],"_links":{"self":[{"href":"https:\/\/univet.hu\/de\/wp-json\/wp\/v2\/pages\/41418","targetHints":{"allow":["GET"]}}],"collection":[{"href":"https:\/\/univet.hu\/de\/wp-json\/wp\/v2\/pages"}],"about":[{"href":"https:\/\/univet.hu\/de\/wp-json\/wp\/v2\/types\/page"}],"author":[{"embeddable":true,"href":"https:\/\/univet.hu\/de\/wp-json\/wp\/v2\/users\/7"}],"replies":[{"embeddable":true,"href":"https:\/\/univet.hu\/de\/wp-json\/wp\/v2\/comments?post=41418"}],"version-history":[{"count":0,"href":"https:\/\/univet.hu\/de\/wp-json\/wp\/v2\/pages\/41418\/revisions"}],"up":[{"embeddable":true,"href":"https:\/\/univet.hu\/de\/wp-json\/wp\/v2\/pages\/2239"}],"wp:attachment":[{"href":"https:\/\/univet.hu\/de\/wp-json\/wp\/v2\/media?parent=41418"}],"wp:term":[{"taxonomy":"category","embeddable":true,"href":"https:\/\/univet.hu\/de\/wp-json\/wp\/v2\/categories?post=41418"},{"taxonomy":"post_tag","embeddable":true,"href":"https:\/\/univet.hu\/de\/wp-json\/wp\/v2\/tags?post=41418"}],"curies":[{"name":"wp","href":"https:\/\/api.w.org\/{rel}","templated":true}]}}