{"id":41420,"date":"2019-07-28T17:21:14","date_gmt":"2019-07-28T15:21:14","guid":{"rendered":"https:\/\/univet.hu\/?page_id=41420"},"modified":"2019-07-28T17:21:14","modified_gmt":"2019-07-28T15:21:14","slug":"bakteriologische-und-virologische-diagnostik","status":"publish","type":"page","link":"https:\/\/univet.hu\/de\/labore\/labore-und-diagnostik\/bakteriologische-und-virologische-diagnostik\/","title":{"rendered":"Bakteriologische und virologische Diagnostik"},"content":{"rendered":"<p>Am Lehrstuhl werden bakteriologische und virologische diagnostische Untersuchungen f\u00fcr Kliniken der Fakult\u00e4t, Tierarztpraxen und landwirtschaftliche Betriebe durchgef\u00fchrt. \u00dcber die Identifizierung des Krankheitserregers im Laboratorium hinaus tragen die Untersuchungen durch Entwicklung von therapeutischen, prophylaktischen und Schutzmethoden vor Erregern zur Bek\u00e4mpfung der Krankheiten bei.<\/p>","protected":false},"excerpt":{"rendered":"<p>Am Lehrstuhl werden bakteriologische und virologische diagnostische Untersuchungen f\u00fcr Kliniken der Fakult\u00e4t, Tierarztpraxen und landwirtschaftliche Betriebe durchgef\u00fchrt. \u00dcber die Identifizierung des Krankheitserregers im Laboratorium hinaus tragen die Untersuchungen durch Entwicklung von therapeutischen, prophylaktischen und Schutzmethoden vor Erregern zur Bek\u00e4mpfung der Krankheiten bei.<\/p>\n","protected":false},"author":7,"featured_media":0,"parent":2235,"menu_order":98,"comment_status":"closed","ping_status":"closed","template":"","meta":{"_acf_changed":false,"footnotes":""},"categories":[],"tags":[],"class_list":["post-41420","page","type-page","status-publish","hentry"],"acf":[],"_links":{"self":[{"href":"https:\/\/univet.hu\/de\/wp-json\/wp\/v2\/pages\/41420","targetHints":{"allow":["GET"]}}],"collection":[{"href":"https:\/\/univet.hu\/de\/wp-json\/wp\/v2\/pages"}],"about":[{"href":"https:\/\/univet.hu\/de\/wp-json\/wp\/v2\/types\/page"}],"author":[{"embeddable":true,"href":"https:\/\/univet.hu\/de\/wp-json\/wp\/v2\/users\/7"}],"replies":[{"embeddable":true,"href":"https:\/\/univet.hu\/de\/wp-json\/wp\/v2\/comments?post=41420"}],"version-history":[{"count":0,"href":"https:\/\/univet.hu\/de\/wp-json\/wp\/v2\/pages\/41420\/revisions"}],"up":[{"embeddable":true,"href":"https:\/\/univet.hu\/de\/wp-json\/wp\/v2\/pages\/2235"}],"wp:attachment":[{"href":"https:\/\/univet.hu\/de\/wp-json\/wp\/v2\/media?parent=41420"}],"wp:term":[{"taxonomy":"category","embeddable":true,"href":"https:\/\/univet.hu\/de\/wp-json\/wp\/v2\/categories?post=41420"},{"taxonomy":"post_tag","embeddable":true,"href":"https:\/\/univet.hu\/de\/wp-json\/wp\/v2\/tags?post=41420"}],"curies":[{"name":"wp","href":"https:\/\/api.w.org\/{rel}","templated":true}]}}