{"id":41422,"date":"2019-07-28T17:23:38","date_gmt":"2019-07-28T15:23:38","guid":{"rendered":"https:\/\/univet.hu\/?page_id=41422"},"modified":"2019-07-28T17:23:38","modified_gmt":"2019-07-28T15:23:38","slug":"diagnostisches-laboratorium-lehrstuhl-fuer-pathologie","status":"publish","type":"page","link":"https:\/\/univet.hu\/de\/labore\/labore-und-diagnostik\/diagnostisches-laboratorium-lehrstuhl-fuer-pathologie\/","title":{"rendered":"Diagnostisches Laboratorium  \u2013 Lehrstuhl f\u00fcr Pathologie"},"content":{"rendered":"<p>Am Lehrstuhl werden Obduktionen zu diagnostischen Zwecken durchgef\u00fchrt, um die Ursachen des Verendens des Tiers genau bestimmen zu k\u00f6nnen. Forensische Obduktionen, Untersuchungen zu Prozessen und beh\u00f6rdlichen F\u00e4llen geh\u00f6ren nicht zu den ordentlichen Aufgaben des Lehrstuhls. In solchen F\u00e4llen muss man sich an das N\u00c9BIH [Nationales Amt f\u00fcr Sicherheit von Lebensmittelketten], Veterin\u00e4rwesen, Direktion f\u00fcr Diagnostik wenden.<\/p> <p>Lebende Tiere d\u00fcrfen nur mit Genehmigung des Lehrstuhlleiters an den Lehrstuhl mitgenommen werden.<\/p> <h2>Sprechstunden am Lehrstuhl<\/h2> <ul> <li>Montag \u2013 Donnerstag: 9:00 \u2013 15:00<\/li> <li>Freitag: 9:00 \u2013 13:00<\/li> <\/ul> <h2>Telefon:<\/h2> <ul> <li>(06-1) 478-4181<\/li> <li>(06-1) 478-4178<\/li> <\/ul> <p>Die Untersuchungsproben k\u00f6nnen au\u00dferhalb der Arbeitszeiten am Lehrstuhl in der Non-Stop-Ambulanz der Kleintierklinik des Lehrstuhls f\u00fcr innere Medizin abgegeben werden.<\/p> <h2>Mitteilung von Ergebnissen:<\/h2> <ul> <li>Je nach Wunsch per Brief, Fax, Telefon oder E-Mail.<\/li> <li>Ergebnisse der zytologischen Untersuchungen werden innerhalb von zwei, Ergebnisse der histologischen, PCR- und elektronenmikroskopischen Untersuchungen sp\u00e4testens innerhalb von f\u00fcnf Tagen mitgeteilt.<\/li> <\/ul> <h2>Untersuchungen<\/h2> <h3>PCR<\/h3> <p>PCR-Untersuchungen sind sehr umfassend, sie eignen sich zum Nachweis von unterschiedlichen Krankheitserregern zahlreicher Tierarten (Hund, Katze, Schwein, Gefl\u00fcgel usw.), und bei Bedarf erweitern wir unsere diagnostische Palette auch um den Nachweis von bisher noch nicht untersuchten Krankheitserregern.<\/p> <h4>H\u00e4ufigste PCR-Untersuchungen:<\/h4> <ul> <li>Parvoviren bei Hund, Staupe<\/li> <li>Panleukopenie bei Katzen, Herpes, Katzen-AIDS, Leukose<\/li> <li>PRRS (Schwein)<\/li> <li>Reo, Rota, Astro, Corona (Gefl\u00fcgel)<\/li> <\/ul> <h3>Elektronenmikroskopische Untersuchungen<\/h3> <p>Die modernen Elektronenmikroskope JEOL JEM-1011 und JEO bzw. JSM-35 in unserem Labor bieten einen ad\u00e4quaten Hintergrund f\u00fcr den Nachweis von Krankheitserregern von Infektionskrankheiten sowie von ultrastrukturellen morphologischen Anomalien.<\/p> <h3>Histopathologische Untersuchungen<\/h3> <p>Dank Investitionen in eine moderne Ausstattung k\u00f6nnen wir Ihnen die Diagnose bei fixierten Proben mithilfe von Standardverfahren (HE) und zahlreichen erg\u00e4nzenden Einf\u00e4rbungen\/Reaktionen (Giemsa, PAS, Grocott, Azan, Gram, Kossa usw.) sogar innerhalb von 48 Stunden mitteilen.<\/p> <h3>Zytologische Untersuchungen<\/h3> <p>Um eine schnelle Diagnose aufstellen und die Behandlung so fr\u00fch wie m\u00f6glich beginnen zu k\u00f6nnen, ist die zytologische Untersuchungsmethode Feinnadelaspiration unerl\u00e4sslich.<\/p>","protected":false},"excerpt":{"rendered":"<p>Am Lehrstuhl werden Obduktionen zu diagnostischen Zwecken durchgef\u00fchrt, um die Ursachen des Verendens des Tiers genau bestimmen zu k\u00f6nnen. Forensische Obduktionen, Untersuchungen zu Prozessen und beh\u00f6rdlichen F\u00e4llen geh\u00f6ren nicht zu den ordentlichen Aufgaben des Lehrstuhls. In solchen F\u00e4llen muss man sich an das N\u00c9BIH [Nationales Amt f\u00fcr Sicherheit von Lebensmittelketten], Veterin\u00e4rwesen, Direktion f\u00fcr Diagnostik wenden.<\/p>\n","protected":false},"author":7,"featured_media":0,"parent":2235,"menu_order":85,"comment_status":"closed","ping_status":"closed","template":"","meta":{"_acf_changed":false,"footnotes":""},"categories":[],"tags":[],"class_list":["post-41422","page","type-page","status-publish","hentry"],"acf":[],"_links":{"self":[{"href":"https:\/\/univet.hu\/de\/wp-json\/wp\/v2\/pages\/41422","targetHints":{"allow":["GET"]}}],"collection":[{"href":"https:\/\/univet.hu\/de\/wp-json\/wp\/v2\/pages"}],"about":[{"href":"https:\/\/univet.hu\/de\/wp-json\/wp\/v2\/types\/page"}],"author":[{"embeddable":true,"href":"https:\/\/univet.hu\/de\/wp-json\/wp\/v2\/users\/7"}],"replies":[{"embeddable":true,"href":"https:\/\/univet.hu\/de\/wp-json\/wp\/v2\/comments?post=41422"}],"version-history":[{"count":0,"href":"https:\/\/univet.hu\/de\/wp-json\/wp\/v2\/pages\/41422\/revisions"}],"up":[{"embeddable":true,"href":"https:\/\/univet.hu\/de\/wp-json\/wp\/v2\/pages\/2235"}],"wp:attachment":[{"href":"https:\/\/univet.hu\/de\/wp-json\/wp\/v2\/media?parent=41422"}],"wp:term":[{"taxonomy":"category","embeddable":true,"href":"https:\/\/univet.hu\/de\/wp-json\/wp\/v2\/categories?post=41422"},{"taxonomy":"post_tag","embeddable":true,"href":"https:\/\/univet.hu\/de\/wp-json\/wp\/v2\/tags?post=41422"}],"curies":[{"name":"wp","href":"https:\/\/api.w.org\/{rel}","templated":true}]}}