{"id":41424,"date":"2019-07-28T17:25:22","date_gmt":"2019-07-28T15:25:22","guid":{"rendered":"https:\/\/univet.hu\/?page_id=41424"},"modified":"2019-07-28T17:25:22","modified_gmt":"2019-07-28T15:25:22","slug":"laboratorium-blut-urin-zytologie-kleintierklinik","status":"publish","type":"page","link":"https:\/\/univet.hu\/de\/labore\/labore-und-diagnostik\/laboratorium-blut-urin-zytologie-kleintierklinik\/","title":{"rendered":"Laboratorium (Blut, Urin, Zytologie) \u2013 Kleintierklinik"},"content":{"rendered":"<h2>Blutuntersuchungen:<\/h2> <ul> <li>Qualitatives und quantitatives Blutbild<\/li> <li>Babesia-Reihenuntersuchung anhand von Blutausstrich<\/li> <li>Plasma\/Serum biochemische Untersuchungen (Albumin, Gesamteiwei\u00df, ALT, AST, ALKP, SIAP, GGT, GLDH, Gallens\u00e4ure, Bilirubin, Ammoniak, Amylase, Lipase, Cholesterin, Triglycerid, Glucose, Fructosamin, Kreatinin, Harnstoff, Phosphor, LDH, CK, Eisen, Eisenbindungskapazit\u00e4t, Ionogramm)<\/li> <li>Untersuchungen zur Blutgerinnung (APTI, PTI, FDP)<\/li> <li>Virentests bei Katzen: FeLV, FIV, FIP<\/li> <\/ul> <h3>Einige Untersuchungen sind auch als Paneluntersuchungen zu einem g\u00fcnstigeren Preis zu erhalten:<\/h3> <ul> <li>Kleine Routineuntersuchung (Blutbild, ALT, ALKP\/GGT, Glukose, Lipase, Kreatinin)<\/li> <li>Paneluntersuchung vor der OP (Blutbild, APTI, PTI, Glucose, ALZ, Kreatinin)<\/li> <li>An\u00e4mie-Panel (Blutbild, Retikulozyten, osmotische Resistenz, Eisen, Eisenbindungskapazit\u00e4t, Gesamteiwei\u00df)<\/li> <li>H\u00e4mostase-Panel (Blutbild, APTI, PTI, TI, Fibrinogen, FDP)<\/li> <li>Diabetes-Panel (Glucose, ALT, ALKP, SIAP, GGT, Lipase, Urinuntersuchung)<\/li> <li>Panel zur Neigung zu Kr\u00e4mpfen (Ionogramm, Ammoniak, Gallens\u00e4ure, Glucose, LDH, CK)<\/li> <li>Bauchspeicheldr\u00fcsen-Panel (Amylase, Lipase, Glucose, Gesamteiwei\u00df, Kreatinin)<\/li> <li>Kleines Leberpanel (Blutbild, ALT, ALKP, SIAP, GGT, Gallens\u00e4ure)<\/li> <li>Gro\u00dfes Leberpanel (ALT, AST, ALKP, SIAP, Gallens\u00e4ure, Br, GGT, Cholesterin)<\/li> <li>Nierenpanel (Kreatinin, Harnstoff, Phosphor, Gesamteiwei\u00df, Albumin, Ca, Urin, Eiwei\u00df\/Kreatinin Verh\u00e4ltnis im Urin)<\/li> <\/ul> <h2>Urinuntersuchungen:<\/h2> <ul> <li>Routineuntersuchung: Blut, H\u00e4moglobin, Eiwei\u00df, Eiter, UBG, Bilirubin, Keton, Glukose, Nitrit, Dichte, pH, Sediment-Untersuchung (Urin), Proteinurie-Untersuchungen: <ul> <li>Eiwei\u00df\/Kreatinin-Verh\u00e4ltnis, Mikroalbuminurie<\/li> <li>Barbiturat-Spiegel<\/li> <\/ul> <\/li> <\/ul> <h2>Zytologische Untersuchungen:<\/h2> <ul> <li>Fl\u00fcssigkeitsansammlung (im Bauch, Brustkorb, Herzbeutel)<\/li> <li>Lymphknoten<\/li> <li>Milz<\/li> <li>Leber<\/li> <li>Liquor<\/li> <li>Untersuchung von Punktaten aus pathologischen Ver\u00e4nderungen sonstiger Organe<\/li> <li>Kot<\/li> <\/ul>","protected":false},"excerpt":{"rendered":"<p>Blutuntersuchungen: Qualitatives und quantitatives Blutbild Babesia-Reihenuntersuchung anhand von Blutausstrich Plasma\/Serum biochemische Untersuchungen (Albumin, Gesamteiwei\u00df, ALT, AST, ALKP, SIAP, GGT, GLDH, Gallens\u00e4ure, Bilirubin, Ammoniak, Amylase, Lipase, Cholesterin, Triglycerid, Glucose, Fructosamin, Kreatinin, Harnstoff, Phosphor, LDH, CK, Eisen, Eisenbindungskapazit\u00e4t, Ionogramm) Untersuchungen zur Blutgerinnung (APTI, PTI, FDP) Virentests bei Katzen: FeLV, FIV, FIP Einige Untersuchungen sind auch als Paneluntersuchungen<\/p>\n","protected":false},"author":7,"featured_media":0,"parent":2235,"menu_order":91,"comment_status":"closed","ping_status":"closed","template":"","meta":{"_acf_changed":false,"footnotes":""},"categories":[],"tags":[],"class_list":["post-41424","page","type-page","status-publish","hentry"],"acf":[],"_links":{"self":[{"href":"https:\/\/univet.hu\/de\/wp-json\/wp\/v2\/pages\/41424","targetHints":{"allow":["GET"]}}],"collection":[{"href":"https:\/\/univet.hu\/de\/wp-json\/wp\/v2\/pages"}],"about":[{"href":"https:\/\/univet.hu\/de\/wp-json\/wp\/v2\/types\/page"}],"author":[{"embeddable":true,"href":"https:\/\/univet.hu\/de\/wp-json\/wp\/v2\/users\/7"}],"replies":[{"embeddable":true,"href":"https:\/\/univet.hu\/de\/wp-json\/wp\/v2\/comments?post=41424"}],"version-history":[{"count":0,"href":"https:\/\/univet.hu\/de\/wp-json\/wp\/v2\/pages\/41424\/revisions"}],"up":[{"embeddable":true,"href":"https:\/\/univet.hu\/de\/wp-json\/wp\/v2\/pages\/2235"}],"wp:attachment":[{"href":"https:\/\/univet.hu\/de\/wp-json\/wp\/v2\/media?parent=41424"}],"wp:term":[{"taxonomy":"category","embeddable":true,"href":"https:\/\/univet.hu\/de\/wp-json\/wp\/v2\/categories?post=41424"},{"taxonomy":"post_tag","embeddable":true,"href":"https:\/\/univet.hu\/de\/wp-json\/wp\/v2\/tags?post=41424"}],"curies":[{"name":"wp","href":"https:\/\/api.w.org\/{rel}","templated":true}]}}