{"id":41426,"date":"2019-07-28T17:27:28","date_gmt":"2019-07-28T15:27:28","guid":{"rendered":"https:\/\/univet.hu\/?page_id=41426"},"modified":"2019-07-28T17:27:28","modified_gmt":"2019-07-28T15:27:28","slug":"instrumentelle-diagnostik-ultraschall-ekg-endoskopie-kleintierklinik","status":"publish","type":"page","link":"https:\/\/univet.hu\/de\/labore\/labore-und-diagnostik\/instrumentelle-diagnostik-ultraschall-ekg-endoskopie-kleintierklinik\/","title":{"rendered":"Instrumentelle Diagnostik (Ultraschall, EKG, Endoskopie)- Kleintierklinik"},"content":{"rendered":"<h3><strong>Ultraschall und EKG<\/strong><\/h3> <p>Bei den Ultraschalluntersuchungen wird der diagnostische Wert der Untersuchung zu 30 % durch das Ger\u00e4t und zu 70 % von der die Untersuchung durchf\u00fchrenden Person beeinflusst. In unserer Abteilung f\u00fcr instrumentelle Diagnostik sind beide wichtigen Voraussetzungen vorhanden: die besten Fachleute auf dem Gebiet Ultraschall im Land, die auch international anerkannt sind, f\u00fchren die Untersuchungen mit einem modernen Ultraschallger\u00e4t durch.<\/p> <p>Die Ultraschalluntersuchung nimmt ca. eine halbe bis eine ganze Stunde in Anspruch. In den meisten F\u00e4llen wird sie im wachem Zustand durchgef\u00fchrt, da sie nicht mit Schmerzen f\u00fcr das Tier verbunden ist.<\/p> <ul> <li>Bauchultraschall<\/li> <li>Kardiologische Untersuchung (Herzultraschall und EKG)<\/li> <li>Blutdruckmessung<\/li> <li>Endoskopische Untersuchungen<\/li> <\/ul> <h3><strong>Endoskopische Untersuchungen<\/strong><\/h3> <p>Die endoskopischen Untersuchungen werden mit modernen starren und flexiblen Endoskopen durchgef\u00fchrt, in jedem Fall unter Narkose. Je nach Typ der Untersuchung kann die endoskopische Untersuchung zu einem diagnostischen oder therapeutischen (z. B. Entfernung von Fremdk\u00f6rpern) Zweck durchgef\u00fchrt werden. Um eine sichere Diagnose aufstellen zu k\u00f6nnen, werden in den meisten F\u00e4llen auch histologische\/zytologische und mikrobiologische Proben entnommen.<\/p> <p>Die endoskopischen Untersuchungen sollten bei den Tieren immer auf n\u00fcchternen Magen nach einem 12-st\u00fcndigem Fasten durchgef\u00fchrt werden!<\/p> <p>Endoskopische Untersuchungen werden nach einer Terminvereinbarung durchgef\u00fchrt, und zwar montags, dienstags und donnerstags von 9:00 bis 13:30 Uhr.<\/p>","protected":false},"excerpt":{"rendered":"<p>Ultraschall und EKG Bei den Ultraschalluntersuchungen wird der diagnostische Wert der Untersuchung zu 30 % durch das Ger\u00e4t und zu 70 % von der die Untersuchung durchf\u00fchrenden Person beeinflusst. In unserer Abteilung f\u00fcr instrumentelle Diagnostik sind beide wichtigen Voraussetzungen vorhanden: die besten Fachleute auf dem Gebiet Ultraschall im Land, die auch international anerkannt sind, f\u00fchren<\/p>\n","protected":false},"author":7,"featured_media":0,"parent":2235,"menu_order":93,"comment_status":"closed","ping_status":"closed","template":"","meta":{"_acf_changed":false,"footnotes":""},"categories":[],"tags":[],"class_list":["post-41426","page","type-page","status-publish","hentry"],"acf":[],"_links":{"self":[{"href":"https:\/\/univet.hu\/de\/wp-json\/wp\/v2\/pages\/41426","targetHints":{"allow":["GET"]}}],"collection":[{"href":"https:\/\/univet.hu\/de\/wp-json\/wp\/v2\/pages"}],"about":[{"href":"https:\/\/univet.hu\/de\/wp-json\/wp\/v2\/types\/page"}],"author":[{"embeddable":true,"href":"https:\/\/univet.hu\/de\/wp-json\/wp\/v2\/users\/7"}],"replies":[{"embeddable":true,"href":"https:\/\/univet.hu\/de\/wp-json\/wp\/v2\/comments?post=41426"}],"version-history":[{"count":0,"href":"https:\/\/univet.hu\/de\/wp-json\/wp\/v2\/pages\/41426\/revisions"}],"up":[{"embeddable":true,"href":"https:\/\/univet.hu\/de\/wp-json\/wp\/v2\/pages\/2235"}],"wp:attachment":[{"href":"https:\/\/univet.hu\/de\/wp-json\/wp\/v2\/media?parent=41426"}],"wp:term":[{"taxonomy":"category","embeddable":true,"href":"https:\/\/univet.hu\/de\/wp-json\/wp\/v2\/categories?post=41426"},{"taxonomy":"post_tag","embeddable":true,"href":"https:\/\/univet.hu\/de\/wp-json\/wp\/v2\/tags?post=41426"}],"curies":[{"name":"wp","href":"https:\/\/api.w.org\/{rel}","templated":true}]}}