{"id":41428,"date":"2019-07-28T17:29:57","date_gmt":"2019-07-28T15:29:57","guid":{"rendered":"https:\/\/univet.hu\/?page_id=41428"},"modified":"2019-07-28T17:29:57","modified_gmt":"2019-07-28T15:29:57","slug":"parasitologische-diagnostische-dienstleistung-fuer-tieraerzte-und-tierhalter","status":"publish","type":"page","link":"https:\/\/univet.hu\/de\/labore\/labore-und-diagnostik\/parasitologische-diagnostische-dienstleistung-fuer-tieraerzte-und-tierhalter\/","title":{"rendered":"Parasitologische diagnostische Dienstleistung f\u00fcr Tier\u00e4rzte und Tierhalter"},"content":{"rendered":"<p>Der Lehrstuhl f\u00fcr Parasitologie und Tierkunde an der Veterin\u00e4rmedizinischen Universit\u00e4t f\u00fchrt parasitologische Untersuchungen durch, und zwar sowohl f\u00fcr Individuen als auch f\u00fcr ganze Best\u00e4nde, um durch Endo- und Ektoparasiten bei Nutz- und Heimtieren bzw. Wild verursachte Infektionen aufzudecken. Bei Bedarf bieten wir die Anfahrt und Untersuchung vor Ort, fachliche Konsultationen und die Zusammenstellung von Antiparasiten-Behandlungen an.<\/p> <p>\u00dcber traditionelle und zeitgem\u00e4\u00dfe diagnostische Methoden, die Probenentnahme und die Preise der einzelnen Dienstleistungen k\u00f6nnen Sie sich unter den folgenden Telefonnummer bzw.<\/p> <ul> <li>Telefonnummer: 1 478-4275; 1 478-4189; 1 478-4100\/8309<\/li> <\/ul> <p>Wir geben auch allgemeine Ratschl\u00e4ge zur Sammlung und zum Transport der f\u00fcr die parasitologischen Untersuchungen vorgesehenen Proben. Wir empfehlen den Tierhaltern, sich bei Problemen im Zusammenhang mit der Probenentnahme an einen Tierarzt oder unmittelbar an den Lehrstuhl zu wenden.<\/p>","protected":false},"excerpt":{"rendered":"<p>Der Lehrstuhl f\u00fcr Parasitologie und Tierkunde an der Veterin\u00e4rmedizinischen Universit\u00e4t f\u00fchrt parasitologische Untersuchungen durch, und zwar sowohl f\u00fcr Individuen als auch f\u00fcr ganze Best\u00e4nde, um durch Endo- und Ektoparasiten bei Nutz- und Heimtieren bzw. Wild verursachte Infektionen aufzudecken. Bei Bedarf bieten wir die Anfahrt und Untersuchung vor Ort, fachliche Konsultationen und die Zusammenstellung von Antiparasiten-Behandlungen<\/p>\n","protected":false},"author":7,"featured_media":0,"parent":2235,"menu_order":94,"comment_status":"closed","ping_status":"closed","template":"","meta":{"_acf_changed":false,"footnotes":""},"categories":[],"tags":[],"class_list":["post-41428","page","type-page","status-publish","hentry"],"acf":[],"_links":{"self":[{"href":"https:\/\/univet.hu\/de\/wp-json\/wp\/v2\/pages\/41428","targetHints":{"allow":["GET"]}}],"collection":[{"href":"https:\/\/univet.hu\/de\/wp-json\/wp\/v2\/pages"}],"about":[{"href":"https:\/\/univet.hu\/de\/wp-json\/wp\/v2\/types\/page"}],"author":[{"embeddable":true,"href":"https:\/\/univet.hu\/de\/wp-json\/wp\/v2\/users\/7"}],"replies":[{"embeddable":true,"href":"https:\/\/univet.hu\/de\/wp-json\/wp\/v2\/comments?post=41428"}],"version-history":[{"count":0,"href":"https:\/\/univet.hu\/de\/wp-json\/wp\/v2\/pages\/41428\/revisions"}],"up":[{"embeddable":true,"href":"https:\/\/univet.hu\/de\/wp-json\/wp\/v2\/pages\/2235"}],"wp:attachment":[{"href":"https:\/\/univet.hu\/de\/wp-json\/wp\/v2\/media?parent=41428"}],"wp:term":[{"taxonomy":"category","embeddable":true,"href":"https:\/\/univet.hu\/de\/wp-json\/wp\/v2\/categories?post=41428"},{"taxonomy":"post_tag","embeddable":true,"href":"https:\/\/univet.hu\/de\/wp-json\/wp\/v2\/tags?post=41428"}],"curies":[{"name":"wp","href":"https:\/\/api.w.org\/{rel}","templated":true}]}}