{"id":41430,"date":"2019-07-28T17:31:31","date_gmt":"2019-07-28T15:31:31","guid":{"rendered":"https:\/\/univet.hu\/?page_id=41430"},"modified":"2019-07-28T17:31:54","modified_gmt":"2019-07-28T15:31:54","slug":"lehrstuhl-fuer-lebensmittelhygiene-mikrobiologisches-laboratorium","status":"publish","type":"page","link":"https:\/\/univet.hu\/de\/lehrstuhl-fuer-lebensmittelhygiene-mikrobiologisches-laboratorium\/","title":{"rendered":"Lehrstuhl f\u00fcr Lebensmittelhygiene Mikrobiologisches Laboratorium"},"content":{"rendered":"<h3>Veterin\u00e4rmedizinische Universit\u00e4t\u00a0Lehrstuhl f\u00fcr Lebensmittelhygiene Mikrobiologisches Laboratorium<\/h3> <ul> <li>Nummer der Akkreditierung: NAH-1-1527\/2016<\/li> <li>Zeitpunkt der Ausstellung: 20.01.2016<\/li> <li>G\u00fcltigkeitsdauer: 19.01.2021<\/li> <li>Tel: +36 (1) 478-4151<\/li> <li>Leiterin des Laboratoriums: Dr. Katalin Szakm\u00e1r<\/li> <\/ul> <h3>Akkreditierte T\u00e4tigkeit:<\/h3> <ol> <li>Mikrobiologische Untersuchung von Lebensmitteln, Roh- und Zusatzstoffen in Lebensmitteln;<\/li> <li>Mikrobiologische Untersuchung von Fleisch und Lebensmitteln auf Fleischbasis;<\/li> <li>Mikrobiologische Untersuchung von Wasser (Trinkwasser, Mineralwasser, in Flaschen abgef\u00fclltes Wasser);<\/li> <li>schnelle mikrobiologische Untersuchung von Wasser, Fleisch, Milch und hygienischen Proben zu Informationszwecken;<\/li> <li>Ermittlung der Anzahl von Bifidobakterien und Lactobacillus casei in probiotischen Joghurtprodukten;<\/li> <li>Probeentnahme von Fleisch und Lebensmitteln auf Fleischbasis, Milch und Milchprodukten sowie Trinkwasser f\u00fcr mikrobiologische Untersuchungen;<\/li> <li>Probenentnahme und Vorbereitung der Proben von tiefgefrorenen Lebensmitteln f\u00fcr mikrobiologische Untersuchungen.<\/li> <\/ol>","protected":false},"excerpt":{"rendered":"<p>Veterin\u00e4rmedizinische Universit\u00e4t\u00a0Lehrstuhl f\u00fcr Lebensmittelhygiene Mikrobiologisches Laboratorium Nummer der Akkreditierung: NAH-1-1527\/2016 Zeitpunkt der Ausstellung: 20.01.2016 G\u00fcltigkeitsdauer: 19.01.2021 Tel: +36 (1) 478-4151 Leiterin des Laboratoriums: Dr. Katalin Szakm\u00e1r Akkreditierte T\u00e4tigkeit: Mikrobiologische Untersuchung von Lebensmitteln, Roh- und Zusatzstoffen in Lebensmitteln; Mikrobiologische Untersuchung von Fleisch und Lebensmitteln auf Fleischbasis; Mikrobiologische Untersuchung von Wasser (Trinkwasser, Mineralwasser, in Flaschen abgef\u00fclltes Wasser);<\/p>\n","protected":false},"author":7,"featured_media":0,"parent":0,"menu_order":98,"comment_status":"closed","ping_status":"closed","template":"","meta":{"_acf_changed":false,"footnotes":""},"categories":[],"tags":[],"class_list":["post-41430","page","type-page","status-publish","hentry"],"acf":[],"_links":{"self":[{"href":"https:\/\/univet.hu\/de\/wp-json\/wp\/v2\/pages\/41430","targetHints":{"allow":["GET"]}}],"collection":[{"href":"https:\/\/univet.hu\/de\/wp-json\/wp\/v2\/pages"}],"about":[{"href":"https:\/\/univet.hu\/de\/wp-json\/wp\/v2\/types\/page"}],"author":[{"embeddable":true,"href":"https:\/\/univet.hu\/de\/wp-json\/wp\/v2\/users\/7"}],"replies":[{"embeddable":true,"href":"https:\/\/univet.hu\/de\/wp-json\/wp\/v2\/comments?post=41430"}],"version-history":[{"count":0,"href":"https:\/\/univet.hu\/de\/wp-json\/wp\/v2\/pages\/41430\/revisions"}],"wp:attachment":[{"href":"https:\/\/univet.hu\/de\/wp-json\/wp\/v2\/media?parent=41430"}],"wp:term":[{"taxonomy":"category","embeddable":true,"href":"https:\/\/univet.hu\/de\/wp-json\/wp\/v2\/categories?post=41430"},{"taxonomy":"post_tag","embeddable":true,"href":"https:\/\/univet.hu\/de\/wp-json\/wp\/v2\/tags?post=41430"}],"curies":[{"name":"wp","href":"https:\/\/api.w.org\/{rel}","templated":true}]}}