{"id":41640,"date":"2019-08-06T13:56:47","date_gmt":"2019-08-06T11:56:47","guid":{"rendered":"https:\/\/univet.hu\/?page_id=41640"},"modified":"2025-08-09T17:32:11","modified_gmt":"2025-08-09T15:32:11","slug":"nach-der-zulassung","status":"publish","type":"page","link":"https:\/\/univet.hu\/de\/fur-interessenten\/nach-der-zulassung\/","title":{"rendered":"Nach der Zulassung"},"content":{"rendered":"<h4><span style=\"font-size: 10pt;color: #ffffff\">\u00a0h<\/span><span style=\"font-size: 14pt\"><strong>Liebe\/r angehende\/r Student\/in hier ein Paar Infos zur Registration, Studienbeginn:<\/strong><\/span><\/h4> <p>&nbsp;<\/p> <p><span style=\"font-size: 12pt\"><strong>Infor \u00fcber Pflichtf\u00e4cher, Modulbeschreibungen und die Stundenpl\u00e4ne der vorherigen Semester finden Sie <a href=\"https:\/\/univet.hu\/de\/studenten\/studenteninfo\/stundenplane\/\">hier<\/a>:\u00a0\u00a0<\/strong><\/span><\/p> <header class=\"entry-header\"><span style=\"font-size: 12pt\"><strong>Die Zeiteinteilung des kommenden akademischen Jahres finden Sie <a href=\"https:\/\/univet.hu\/de\/studenten\/fuer-aktuelle-studenten\/akademische-informationen\/\">hier<\/a>:<\/strong><\/span><\/p> <h2><\/h2> <h2 class=\"entry-title\"><span style=\"font-size: 14pt\">Unterkunft<\/span><\/h2> <\/header> <div class=\"entry-content\"> <p><a class=\"ari-fancybox\" href=\"https:\/\/univet.hu\/wp-content\/uploads\/2019\/08\/luke-stackpoole-eWqOgJ-lfiI-unsplash.jpg\"><img loading=\"lazy\" decoding=\"async\" class=\"alignright wp-image-42015\" src=\"https:\/\/univet.hu\/wp-content\/uploads\/2019\/08\/luke-stackpoole-eWqOgJ-lfiI-unsplash-256x320.jpg\" alt=\"\" width=\"284\" height=\"355\" srcset=\"https:\/\/univet.hu\/wp-content\/uploads\/2019\/08\/luke-stackpoole-eWqOgJ-lfiI-unsplash-256x320.jpg 256w, https:\/\/univet.hu\/wp-content\/uploads\/2019\/08\/luke-stackpoole-eWqOgJ-lfiI-unsplash-768x960.jpg 768w\" sizes=\"auto, (max-width: 284px) 100vw, 284px\" \/><\/a>Vielleicht suchen Sie noch immer nach Unterk\u00fcnften in Budapest. Sie finden unter den angegebenen Email Adressen und Webseiten von den Partnern von Univet Budapest etwas Hilfe dazu!<\/p> <p><strong>Unterkunft College International:<\/strong><\/p> <p>(+36 1) 413-3006 or<br \/> (+3630) 683 0885<\/p> <p>Frau Aranka P\u00e1lfi<\/p> <p>e-mail:\u00a0<a class=\"decrypt\" rel=\"bqbmgjAndebojfm\/iv\">[Click to see email]<\/a><br \/> web: www.budapesthousingservice.com<\/p> <p><strong>Gueststudent Budapest<\/strong><br \/> e-mail:\u00a0<a class=\"decrypt\" rel=\"epsnjupszAhvftutuvefou\/dpn\">[Click to see email]<\/a><br \/> web: www.gueststudent.com<\/p> <p>&nbsp;<\/p> <p>Bitte beachten Sie das UVMB keine Verantwortung\u00a0<span lang=\"de\">f\u00fcr die Handlungen und Taten anderer Institutionen und Unternehmen \u00fcbernimmt!<\/span><\/p> <\/div> <p>&nbsp;<\/p> <div class=\"entry-content\"> <header class=\"entry-header\"> <h2 class=\"entry-title\">Versicherung<\/h2> <\/header> <div class=\"entry-content\"> <p><strong>Versicherung College International:<\/strong><\/p> <p>Frau Erika Gergely<\/p> <p>e-mail:\u00a0<a class=\"decrypt\" rel=\"fhfshfmzAndebojfm\/iv\">[Click to see email]<\/a><\/p> <\/div> <\/div> <p>&nbsp;<\/p> <p><strong>Generali Insurance Company:<\/strong><\/p> <pre id=\"tw-target-text\" class=\"tw-data-text tw-text-large tw-ta\" dir=\"ltr\" data-placeholder=\"Ford\u00edt\u00e1s\"><span lang=\"de\">\u00dcber die allgemeinen Gesch\u00e4ftsbedingungen k\u00f6nnen Sie <strong><a href=\"https:\/\/univet.hu\/wp-content\/uploads\/2019\/08\/Generali-Studium.pdf\">hier\u00a0<\/a><\/strong>lesen (nur auf englisch!)    <\/span><\/pre> <pre class=\"tw-data-text tw-text-large tw-ta\" dir=\"ltr\" data-placeholder=\"Ford\u00edt\u00e1s\">Jahresgeb\u00fchr ist 70\u00a0000 HUF.<\/pre> <p>Ihr Kontakt:<\/p> <p>Herr G\u00e1bor G\u00f6nczi<\/p> <p>e-mail:\u00a0<a class=\"decrypt\" rel=\"hpod{j\/hbcpsAhnbjm\/dpn\">[Click to see email]<\/a><\/p> <p>Mobil:\u00a0<strong>+36-30-729-74-99<\/strong><\/p> <h4><span style=\"color: #ffffff\">\u00a0hhttps:\/\/univet.hu\/de\/studenten\/studenteninfo\/allgemeine-informationen\/unterkunft-und-versicherung\/hh<\/span><\/h4> <p>&nbsp;<\/p>","protected":false},"excerpt":{"rendered":"<p>\u00a0hLiebe\/r angehende\/r Student\/in hier ein Paar Infos zur Registration, Studienbeginn: &nbsp; Infor \u00fcber Pflichtf\u00e4cher, Modulbeschreibungen und die Stundenpl\u00e4ne der vorherigen Semester finden Sie hier:\u00a0\u00a0 Die Zeiteinteilung des kommenden akademischen Jahres finden Sie hier: Unterkunft Vielleicht suchen Sie noch immer nach Unterk\u00fcnften in Budapest. Sie finden unter den angegebenen Email Adressen und Webseiten von den Partnern<\/p>\n","protected":false},"author":7,"featured_media":0,"parent":1223,"menu_order":78,"comment_status":"closed","ping_status":"closed","template":"","meta":{"_acf_changed":false,"footnotes":""},"categories":[],"tags":[],"class_list":["post-41640","page","type-page","status-publish","hentry"],"acf":[],"_links":{"self":[{"href":"https:\/\/univet.hu\/de\/wp-json\/wp\/v2\/pages\/41640","targetHints":{"allow":["GET"]}}],"collection":[{"href":"https:\/\/univet.hu\/de\/wp-json\/wp\/v2\/pages"}],"about":[{"href":"https:\/\/univet.hu\/de\/wp-json\/wp\/v2\/types\/page"}],"author":[{"embeddable":true,"href":"https:\/\/univet.hu\/de\/wp-json\/wp\/v2\/users\/7"}],"replies":[{"embeddable":true,"href":"https:\/\/univet.hu\/de\/wp-json\/wp\/v2\/comments?post=41640"}],"version-history":[{"count":5,"href":"https:\/\/univet.hu\/de\/wp-json\/wp\/v2\/pages\/41640\/revisions"}],"predecessor-version":[{"id":188623,"href":"https:\/\/univet.hu\/de\/wp-json\/wp\/v2\/pages\/41640\/revisions\/188623"}],"up":[{"embeddable":true,"href":"https:\/\/univet.hu\/de\/wp-json\/wp\/v2\/pages\/1223"}],"wp:attachment":[{"href":"https:\/\/univet.hu\/de\/wp-json\/wp\/v2\/media?parent=41640"}],"wp:term":[{"taxonomy":"category","embeddable":true,"href":"https:\/\/univet.hu\/de\/wp-json\/wp\/v2\/categories?post=41640"},{"taxonomy":"post_tag","embeddable":true,"href":"https:\/\/univet.hu\/de\/wp-json\/wp\/v2\/tags?post=41640"}],"curies":[{"name":"wp","href":"https:\/\/api.w.org\/{rel}","templated":true}]}}