{"id":41653,"date":"2019-08-06T14:34:49","date_gmt":"2019-08-06T12:34:49","guid":{"rendered":"https:\/\/univet.hu\/?page_id=41653"},"modified":"2021-08-12T16:58:02","modified_gmt":"2021-08-12T14:58:02","slug":"gebuehren","status":"publish","type":"page","link":"https:\/\/univet.hu\/de\/studenten\/aktuelles\/gebuehren\/","title":{"rendered":"Geb\u00fchren"},"content":{"rendered":"<p>Studiengeb\u00fchren\/Jahr: EUR 12.480,-<\/p> <p>Zu entrichten wie folgt:<\/p> <ul> <li>kurz nach der Zulassung, ca innerhalb drei Wochen (Datum im Brief)\u00a0<strong>EUR 700<\/strong>,-\u00a0 (Deposit, um sich den Studienplatz zu sichern)<\/li> <li>bis zum 20. August zu erg\u00e4nzen auf\u00a0<strong>EUR 7.920<\/strong>,-\u00a0 (EUR 7700,\u2011 Studiengeb\u00fchr WS + EUR 220,\u2011 Immatrikulationsgeb\u00fchr)<\/li> <li>im Januar\u00a0<strong>EUR 4.780<\/strong>,- (Studiengeb\u00fchr des 2. Semesters)<\/li> <li>Geb\u00fchr f\u00fcr das klinische (11.) Semester:\u00a0<strong>EUR 5.490<\/strong>,-<\/li> <\/ul> <p>&nbsp;<\/p>","protected":false},"excerpt":{"rendered":"<p>Studiengeb\u00fchren\/Jahr: EUR 12.480,- Zu entrichten wie folgt: kurz nach der Zulassung, ca innerhalb drei Wochen (Datum im Brief)\u00a0EUR 700,-\u00a0 (Deposit, um sich den Studienplatz zu sichern) bis zum 20. August zu erg\u00e4nzen auf\u00a0EUR 7.920,-\u00a0 (EUR 7700,\u2011 Studiengeb\u00fchr WS + EUR 220,\u2011 Immatrikulationsgeb\u00fchr) im Januar\u00a0EUR 4.780,- (Studiengeb\u00fchr des 2. Semesters) Geb\u00fchr f\u00fcr das klinische (11.) Semester:\u00a0EUR<\/p>\n","protected":false},"author":7,"featured_media":0,"parent":41646,"menu_order":92,"comment_status":"closed","ping_status":"closed","template":"","meta":{"_acf_changed":false,"footnotes":""},"categories":[],"tags":[],"class_list":["post-41653","page","type-page","status-publish","hentry"],"acf":[],"_links":{"self":[{"href":"https:\/\/univet.hu\/de\/wp-json\/wp\/v2\/pages\/41653","targetHints":{"allow":["GET"]}}],"collection":[{"href":"https:\/\/univet.hu\/de\/wp-json\/wp\/v2\/pages"}],"about":[{"href":"https:\/\/univet.hu\/de\/wp-json\/wp\/v2\/types\/page"}],"author":[{"embeddable":true,"href":"https:\/\/univet.hu\/de\/wp-json\/wp\/v2\/users\/7"}],"replies":[{"embeddable":true,"href":"https:\/\/univet.hu\/de\/wp-json\/wp\/v2\/comments?post=41653"}],"version-history":[{"count":0,"href":"https:\/\/univet.hu\/de\/wp-json\/wp\/v2\/pages\/41653\/revisions"}],"up":[{"embeddable":true,"href":"https:\/\/univet.hu\/de\/wp-json\/wp\/v2\/pages\/41646"}],"wp:attachment":[{"href":"https:\/\/univet.hu\/de\/wp-json\/wp\/v2\/media?parent=41653"}],"wp:term":[{"taxonomy":"category","embeddable":true,"href":"https:\/\/univet.hu\/de\/wp-json\/wp\/v2\/categories?post=41653"},{"taxonomy":"post_tag","embeddable":true,"href":"https:\/\/univet.hu\/de\/wp-json\/wp\/v2\/tags?post=41653"}],"curies":[{"name":"wp","href":"https:\/\/api.w.org\/{rel}","templated":true}]}}