{"id":41661,"date":"2019-08-06T15:44:26","date_gmt":"2019-08-06T13:44:26","guid":{"rendered":"https:\/\/univet.hu\/?page_id=41661"},"modified":"2025-05-23T12:27:21","modified_gmt":"2025-05-23T10:27:21","slug":"pruefungsordnung","status":"publish","type":"page","link":"https:\/\/univet.hu\/de\/studenten\/aktuelles\/pruefungsordnung\/","title":{"rendered":"Pr\u00fcfungsordnung"},"content":{"rendered":"<p><strong>Jede Pr\u00fcfung kann mehrmals angetreten werden:<\/strong><\/p> <ul> <li>dreimal in der aktuellen Pr\u00fcfungsperiode, d.h. zu dem im Curriculum angegebenen Zeitpunkt, direkt im Anschluss an jenes Semester, in welchem das Teilgebiet gelehrt wurde (Ende Dezember \u2013 Anfang Februar bzw. Ende Mai \u2013 Ende Juni). Vers\u00e4umte M\u00f6glichkeiten k\u00f6nnen nicht in einer sp\u00e4teren Periode nachgeholt werden, diese sind verloren!<\/li> <li>insgesamt zwei weitere, verschobene M\u00f6glichkeiten f\u00fcr eine Pr\u00fcfung stehen innerhalb folgender Perioden zur Verf\u00fcgung: <ul> <li>vom 1. Dezember bis Anfang Februar<\/li> <li>vom 2. Mai bis Ende Juni<\/li> <\/ul> <\/li> <\/ul> <p>(f\u00fcr die F\u00e4cher des 4. Semesters innerhalb einer Woche vor bzw. nach Beginn des Studienjahres).<\/p> <p>Die Anzahl der angetretenen F\u00e4cher innerhalb der Pr\u00fcfungsperioden ist nicht limitiert.<\/p> <p>Die Hauptpr\u00fcfung eines Faches ist die erste in der aktuellen Pr\u00fcfungsperiode. Wird diese Pr\u00fcfung nicht bestanden oder vers\u00e4umt, so kann der Student in derselben Pr\u00fcfungsperiode zwei Wiederholungspr\u00fcfungen ablegen, wenn im Neptun noch erreichbare Termine und freie Pl\u00e4tze sind. Die letzte Woche der Pr\u00fcfungsperiode steht i.d.R. lediglich f\u00fcr Wiederholungspr\u00fcfungen zur Verf\u00fcgung. Bitte beachten Sie diese Einschr\u00e4nkungen bei der Erstellung Ihres individuellen Pr\u00fcfungsplanes! Es ist Ihre Verantwortung die gegebenen Chancen gut zu nutzen! Der zeitliche Mindestabstand zwischen den Pr\u00fcfungen kann vom Lehrstuhlinhaber des gegebenen Faches festgelegt werden.<\/p> <p>In F\u00e4chern, die sich \u00fcber mehrere Semester erstrecken, k\u00f6nnen die Pr\u00fcfungen akkumuliert werden. Auch in solchen F\u00e4llen m\u00fcssen jedoch die Pr\u00fcfungen in einer, dem Lehrfach entsprechenden strengen thematisch-chronologischen Reihenfolge abgelegt werden. Dies bedeutet, dass zun\u00e4chst die erste der verschobenen Pr\u00fcfungen abgelegt werden muss und erst danach kann die n\u00e4chste (verschobene) Pr\u00fcfung des Faches angetreten werden. Obwohl also die Pr\u00fcfungen auf die Verantwortung des Studenten (!) verschoben werden k\u00f6nnen, darf keine Pr\u00fcfung \u00fcbersprungen oder ausgelassen werden. Des Weiteren ist die Pr\u00fcfung in Veterin\u00e4r- und Lebensmittelchemie vor dem Biochemie-Rigorosum abzulegen.<\/p> <p>Es ist nicht m\u00f6glich das 5. Fachsemester anzutreten, ohne alle Pr\u00fcfungen (sowohl Praktikumsnoten, als auch Abschlusspr\u00fcfungen) der Fachsemester 1. &#8211; 4. abgelegt zu haben.<\/p> <p>Nach drei \u201eungen\u00fcgenden\u201c Ergebnissen des Fach(abschnitt)es kann (unter <a class=\"decrypt\" rel=\"tuvefouAvojwfu\/iv\" href=\"javascript:void(0);\">[Click to see email]<\/a>) ein anderer Pr\u00fcfer beantragt werden, wenn die ersten drei Versuche von derselben Lehrkraft bewertet wurden.<\/p> <p>Sollten die 3+3 Pr\u00fcfungsm\u00f6glichkeiten f\u00fcr ein Fach ausgesch\u00f6pft sein, so ist die Unterbrechung des regul\u00e4ren Studiums und eine inaktive Registration notwendig. Als Alternative kann der Student unter <a class=\"decrypt\" rel=\"tuvefouAvojwfu\/iv\" href=\"javascript:void(0);\">[Click to see email]<\/a> bis Mitte September bzw. Mitte Februar den erneuten Besuch des Faches beantragen. Der Besuch eines Lehrfach(abschnitt)es ist max. zweimal m\u00f6glich.<\/p> <p>Es ist keine erneute Studiengeb\u00fchr zu zahlen, wenn der Student lediglich auf die Wiederholung einer (oder mehrerer) Pr\u00fcfung(en) wartet, ohne die Verpflichtung\/ M\u00f6glichkeit zu haben an den Lehrveranstaltungen teilzunehmen (= \u201einaktiver Status\u201c). In solch\u2018 einem Fall ist eine sog. Wiederholungs-Registrationsgeb\u00fchr in H\u00f6he von <strong>EUR 300,-\/Jahr<\/strong> zu entrichten und eine Registration f\u00fcr das Semester beim Studentensekretariat (zumindest per Email) bis Mitte September und Februar vorzunehmen. Die unverbrauchten Pr\u00fcfungschancen der regul\u00e4ren Studienperiode verstreichen, aber der Student erh\u00e4lt ab Oktober und M\u00e4rz je 2 Pr\u00fcfungschancen pro Lehrfach und Semester. Diese k\u00f6nnen zu den vom Lehrstuhl im Neptun-System f\u00fcr inaktive Studenten ver\u00f6ffentlichten Terminen, auch ausserhalb der Pr\u00fcfungsperioden in Anspruch genommen werden. Ohne Anmeldung ist die Teilnahme an der Pr\u00fcfung auch f\u00fcr inaktive Studenten nicht genehmigt. Eine Reaktivierung (Registration zum Teil- oder Vollzeit-Status) ist w\u00e4hrend des Semesters nicht m\u00f6glich und wird i.d.R. nur zum Wintersemester genehmigt.<\/p> <p>Der Besuch von Praktika ist w\u00e4hrend des inaktiven Semesters nicht genehmigt. Teilzeitstudenten wird auf Antrag des Studenten der Besuch von lediglich einzelnen Lehrveranstaltungen (gegen eine gesonderte Geb\u00fchr) evtl. erm\u00f6glicht. Ein Antrag ist bis Mitte September bzw. Mitte Februar unter <a class=\"decrypt\" rel=\"tuvefouAvojwfu\/iv\" href=\"javascript:void(0);\">[Click to see email]<\/a> zu stellen. Bei dem erneuten Besuch eines Lehrfaches sind die fr\u00fcher erreichten Teilergebnisse (Testate, Unterschrift usw.) des gegebenen Faches ung\u00fcltig. Es gelten f\u00fcr das gegebene Fach die Regeln und Pr\u00fcfungstermine der regul\u00e4ren Studenten &#8211; f\u00fcr die anderen F\u00e4cher die der inaktiven.<\/p> <p>&nbsp;<\/p>","protected":false},"excerpt":{"rendered":"<p>Jede Pr\u00fcfung kann mehrmals angetreten werden: dreimal in der aktuellen Pr\u00fcfungsperiode, d.h. zu dem im Curriculum angegebenen Zeitpunkt, direkt im Anschluss an jenes Semester, in welchem das Teilgebiet gelehrt wurde (Ende Dezember \u2013 Anfang Februar bzw. Ende Mai \u2013 Ende Juni). Vers\u00e4umte M\u00f6glichkeiten k\u00f6nnen nicht in einer sp\u00e4teren Periode nachgeholt werden, diese sind verloren! insgesamt<\/p>\n","protected":false},"author":7,"featured_media":0,"parent":41646,"menu_order":6,"comment_status":"closed","ping_status":"closed","template":"","meta":{"_acf_changed":false,"footnotes":""},"categories":[],"tags":[],"class_list":["post-41661","page","type-page","status-publish","hentry"],"acf":[],"_links":{"self":[{"href":"https:\/\/univet.hu\/de\/wp-json\/wp\/v2\/pages\/41661","targetHints":{"allow":["GET"]}}],"collection":[{"href":"https:\/\/univet.hu\/de\/wp-json\/wp\/v2\/pages"}],"about":[{"href":"https:\/\/univet.hu\/de\/wp-json\/wp\/v2\/types\/page"}],"author":[{"embeddable":true,"href":"https:\/\/univet.hu\/de\/wp-json\/wp\/v2\/users\/7"}],"replies":[{"embeddable":true,"href":"https:\/\/univet.hu\/de\/wp-json\/wp\/v2\/comments?post=41661"}],"version-history":[{"count":2,"href":"https:\/\/univet.hu\/de\/wp-json\/wp\/v2\/pages\/41661\/revisions"}],"predecessor-version":[{"id":184864,"href":"https:\/\/univet.hu\/de\/wp-json\/wp\/v2\/pages\/41661\/revisions\/184864"}],"up":[{"embeddable":true,"href":"https:\/\/univet.hu\/de\/wp-json\/wp\/v2\/pages\/41646"}],"wp:attachment":[{"href":"https:\/\/univet.hu\/de\/wp-json\/wp\/v2\/media?parent=41661"}],"wp:term":[{"taxonomy":"category","embeddable":true,"href":"https:\/\/univet.hu\/de\/wp-json\/wp\/v2\/categories?post=41661"},{"taxonomy":"post_tag","embeddable":true,"href":"https:\/\/univet.hu\/de\/wp-json\/wp\/v2\/tags?post=41661"}],"curies":[{"name":"wp","href":"https:\/\/api.w.org\/{rel}","templated":true}]}}