{"id":4170,"date":"2016-08-02T14:08:00","date_gmt":"2016-08-02T12:08:00","guid":{"rendered":"http:\/\/univet.hu\/universitaet\/mitarbeiter\/konyves-laszlo\/"},"modified":"2026-02-10T04:45:04","modified_gmt":"2026-02-10T03:45:04","slug":"konyves-laszlo","status":"publish","type":"page","link":"https:\/\/univet.hu\/de\/universitaet\/mitarbeiter\/konyves-laszlo\/","title":{"rendered":"K\u00f6nyves L\u00e1szl\u00f3"},"content":{"rendered":"<p>&nbsp;<\/p> <p><a href=\"http:\/\/www.univet.hu\/units\/Allathig\/KL.htm\" target=\"_blank\" rel=\"noopener\" data-replaced=\"true\">Eigene homepage<\/a><\/p>","protected":false},"excerpt":{"rendered":"<p>&nbsp; Eigene homepage<\/p>\n","protected":false},"author":5824,"featured_media":0,"parent":859,"menu_order":211,"comment_status":"closed","ping_status":"closed","template":"","meta":{"_acf_changed":false,"footnotes":""},"categories":[55],"tags":[],"class_list":["post-4170","page","type-page","status-publish","hentry","category-mitarbeiter"],"acf":[],"_links":{"self":[{"href":"https:\/\/univet.hu\/de\/wp-json\/wp\/v2\/pages\/4170","targetHints":{"allow":["GET"]}}],"collection":[{"href":"https:\/\/univet.hu\/de\/wp-json\/wp\/v2\/pages"}],"about":[{"href":"https:\/\/univet.hu\/de\/wp-json\/wp\/v2\/types\/page"}],"author":[{"embeddable":true,"href":"https:\/\/univet.hu\/de\/wp-json\/wp\/v2\/users\/5824"}],"replies":[{"embeddable":true,"href":"https:\/\/univet.hu\/de\/wp-json\/wp\/v2\/comments?post=4170"}],"version-history":[{"count":1,"href":"https:\/\/univet.hu\/de\/wp-json\/wp\/v2\/pages\/4170\/revisions"}],"predecessor-version":[{"id":200822,"href":"https:\/\/univet.hu\/de\/wp-json\/wp\/v2\/pages\/4170\/revisions\/200822"}],"up":[{"embeddable":true,"href":"https:\/\/univet.hu\/de\/wp-json\/wp\/v2\/pages\/859"}],"wp:attachment":[{"href":"https:\/\/univet.hu\/de\/wp-json\/wp\/v2\/media?parent=4170"}],"wp:term":[{"taxonomy":"category","embeddable":true,"href":"https:\/\/univet.hu\/de\/wp-json\/wp\/v2\/categories?post=4170"},{"taxonomy":"post_tag","embeddable":true,"href":"https:\/\/univet.hu\/de\/wp-json\/wp\/v2\/tags?post=4170"}],"curies":[{"name":"wp","href":"https:\/\/api.w.org\/{rel}","templated":true}]}}