{"id":4173,"date":"2016-08-02T14:09:00","date_gmt":"2016-08-02T12:09:00","guid":{"rendered":"http:\/\/univet.hu\/universitaet\/mitarbeiter\/kovago-csaba\/"},"modified":"2026-02-10T04:45:04","modified_gmt":"2026-02-10T03:45:04","slug":"kovago-csaba","status":"publish","type":"page","link":"https:\/\/univet.hu\/de\/universitaet\/mitarbeiter\/kovago-csaba\/","title":{"rendered":"K\u0151v\u00e1g\u00f3 Csaba"},"content":{"rendered":"<p><\/p>","protected":false},"excerpt":{"rendered":"","protected":false},"author":5824,"featured_media":0,"parent":859,"menu_order":211,"comment_status":"closed","ping_status":"closed","template":"","meta":{"_acf_changed":false,"footnotes":""},"categories":[55],"tags":[],"class_list":["post-4173","page","type-page","status-publish","hentry","category-mitarbeiter"],"acf":[],"_links":{"self":[{"href":"https:\/\/univet.hu\/de\/wp-json\/wp\/v2\/pages\/4173","targetHints":{"allow":["GET"]}}],"collection":[{"href":"https:\/\/univet.hu\/de\/wp-json\/wp\/v2\/pages"}],"about":[{"href":"https:\/\/univet.hu\/de\/wp-json\/wp\/v2\/types\/page"}],"author":[{"embeddable":true,"href":"https:\/\/univet.hu\/de\/wp-json\/wp\/v2\/users\/5824"}],"replies":[{"embeddable":true,"href":"https:\/\/univet.hu\/de\/wp-json\/wp\/v2\/comments?post=4173"}],"version-history":[{"count":1,"href":"https:\/\/univet.hu\/de\/wp-json\/wp\/v2\/pages\/4173\/revisions"}],"predecessor-version":[{"id":200824,"href":"https:\/\/univet.hu\/de\/wp-json\/wp\/v2\/pages\/4173\/revisions\/200824"}],"up":[{"embeddable":true,"href":"https:\/\/univet.hu\/de\/wp-json\/wp\/v2\/pages\/859"}],"wp:attachment":[{"href":"https:\/\/univet.hu\/de\/wp-json\/wp\/v2\/media?parent=4173"}],"wp:term":[{"taxonomy":"category","embeddable":true,"href":"https:\/\/univet.hu\/de\/wp-json\/wp\/v2\/categories?post=4173"},{"taxonomy":"post_tag","embeddable":true,"href":"https:\/\/univet.hu\/de\/wp-json\/wp\/v2\/tags?post=4173"}],"curies":[{"name":"wp","href":"https:\/\/api.w.org\/{rel}","templated":true}]}}