{"id":4176,"date":"2016-08-02T14:09:00","date_gmt":"2016-08-02T12:09:00","guid":{"rendered":"http:\/\/univet.hu\/universitaet\/mitarbeiter\/kover-szilvia\/"},"modified":"2026-02-10T04:45:08","modified_gmt":"2026-02-10T03:45:08","slug":"kover-szilvia","status":"publish","type":"page","link":"https:\/\/univet.hu\/de\/universitaet\/mitarbeiter\/kover-szilvia\/","title":{"rendered":"K\u00f6v\u00e9r Szilvia"},"content":{"rendered":"<p><strong>Einf\u00fchrung<\/strong>:<\/p> <p>Ich bin Dr. Szilvia K\u00f6v\u00e9r, wissenschaftliche Mitarbeiterin am Institut f\u00fcr \u00d6kologie. Ich beteilige mich an der Lehre im Fach \u201eFeldpraxis\u201c des Biologie-BSc-Studiengangs, und ich unterrichte die F\u00e4cher Evolutionsbiologie, Genetik und Populationsgenetik und Modellierung im Biologie-MSc-Studiengang, und ich nehme auch an der Sexualit\u00e4t in der lebenden Welt teil. in den Vorlesungen des Wahlfachs und halte Informatik- und Biomathematik\u00fcbungen f\u00fcr die englischsprachigen Veterin\u00e4rstudenten. Zus\u00e4tzlich zu meinen Aufgaben im Hochschulbereich nehme ich auch an den ungarisch- und englischsprachigen Universit\u00e4tsvorbereitungsprogrammen der \u00c1TE teil. In meiner Forschung besch\u00e4ftige ich mich mit Fragestellungen der Populationsbiologie, Populationsgenetik und Biostatistik.<\/p> <p><strong>Forschungsschwerpunkte:<\/strong><\/p> <ul> <li>\u00dcberlebenssch\u00e4tzung mithilfe der Mark-Recapture-Methode<\/li> <li>Populations\u00fcberlebensanalyse (PVA) der Wei\u00dfkopfseeadlerpopulation im Karpatenbecken<\/li> <li>Verwandtschafts- und Inzuchtsch\u00e4tzung basierend auf genetischen Daten<\/li> <li>Genetische Untersuchung des Paarselektionssystems von Wei\u00dfkopfseeadlern<\/li> <li>Vorhersage der H\u00e4ufigkeit eines mutierten Allels, das beim American Staffordshire Terrier eine lysosomale Speicherkrankheit verursacht, als Funktion der Zuchtpolitik<\/li> <\/ul> <p><strong>Themenberatung:<\/strong><\/p> <p>MSc-Studierende: 2<\/p> <p>BSc-Studierende: 3<\/p> <p>TDK-Thesen: 2<\/p> <p>Doktoranden: 2, davon 1 Absolvent (Dr. Edina Nemesh\u00e1zi, 2018)<\/p> <p><strong>Optionale Themen f\u00fcr Abschlussarbeiten:<\/strong><\/p> <p>Vorhersage der H\u00e4ufigkeit mutierter Allele der lysosomalen Speicherkrankheit beim American Staffordshire Terrier als Funktion der Zuchtpolitik<\/p> <p><strong>Fortschritt:<\/strong><\/p> <p>2008 \u2013 SZIE \u00c1OTK und Abteilung f\u00fcr \u00d6kologie, Universit\u00e4t f\u00fcr Veterin\u00e4rmedizin, wissenschaftlicher Mitarbeiter<\/p> <p>2005-2007 Ungarisches Museum f\u00fcr Naturwissenschaften, Assistent des Museologen<\/p> <p>1998-2005 ELTE TTK, Abteilung Pflanzensystematik und \u00d6kologie, Postdoc-Stipendiat<\/p> <p>1992-1998 ELTE TTK, Abteilung f\u00fcr Pflanzensystematik und \u00d6kologie, Doktorand<\/p> <p><strong>Publikationsliste (Top 10):<\/strong><\/p> <p>Nemesh\u00e1zi, Edina; Fett, Silvia\u00a0; B\u00f3kony, Veronika Evolution\u00e4re und demografische Folgen temperaturbedingter Maskulinisierung unter Klimaerw\u00e4rmung: die Auswirkungen der Partnerwahl BMC ECOLOGY AND EVOLUTION 21 : 1 Papier: 16 (2021)<\/p> <p>Szab\u00f3, Borb\u00e1la &#x2709;; Lang, Zsolt; Fett, Silvia\u00a0; Bakonyi, G\u00e1bor Die interindividuelle Varianz kann den \u00d6kotoxikologen neben dem Mittelwert zus\u00e4tzliche Informationen liefern. \u00d6KOTOXIKOLOGIE UND UMWELTSICHERHEIT 217 Beitrag: 112260, 7 S. (2021)<\/p> <p>Nemesh\u00e1zi, Edina; Szab\u00f3, Kriszti\u00e1n; Horv\u00e1th, Zolt\u00e1n ; K\u00f6v\u00e9r, Szilvia Die Auswirkungen genetischer Verwandtschaft auf die Partnerwahl und territoriale Eingriffe bei einem monogamen Raubvogel JOURNAL OF ORNITHOLOGY 159: 1 S. 233-244. , 12 S. (2018)<\/p> <p>Nemesh\u00e1zi, Edina; Szab\u00f3, Kriszti\u00e1n; Horv\u00e1th, Zolt\u00e1n ; K\u00f6v\u00e9r, Szilvia Die genetische Struktur best\u00e4tigt eine vorwiegend weibliche Geburtsverteilung in der Seeadlerpopulation des Karpatenbeckens. ACTA ZOOLOGICA ACADEMIAE SCIENTIARUM HUNGARICAE 64: 3 Seiten. 243-257. , 15 S. (2018)<\/p> <p>Bokony, V; K\u00f6ver, S; Nemesh\u00e1zi, E; Liker, A; Sz\u00e9kely, T Klimabedingte Verschiebungen im Geschlechterverh\u00e4ltnis bei Erwachsenen durch Geschlechtsumkehr: Die Art der Geschlechtsbestimmung ist wichtig PHILOSOPHISCHE TRANSAKTIONEN DER ROYAL SOCIETY B \u2013 BIOLOGISCHE WISSENSCHAFTEN 372: 1729 Papier: 20160325 (2017)<\/p> <p>Nemesh\u00e1zi, Edina; Fett, Silvia\u00a0; Zachos, Frank E ; Horv\u00e1th, Zolt\u00e1n ; Tihanyi, G\u00e1bor ; M\u00f3rocz, Attila ; Mikuska, Tibor ; Ham, Istv\u00e1n ; Literak, Ivan ; Ponnikas, Suvi et al. Nat\u00fcrliche und anthropogene Einfl\u00fcsse auf die Populationsstruktur von Seeadlern im Karpatenbecken und in Mitteleuropa JOURNAL OF AVIAN BIOLOGY 47: 6 S. 795-805. , 23 Uhr (2016)<\/p> <p>K\u0151r\u00f6si, \u00c1d\u00e1m\u00a0; Szentirmai, Istv\u00e1n; Bat\u00e1ry, P\u00e9ter; Fett, Silvia\u00a0; \u00d6rv\u00f6ssy, No\u00e9mi; Peregovits, L\u00e1szl\u00f3 Auswirkungen des Zeitpunkts und der H\u00e4ufigkeit des M\u00e4hens auf den bedrohten, seltenen Gro\u00dfen Blauen Schmetterling: Ein Experiment im gro\u00dfen Ma\u00dfstab LANDWIRTSCHAFT, \u00d6KOSYSTEME UND UMWELT 196 S. 24-33. , 22 Uhr (2014)<\/p> <p>Szalai, Mark; Kuss, Joseph; Fett, Silvia\u00a0; Toepfer, Stefan Simulation von Fruchtfolgestrategien mit einem raumzeitlichen Gittermodell zur Verbesserung der Gesetzgebung zur Bek\u00e4mpfung des Maissch\u00e4dlings Diabrotica virgifera virgifera AGRICULTURAL SYSTEMS 124 S. 39-50. , 12 S. (2014)<\/p> <p>K\u0151r\u00f6si, \u00c1; Orv\u00f6ssy, N; Bat\u00e1ry, P; Fett, S; Peregovits, L Eingeschr\u00e4nkte Bewegung innerhalb des Lebensraums und zeitlich begrenzte Eiablage weiblicher Maculinea rebeli-Schmetterlinge OECOLOGIA 156 S. 455-464. , 22 Uhr (2008)<\/p> <p>Fett, Silvia\u00a0; Szathm\u00e1ry, E\u00f6rs Evolution of Sex In: Reeve, ECR (Hrsg.) Encyclopedia of Genetics London, Vereinigtes K\u00f6nigreich \/ England, Chicago (IL), Vereinigte Staaten von Amerika: Fitzroy Dearborn Publishers (2001) 952 S. S. 881-890. , 22 Uhr<\/p> <p>MTMT2| Google Scholar | ORCHIDEE<\/p>","protected":false},"excerpt":{"rendered":"<p>Einf\u00fchrung: Ich bin Dr. Szilvia K\u00f6v\u00e9r, wissenschaftliche Mitarbeiterin am Institut f\u00fcr \u00d6kologie. Ich beteilige mich an der Lehre im Fach \u201eFeldpraxis\u201c des Biologie-BSc-Studiengangs, und ich unterrichte die F\u00e4cher Evolutionsbiologie, Genetik und Populationsgenetik und Modellierung im Biologie-MSc-Studiengang, und ich nehme auch an der Sexualit\u00e4t in der lebenden Welt teil. in den Vorlesungen des Wahlfachs und halte<\/p>\n","protected":false},"author":5824,"featured_media":0,"parent":859,"menu_order":211,"comment_status":"closed","ping_status":"closed","template":"","meta":{"_acf_changed":false,"footnotes":""},"categories":[55],"tags":[],"class_list":["post-4176","page","type-page","status-publish","hentry","category-mitarbeiter"],"acf":[],"_links":{"self":[{"href":"https:\/\/univet.hu\/de\/wp-json\/wp\/v2\/pages\/4176","targetHints":{"allow":["GET"]}}],"collection":[{"href":"https:\/\/univet.hu\/de\/wp-json\/wp\/v2\/pages"}],"about":[{"href":"https:\/\/univet.hu\/de\/wp-json\/wp\/v2\/types\/page"}],"author":[{"embeddable":true,"href":"https:\/\/univet.hu\/de\/wp-json\/wp\/v2\/users\/5824"}],"replies":[{"embeddable":true,"href":"https:\/\/univet.hu\/de\/wp-json\/wp\/v2\/comments?post=4176"}],"version-history":[{"count":1,"href":"https:\/\/univet.hu\/de\/wp-json\/wp\/v2\/pages\/4176\/revisions"}],"predecessor-version":[{"id":200826,"href":"https:\/\/univet.hu\/de\/wp-json\/wp\/v2\/pages\/4176\/revisions\/200826"}],"up":[{"embeddable":true,"href":"https:\/\/univet.hu\/de\/wp-json\/wp\/v2\/pages\/859"}],"wp:attachment":[{"href":"https:\/\/univet.hu\/de\/wp-json\/wp\/v2\/media?parent=4176"}],"wp:term":[{"taxonomy":"category","embeddable":true,"href":"https:\/\/univet.hu\/de\/wp-json\/wp\/v2\/categories?post=4176"},{"taxonomy":"post_tag","embeddable":true,"href":"https:\/\/univet.hu\/de\/wp-json\/wp\/v2\/tags?post=4176"}],"curies":[{"name":"wp","href":"https:\/\/api.w.org\/{rel}","templated":true}]}}