{"id":4209,"date":"2017-04-03T08:57:00","date_gmt":"2017-04-03T06:57:00","guid":{"rendered":"http:\/\/univet.hu\/universitaet\/mitarbeiter\/kutszegi-gergely-jozsef\/"},"modified":"2026-02-10T04:45:11","modified_gmt":"2026-02-10T03:45:11","slug":"kutszegi-gergely-jozsef","status":"publish","type":"page","link":"https:\/\/univet.hu\/de\/universitaet\/mitarbeiter\/kutszegi-gergely-jozsef\/","title":{"rendered":"Kutszegi Gergely J\u00f3zsef"},"content":{"rendered":"<p style=\"text-align: center\"><strong>Einf\u00fchrung<\/strong><\/p> <div> <p>Seit 2017 arbeite ich am Institut f\u00fcr Botanik der Veterin\u00e4rmedizinischen Universit\u00e4t als wissenschaftlicher Mitarbeiter und wissenschaftlicher Mitarbeiter. Im Rahmen der Veterin\u00e4rausbildung unterrichte ich Veterin\u00e4rbotanik auf Ungarisch und Englisch. F\u00fcr Studierende der Biologie (Zoologie) unterrichte ich Pflanzentaxonomie (Pilztaxonomie und -\u00f6kologie, Kladistik) sowie Natur- und Umweltschutz (Wald\u00f6kologie). Seit 2020 unterrichte ich den von mir erneuerten Fachbereich Pilzwissen (essbare und giftige Pilze), in dem sowohl Tier\u00e4rzte als auch Biologiestudenten nicht nur theoretisches Artenwissen, sondern auch praktische Mikroskopieroutinen erwerben k\u00f6nnen. Teilweise in dieser Fakult\u00e4t und teilweise im Studiengang Veterin\u00e4rbotanik unterrichte ich Pilztoxikologie, was ich auch in der Pilzinspektorausbildung der Ungarischen Mykologischen Gesellschaft und der Waldpilzschule mache. \u2013 In meiner Freizeit gehe ich im Wald spazieren, fahre Fahrrad, sammle, verkaufe und baue.<\/p> <p><strong>Forschungsschwerpunkte:<\/strong><\/p> <ul> <li>Bewertung der Lebensr\u00e4ume der in Ungarn gesch\u00fctzten gro\u00dfen Pilzarten im Gebiet des \u0150rs\u00e9gi-Nationalparks und des K\u0151szegi-Gebirges.<\/li> <li>Erfassung und Ver\u00f6ffentlichung der Umweltvariablen, die die gro\u00dfe Pilzgemeinschaft (Artenzahl und Gemeinschaftsstruktur) der \u0150rs-Wirtschaftsw\u00e4lder am meisten bestimmen (PhD, \u0150rs-erd\u0151-Projekt). Untersuchung der Umweltfaktoren, die die Fruchtk\u00f6rperbildung von Waldsteinpilzen bestimmen, sowie Erforschung der Umweltfaktoren, die die Substratpr\u00e4ferenzen von Steinpilzarten bestimmen und das r\u00e4umliche Erscheinungsbild (Muster) ihrer Fruchtk\u00f6rper pr\u00e4gen.<\/li> <li>Im Rahmen des Projekts \u201eTotholzmenge und ihre Rolle in der Biodiversit\u00e4t im Nordmittelgebirge\u201c erfolgt die Bewertung des typischen Totholzbestandes in den bewirtschafteten Waldbest\u00e4nden des Nordmittelgebirges. Bestimmung und Ver\u00f6ffentlichung der Substrat- und Baumartenpr\u00e4ferenzen der sich auf Totholz entwickelnden Poroid- und Stereoid-Raupen. Demonstration der Umweltfaktoren, die die Tap-Community haupts\u00e4chlich pr\u00e4gen; Vergleich ihrer Umweltbed\u00fcrfnisse in verschiedenen zonalen Waldgemeinschaften.<\/li> <\/ul> <p>&nbsp;<\/p> <p><strong>Fortschritt<\/strong><\/p> <table style=\"height: 379px\" width=\"958\"> <tbody> <tr style=\"height: 23px\"> <td style=\"width: 143.068px;text-align: center;height: 23px\"><strong>Arbeitspl\u00e4tze<\/strong><\/td> <td style=\"width: 564.276px;text-align: center;height: 23px\"><strong>Institutionsname<\/strong><\/td> <td style=\"width: 230.142px;text-align: center;height: 23px\"><strong>Post<\/strong><\/td> <\/tr> <tr style=\"height: 167px\"> <td style=\"width: 143.068px;text-align: center;height: 167px\">2010\u20132012<\/td> <td style=\"width: 564.276px;text-align: center;height: 167px\"> <p>ELTE TTK Doktori Iskola, \u201c\u00d6kol\u00f3gia, Konzerv\u00e1ci\u00f3biol\u00f3gia \u00e9s Szisztematika\u201d Doktori Program, N\u00f6v\u00e9nyrendszertani, \u00d6kol\u00f3giai \u00e9s Elm\u00e9leti Biol\u00f3giai Tansz\u00e9k<\/p> <p>(ELTE-Doktorandenschule der Fakult\u00e4t f\u00fcr Naturwissenschaften, Doktorandenprogramm \u201e\u00d6kologie, Naturschutzbiologie und Systematik\u201c, Abteilung f\u00fcr Pflanzensystematik, \u00d6kologie und Theoretische Biologie)<\/td> <td style=\"width: 230.142px;text-align: center;height: 167px\">Doktorand mit Stipendium<\/td> <\/tr> <tr style=\"height: 119px\"> <td style=\"width: 143.068px;text-align: center;height: 119px\">2002\u20132003<\/td> <td style=\"width: 564.276px;text-align: center;height: 119px\"> <p>ELTE-BTCS \u00e9s Magyar Mikol\u00f3giai T\u00e1rsas\u00e1g gombaismereti tanfolyam<\/p> <p>(ELTE-BTCS und Pilzwissenskurs der Ungarischen Mykologischen Gesellschaft)<\/td> <td style=\"width: 230.142px;text-align: center;height: 119px\">Pr\u00fcfung zur Pilzkontrolle<\/td> <\/tr> <tr style=\"height: 47px\"> <td style=\"width: 143.068px;text-align: center;height: 47px\">2002\u20132008<\/td> <td style=\"width: 564.276px;text-align: center;height: 47px\">ELTE TTK biol\u00f3gus szak, Budapest.<br \/> <em>Specializ\u00e1ci\u00f3<\/em>: K\u00eds\u00e9rletes n\u00f6v\u00e9nybiol\u00f3gia szakir\u00e1ny, mikol\u00f3gia alszakir\u00e1ny(ELTE TTK Biologieabteilung, Budapest.<br \/> Spezialisierung: Spezialisierung auf experimentelle Pflanzenbiologie, Subspezialisierung Mykologie)<\/td> <td style=\"width: 230.142px;text-align: center;height: 47px\">Student<\/td> <\/tr> <tr style=\"height: 23px\"> <td style=\"width: 143.068px;text-align: center;height: 23px\">1998\u20132002<\/td> <td style=\"width: 564.276px;text-align: center;height: 23px\"> <p>\u00d3budai Gimn\u00e1zium, Budapest<\/p> <p>(\u00d3buda-Gymnasium, Budapest)<\/td> <td style=\"width: 230.142px;text-align: center;height: 23px\">Gymnasiast<\/td> <\/tr> <\/tbody> <\/table> <p><strong>Mitgliedschaft in einer Berufsorganisation<\/strong><\/p> <table style=\"width: 990px;height: 160px\" width=\"982\"> <tbody> <tr> <td style=\"width: 733.767px;text-align: center\"><strong>Name des Ausschusses<\/strong><\/td> <td style=\"width: 125.117px;text-align: center\"><b>Zeit<\/b><\/td> <td style=\"width: 110.717px;text-align: center\"><b>Rang<\/b><\/td> <\/tr> <tr> <td style=\"width: 733.767px;text-align: center\"> <p>Erdei Gomb\u00e1sz Tanoda<\/p> <p>(Erdei Gomb\u00e1sz Tanoda)<\/td> <td style=\"width: 125.117px;text-align: center\">2021\u2013<\/td> <td style=\"width: 110.717px;text-align: center\">Lehrer<\/td> <\/tr> <tr> <td style=\"width: 733.767px;text-align: center\"> <p>Magyar Tehets\u00e9gseg\u00edt\u0151 Szervezetek Sz\u00f6vets\u00e9ge Tehets\u00e9gb\u00f3nusz Programja<\/p> <p>(Talentbonusprogramm des Verbandes ungarischer Talentf\u00f6rderungsorganisationen)<\/td> <td style=\"width: 125.117px;text-align: center\">2011\u2013<\/td> <td style=\"width: 110.717px;text-align: center\">mentor<\/td> <\/tr> <tr> <td style=\"width: 733.767px;text-align: center\"> <p>Magyar Mikroszk\u00f3pos T\u00e1rsas\u00e1g<\/p> <p>(Ungarische Gesellschaft f\u00fcr Mikroskopie)<\/td> <td style=\"width: 125.117px;text-align: center\">2007\u20132008<\/td> <td style=\"width: 110.717px;text-align: center\">Mitglied<\/td> <\/tr> <tr> <td style=\"width: 733.767px;text-align: center\"> <p>Magyar Mikol\u00f3giai T\u00e1rsas\u00e1g<\/p> <p>(Ungarische Mykologische Gesellschaft)<\/td> <td style=\"width: 125.117px;text-align: center\">2005\u2013<\/td> <td style=\"width: 110.717px;text-align: center\">Mitglied, Lehrer<\/td> <\/tr> <\/tbody> <\/table> <p>&nbsp;<\/p> <p><strong>Anzahl der bisherigen Abschlussarbeiten\/TDK-Studenten<\/strong><\/p> <p>2<\/p> <p><strong>Doktoranden<\/strong><\/p> <\/div> <div> <p><strong>Publikationsliste (Top10)<\/strong><\/p> <p>MTMT:\u00a0 <a href=\"https:\/\/vm.mtmt.hu\/search\/slist.php?nwi=1&amp;inited=1&amp;ty_on=1&amp;url_on=1&amp;cite_type=2&amp;orderby=3D1a&amp;location=mtmt&amp;stn=1&amp;AuthorID=10020580)\">https:\/\/vm.mtmt.hu\/search\/slist.php?nwi=1&amp;inited=1&amp;ty_on=1&amp;url_on=1&amp;cite_type=2&amp;orderby=3D1a&amp;location=mtmt&amp;stn=1&amp;AuthorID=10020580)<\/a><\/p> <\/div> <div> <table width=\"1009\"> <tbody> <tr> <td style=\"text-align: center\"><em>\u00a0<\/em><\/td> <td style=\"text-align: center\">Autor(en), Titel, Erscheinungsort<\/td> <td style=\"text-align: center\">Art des Dokuments:<\/td> <td style=\"text-align: center\">Ver\u00f6ffentlichungsjahr<\/td> <td style=\"text-align: center\"><em>IF:<\/em><\/td> <td style=\"text-align: center\">Anzahl unabh\u00e4ngiger Zitierer:<\/td> <\/tr> <tr> <td style=\"text-align: center\">1.<\/td> <td style=\"text-align: center\"><strong>Kutszegi<\/strong>, G., Siller, I., Dima, B., Mer\u00e9nyi, Zs., Varga, T., Tak\u00e1cs, K., Turcs\u00e1nyi, G., Bidl\u00f3, A., \u00d3dor, P. Revealing hidden drivers of macrofungal species richness by analyzing fungal guilds in temperate forests, West Hungary. \u2013 Community Ecology 22, 13\u201328.<\/td> <td style=\"text-align: center\">Zeitschriftenartikel<\/td> <td style=\"text-align: center\">2021<\/td> <td style=\"text-align: center\">1,185<\/td> <td style=\"text-align: center\"><\/td> <\/tr> <tr> <td style=\"text-align: center\">2.<\/td> <td style=\"text-align: center\">Tinya, F., Kov\u00e1cs, B., Bidl\u00f3, A., Dima, B., Kir\u00e1ly, I., <strong>Kutszegi<\/strong>, G., Lakatos, F., Mag, Zs., M\u00e1rialigeti, S., Nascimbene, J., Samu, F., Siller, I., Sz\u00e9l, Gy., \u00d3dor, P. (2021): Environmental drivers of forest biodiversity in temperate mixed forests \u2013 A multi-taxon approach. \u2013 Science of the Total Environment 795, 148720.<\/td> <td style=\"text-align: center\">Zeitschriftenartikel<\/td> <td style=\"text-align: center\">2021<\/td> <td style=\"text-align: center\">7,963<\/td> <td style=\"text-align: center\">4<\/td> <\/tr> <tr> <td style=\"text-align: center\">3.<\/td> <td style=\"text-align: center\"><strong>Kutszegi<\/strong>, G. Wheels for genus identification and presenting diversity in kingdom Fungi. \u2013 Conservation Biology 34(3), 773\u2013774.<\/td> <td style=\"text-align: center\">Zeitschriftenartikel<\/td> <td style=\"text-align: center\">2020<\/td> <td style=\"text-align: center\">6,560<\/td> <td style=\"text-align: center\"><\/td> <\/tr> <tr> <td style=\"text-align: center\">4.<\/td> <td style=\"text-align: center\"><strong>Kutszegi<\/strong> G., Papp V. Erd\u0151gazd\u00e1lkod\u00e1si javaslatok a nagygomb\u00e1k funkcion\u00e1lis \u00e9s faji sokf\u00e9les\u00e9g\u00e9nek meg\u0151rz\u00e9s\u00e9re. In Korda M. (szerk.): Az erd\u0151gazd\u00e1lkod\u00e1s hat\u00e1sa az erd\u0151k biol\u00f3giai sokf\u00e9les\u00e9g\u00e9re: Tanulm\u00e1nygy\u0171jtem\u00e9ny, Duna-Ipoly Nemzeti Park Igazgat\u00f3s\u00e1g, Budapest, pp 33\u201356.<\/td> <td style=\"text-align: center\">Zeitschriftenartikel<\/td> <td style=\"text-align: center\">2016<\/td> <td style=\"text-align: center\"><\/td> <td style=\"text-align: center\"><\/td> <\/tr> <tr> <td style=\"text-align: center\">5.<\/td> <td style=\"text-align: center\"><strong>Kutszegi<\/strong> G., Siller I., Dima B., \u00d3dor P. Nagygomb\u00e1k. In \u00d3dor P. (szerk.): A biodiverzit\u00e1st meghat\u00e1roz\u00f3 k\u00f6rnyezeti v\u00e1ltoz\u00f3k vizsg\u00e1lata az \u0151rs\u00e9gi erd\u0151kben, MTA \u00d6kol\u00f3giai Kutat\u00f3k\u00f6zpont Tanulm\u00e1nyai 2, MTA \u00d6kol\u00f3giai Kutat\u00f3k\u00f6zpont, Tihany, pp 36\u201340.<\/td> <td style=\"text-align: center\">Zeitschriftenartikel<\/td> <td style=\"text-align: center\">2015<\/td> <td style=\"text-align: center\"><\/td> <td style=\"text-align: center\"><\/td> <\/tr> <tr> <td style=\"text-align: center\">6.<\/td> <td style=\"text-align: center\"><strong>Kutszegi<\/strong>, G., Siller, I., Dima, B., Tak\u00e1cs, K., Mer\u00e9nyi, Zs., Varga, T., Turcs\u00e1nyi, G., Bidl\u00f3, A., \u00d3dor, P. Drivers of macrofungal species composition in temperate forests, West Hungary: functional groups compared. \u2013 Fungal Ecology 17: 69\u201383.<\/td> <td style=\"text-align: center\">Zeitschriftenartikel<\/td> <td style=\"text-align: center\">2015<\/td> <td style=\"text-align: center\">2,992<\/td> <td style=\"text-align: center\">41<\/td> <\/tr> <tr> <td style=\"text-align: center\">7.<\/td> <td style=\"text-align: center\">Sz\u0171cs P., J\u00f3zsef J., Papp V. G., <strong>Kutszegi<\/strong> G. A vesz\u00e9lyeztetett Anacamptodon splachnoides (Froel. ex Brid.) Brid. \u00faj adata a B\u00fckk-hegys\u00e9gb\u0151l. \u2013 Kitaibelia 20(2), 202\u2013205.<\/td> <td style=\"text-align: center\">Zeitschriftenartikel<\/td> <td style=\"text-align: center\">2015<\/td> <td style=\"text-align: center\"><\/td> <td style=\"text-align: center\">3<\/td> <\/tr> <tr> <td style=\"text-align: center\">8.<\/td> <td style=\"text-align: center\">Siller, I., <strong>Kutszegi<\/strong>, G., Tak\u00e1cs, K., Varga, T., Mer\u00e9nyi, Zs., Turcs\u00e1nyi, G., \u00d3dor, P., Dima, B. Sixty-one macrofungi species new to Hungary in \u0150rs\u00e9g National Park. \u2013 Mycosphere 4(5): 871\u2013924.<\/td> <td style=\"text-align: center\">Zeitschriftenartikel<\/td> <td style=\"text-align: center\">2013<\/td> <td style=\"text-align: center\"><\/td> <td style=\"text-align: center\">5<\/td> <\/tr> <tr> <td style=\"text-align: center\">9.<\/td> <td style=\"text-align: center\"><strong>Kutszegi<\/strong> G., Dima B. A Bankeraceae csal\u00e1d (Basidiomycota) irodalmi \u00e1ttekint\u00e9se \u00e9s morfol\u00f3giai jellemz\u00e9se, a magyarorsz\u00e1gi fajok elterjed\u00e9si adatai \u00e9s hat\u00e1roz\u00f3kulcsa. \u2013 Mikol\u00f3giai K\u00f6zlem\u00e9nyek, Clusiana 47(2): 149\u2013180.<\/td> <td style=\"text-align: center\">Zeitschriftenartikel<\/td> <td style=\"text-align: center\">2008<\/td> <td style=\"text-align: center\"><\/td> <td style=\"text-align: center\">6<\/td> <\/tr> <\/tbody> <\/table> <p><strong>\u00d6ffentliche Dokumente<\/strong><\/p> <p><a href=\"https:\/\/univet.hu\/wp-content\/uploads\/2025\/01\/Dr.-Kutszegi-G.-J_CV_Hun_20250127.pdf\">Dr. Kutszegi G. J_CV_Hun_20250127<\/a><\/p> <p><strong>\u00d6ffnungszeiten der Rezeption:<\/strong><\/p> <p>Jeden Montag von 10 bis 12 Uhr. zwischen<\/p> <p>Vorl\u00e4ufige Beratung per E-Mail: <a class=\"decrypt\" rel=\"Lvut{fhj\/Hfshfmz\/Kp{tfgAvojwfu\/iv\" href=\"javascript:void(0);\">[Click to see email]<\/a><\/p> <\/div> <div> <p>&nbsp;<\/p> <\/div>","protected":false},"excerpt":{"rendered":"<p>Einf\u00fchrung Seit 2017 arbeite ich am Institut f\u00fcr Botanik der Veterin\u00e4rmedizinischen Universit\u00e4t als wissenschaftlicher Mitarbeiter und wissenschaftlicher Mitarbeiter. Im Rahmen der Veterin\u00e4rausbildung unterrichte ich Veterin\u00e4rbotanik auf Ungarisch und Englisch. F\u00fcr Studierende der Biologie (Zoologie) unterrichte ich Pflanzentaxonomie (Pilztaxonomie und -\u00f6kologie, Kladistik) sowie Natur- und Umweltschutz (Wald\u00f6kologie). Seit 2020 unterrichte ich den von mir erneuerten Fachbereich<\/p>\n","protected":false},"author":5824,"featured_media":0,"parent":859,"menu_order":211,"comment_status":"closed","ping_status":"closed","template":"","meta":{"_acf_changed":false,"footnotes":""},"categories":[55],"tags":[],"class_list":["post-4209","page","type-page","status-publish","hentry","category-mitarbeiter"],"acf":[],"_links":{"self":[{"href":"https:\/\/univet.hu\/de\/wp-json\/wp\/v2\/pages\/4209","targetHints":{"allow":["GET"]}}],"collection":[{"href":"https:\/\/univet.hu\/de\/wp-json\/wp\/v2\/pages"}],"about":[{"href":"https:\/\/univet.hu\/de\/wp-json\/wp\/v2\/types\/page"}],"author":[{"embeddable":true,"href":"https:\/\/univet.hu\/de\/wp-json\/wp\/v2\/users\/5824"}],"replies":[{"embeddable":true,"href":"https:\/\/univet.hu\/de\/wp-json\/wp\/v2\/comments?post=4209"}],"version-history":[{"count":2,"href":"https:\/\/univet.hu\/de\/wp-json\/wp\/v2\/pages\/4209\/revisions"}],"predecessor-version":[{"id":174476,"href":"https:\/\/univet.hu\/de\/wp-json\/wp\/v2\/pages\/4209\/revisions\/174476"}],"up":[{"embeddable":true,"href":"https:\/\/univet.hu\/de\/wp-json\/wp\/v2\/pages\/859"}],"wp:attachment":[{"href":"https:\/\/univet.hu\/de\/wp-json\/wp\/v2\/media?parent=4209"}],"wp:term":[{"taxonomy":"category","embeddable":true,"href":"https:\/\/univet.hu\/de\/wp-json\/wp\/v2\/categories?post=4209"},{"taxonomy":"post_tag","embeddable":true,"href":"https:\/\/univet.hu\/de\/wp-json\/wp\/v2\/tags?post=4209"}],"curies":[{"name":"wp","href":"https:\/\/api.w.org\/{rel}","templated":true}]}}