{"id":42363,"date":"2019-08-29T11:05:22","date_gmt":"2019-08-29T09:05:22","guid":{"rendered":"https:\/\/univet.hu\/?page_id=42363"},"modified":"2024-09-27T15:12:25","modified_gmt":"2024-09-27T13:12:25","slug":"bestimmungen","status":"publish","type":"page","link":"https:\/\/univet.hu\/de\/bestimmungen\/","title":{"rendered":"Akademische Regelungen und Richtlinien"},"content":{"rendered":"<h3><strong>Akademische Regelungen und Richtlinien<\/strong><\/h3> <p><a href=\"https:\/\/univet.hu\/wp-content\/uploads\/2020\/04\/Ordnung-\u00fcber-die-Aus\u00fcbung-der-Rechte-und-Erf\u00fcllung-der-Pflichten.pdf\">Ordnung \u00fcber die Aus\u00fcbung der Rechte und Erf\u00fcllung der Pflichten<\/a><\/p> <p><a href=\"https:\/\/univet.hu\/wp-content\/uploads\/2020\/04\/Studien-und-Pr\u00fcfungsordnung.pdf\">Studien- und Pr\u00fcfungsordnung (2016)<\/a><\/p> <p><a href=\"https:\/\/univet.hu\/wp-content\/uploads\/2020\/04\/Fegyelmi_de.pdf\" target=\"_blank\" rel=\"noopener\">Ordnung \u00fcber Disziplinarverfahren und Schadenersatzangelegenheiten der Studenten (2016)<\/a><\/p> <p><a href=\"https:\/\/univet.hu\/wp-content\/uploads\/2024\/09\/Ethik-Codex_de.pdf\">Ethikkodex<\/a><\/p> <p><a href=\"https:\/\/univet.hu\/wp-content\/uploads\/2019\/09\/VMUB-Geb\u00fchren-2018-2019_1.pdf\" target=\"_blank\" rel=\"noopener\">VMUB Geb\u00fchren 2018-2019<\/a><\/p> <p><a href=\"https:\/\/univet.hu\/wp-content\/uploads\/2019\/09\/VMUB-Geb\u00fchren-2019-2020_1.pdf\" target=\"_blank\" rel=\"noopener\">VMUB Geb\u00fchren 2019-2020<\/a><\/p> <p><a href=\"https:\/\/univet.hu\/wp-content\/uploads\/2024\/09\/Students-Guide_2024-2025-1-1.pdf\">Studentenf\u00fchrer_2024-2025<\/a><\/p> <p><a href=\"https:\/\/univet.hu\/wp-content\/uploads\/2019\/08\/dog-DE-1.pdf\" target=\"_blank\" rel=\"noopener\">Hundehaltung<\/a><\/p> <p><a href=\"https:\/\/univet.hu\/wp-content\/uploads\/2018\/12\/Fire-Safety-tutorial-for-students.pdf\" target=\"_blank\" rel=\"noopener\" data-replaced=\"true\">Fire and Safety tutorial for students<\/a><\/p> <p><a href=\"https:\/\/univet.hu\/wp-content\/uploads\/2018\/12\/ISC-event-organization.pdf\" data-replaced=\"true\">Organizational and Operational Order Rulings Concerning Student Event Organization<\/a><\/p> <p><a href=\"https:\/\/univet.hu\/files\/menus\/53\/files\/Student_accidents.pdf\" target=\"_blank\" rel=\"noopener\" data-replaced=\"true\">Guidelines to be followed in order to prevent student accidents and in case of student accidents<\/a><a href=\"https:\/\/univet.hu\/wp-content\/uploads\/2018\/12\/Student_accidents.pdf\" data-replaced=\"true\">\u00a0 (July 2016)<\/a><\/p> <p><a href=\"https:\/\/univet.hu\/wp-content\/uploads\/2024\/09\/Code-of-Ethics.pdf\">Code of Ethics (en)<\/a><\/p> <p><a href=\"https:\/\/univet.hu\/wp-content\/uploads\/2024\/09\/Code-of-Waste-Management.pdf\">Code of Waste Management (en)<\/a><\/p> <p><a href=\"https:\/\/univet.hu\/wp-content\/uploads\/2024\/09\/Regulation-of-Whistleblowing.pdf\">Regulation of Whistleblowing<\/a><\/p> <p>&nbsp;<\/p> <p>&nbsp;<\/p>","protected":false},"excerpt":{"rendered":"<p>Akademische Regelungen und Richtlinien Ordnung \u00fcber die Aus\u00fcbung der Rechte und Erf\u00fcllung der Pflichten Studien- und Pr\u00fcfungsordnung (2016) Ordnung \u00fcber Disziplinarverfahren und Schadenersatzangelegenheiten der Studenten (2016) Ethikkodex VMUB Geb\u00fchren 2018-2019 VMUB Geb\u00fchren 2019-2020 Studentenf\u00fchrer_2024-2025 Hundehaltung Fire and Safety tutorial for students Organizational and Operational Order Rulings Concerning Student Event Organization Guidelines to be followed in<\/p>\n","protected":false},"author":7,"featured_media":0,"parent":0,"menu_order":0,"comment_status":"closed","ping_status":"closed","template":"","meta":{"_acf_changed":false,"footnotes":""},"categories":[],"tags":[],"class_list":["post-42363","page","type-page","status-publish","hentry"],"acf":[],"_links":{"self":[{"href":"https:\/\/univet.hu\/de\/wp-json\/wp\/v2\/pages\/42363","targetHints":{"allow":["GET"]}}],"collection":[{"href":"https:\/\/univet.hu\/de\/wp-json\/wp\/v2\/pages"}],"about":[{"href":"https:\/\/univet.hu\/de\/wp-json\/wp\/v2\/types\/page"}],"author":[{"embeddable":true,"href":"https:\/\/univet.hu\/de\/wp-json\/wp\/v2\/users\/7"}],"replies":[{"embeddable":true,"href":"https:\/\/univet.hu\/de\/wp-json\/wp\/v2\/comments?post=42363"}],"version-history":[{"count":0,"href":"https:\/\/univet.hu\/de\/wp-json\/wp\/v2\/pages\/42363\/revisions"}],"wp:attachment":[{"href":"https:\/\/univet.hu\/de\/wp-json\/wp\/v2\/media?parent=42363"}],"wp:term":[{"taxonomy":"category","embeddable":true,"href":"https:\/\/univet.hu\/de\/wp-json\/wp\/v2\/categories?post=42363"},{"taxonomy":"post_tag","embeddable":true,"href":"https:\/\/univet.hu\/de\/wp-json\/wp\/v2\/tags?post=42363"}],"curies":[{"name":"wp","href":"https:\/\/api.w.org\/{rel}","templated":true}]}}