{"id":42441,"date":"2019-08-28T11:25:51","date_gmt":"2019-08-28T09:25:51","guid":{"rendered":"https:\/\/univet.hu\/universitaet\/mitarbeiter\/mackei-mate\/"},"modified":"2026-02-10T04:38:32","modified_gmt":"2026-02-10T03:38:32","slug":"mackei-mate","status":"publish","type":"page","link":"https:\/\/univet.hu\/de\/universitaet\/mitarbeiter\/mackei-mate\/","title":{"rendered":"Mackei M\u00e1t\u00e9"},"content":{"rendered":"<p><strong>PhD Student<\/strong><br \/> DVM (Doctor of Veterinary Medicine): 2018<\/p> <p><strong>Forschung:<\/strong><\/p> <p>In vitro Nachweise in hepatischen Zellkulturmodellen.<br \/> Immunmodulatorische Wirkungen von verschiedenen Faktoren (Hitzestress,\u00a0Mykotoxine,\u00a0Lipopolysaccharide)<br \/> Metabolische Wirkungen von epigenetisch aktiven Molek\u00fclen als Futterzusatztstoffe<\/p> <p><strong>Lehrt\u00e4tigkeit:<\/strong><\/p> <ul> <li>Vorlesungen und Praktika in Veterin\u00e4rbiochemie (Deutsch, Ungarisch und Englisch)<\/li> <li>Vorlesungen und Praktika in Vergleichender Biochemie, Biologischer Chemie und Biotechnologie (BSc und MSc in Biologie)<\/li> <li>Sprechstunde: Donnerstag,\u00a010:00-12:00<\/li> <\/ul> <p><strong>Email:<\/strong>\u00a0<a class=\"decrypt\" rel=\"Nbdlfj\/NbufAvojwfu\/iv\" href=\"javascript:void(0);\">[Click to see email]<\/a><\/p> <p><a href=\"https:\/\/m2.mtmt.hu\/gui2\/?type=authors&amp;mode=browse&amp;sel=10065697\"><strong>MTMT link<\/strong><\/a><\/p> <p><a href=\"https:\/\/www.researchgate.net\/profile\/Mate_Mackei\"><strong>Researchgate link<\/strong><\/a><\/p>","protected":false},"excerpt":{"rendered":"<p>PhD Student DVM (Doctor of Veterinary Medicine): 2018 Forschung: In vitro Nachweise in hepatischen Zellkulturmodellen. Immunmodulatorische Wirkungen von verschiedenen Faktoren (Hitzestress,\u00a0Mykotoxine,\u00a0Lipopolysaccharide) Metabolische Wirkungen von epigenetisch aktiven Molek\u00fclen als Futterzusatztstoffe Lehrt\u00e4tigkeit: Vorlesungen und Praktika in Veterin\u00e4rbiochemie (Deutsch, Ungarisch und Englisch) Vorlesungen und Praktika in Vergleichender Biochemie, Biologischer Chemie und Biotechnologie (BSc und MSc in Biologie) Sprechstunde:<\/p>\n","protected":false},"author":5824,"featured_media":0,"parent":859,"menu_order":37,"comment_status":"closed","ping_status":"closed","template":"","meta":{"_acf_changed":false,"footnotes":""},"categories":[],"tags":[],"class_list":["post-42441","page","type-page","status-publish","hentry"],"acf":[],"_links":{"self":[{"href":"https:\/\/univet.hu\/de\/wp-json\/wp\/v2\/pages\/42441","targetHints":{"allow":["GET"]}}],"collection":[{"href":"https:\/\/univet.hu\/de\/wp-json\/wp\/v2\/pages"}],"about":[{"href":"https:\/\/univet.hu\/de\/wp-json\/wp\/v2\/types\/page"}],"author":[{"embeddable":true,"href":"https:\/\/univet.hu\/de\/wp-json\/wp\/v2\/users\/5824"}],"replies":[{"embeddable":true,"href":"https:\/\/univet.hu\/de\/wp-json\/wp\/v2\/comments?post=42441"}],"version-history":[{"count":1,"href":"https:\/\/univet.hu\/de\/wp-json\/wp\/v2\/pages\/42441\/revisions"}],"predecessor-version":[{"id":190655,"href":"https:\/\/univet.hu\/de\/wp-json\/wp\/v2\/pages\/42441\/revisions\/190655"}],"up":[{"embeddable":true,"href":"https:\/\/univet.hu\/de\/wp-json\/wp\/v2\/pages\/859"}],"wp:attachment":[{"href":"https:\/\/univet.hu\/de\/wp-json\/wp\/v2\/media?parent=42441"}],"wp:term":[{"taxonomy":"category","embeddable":true,"href":"https:\/\/univet.hu\/de\/wp-json\/wp\/v2\/categories?post=42441"},{"taxonomy":"post_tag","embeddable":true,"href":"https:\/\/univet.hu\/de\/wp-json\/wp\/v2\/tags?post=42441"}],"curies":[{"name":"wp","href":"https:\/\/api.w.org\/{rel}","templated":true}]}}